{"id":2144,"date":"2024-04-22T03:53:51","date_gmt":"2024-04-22T03:53:51","guid":{"rendered":"https:\/\/nfc-readers.com\/?post_type=product&#038;p=2144"},"modified":"2024-09-24T06:02:28","modified_gmt":"2024-09-24T06:02:28","slug":"nfc-smart-ring","status":"publish","type":"product","link":"https:\/\/nfc-readers.com\/fi\/ic-reader\/nfc-smart-ring\/","title":{"rendered":"NFC Smart Ring"},"content":{"rendered":"<table width=\"443\">\n<tbody>\n<tr style=\"font-style: inherit; font-weight: inherit;\">\n<td style=\"font-style: inherit;\" width=\"152\">Tuotteen nimi<\/td>\n<td style=\"font-style: inherit;\" width=\"291\">NFC rengas<\/td>\n<\/tr>\n<tr style=\"font-style: inherit; font-weight: inherit;\">\n<td style=\"font-style: inherit;\" width=\"152\">Materiaali<\/td>\n<td style=\"font-style: inherit;\" width=\"291\">P\u00e4\u00e4runko zirkonia keramiikkaa, pinta epoksihartsi<\/td>\n<\/tr>\n<tr style=\"font-style: inherit; font-weight: inherit;\">\n<td style=\"font-style: inherit;\" width=\"152\">Renkaan sis\u00e4halkaisija<\/td>\n<td style=\"font-style: inherit;\" width=\"291\">16mm, 17mm, 18mm, 19mm, 20mm, 21mm, 22mm, 23mm<\/td>\n<\/tr>\n<tr style=\"font-style: inherit; font-weight: inherit;\">\n<td style=\"font-style: inherit;\" width=\"152\">Siru<\/td>\n<td style=\"font-style: inherit;\" width=\"291\">NFC 215 213 216, IC (UID), ID (EM4305)<\/td>\n<\/tr>\n<tr style=\"font-style: inherit; font-weight: inherit;\">\n<td style=\"font-style: inherit;\" width=\"152\">p\u00f6yt\u00e4kirja<\/td>\n<td style=\"font-style: inherit;\" width=\"291\">NFC Forum Type 2 ISO14443A<\/td>\n<\/tr>\n<tr style=\"font-style: inherit; font-weight: inherit;\">\n<td style=\"font-style: inherit;\" width=\"152\">Taajuus<\/td>\n<td style=\"font-style: inherit;\" width=\"291\">13,56 MHz<\/td>\n<\/tr>\n<tr style=\"font-style: inherit; font-weight: inherit;\">\n<td style=\"font-style: inherit;\" width=\"152\">Tunnustava suunta<\/td>\n<td style=\"font-style: inherit;\" width=\"291\">Omnisuuntainen tunnistus<\/td>\n<\/tr>\n<tr style=\"font-style: inherit; font-weight: inherit;\">\n<td style=\"font-style: inherit;\" width=\"152\">Tunteva et\u00e4isyys<\/td>\n<td style=\"font-style: inherit;\" width=\"291\">0-10 cm (riippuu lukijasta)<\/td>\n<\/tr>\n<tr style=\"font-style: inherit; font-weight: inherit;\">\n<td style=\"font-style: inherit;\" width=\"152\">Paketti<\/td>\n<td style=\"font-style: inherit;\" width=\"291\">NFC Ring + manuaali<\/td>\n<\/tr>\n<\/tbody>\n<\/table>\n<p>&nbsp;<\/p>\n<p>Ominaisuus:<br \/>\n\u00c4lyrengas on puettavat gadget-komponentit, suorittaa taikatoimintoja matkapuhelimessa ja k\u00e4ytt\u00e4\u00e4 mobiilitoimintoa ja jakaa tietoja langattomalla NFC-taajuusviestint\u00e4tekniikalla, edistyneen suunnittelun toiminnot ovat seuraavat: APP-lukitus, automaattinen k\u00e4ynti, APP-piilota, Jaa k\u00e4yntikortti, jaa Internet-linkki, jaa teksti ja jaa online-tiedosto. Tuotteen muoto on suunniteltu puhtaan l\u00e4\u00e4ketieteellisen titaanin luomien kansainv\u00e4listen suosittujen elementtien mukaan, ei tarvitse ladata, on korkea vedenpit\u00e4v\u00e4 ja sopii kaikille ihmisille milloin tahansa.<\/p>\n<p>&nbsp;<\/p>\n<p><iframe loading=\"lazy\" title=\"NFC rengas\" width=\"1020\" height=\"574\" src=\"https:\/\/www.youtube.com\/embed\/rflL5fkvj6c?feature=oembed\" frameborder=\"0\" allow=\"accelerometer; autoplay; clipboard-write; encrypted-media; gyroscope; picture-in-picture; web-share\" referrerpolicy=\"strict-origin-when-cross-origin\" allowfullscreen><\/iframe><\/p>\n<p>&nbsp;<\/p>\n<p><span class=\"magic-26\"><b data-spm-anchor-id=\"a2700.details.0.i59.2acc580aDAbgjP\">A) Kuinka saan n\u00e4ytteen? <\/b><\/span><\/p>\n<div><span class=\"magic-26\">Ennen kuin saimme ensimm\u00e4isen tilauksen, ole hyv\u00e4 ja varaa n\u00e4ytekustannukset ja pikamaksu. Palautamme<br \/>\nn\u00e4ytekustannukset takaisin sinulle ensimm\u00e4isen tilauksesi yhteydess\u00e4. <\/span><\/div>\n<div><\/div>\n<div><\/div>\n<div><\/div>\n<div><span class=\"magic-26\"><b>B) Voisitko tehd\u00e4 br\u00e4ndimme tuotteillesi?<\/b><\/span><\/div>\n<div><span class=\"magic-26\">Kyll\u00e4. Voimme tulostaa logosi sek\u00e4 tuotteisiin ett\u00e4 pakkauksiin, jos t\u00e4yt\u00e4t MOQ:n. <\/span><\/div>\n<div><span class=\"magic-26\">\u00a0<\/span><\/div>\n<div><span class=\"magic-26\"><b>C) Voisitko tehd\u00e4 tuotteesi v\u00e4rill\u00e4mme? <\/b><\/span><\/div>\n<div><span class=\"magic-26\">Kyll\u00e4, tuotteiden v\u00e4ri\u00e4 voidaan mukauttaa, jos voit t\u00e4ytt\u00e4\u00e4 MOQ: n. <\/span><\/div>\n<div><span class=\"magic-26\">\u00a0<\/span><\/div>\n<div><span class=\"magic-26\"><b>D) Kuinka taata tuotteidesi laatu? <\/b><\/span><\/div>\n<div><span class=\"magic-26\" data-spm-anchor-id=\"a2700.details.0.i60.2acc580aDAbgjP\">1) Tiukka havaitseminen tuotannon aikana. <\/span><\/div>\n<div><span class=\"magic-26\">2) Tuotteiden tiukka n\u00e4ytteenottotarkastus ennen l\u00e4hetyst\u00e4 ja ehj\u00e4 tuotepakkaus varmistavat<\/span><\/div>","protected":false},"excerpt":{"rendered":"<p>NFC Smart Ring, jossa on NFC-siru ja 13,56 miljoonan RFID-tekniikka, tarjoaa tyylikk\u00e4\u00e4n tavan olla langattomasti vuorovaikutuksessa \u00e4lypuhelimien ja k\u00e4ytt\u00f6j\u00e4rjestelmien kanssa.<\/p>","protected":false},"featured_media":2145,"template":"","meta":[],"product_brand":[],"product_cat":[52],"product_tag":[],"class_list":{"0":"post-2144","1":"product","2":"type-product","3":"status-publish","4":"has-post-thumbnail","6":"product_cat-nfc-smart-ring","8":"first","9":"instock","10":"shipping-taxable","11":"product-type-simple"},"_links":{"self":[{"href":"https:\/\/nfc-readers.com\/fi\/wp-json\/wp\/v2\/product\/2144","targetHints":{"allow":["GET"]}}],"collection":[{"href":"https:\/\/nfc-readers.com\/fi\/wp-json\/wp\/v2\/product"}],"about":[{"href":"https:\/\/nfc-readers.com\/fi\/wp-json\/wp\/v2\/types\/product"}],"wp:featuredmedia":[{"embeddable":true,"href":"https:\/\/nfc-readers.com\/fi\/wp-json\/wp\/v2\/media\/2145"}],"wp:attachment":[{"href":"https:\/\/nfc-readers.com\/fi\/wp-json\/wp\/v2\/media?parent=2144"}],"wp:term":[{"taxonomy":"product_brand","embeddable":true,"href":"https:\/\/nfc-readers.com\/fi\/wp-json\/wp\/v2\/product_brand?post=2144"},{"taxonomy":"product_cat","embeddable":true,"href":"https:\/\/nfc-readers.com\/fi\/wp-json\/wp\/v2\/product_cat?post=2144"},{"taxonomy":"product_tag","embeddable":true,"href":"https:\/\/nfc-readers.com\/fi\/wp-json\/wp\/v2\/product_tag?post=2144"}],"curies":[{"name":"wp","href":"https:\/\/api.w.org\/{rel}","templated":true}]}}