{"id":2249,"date":"2024-04-26T07:56:44","date_gmt":"2024-04-26T07:56:44","guid":{"rendered":"https:\/\/nfc-readers.com\/?post_type=product&#038;p=2249"},"modified":"2024-09-24T06:00:37","modified_gmt":"2024-09-24T06:00:37","slug":"contactless-acr1281u-c2-uid-card-reader","status":"publish","type":"product","link":"https:\/\/nfc-readers.com\/fi\/ic-reader\/contactless-acr1281u-c2-uid-card-reader\/","title":{"rendered":"ACR1281U-C2 UID-kortinlukija"},"content":{"rendered":"<h1>ACR1281U-C2 UID-kortinlukija<\/h1>\n<p>ACR1281U-C2 Card UID Reader on ihanteellinen ratkaisu vaivattomaan integrointiin PC-ymp\u00e4rist\u00f6ihin, ilman ohjaimen asennuksen vaivaa (Pos Ei vaadi asemaa), ja se on suunniteltu toimimaan tehokkaasti useissa j\u00e4rjestelmiss\u00e4. Yhdess\u00e4 sen kykyyn lukea kortti pitk\u00e4lle, k\u00e4ytt\u00e4j\u00e4keskeisen suunnittelun ja kest\u00e4v\u00e4n rakenteen kanssa se tarjoaa luotettavan, nopean ja k\u00e4ytt\u00e4j\u00e4yst\u00e4v\u00e4llisen toiminnan, joka sopii erinomaisesti erilaisiin sovelluksiin, joissa turvallinen ja nopea tunnistaminen on ensiarvoisen t\u00e4rke\u00e4\u00e4.<\/p>\n<ul>\n<li>\n<h2>USB 2.0 Full Speed -liit\u00e4nt\u00e4<\/h2>\n<\/li>\n<li>\n<h2>USB HID -n\u00e4pp\u00e4imist\u00f6luokka<\/h2>\n<\/li>\n<li>\n<h2>Kontaktittoman kortin tuki:<\/h2>\n<ul>\n<li>\n<h3>Luku\/kirjoitusnopeus jopa 848 kbps<\/h3>\n<\/li>\n<li>\n<h3>Sis\u00e4\u00e4nrakennettu antenni kontaktittoman tunnisteen k\u00e4sittelyyn, kortin lukuet\u00e4isyys jopa 50 mm (tunnistetyypist\u00e4 riippuen)<\/h3>\n<\/li>\n<li>\n<h3>Tukee ISO 14443 Part 4 Type A- ja B -kortteja ja MIFARE\u00ae-sarjaa<\/h3>\n<\/li>\n<li>\n<h3>Sis\u00e4\u00e4nrakennettu t\u00f6rm\u00e4yksenestoominaisuus (vain yht\u00e4 tunnistetta k\u00e4ytet\u00e4\u00e4n kerrallaan)<\/h3>\n<\/li>\n<\/ul>\n<\/li>\n<li>\n<h2>USB-laiteohjelmiston p\u00e4ivitys<\/h2>\n<\/li>\n<li>\n<table width=\"498\">\n<tbody>\n<tr>\n<td colspan=\"2\" width=\"498\">Fyysiset ominaisuudet<\/td>\n<\/tr>\n<tr>\n<td width=\"209\">Mitat (mm)<\/td>\n<td width=\"289\">120,5 mm (P) x 72,0 mm (L) x 20,4 mm (K)<\/td>\n<\/tr>\n<tr>\n<td width=\"209\">Paino (g)<\/td>\n<td width=\"289\">140 g<\/td>\n<\/tr>\n<tr>\n<td colspan=\"2\" width=\"498\">USB-liit\u00e4nt\u00e4<\/td>\n<\/tr>\n<tr>\n<td width=\"209\">p\u00f6yt\u00e4kirja<\/td>\n<td width=\"289\">USB HID -n\u00e4pp\u00e4imist\u00f6luokka<\/td>\n<\/tr>\n<tr>\n<td width=\"209\">Liittimen tyyppi<\/td>\n<td width=\"289\">Vakiotyyppi A<\/td>\n<\/tr>\n<tr>\n<td width=\"209\">Virtal\u00e4hde<\/td>\n<td width=\"289\">USB-portista<\/td>\n<\/tr>\n<tr>\n<td width=\"209\">Nopeus<\/td>\n<td width=\"289\">USB t\u00e4ysi nopeus (12 Mbps)<\/td>\n<\/tr>\n<tr>\n<td width=\"209\">Kaapelin pituus<\/td>\n<td width=\"289\">2,0 m, kiinte\u00e4<\/td>\n<\/tr>\n<tr>\n<td colspan=\"2\" width=\"498\">Kontaktiton \u00e4lykorttiliit\u00e4nt\u00e4<\/td>\n<\/tr>\n<tr>\n<td width=\"209\">Vakio<\/td>\n<td width=\"289\">ISO 14443 A &amp; B, osat 1\u20134, MIFARE\u00ae<\/td>\n<\/tr>\n<tr>\n<td rowspan=\"2\" width=\"209\">p\u00f6yt\u00e4kirja<\/td>\n<td width=\"289\">ISO 14443-4 -yhteensopiva kortti, T=CL<\/td>\n<\/tr>\n<tr>\n<td width=\"289\">MIFARE\u00ae Classic Card, T=CL<\/td>\n<\/tr>\n<tr>\n<td colspan=\"2\" width=\"498\">Sis\u00e4\u00e4nrakennetut oheislaitteet<\/td>\n<\/tr>\n<tr>\n<td width=\"209\">LED<\/td>\n<td width=\"289\">2 yksiv\u00e4rist\u00e4: punainen ja vihre\u00e4<\/td>\n<\/tr>\n<tr>\n<td width=\"209\">Summeri<\/td>\n<td width=\"289\">Yksitoikkoinen<\/td>\n<\/tr>\n<tr>\n<td colspan=\"2\" width=\"498\">Muut ominaisuudet<\/td>\n<\/tr>\n<tr>\n<td width=\"209\">Laiteohjelmiston p\u00e4ivitys<\/td>\n<td width=\"289\">Tuettu<\/td>\n<\/tr>\n<tr>\n<td colspan=\"2\" width=\"498\">Sertifikaatit\/vaatimustenmukaisuus<\/td>\n<\/tr>\n<tr>\n<td rowspan=\"6\" width=\"209\">Sertifikaatit\/vaatimustenmukaisuus<\/td>\n<td width=\"289\">ISO 14443<\/td>\n<\/tr>\n<tr>\n<td width=\"289\">USB t\u00e4ysi nopeus<\/td>\n<\/tr>\n<tr>\n<td width=\"289\">USB-HID<\/td>\n<\/tr>\n<tr>\n<td width=\"289\">CE<\/td>\n<\/tr>\n<tr>\n<td width=\"289\">FCC<\/td>\n<\/tr>\n<tr>\n<td width=\"289\">RoHS<\/td>\n<\/tr>\n<tr>\n<td colspan=\"2\" width=\"498\">Laiteohjaimen k\u00e4ytt\u00f6j\u00e4rjestelm\u00e4n tuki<\/td>\n<\/tr>\n<tr>\n<td rowspan=\"4\" width=\"209\">Laiteohjaimen k\u00e4ytt\u00f6j\u00e4rjestelm\u00e4n tuki<\/td>\n<td width=\"289\">Windows\u00ae<\/td>\n<\/tr>\n<tr>\n<td width=\"289\">Linux\u00ae<\/td>\n<\/tr>\n<tr>\n<td width=\"289\">MAC OS\u00ae<\/td>\n<\/tr>\n<tr>\n<td width=\"289\">Android\u2122<\/td>\n<\/tr>\n<\/tbody>\n<\/table>\n<\/li>\n<li><iframe loading=\"lazy\" title=\"ACR1281U-C2-kortin UID-lukija \u2013 esittely (konfigurointity\u00f6kalulla)\" width=\"1020\" height=\"574\" src=\"https:\/\/www.youtube.com\/embed\/1UjSlask-OY?feature=oembed\" frameborder=\"0\" allow=\"accelerometer; autoplay; clipboard-write; encrypted-media; gyroscope; picture-in-picture; web-share\" referrerpolicy=\"strict-origin-when-cross-origin\" allowfullscreen><\/iframe><\/li>\n<\/ul>","protected":false},"excerpt":{"rendered":"<p>ACR1281U-C2 UID-kortinlukija yksinkertaistaa asennusta ja kaappaa RFID-korttien UID-tunnisteita 13,56 miljoonalla ilman ohjaimia, mik\u00e4 on ihanteellinen henkil\u00f6llisyyden todentamiseen ja kulunvalvontaan.<\/p>","protected":false},"featured_media":2250,"template":"","meta":[],"product_brand":[],"product_cat":[45,40],"product_tag":[],"class_list":{"0":"post-2249","1":"product","2":"type-product","3":"status-publish","4":"has-post-thumbnail","6":"product_cat-contactless-nfc-reader","7":"product_cat-rfid-nfc-reader","9":"first","10":"instock","11":"shipping-taxable","12":"product-type-simple"},"_links":{"self":[{"href":"https:\/\/nfc-readers.com\/fi\/wp-json\/wp\/v2\/product\/2249","targetHints":{"allow":["GET"]}}],"collection":[{"href":"https:\/\/nfc-readers.com\/fi\/wp-json\/wp\/v2\/product"}],"about":[{"href":"https:\/\/nfc-readers.com\/fi\/wp-json\/wp\/v2\/types\/product"}],"wp:featuredmedia":[{"embeddable":true,"href":"https:\/\/nfc-readers.com\/fi\/wp-json\/wp\/v2\/media\/2250"}],"wp:attachment":[{"href":"https:\/\/nfc-readers.com\/fi\/wp-json\/wp\/v2\/media?parent=2249"}],"wp:term":[{"taxonomy":"product_brand","embeddable":true,"href":"https:\/\/nfc-readers.com\/fi\/wp-json\/wp\/v2\/product_brand?post=2249"},{"taxonomy":"product_cat","embeddable":true,"href":"https:\/\/nfc-readers.com\/fi\/wp-json\/wp\/v2\/product_cat?post=2249"},{"taxonomy":"product_tag","embeddable":true,"href":"https:\/\/nfc-readers.com\/fi\/wp-json\/wp\/v2\/product_tag?post=2249"}],"curies":[{"name":"wp","href":"https:\/\/api.w.org\/{rel}","templated":true}]}}