{"id":2259,"date":"2024-04-26T08:18:30","date_gmt":"2024-04-26T08:18:30","guid":{"rendered":"https:\/\/nfc-readers.com\/?post_type=product&#038;p=2259"},"modified":"2024-09-24T02:58:25","modified_gmt":"2024-09-24T02:58:25","slug":"apple-pay-mobile-walletmate-vas-nfc-reader","status":"publish","type":"product","link":"https:\/\/nfc-readers.com\/fi\/ic-reader\/apple-pay-mobile-walletmate-vas-nfc-reader\/","title":{"rendered":"Apple Pay Mobile WalletMate VAS NFC -lukija"},"content":{"rendered":"<h1>Apple Pay Mobile WalletMate VAS NFC -lukija<\/h1>\n<p>WalletMate Mobile Wallet NFC Reader on huippuluokan ty\u00f6kalu, joka sis\u00e4lt\u00e4\u00e4 VAS-protokollat ja nfc-kulunvalvontalukijatoiminnot, jotka tarjoavat optimoidun korttittoman k\u00e4ytt\u00f6kokemuksen. Lis\u00e4ttyn\u00e4 nfc-lukijalla varustetun pos-terminaalin, parannetun suojauksen ja laajan sovellusten yhteensopivuuden, se aloittaa uuden mukavuuden ja tehokkuuden aikakauden. T\u00e4m\u00e4 tekee siit\u00e4 t\u00e4rke\u00e4n voimavaran k\u00e4ytt\u00e4jille ja yrityksille, jotka haluavat valjastaa NFC-tekniikan tehon saumattomiin, turvallisiin ja nopeisiin asioihin.<\/p>\n<p><iframe loading=\"lazy\" title=\"ACS WalletMate Apple\/Google VAS -testity\u00f6kalu \u2013 esittely\" width=\"1020\" height=\"574\" src=\"https:\/\/www.youtube.com\/embed\/aOWbdgwvHDg?feature=oembed\" frameborder=\"0\" allow=\"accelerometer; autoplay; clipboard-write; encrypted-media; gyroscope; picture-in-picture; web-share\" referrerpolicy=\"strict-origin-when-cross-origin\" allowfullscreen><\/iframe><\/p>\n<ul>\n<li>\n<h2>USB 2.0 Full Speed -liit\u00e4nt\u00e4<\/h2>\n<\/li>\n<li>\n<h2>CCID-yhteensopivuus<\/h2>\n<\/li>\n<li>\n<h2>Mobiililompakko ja kontaktiton \u00e4lykortinlukija:<\/h2>\n<ul>\n<li>\n<h3>Apple VAS &amp; Google Smart Tap -sertifioitu (WalletMate on vain VAS, ei maksup\u00e4\u00e4tteit\u00e4)<\/h3>\n<\/li>\n<\/ul>\n<\/li>\n<li>\n<h3>Luku\/kirjoitusnopeus jopa 424 kbps<\/h3>\n<\/li>\n<li>\n<h3>Sis\u00e4\u00e4nrakennettu antenni kontaktittoman tunnisteen k\u00e4sittelyyn, kortin lukuet\u00e4isyys jopa 50 mm (tunnistetyypist\u00e4 riippuen)<\/h3>\n<\/li>\n<li>\n<h3>Tukee ISO 14443 Type A- ja B -kortteja, MIFARE\u00ae-, FeliCa- ja kaikkia 4 tyyppisi\u00e4 NFC (ISO\/IEC 18092) -tunnisteita<\/h3>\n<\/li>\n<li>\n<h3>Tukee MIFARE\u00ae 7-tavuista UID:t\u00e4, MIFARE\u00ae Plusia ja MIFARE\u00ae DESfire\u00e4<\/h3>\n<\/li>\n<li>\n<h3>Sis\u00e4\u00e4nrakennettu t\u00f6rm\u00e4yksenestoominaisuus (vain 1 tunniste on k\u00e4ytett\u00e4viss\u00e4 milloin tahansa)<\/h3>\n<\/li>\n<li>\n<h2>NFC-tuki:<\/h2>\n<ul>\n<li>\n<h3>NFC-lukija\/kirjoitustila<\/h3>\n<\/li>\n<li>\n<h3>Vertaistila<\/h3>\n<\/li>\n<li>\n<h3>Kortin emulointitila<\/h3>\n<\/li>\n<\/ul>\n<\/li>\n<li>\n<h2>Sovellusohjelmointiliittym\u00e4:<\/h2>\n<ul>\n<li>\n<h3>Apple VAS ja Google Smart Tap API Windows- ja Linux-alustoille<\/h3>\n<\/li>\n<li>\n<h3>Tukee PC\/SC:t\u00e4<\/h3>\n<\/li>\n<li>\n<h3>Tukee CT-API:t\u00e4 (PC\/SC:n p\u00e4\u00e4ll\u00e4 olevan k\u00e4\u00e4reen kautta)<\/h3>\n<\/li>\n<\/ul>\n<\/li>\n<li>\n<h2>Oheislaitteet:<\/h2>\n<ul>\n<li>\n<h3>K\u00e4ytt\u00e4j\u00e4n ohjattava kaksiv\u00e4rinen LED<\/h3>\n<\/li>\n<li>\n<h3>K\u00e4ytt\u00e4j\u00e4n ohjattava summeri<\/h3>\n<\/li>\n<\/ul>\n<\/li>\n<li>\n<h2>USB-laiteohjelmiston p\u00e4ivitys<\/h2>\n<\/li>\n<li>\n<table width=\"559\">\n<tbody>\n<tr>\n<td colspan=\"2\" width=\"559\">Fyysiset ominaisuudet<\/td>\n<\/tr>\n<tr>\n<td width=\"214\">Mitat (mm)<\/td>\n<td width=\"345\">98,0 mm (P) x 65,0 mm (L) x 12,8 mm (K)<\/td>\n<\/tr>\n<tr>\n<td width=\"214\">Paino (g)<\/td>\n<td width=\"345\">81 g<\/td>\n<\/tr>\n<tr>\n<td colspan=\"2\" width=\"559\">USB-liit\u00e4nt\u00e4<\/td>\n<\/tr>\n<tr>\n<td width=\"214\">p\u00f6yt\u00e4kirja<\/td>\n<td width=\"345\">USB CCID<\/td>\n<\/tr>\n<tr>\n<td width=\"214\">Liittimen tyyppi<\/td>\n<td width=\"345\">USB Type-A (ACR1252U-MW)<\/td>\n<\/tr>\n<tr>\n<td width=\"214\">Virtal\u00e4hde<\/td>\n<td width=\"345\">USB-portista<\/td>\n<\/tr>\n<tr>\n<td width=\"214\">Nopeus<\/td>\n<td width=\"345\">USB t\u00e4ysi nopeus (12 Mbps)<\/td>\n<\/tr>\n<tr>\n<td width=\"214\">Kaapelin pituus<\/td>\n<td width=\"345\">1,0 m, ei irrotettava<\/td>\n<\/tr>\n<tr>\n<td colspan=\"2\" width=\"559\">Kontaktiton \u00e4lykorttiliit\u00e4nt\u00e4<\/td>\n<\/tr>\n<tr>\n<td width=\"214\">Vakio<\/td>\n<td width=\"345\">ISO\/IEC 18092 NFC, ISO 14443 tyyppi A &amp; B, MIFARE\u00ae, FeliCa<\/td>\n<\/tr>\n<tr>\n<td rowspan=\"4\" width=\"214\">p\u00f6yt\u00e4kirja<\/td>\n<td width=\"345\">ISO 14443-4 -yhteensopiva kortti, T=CL<\/td>\n<\/tr>\n<tr>\n<td width=\"345\">MIFARE\u00ae Classic Card, T=CL<\/td>\n<\/tr>\n<tr>\n<td width=\"345\">ISO18092, NFC-tunnisteet<\/td>\n<\/tr>\n<tr>\n<td width=\"345\">FeliCa<\/td>\n<\/tr>\n<tr>\n<td colspan=\"2\" width=\"559\">Sis\u00e4\u00e4nrakennetut oheislaitteet<\/td>\n<\/tr>\n<tr>\n<td width=\"214\">LED<\/td>\n<td width=\"345\">1 kaksiv\u00e4rinen: punainen ja vihre\u00e4<\/td>\n<\/tr>\n<tr>\n<td width=\"214\">Summeri<\/td>\n<td width=\"345\">Yksitoikkoinen<\/td>\n<\/tr>\n<tr>\n<td colspan=\"2\" width=\"559\">Muut ominaisuudet<\/td>\n<\/tr>\n<tr>\n<td width=\"214\">Laiteohjelmiston p\u00e4ivitys<\/td>\n<td width=\"345\">Tuettu<\/td>\n<\/tr>\n<tr>\n<td colspan=\"2\" width=\"559\">Sertifikaatit\/vaatimustenmukaisuus<\/td>\n<\/tr>\n<tr>\n<td rowspan=\"4\" width=\"214\">Sertifikaatit\/vaatimustenmukaisuus<\/td>\n<td width=\"345\">Sertifikaatit:<\/td>\n<\/tr>\n<tr>\n<td width=\"345\">Apple VAS, Google Smart Tap, NFC Forum -sertifiointimerkki, IEC\/EN 62368, CE, FCC, UKCA, J-LIS, VCCI, TELEC, KC, BIS, RoHS, REACH, WEEE<\/td>\n<\/tr>\n<tr>\n<td width=\"345\">Vaatimustenmukaisuus:<\/td>\n<\/tr>\n<tr>\n<td width=\"345\">USB CCID, PC\/SC<\/td>\n<\/tr>\n<tr>\n<td colspan=\"2\" width=\"559\">Laiteohjaimen k\u00e4ytt\u00f6j\u00e4rjestelm\u00e4n tuki<\/td>\n<\/tr>\n<tr>\n<td width=\"214\">Laiteohjaimen k\u00e4ytt\u00f6j\u00e4rjestelm\u00e4n tuki<\/td>\n<td width=\"345\">Windows\u00ae, Linux\u00ae, macOS (kehitell\u00e4\u00e4n), Android\u2122 (kehitell\u00e4\u00e4n)<\/td>\n<\/tr>\n<\/tbody>\n<\/table>\n<\/li>\n<\/ul>","protected":false},"excerpt":{"rendered":"<div>WalletMate, innovatiivinen NFC Reader tukee korttitonta k\u00e4ytt\u00f6\u00e4 digitaalisilla passeilla, joita tukevat VAS Apple ja Google VAS iOS- ja Android-laitteille.<\/div>","protected":false},"featured_media":2260,"template":"","meta":[],"product_brand":[],"product_cat":[45,40],"product_tag":[],"class_list":{"0":"post-2259","1":"product","2":"type-product","3":"status-publish","4":"has-post-thumbnail","6":"product_cat-contactless-nfc-reader","7":"product_cat-rfid-nfc-reader","9":"first","10":"instock","11":"shipping-taxable","12":"product-type-simple"},"_links":{"self":[{"href":"https:\/\/nfc-readers.com\/fi\/wp-json\/wp\/v2\/product\/2259","targetHints":{"allow":["GET"]}}],"collection":[{"href":"https:\/\/nfc-readers.com\/fi\/wp-json\/wp\/v2\/product"}],"about":[{"href":"https:\/\/nfc-readers.com\/fi\/wp-json\/wp\/v2\/types\/product"}],"wp:featuredmedia":[{"embeddable":true,"href":"https:\/\/nfc-readers.com\/fi\/wp-json\/wp\/v2\/media\/2260"}],"wp:attachment":[{"href":"https:\/\/nfc-readers.com\/fi\/wp-json\/wp\/v2\/media?parent=2259"}],"wp:term":[{"taxonomy":"product_brand","embeddable":true,"href":"https:\/\/nfc-readers.com\/fi\/wp-json\/wp\/v2\/product_brand?post=2259"},{"taxonomy":"product_cat","embeddable":true,"href":"https:\/\/nfc-readers.com\/fi\/wp-json\/wp\/v2\/product_cat?post=2259"},{"taxonomy":"product_tag","embeddable":true,"href":"https:\/\/nfc-readers.com\/fi\/wp-json\/wp\/v2\/product_tag?post=2259"}],"curies":[{"name":"wp","href":"https:\/\/api.w.org\/{rel}","templated":true}]}}