{"id":2262,"date":"2024-04-26T08:49:56","date_gmt":"2024-04-26T08:49:56","guid":{"rendered":"https:\/\/nfc-readers.com\/?post_type=product&#038;p=2262"},"modified":"2024-09-24T03:06:20","modified_gmt":"2024-09-24T03:06:20","slug":"pocketkey-fido-certified-usb-security-key","status":"publish","type":"product","link":"https:\/\/nfc-readers.com\/fi\/ic-reader\/pocketkey-fido-certified-usb-security-key\/","title":{"rendered":"PocketKey FIDO\u00ae -sertifioitu USB-suojausavain"},"content":{"rendered":"<h1>PocketKey FIDO\u00ae -sertifioitu USB-suojausavain<\/h1>\n<p>PocketKey v\u00e4itt\u00e4\u00e4 olevansa vakuuttava ty\u00f6kalu digitaalisen turvallisuuden alalla, ja se edist\u00e4\u00e4 salasanatonta ja turvallista kirjautumistapaa, jota on helppo kuljettaa ja k\u00e4ytt\u00e4\u00e4 eri alustoilla. Sen vahva monivaiheinen todennus, cross-platform-tuki ja helppo k\u00e4ytt\u00f6\u00f6notto tekev\u00e4t PocketKeyst\u00e4 huippuluokan valinnan k\u00e4ytt\u00e4jille ja hallinnoijille, jotka pyrkiv\u00e4t vahvistamaan ja tehokkaaseen todennuskokemukseen.<\/p>\n<ul>\n<li>\n<h2>\u00a0Sertifikaatit\/vaatimustenmukaisuus<\/h2>\n<ul>\n<li>\n<h3>J\u00e4rjestelm\u00e4t\/standardit:<\/h3>\n<ul>\n<li>\n<h3>FIDO U2F<\/h3>\n<\/li>\n<li>\n<h3>FIDO2 L1<\/h3>\n<\/li>\n<\/ul>\n<\/li>\n<li>\n<h2>S\u00e4\u00e4ntely\/ymp\u00e4rist\u00f6:<\/h2>\n<ul>\n<li>\n<h3>CE<\/h3>\n<\/li>\n<li>\n<h3>UKCA<\/h3>\n<\/li>\n<li>\n<h3>FCC<\/h3>\n<\/li>\n<li>\n<h3>RoHS<\/h3>\n<\/li>\n<li>\n<h3>SAAVUTTAA<\/h3>\n<\/li>\n<\/ul>\n<\/li>\n<\/ul>\n<\/li>\n<li>\n<h2>Tukee suurimpia verkkoselaimia<\/h2>\n<ul>\n<li>\n<h3>ChromeTM, Safari\u00ae, Microsoft Edge\u00ae ja Firefox\u00ae<\/h3>\n<\/li>\n<\/ul>\n<\/li>\n<li>\n<h2>Tukee Key Manageria<\/h2>\n<\/li>\n<li>\n<h2>Kryptografinen eritelm\u00e4<\/h2>\n<ul>\n<li>\n<h3>ECC p256<\/h3>\n<\/li>\n<\/ul>\n<\/li>\n<li>\u00a0Oheislaitteet\n<ul>\n<li>Mekaaninen kytkin l\u00e4sn\u00e4olon varmentamiseen<\/li>\n<li>\n<table width=\"470\">\n<tbody>\n<tr>\n<td colspan=\"2\" width=\"470\">Fyysiset ominaisuudet<\/td>\n<\/tr>\n<tr>\n<td width=\"191\">Mitat (mm)<\/td>\n<td width=\"279\">29,0\u00a0mm (P) \u00d7 14,5\u00a0mm (L) \u00d7 10,5\u00a0mm (K)<\/td>\n<\/tr>\n<tr>\n<td width=\"191\">Paino (g)<\/td>\n<td width=\"279\">4,48 g \u00b1 0,44 g<\/td>\n<\/tr>\n<tr>\n<td colspan=\"2\" width=\"470\">USB-liit\u00e4nt\u00e4<\/td>\n<\/tr>\n<tr>\n<td width=\"191\">p\u00f6yt\u00e4kirja<\/td>\n<td width=\"279\">USB HID<\/td>\n<\/tr>\n<tr>\n<td width=\"191\">Liittimen tyyppi<\/td>\n<td width=\"279\">USB Standard Type-A<\/td>\n<\/tr>\n<tr>\n<td width=\"191\">Virtal\u00e4hde<\/td>\n<td width=\"279\">USB-portista<\/td>\n<\/tr>\n<tr>\n<td width=\"191\">Nopeus<\/td>\n<td width=\"279\">USB 2.0 t\u00e4ysi nopeus (12 Mbps)<\/td>\n<\/tr>\n<tr>\n<td colspan=\"2\" width=\"470\">Ota yhteytt\u00e4 \u00e4lykortin k\u00e4ytt\u00f6liittym\u00e4\u00e4n<\/td>\n<\/tr>\n<tr>\n<td rowspan=\"6\" width=\"191\">muut<\/td>\n<td width=\"279\">Sy\u00f6tt\u00f6virta<\/td>\n<\/tr>\n<tr>\n<td width=\"279\">Max. 100mA<\/td>\n<\/tr>\n<tr>\n<td width=\"279\">Kryptografinen eritelm\u00e4<\/td>\n<\/tr>\n<tr>\n<td width=\"279\">ECC p256<\/td>\n<\/tr>\n<tr>\n<td width=\"279\">Key Manager<\/td>\n<\/tr>\n<tr>\n<td width=\"279\">Tukea<\/td>\n<\/tr>\n<tr>\n<td colspan=\"2\" width=\"470\">Muut ominaisuudet<\/td>\n<\/tr>\n<tr>\n<td rowspan=\"4\" width=\"191\">Turvallisuus<\/td>\n<td width=\"279\">Todentajat:<\/td>\n<\/tr>\n<tr>\n<td width=\"279\">FIDO U2F<\/td>\n<\/tr>\n<tr>\n<td width=\"279\">FIDO2<\/td>\n<\/tr>\n<tr>\n<td width=\"279\">FIDO2 CTAP2.1<\/td>\n<\/tr>\n<tr>\n<td colspan=\"2\" width=\"470\">Sertifikaatit\/vaatimustenmukaisuus<\/td>\n<\/tr>\n<tr>\n<td rowspan=\"9\" width=\"191\">Sertifikaatit\/vaatimustenmukaisuus<\/td>\n<td width=\"279\">J\u00e4rjestelm\u00e4t\/standardit:<\/td>\n<\/tr>\n<tr>\n<td width=\"279\">FIDO U2F<\/td>\n<\/tr>\n<tr>\n<td width=\"279\">FIDO2 L1<\/td>\n<\/tr>\n<tr>\n<td width=\"279\">S\u00e4\u00e4ntely\/ymp\u00e4rist\u00f6:<\/td>\n<\/tr>\n<tr>\n<td width=\"279\">CE<\/td>\n<\/tr>\n<tr>\n<td width=\"279\">UKCA<\/td>\n<\/tr>\n<tr>\n<td width=\"279\">FCC<\/td>\n<\/tr>\n<tr>\n<td width=\"279\">RoHS<\/td>\n<\/tr>\n<tr>\n<td width=\"279\">SAAVUTTAA<\/td>\n<\/tr>\n<tr>\n<td colspan=\"2\" width=\"470\">Laiteohjaimen k\u00e4ytt\u00f6j\u00e4rjestelm\u00e4n tuki<\/td>\n<\/tr>\n<tr>\n<td rowspan=\"9\" width=\"191\">Laiteohjaimen k\u00e4ytt\u00f6j\u00e4rjestelm\u00e4n tuki<\/td>\n<td width=\"279\">Windows\u00ae<\/td>\n<\/tr>\n<tr>\n<td width=\"279\">Linux\u00ae<\/td>\n<\/tr>\n<tr>\n<td width=\"279\">macOS<\/td>\n<\/tr>\n<tr>\n<td width=\"279\">Android\u2122<\/td>\n<\/tr>\n<tr>\n<td width=\"279\">Selaimet:<\/td>\n<\/tr>\n<tr>\n<td width=\"279\">Chrome\u2122<\/td>\n<\/tr>\n<tr>\n<td width=\"279\">Safari\u00ae<\/td>\n<\/tr>\n<tr>\n<td width=\"279\">Firefox\u00ae<\/td>\n<\/tr>\n<tr>\n<td width=\"279\">Microsoft Edge\u00ae<\/td>\n<\/tr>\n<\/tbody>\n<\/table>\n<\/li>\n<li>1.\u00a0<a href=\"https:\/\/youtu.be\/fbDyXZaPvQM\" target=\"_blank\" rel=\"noopener\">Microsoft<sup>\u00ae<\/sup>\u00a0N\u00e4kym\u00e4t<sup>TM<\/sup>\u00a0Kirjaudu Demo<\/a><\/li>\n<li><iframe loading=\"lazy\" title=\"PocketKey: Microsoft\u00ae OutlookTM -sis\u00e4\u00e4nkirjautumisesittely salasanattomalla todennuksella\" width=\"1020\" height=\"574\" src=\"https:\/\/www.youtube.com\/embed\/fbDyXZaPvQM?feature=oembed\" frameborder=\"0\" allow=\"accelerometer; autoplay; clipboard-write; encrypted-media; gyroscope; picture-in-picture; web-share\" referrerpolicy=\"strict-origin-when-cross-origin\" allowfullscreen><\/iframe><\/li>\n<li>2.\u00a0<a href=\"https:\/\/www.youtube.com\/watch?v=1MTW9mSfv8A\" target=\"_blank\" rel=\"noopener\">\u00a0Google<sup>\u00ae<\/sup>\u00a0Tilin kirjautumisesittely<\/a><\/li>\n<li><iframe loading=\"lazy\" title=\"PocketKey: Google\u00ae-tilin kirjautumisesittely\" width=\"1020\" height=\"574\" src=\"https:\/\/www.youtube.com\/embed\/1MTW9mSfv8A?feature=oembed\" frameborder=\"0\" allow=\"accelerometer; autoplay; clipboard-write; encrypted-media; gyroscope; picture-in-picture; web-share\" referrerpolicy=\"strict-origin-when-cross-origin\" allowfullscreen><\/iframe><\/li>\n<li>3. \u00a0<a href=\"https:\/\/youtu.be\/Pjeif9S-PMQ\" target=\"_blank\" rel=\"noopener\">Apple ID<sup>\u00ae<\/sup>\u00a0ja iCloud<sup>\u00ae<\/sup>\u00a0Kirjautumisesittely<\/a><\/li>\n<li><iframe loading=\"lazy\" title=\"PocketKey: Apple ID\u00ae- ja iCloud\u00ae-sis\u00e4\u00e4nkirjautumisdemo\" width=\"1020\" height=\"574\" src=\"https:\/\/www.youtube.com\/embed\/Pjeif9S-PMQ?feature=oembed\" frameborder=\"0\" allow=\"accelerometer; autoplay; clipboard-write; encrypted-media; gyroscope; picture-in-picture; web-share\" referrerpolicy=\"strict-origin-when-cross-origin\" allowfullscreen><\/iframe><\/li>\n<\/ul>\n<\/li>\n<\/ul>","protected":false},"excerpt":{"rendered":"<p>PocketKey parantaa digitaalista turvallisuutta monitekij\u00e4todennuksella, korvaa vanhentuneet salasanaj\u00e4rjestelm\u00e4t ja tukee FIDO U2F -protokollia turvallisen k\u00e4yt\u00f6n takaamiseksi.<\/p>","protected":false},"featured_media":2263,"template":"","meta":[],"product_brand":[],"product_cat":[39,46],"product_tag":[],"class_list":{"0":"post-2262","1":"product","2":"type-product","3":"status-publish","4":"has-post-thumbnail","6":"product_cat-usb-ic-smartcard-reader","7":"product_cat-nfc-cards","9":"first","10":"instock","11":"shipping-taxable","12":"product-type-simple"},"_links":{"self":[{"href":"https:\/\/nfc-readers.com\/fi\/wp-json\/wp\/v2\/product\/2262","targetHints":{"allow":["GET"]}}],"collection":[{"href":"https:\/\/nfc-readers.com\/fi\/wp-json\/wp\/v2\/product"}],"about":[{"href":"https:\/\/nfc-readers.com\/fi\/wp-json\/wp\/v2\/types\/product"}],"wp:featuredmedia":[{"embeddable":true,"href":"https:\/\/nfc-readers.com\/fi\/wp-json\/wp\/v2\/media\/2263"}],"wp:attachment":[{"href":"https:\/\/nfc-readers.com\/fi\/wp-json\/wp\/v2\/media?parent=2262"}],"wp:term":[{"taxonomy":"product_brand","embeddable":true,"href":"https:\/\/nfc-readers.com\/fi\/wp-json\/wp\/v2\/product_brand?post=2262"},{"taxonomy":"product_cat","embeddable":true,"href":"https:\/\/nfc-readers.com\/fi\/wp-json\/wp\/v2\/product_cat?post=2262"},{"taxonomy":"product_tag","embeddable":true,"href":"https:\/\/nfc-readers.com\/fi\/wp-json\/wp\/v2\/product_tag?post=2262"}],"curies":[{"name":"wp","href":"https:\/\/api.w.org\/{rel}","templated":true}]}}