{"id":2730,"date":"2024-06-07T08:01:07","date_gmt":"2024-06-07T08:01:07","guid":{"rendered":"https:\/\/nfc-readers.com\/?post_type=product&#038;p=2730"},"modified":"2024-09-24T02:54:03","modified_gmt":"2024-09-24T02:54:03","slug":"wallet-mate-nfc-reader-writer-support-apple-pay-and-google-vas","status":"publish","type":"product","link":"https:\/\/nfc-readers.com\/fi\/ic-reader\/wallet-mate-nfc-reader-writer-support-apple-pay-and-google-vas\/","title":{"rendered":"Wallet Mate NFC Reader Writer -Tukee Apple Payta ja Google VAS:\u00e4\u00e4"},"content":{"rendered":"<h1>Wallet Mate NFC Reader Writer -Tukee Apple Payta ja Google VAS:\u00e4\u00e4<\/h1>\n<div><\/div>\n<div class=\"auto-hide-last-sibling-br paragraph_1252f paragraph-element\"><strong>Wallet Mate NFC Reader Writer<\/strong> tulee esiin huippuluokan vempaimena, joka integroi VAS-protokollat ja NFC-kulunvalvontalukijaominaisuudet tehostamaan korttitonta vuorovaikutusta. NFC-lukijalla varustetun POS-p\u00e4\u00e4telaitteen, vankkojen turvatoimien ja laajan sovellusten yhteensopivuuden mukana se on uuden mukavuuden ja tehokkuuden standardien edell\u00e4k\u00e4vij\u00e4. Sen muotoilu ja toiminnallisuus tekev\u00e4t siit\u00e4 v\u00e4ltt\u00e4m\u00e4tt\u00f6m\u00e4n laitteen niille, jotka haluavat hy\u00f6dynt\u00e4\u00e4 NFC-tekniikan vahvuuksia turvallisiin, sujuvaan ja nopeaan asiointiin.<\/div>\n<div><\/div>\n<h2 class=\"auto-hide-last-sibling-br paragraph_1252f paragraph-element\">Nopea USB 2.0 -liit\u00e4nt\u00e4<\/h2>\n<h3 class=\"auto-hide-last-sibling-br paragraph_1252f paragraph-element\"><br class=\"container_e695a wrapper_ad07b undefined\" \/>CCID-standardien noudattaminen<br class=\"container_e695a wrapper_ad07b undefined\" \/>Mobiililompakko ja kontaktiton \u00e4lykortinlukija:<br class=\"container_e695a wrapper_ad07b undefined\" \/>Apple VAS:n ja Google Smart Tapin sertifioima (Huomaa: WalletMate on sertifioitu vain VAS:lle, ei maksup\u00e4\u00e4telaitteille) Tiedonsiirtonopeudet jopa 424 kbps<br class=\"container_e695a wrapper_ad07b undefined\" \/>Sis\u00e4\u00e4nrakennettu antenni kontaktittoman tunnisteen k\u00e4ytt\u00f6\u00f6n, tarjoaa kortin lukuet\u00e4isyyden jopa 50 mm (tunnistetyypist\u00e4 riippuen)<br class=\"container_e695a wrapper_ad07b undefined\" \/>Yhteensopivuus ISO 14443 Type A- ja B -korttien, MIFARE\u00ae-, FeliCa- ja kaikkien nelj\u00e4n tyyppisten NFC (ISO\/IEC 18092) -tunnisteiden kanssa<br class=\"container_e695a wrapper_ad07b undefined\" \/>Tuki MIFARE\u00ae 7-tavuiselle UID:lle, MIFARE\u00ae Plus:lle ja MIFARE\u00ae DESfire<br class=\"container_e695a wrapper_ad07b undefined\" \/>Integroitu t\u00f6rm\u00e4yksenestoominaisuus (vain yht\u00e4 tunnistetta voidaan k\u00e4ytt\u00e4\u00e4 kulloinkin)<\/h3>\n<h2 class=\"auto-hide-last-sibling-br paragraph_1252f paragraph-element\"><br class=\"container_e695a wrapper_ad07b undefined\" \/>NFC-tuki:<\/h2>\n<h3 class=\"auto-hide-last-sibling-br paragraph_1252f paragraph-element\"><br class=\"container_e695a wrapper_ad07b undefined\" \/>Toiminnot Reader\/Writer-tilassa<br class=\"container_e695a wrapper_ad07b undefined\" \/>Vertaistila<br class=\"container_e695a wrapper_ad07b undefined\" \/>Kortin emulointitila<\/h3>\n<h2 class=\"auto-hide-last-sibling-br paragraph_1252f paragraph-element\"><br class=\"container_e695a wrapper_ad07b undefined\" \/>Sovellusohjelmointiliittym\u00e4:<\/h2>\n<h3 class=\"auto-hide-last-sibling-br paragraph_1252f paragraph-element\"><br class=\"container_e695a wrapper_ad07b undefined\" \/>Apple VAS- ja Google Smart Tap API -yhteensopivuus Windows- ja Linux-alustojen kanssa<br class=\"container_e695a wrapper_ad07b undefined\" \/>Tuki PC\/SC:lle<br class=\"container_e695a wrapper_ad07b undefined\" \/>Tuki CT-API:lle (PC\/SC-pohjaisen k\u00e4\u00e4reen avulla)<\/h3>\n<h2 class=\"auto-hide-last-sibling-br paragraph_1252f paragraph-element\">Lis\u00e4ominaisuudet:<\/h2>\n<h3 class=\"auto-hide-last-sibling-br paragraph_1252f paragraph-element\"><br class=\"container_e695a wrapper_ad07b undefined\" \/>K\u00e4ytt\u00e4j\u00e4n ohjattava kaksiv\u00e4rinen LED<br class=\"container_e695a wrapper_ad07b undefined\" \/>K\u00e4ytt\u00e4j\u00e4n ohjattava \u00e4\u00e4nih\u00e4lytysj\u00e4rjestelm\u00e4<br class=\"container_e695a wrapper_ad07b undefined\" \/>Mahdollisuus USB-laiteohjelmistop\u00e4ivityksiin<\/h3>\n<p>&nbsp;<\/p>\n<ul>\n<li>\n<table width=\"559\">\n<tbody>\n<tr>\n<td colspan=\"2\" width=\"559\">Fyysiset ominaisuudet<\/td>\n<\/tr>\n<tr>\n<td width=\"214\">Mitat (mm)<\/td>\n<td width=\"345\">98,0 mm (P) x 65,0 mm (L) x 12,8 mm (K)<\/td>\n<\/tr>\n<tr>\n<td width=\"214\">Paino (g)<\/td>\n<td width=\"345\">81 g<\/td>\n<\/tr>\n<tr>\n<td colspan=\"2\" width=\"559\">USB-liit\u00e4nt\u00e4<\/td>\n<\/tr>\n<tr>\n<td width=\"214\">p\u00f6yt\u00e4kirja<\/td>\n<td width=\"345\">USB CCID<\/td>\n<\/tr>\n<tr>\n<td width=\"214\">Liittimen tyyppi<\/td>\n<td width=\"345\">USB Type-A (ACR1252U-MW)<\/td>\n<\/tr>\n<tr>\n<td width=\"214\">Virtal\u00e4hde<\/td>\n<td width=\"345\">USB-portista<\/td>\n<\/tr>\n<tr>\n<td width=\"214\">Nopeus<\/td>\n<td width=\"345\">USB t\u00e4ysi nopeus (12 Mbps)<\/td>\n<\/tr>\n<tr>\n<td width=\"214\">Kaapelin pituus<\/td>\n<td width=\"345\">1,0 m, ei irrotettava<\/td>\n<\/tr>\n<tr>\n<td colspan=\"2\" width=\"559\">Kontaktiton \u00e4lykorttiliit\u00e4nt\u00e4<\/td>\n<\/tr>\n<tr>\n<td width=\"214\">Vakio<\/td>\n<td width=\"345\">ISO\/IEC 18092 NFC, ISO 14443 tyyppi A &amp; B, MIFARE\u00ae, FeliCa<\/td>\n<\/tr>\n<tr>\n<td rowspan=\"4\" width=\"214\">p\u00f6yt\u00e4kirja<\/td>\n<td width=\"345\">ISO 14443-4 -yhteensopiva kortti, T=CL<\/td>\n<\/tr>\n<tr>\n<td width=\"345\">MIFARE\u00ae Classic Card, T=CL<\/td>\n<\/tr>\n<tr>\n<td width=\"345\">ISO18092, NFC-tunnisteet<\/td>\n<\/tr>\n<tr>\n<td width=\"345\">FeliCa<\/td>\n<\/tr>\n<tr>\n<td colspan=\"2\" width=\"559\">Sis\u00e4\u00e4nrakennetut oheislaitteet<\/td>\n<\/tr>\n<tr>\n<td width=\"214\">LED<\/td>\n<td width=\"345\">1 kaksiv\u00e4rinen: punainen ja vihre\u00e4<\/td>\n<\/tr>\n<tr>\n<td width=\"214\">Summeri<\/td>\n<td width=\"345\">Yksitoikkoinen<\/td>\n<\/tr>\n<tr>\n<td colspan=\"2\" width=\"559\">Muut ominaisuudet<\/td>\n<\/tr>\n<tr>\n<td width=\"214\">Laiteohjelmiston p\u00e4ivitys<\/td>\n<td width=\"345\">Tuettu<\/td>\n<\/tr>\n<tr>\n<td colspan=\"2\" width=\"559\">Sertifikaatit\/vaatimustenmukaisuus<\/td>\n<\/tr>\n<tr>\n<td rowspan=\"4\" width=\"214\">Sertifikaatit\/vaatimustenmukaisuus<\/td>\n<td width=\"345\">Sertifikaatit:<\/td>\n<\/tr>\n<tr>\n<td width=\"345\">Apple VAS, Google Smart Tap, NFC Forum -sertifiointimerkki, IEC\/EN 62368, CE, FCC, UKCA, J-LIS, VCCI, TELEC, KC, BIS, RoHS, REACH, WEEE<\/td>\n<\/tr>\n<tr>\n<td width=\"345\">Vaatimustenmukaisuus:<\/td>\n<\/tr>\n<tr>\n<td width=\"345\">USB CCID, PC\/SC<\/td>\n<\/tr>\n<tr>\n<td colspan=\"2\" width=\"559\">Laiteohjaimen k\u00e4ytt\u00f6j\u00e4rjestelm\u00e4n tuki<\/td>\n<\/tr>\n<tr>\n<td width=\"214\">Laiteohjaimen k\u00e4ytt\u00f6j\u00e4rjestelm\u00e4n tuki<\/td>\n<td width=\"345\">Windows\u00ae, Linux\u00ae, macOS (kehitell\u00e4\u00e4n), Android\u2122 (kehitell\u00e4\u00e4n)<\/td>\n<\/tr>\n<\/tbody>\n<\/table>\n<\/li>\n<\/ul>","protected":false},"excerpt":{"rendered":"<div>Mobile Wallet, innovatiivinen NFC Reader tukee korttitonta k\u00e4ytt\u00f6\u00e4 digitaalisilla passeilla, joita tukevat VAS Apple ja Google VAS iOS- ja Android-laitteille.<\/div>\n<div><\/div>","protected":false},"featured_media":2731,"template":"","meta":[],"product_brand":[],"product_cat":[45,40],"product_tag":[],"class_list":{"0":"post-2730","1":"product","2":"type-product","3":"status-publish","4":"has-post-thumbnail","6":"product_cat-contactless-nfc-reader","7":"product_cat-rfid-nfc-reader","9":"first","10":"instock","11":"shipping-taxable","12":"product-type-simple"},"_links":{"self":[{"href":"https:\/\/nfc-readers.com\/fi\/wp-json\/wp\/v2\/product\/2730","targetHints":{"allow":["GET"]}}],"collection":[{"href":"https:\/\/nfc-readers.com\/fi\/wp-json\/wp\/v2\/product"}],"about":[{"href":"https:\/\/nfc-readers.com\/fi\/wp-json\/wp\/v2\/types\/product"}],"wp:featuredmedia":[{"embeddable":true,"href":"https:\/\/nfc-readers.com\/fi\/wp-json\/wp\/v2\/media\/2731"}],"wp:attachment":[{"href":"https:\/\/nfc-readers.com\/fi\/wp-json\/wp\/v2\/media?parent=2730"}],"wp:term":[{"taxonomy":"product_brand","embeddable":true,"href":"https:\/\/nfc-readers.com\/fi\/wp-json\/wp\/v2\/product_brand?post=2730"},{"taxonomy":"product_cat","embeddable":true,"href":"https:\/\/nfc-readers.com\/fi\/wp-json\/wp\/v2\/product_cat?post=2730"},{"taxonomy":"product_tag","embeddable":true,"href":"https:\/\/nfc-readers.com\/fi\/wp-json\/wp\/v2\/product_tag?post=2730"}],"curies":[{"name":"wp","href":"https:\/\/api.w.org\/{rel}","templated":true}]}}