{"id":2732,"date":"2024-10-07T08:34:31","date_gmt":"2024-10-07T08:34:31","guid":{"rendered":"https:\/\/nfc-readers.com\/?post_type=product&#038;p=2732"},"modified":"2024-10-28T14:32:27","modified_gmt":"2024-10-28T14:32:27","slug":"nfc-reader-writer-support-apple-pay-and-google-vas","status":"publish","type":"product","link":"https:\/\/nfc-readers.com\/fi\/ic-reader\/nfc-reader-writer-support-apple-pay-and-google-vas\/","title":{"rendered":"NFC Reader Writer -tuki Apple Pay ja Google VAS"},"content":{"rendered":"<div class=\"auto-hide-last-sibling-br paragraph_1252f paragraph-element\">\n<h1>NFC Reader Writer -tuki Apple Pay ja Google VAS<\/h1>\n<p>Sy\u00f6t\u00e4\u00a0<strong>NFC-lukija<\/strong>, hienostunut tekniikka, joka on suunniteltu tehostamaan kontaktittomia tapahtumia ja virtaviivaistamaan kulunvalvontaa verrattoman tehokkaasti. Haluatpa sitten nopeuttaa liiketoimiasi, parantaa turvallisuutta tai vain p\u00e4ivitt\u00e4\u00e4 tekniikkaasi, NFC-lukija on t\u00e4rke\u00e4 ty\u00f6kalu arsenaalissasi. Luku- ja kirjoitustaidon kanssa\u00a0<strong>NFC-tunnisteet<\/strong>\u00a0ja kortit, mukaan lukien suosittuja formaatteja, kuten\u00a0<strong>MIFARE<\/strong>, t\u00e4m\u00e4 laite on innovatiivisten maksuratkaisujen eturintamassa.<\/p>\n<h2>NFC-lukijan valinnan edut<\/h2>\n<p>NFC-lukijaan sijoittaminen ei ole vain osto; se on maksukykysi p\u00e4ivitys, joka tarjoaa lukuisia etuja. Ensinn\u00e4kin se parantaa turvallisuutta sallimalla\u00a0<strong>kontaktiton<\/strong>\u00a0maksut, mik\u00e4 v\u00e4hent\u00e4\u00e4 k\u00e4teismaksuihin liittyv\u00e4\u00e4 riski\u00e4. Se on my\u00f6s suunniteltu helppok\u00e4ytt\u00f6iseksi, ja siin\u00e4 on yksinkertainen asennusprosessi, joka voidaan yhdist\u00e4\u00e4 USB:n kautta monenlaisiin laitteisiin, mik\u00e4 mahdollistaa integroinnin olemassa oleviin j\u00e4rjestelmiisi. Kompakti ja kannettava muotoilu takaa, ett\u00e4 voit ottaa NFC-ominaisuuden mukaan minne ikin\u00e4 menetkin, joten se on ihanteellinen sek\u00e4 kauppiaille ett\u00e4 yksityishenkil\u00f6ille.<\/p>\n<h3>1.\u00a0<strong>Kattava NFC-tuki<\/strong><\/h3>\n<p>The\u00a0<strong>NFC-lukija<\/strong>\u00a0tukee useita NFC-toimintoja, mukaan lukien Reader\/Writer Mode, Peer-to-Peer Mode ja Card Emulation Mode. T\u00e4m\u00e4 monipuolisuus varmistaa yhteensopivuuden erilaisten tapahtumien kanssa lukemisesta alkaen\u00a0<strong>NFC-kortit<\/strong>\u00a0mobiilimaksamisen helpottamiseksi kautta\u00a0<strong>Google Pay<\/strong>\u00a0ja\u00a0<strong>Apple Pay<\/strong>.<\/p>\n<h4>Lukija\/kirjoitustila<\/h4>\n<p>Lukija\/kirjoitustilan avulla k\u00e4ytt\u00e4j\u00e4t voivat vaivattomasti\u00a0<strong>lukea ja kirjoittaa<\/strong>\u00a0tiedot NFC-tunnisteille, mik\u00e4 tekee laitteesta t\u00e4ydellisen varastonhallinta- ja markkinointikampanjoiden sovelluksiin.<\/p>\n<h4>Vertaistila<\/h4>\n<p>Peer-to-Peer Mode helpottaa tiedon jakamista kahden NFC-yhteensopivan laitteen v\u00e4lill\u00e4, mik\u00e4 mahdollistaa saumattoman tapahtuman tai tiedonsiirron, mik\u00e4 lis\u00e4\u00e4 k\u00e4ytt\u00e4jien mukavuutta.<\/p>\n<h3>2.\u00a0<strong>Korkeat yhteensopivuusstandardit<\/strong><\/h3>\n<p>T\u00e4m\u00e4 NFC-lukija on yhteensopiva useiden \u00e4lykorttien kanssa, mukaan lukien ISO 14443 Type A- ja B -kortit, joten se on universaali ratkaisu yrityksille, jotka tarvitsevat\u00a0<strong>kortinlukija<\/strong>\u00a0useille korttityypeille.<\/p>\n<h4>Tukee erilaisia NFC-tunnisteita<\/h4>\n<p>ISO-standardien lis\u00e4ksi laite tukee my\u00f6s MIFARE\u00ae- ja FeliCa-muotoja, mik\u00e4 takaa kattavan tuen k\u00e4yt\u00e4nn\u00f6ss\u00e4 kaikille k\u00e4ytt\u00e4jille.<\/p>\n<h4>USB-liit\u00e4nt\u00e4<\/h4>\n<p>Nopealla USB 2.0 -liit\u00e4nn\u00e4ll\u00e4 voit helposti liitt\u00e4\u00e4 NFC-lukijan \u00e4lypuhelimiin tai tabletteihin nopeaa tiedonsiirtoa varten \u2013 kaikki on k\u00e4ytt\u00f6valmis\u00a0<strong>USB:n kautta<\/strong>.<\/p>\n<h3>3.\u00a0<strong>Vahvat suojausominaisuudet<\/strong><\/h3>\n<p>Turvallisuus on ensiarvoisen t\u00e4rke\u00e4\u00e4 kaikissa asiointilaitteissa, ja NFC Reader loistaa integroidulla t\u00f6rm\u00e4yksenestoominaisuudellaan, joka varmistaa, ett\u00e4 vain yksi tunniste luetaan kerrallaan, mik\u00e4 v\u00e4hent\u00e4\u00e4 merkitt\u00e4v\u00e4sti tietojen vioittumisen tai petoksen mahdollisuuksia.<\/p>\n<h4>Edistynyt salaus<\/h4>\n<p>NFC Reader tukee erilaisia salaustekniikoita turvalliseen tiedonsiirtoon, mik\u00e4 varmistaa, ett\u00e4 arkaluontoiset tiedot pysyv\u00e4t suojattuna koko tapahtumaprosessin ajan.<\/p>\n<h4>K\u00e4ytt\u00e4j\u00e4varoitukset<\/h4>\n<p>K\u00e4ytt\u00e4j\u00e4n ohjattavalla \u00e4\u00e4nih\u00e4lytysj\u00e4rjestelm\u00e4ll\u00e4 k\u00e4ytt\u00e4j\u00e4t voivat saada v\u00e4lit\u00f6nt\u00e4 palautetta toiminnan aikana, mik\u00e4 parantaa k\u00e4ytett\u00e4vyytt\u00e4 ja varmistaa, ett\u00e4 k\u00e4ytt\u00e4j\u00e4t ovat tietoisia onnistuneista lukemista.<\/p>\n<h3>4.\u00a0<strong>Ymp\u00e4rist\u00f6vaikutus<\/strong><\/h3>\n<p>Kun yritykset ovat yh\u00e4 tietoisempia ymp\u00e4rist\u00f6jalanj\u00e4ljest\u00e4\u00e4n, NFC Reader on suunniteltu kest\u00e4v\u00e4\u00e4 kehityst\u00e4 ajatellen. Laite k\u00e4ytt\u00e4\u00e4 vain v\u00e4h\u00e4n virtaa ja voidaan liitt\u00e4\u00e4 olemassa oleviin j\u00e4rjestelmiin ilman laajoja laitteistop\u00e4ivityksi\u00e4, mik\u00e4 v\u00e4hent\u00e4\u00e4 hukkaa.<\/p>\n<h4>Tehokas virrank\u00e4ytt\u00f6<\/h4>\n<p>13,56 MHz:n taajuudella toimiva NFC Reader on energiatehokas ja mahdollistaa laajan k\u00e4yt\u00f6n ilman korkeita s\u00e4hk\u00f6kustannuksia. Yritykset voivat hy\u00f6dynt\u00e4\u00e4 t\u00e4t\u00e4 teknologiaa ilman pelkoa energiantarpeen lis\u00e4\u00e4ntymisest\u00e4.<\/p>\n<h3>5.\u00a0<strong>K\u00e4ytt\u00e4j\u00e4yst\u00e4v\u00e4llinen muotoilu<\/strong><\/h3>\n<p>NFC-lukijassa on kompakti ja tyylik\u00e4s muotoilu, joka integroituu saumattomasti ty\u00f6nkulkuusi. K\u00e4ytt\u00e4j\u00e4n ohjattava kaksiv\u00e4rinen LED antaa v\u00e4lit\u00f6nt\u00e4 visuaalista palautetta k\u00e4yt\u00f6n aikana ja ilmoittaa k\u00e4ytt\u00e4jille tehokkaasti tapahtumien tilasta.<\/p>\n<h4>Siirrett\u00e4vyys<\/h4>\n<p>Sen kevyt runko tekee siit\u00e4 ihanteellisen ratkaisun liikkeell\u00e4 oleville yrityksille v\u00e4hitt\u00e4iskaupoista ruoka-autoihin, mik\u00e4 mahdollistaa nopean k\u00e4ytt\u00f6\u00f6noton aina tarvittaessa, mik\u00e4 tekee siit\u00e4 eritt\u00e4in tehokkaan sek\u00e4 v\u00e4liaikaisiin ett\u00e4 pysyviin asennuksiin.<\/p>\n<h3>6.\u00a0<strong>Ekosysteemien yhteensopivuus<\/strong><\/h3>\n<p>NFC Reader on yhteensopiva useiden k\u00e4ytt\u00f6j\u00e4rjestelmien, kuten Windowsin, Linuxin ja Androidin, kanssa mahdollistaen laajan k\u00e4yt\u00f6n erilaisissa ymp\u00e4rist\u00f6iss\u00e4.<\/p>\n<h4>Helppo integrointi vakiintuneisiin j\u00e4rjestelmiin<\/h4>\n<p>Nosta olemassa olevia POS-j\u00e4rjestelmi\u00e4si NFC Readerin avulla ja hy\u00f6dynn\u00e4 sen yhteensopivuutta laajalti k\u00e4ytettyjen sovelluskauppojen kanssa ladataksesi yrityksesi tarpeisiin sopivia sovelluksia.<\/p>\n<\/div>\n<table width=\"559\">\n<tbody>\n<tr>\n<td colspan=\"2\" width=\"559\">Fyysiset ominaisuudet<\/td>\n<\/tr>\n<tr>\n<td width=\"214\">Mitat (mm)<\/td>\n<td width=\"345\">98,0 mm (P) x 65,0 mm (L) x 12,8 mm (K)<\/td>\n<\/tr>\n<tr>\n<td width=\"214\">Paino (g)<\/td>\n<td width=\"345\">81 g<\/td>\n<\/tr>\n<tr>\n<td colspan=\"2\" width=\"559\">USB-liit\u00e4nt\u00e4<\/td>\n<\/tr>\n<tr>\n<td width=\"214\">p\u00f6yt\u00e4kirja<\/td>\n<td width=\"345\">USB CCID<\/td>\n<\/tr>\n<tr>\n<td width=\"214\">Liittimen tyyppi<\/td>\n<td width=\"345\">USB Type-A (ACR1252U-MW)<\/td>\n<\/tr>\n<tr>\n<td width=\"214\">Virtal\u00e4hde<\/td>\n<td width=\"345\">USB-portista<\/td>\n<\/tr>\n<tr>\n<td width=\"214\">Nopeus<\/td>\n<td width=\"345\">USB t\u00e4ysi nopeus (12 Mbps)<\/td>\n<\/tr>\n<tr>\n<td width=\"214\">Kaapelin pituus<\/td>\n<td width=\"345\">1,0 m, ei irrotettava<\/td>\n<\/tr>\n<tr>\n<td colspan=\"2\" width=\"559\">Kontaktiton \u00e4lykorttiliit\u00e4nt\u00e4<\/td>\n<\/tr>\n<tr>\n<td width=\"214\">Vakio<\/td>\n<td width=\"345\">ISO\/IEC 18092 NFC, ISO 14443 tyyppi A &amp; B, MIFARE\u00ae, FeliCa<\/td>\n<\/tr>\n<tr>\n<td rowspan=\"4\" width=\"214\">p\u00f6yt\u00e4kirja<\/td>\n<td width=\"345\">ISO 14443-4 -yhteensopiva kortti, T=CL<\/td>\n<\/tr>\n<tr>\n<td width=\"345\">MIFARE\u00ae Classic Card, T=CL<\/td>\n<\/tr>\n<tr>\n<td width=\"345\">ISO18092, NFC-tunnisteet<\/td>\n<\/tr>\n<tr>\n<td width=\"345\">FeliCa<\/td>\n<\/tr>\n<tr>\n<td colspan=\"2\" width=\"559\">Sis\u00e4\u00e4nrakennetut oheislaitteet<\/td>\n<\/tr>\n<tr>\n<td width=\"214\">LED<\/td>\n<td width=\"345\">1 kaksiv\u00e4rinen: punainen ja vihre\u00e4<\/td>\n<\/tr>\n<tr>\n<td width=\"214\">Summeri<\/td>\n<td width=\"345\">Yksitoikkoinen<\/td>\n<\/tr>\n<tr>\n<td colspan=\"2\" width=\"559\">Muut ominaisuudet<\/td>\n<\/tr>\n<tr>\n<td width=\"214\">Laiteohjelmiston p\u00e4ivitys<\/td>\n<td width=\"345\">Tuettu<\/td>\n<\/tr>\n<tr>\n<td colspan=\"2\" width=\"559\">Sertifikaatit\/vaatimustenmukaisuus<\/td>\n<\/tr>\n<tr>\n<td rowspan=\"4\" width=\"214\">Sertifikaatit\/vaatimustenmukaisuus<\/td>\n<td width=\"345\">Sertifikaatit:<\/td>\n<\/tr>\n<tr>\n<td width=\"345\">Apple VAS, Google Smart Tap, NFC Forum -sertifiointimerkki, IEC\/EN 62368, CE, FCC, UKCA, J-LIS, VCCI, TELEC, KC, BIS, RoHS, REACH, WEEE<\/td>\n<\/tr>\n<tr>\n<td width=\"345\">Vaatimustenmukaisuus:<\/td>\n<\/tr>\n<tr>\n<td width=\"345\">USB CCID, PC\/SC<\/td>\n<\/tr>\n<tr>\n<td colspan=\"2\" width=\"559\">Laiteohjaimen k\u00e4ytt\u00f6j\u00e4rjestelm\u00e4n tuki<\/td>\n<\/tr>\n<tr>\n<td width=\"214\">Laiteohjaimen k\u00e4ytt\u00f6j\u00e4rjestelm\u00e4n tuki<\/td>\n<td width=\"345\">Windows\u00ae, Linux\u00ae, macOS (kehitell\u00e4\u00e4n), Android\u2122 (kehitell\u00e4\u00e4n)<\/td>\n<\/tr>\n<\/tbody>\n<\/table>\n<h2>Asiakkaiden arvostelut<\/h2>\n<blockquote><p>&quot;NFC Reader on muuttanut tapaamme k\u00e4sitell\u00e4 maksuja. Se on nopea, turvallinen ja uskomattoman helppo integroida olemassa oleviin j\u00e4rjestelmiimme!\u201d \u2013\u00a0<strong>James T.<\/strong>, v\u00e4hitt\u00e4ismyyntip\u00e4\u00e4llikk\u00f6<\/p><\/blockquote>\n<blockquote><p>&quot;Rakastan kuinka kannettava t\u00e4m\u00e4 NFC Reader on! Se on t\u00e4ydellinen ruoka-autoliiketoimintaani. \u2013\u00a0<strong>Sandra W.<\/strong>, pienyrityksen omistaja<\/p><\/blockquote>\n<h2>Usein kysytyt kysymykset (FAQ)<\/h2>\n<p><strong>1. Millaisia kortteja NFC Reader voi lukea?<\/strong><br \/>\nNFC-lukija tukee ISO 14443 Type A- ja B -kortteja, MIFARE\u00ae-, FeliCa- ja kaikkia NFC-tunnisteita, jotka ovat ISO\/IEC 18092 -standardien mukaisia.<\/p>\n<p><strong>2. Onko NFC Reader yhteensopiva \u00e4lypuhelimien kanssa?<\/strong><br \/>\nKyll\u00e4, voit liitt\u00e4\u00e4 NFC Readerin helposti useimpiin \u00e4lypuhelimiin USB:n kautta nopean tapahtuman ja tiedon jakamisen helpottamiseksi.<\/p>\n<p><strong>3. Voinko p\u00e4ivitt\u00e4\u00e4 laiteohjelmiston?<\/strong><br \/>\nKyll\u00e4, NFC Reader tukee USB-laiteohjelmiston p\u00e4ivityksi\u00e4, mik\u00e4 varmistaa, ett\u00e4 sinulla on uusimmat ominaisuudet ja tietoturvap\u00e4ivitykset.<\/p>\n<p><strong>4. Kuinka pitk\u00e4lle voin lukea NFC-tunnisteita?<\/strong><br \/>\nNFC Readerin lukuet\u00e4isyys on jopa 50 mm, riippuen tunnistetyypist\u00e4 ja sen erityisominaisuuksista.<\/p>\n<hr \/>\n<p>Valitsemalla NFC Readerin et vain sijoita tuotteeseen; k\u00e4yt\u00e4t \u00e4lykk\u00e4\u00e4mp\u00e4\u00e4 tapaa asioida. Integroitpa sen sitten henkil\u00f6kohtaiseen k\u00e4ytt\u00f6\u00f6n tai yritysk\u00e4ytt\u00f6\u00f6n, t\u00e4m\u00e4n laitteen tehokkuus, yhteensopivuus ja turvallisuus tekev\u00e4t siit\u00e4 todella v\u00e4ltt\u00e4m\u00e4tt\u00f6m\u00e4n. Koe l\u00e4himaksujen seuraavan sukupolven ja l\u00f6yd\u00e4 ero, joka sill\u00e4 voi olla maksutapahtumissasi jo t\u00e4n\u00e4\u00e4n!<\/p>","protected":false},"excerpt":{"rendered":"<div>NFC Reader Writer -tuki Apple Payn ja Google VAS:n kautta, VAS:n kautta<strong>\u00a0Apple ja Google VAS (lis\u00e4arvopalvelu) <\/strong> Alan j\u00e4ttil\u00e4isten Applen ja Googlen protokollien avulla t\u00e4m\u00e4 laite tasoittaa tiet\u00e4 vallankumoukselliselle korttittomalle toiminnalle tukemalla laajaa valikoimaa digitaalisia passeja, mukaan lukien, mutta ei niihin rajoittuen, kanta-asiakasj\u00e4rjestelm\u00e4t, p\u00e4\u00e4syliput ja henkil\u00f6llisyystodistukset yritys- tai koulutusymp\u00e4rist\u00f6iss\u00e4 iOS:ss\u00e4. ja Android-laitteet.<\/div>\n<div><\/div>","protected":false},"featured_media":2731,"template":"","meta":[],"product_brand":[],"product_cat":[45,40],"product_tag":[],"class_list":{"0":"post-2732","1":"product","2":"type-product","3":"status-publish","4":"has-post-thumbnail","6":"product_cat-contactless-nfc-reader","7":"product_cat-rfid-nfc-reader","9":"first","10":"instock","11":"shipping-taxable","12":"product-type-simple"},"_links":{"self":[{"href":"https:\/\/nfc-readers.com\/fi\/wp-json\/wp\/v2\/product\/2732","targetHints":{"allow":["GET"]}}],"collection":[{"href":"https:\/\/nfc-readers.com\/fi\/wp-json\/wp\/v2\/product"}],"about":[{"href":"https:\/\/nfc-readers.com\/fi\/wp-json\/wp\/v2\/types\/product"}],"wp:featuredmedia":[{"embeddable":true,"href":"https:\/\/nfc-readers.com\/fi\/wp-json\/wp\/v2\/media\/2731"}],"wp:attachment":[{"href":"https:\/\/nfc-readers.com\/fi\/wp-json\/wp\/v2\/media?parent=2732"}],"wp:term":[{"taxonomy":"product_brand","embeddable":true,"href":"https:\/\/nfc-readers.com\/fi\/wp-json\/wp\/v2\/product_brand?post=2732"},{"taxonomy":"product_cat","embeddable":true,"href":"https:\/\/nfc-readers.com\/fi\/wp-json\/wp\/v2\/product_cat?post=2732"},{"taxonomy":"product_tag","embeddable":true,"href":"https:\/\/nfc-readers.com\/fi\/wp-json\/wp\/v2\/product_tag?post=2732"}],"curies":[{"name":"wp","href":"https:\/\/api.w.org\/{rel}","templated":true}]}}