{"id":2740,"date":"2024-06-11T01:53:04","date_gmt":"2024-06-11T01:53:04","guid":{"rendered":"https:\/\/nfc-readers.com\/?post_type=product&#038;p=2740"},"modified":"2024-09-24T02:48:08","modified_gmt":"2024-09-24T02:48:08","slug":"acr123u-nfc-lcd-contactless-reader-writer","status":"publish","type":"product","link":"https:\/\/nfc-readers.com\/fi\/ic-reader\/acr123u-nfc-lcd-contactless-reader-writer\/","title":{"rendered":"ACR123U NFC LCD kontaktiton Reader Writer"},"content":{"rendered":"<h1>ACR123U NFC LCD kontaktiton Reader Writer<\/h1>\n<p>ACR123U, ACR123S:n USB-versio, toimii edullisena, joustavana ja \u00e4lykk\u00e4\u00e4n\u00e4 kontaktittomana lukijana. Se voidaan liitt\u00e4\u00e4 saumattomasti olemassa oleviin kassaj\u00e4rjestelmiin (POS) tai kassakoneisiin, jolloin ne voidaan muuttaa k\u00e4teisvapaiksi maksup\u00e4\u00e4tteiksi. ACR123U:n k\u00e4ytt\u00f6\u00f6notto nopeuttaa maksuprosessia, koska sen avulla asiakkaat voivat viimeistell\u00e4 maksunsa yksinkertaisesti napauttamalla korttiaan. T\u00e4m\u00e4 kontaktiton lukulaite on tehokas ratkaisu maksuj\u00e4rjestelmien tehostamiseen.<\/p>\n<ul>\n<li>\n<h2>USB-liit\u00e4nt\u00e4 tiedonsiirtoon ja virtal\u00e4hteeseen<\/h2>\n<\/li>\n<li>\n<h2>ARM 32-bittinen CortexTM-M3-prosessori<\/h2>\n<\/li>\n<li>\n<h2>\u00c4lykortinlukija:<\/h2>\n<ul>\n<li>\n<h3>Luku\/kirjoitusnopeus jopa 848 kbps<\/h3>\n<\/li>\n<li>\n<h3>Sis\u00e4\u00e4nrakennettu antenni kosketuksettomaan korttik\u00e4ytt\u00f6\u00f6n, kortin lukuet\u00e4isyys jopa 50 mm (tunnistetyypist\u00e4 riippuen)<\/h3>\n<\/li>\n<li>\n<h3>Tuki ISO 14443 Part 4 Type A- ja B -korteille ja MIFARE-sarjalle<\/h3>\n<\/li>\n<li>\n<h3>Sis\u00e4\u00e4nrakennettu t\u00f6rm\u00e4yksenestoominaisuus<\/h3>\n<\/li>\n<li>\n<h3>Kolme ISO 7816 -yhteensopivaa SAM-paikkaa<\/h3>\n<\/li>\n<\/ul>\n<\/li>\n<li>\n<h2>Sis\u00e4\u00e4nrakennetut oheislaitteet:<\/h2>\n<ul>\n<li>\n<h3>16 aakkosnumeerista merkki\u00e4 x 8 rivi\u00e4 Graafinen LCD (128 x 64 pikseli\u00e4)<\/h3>\n<\/li>\n<li>\n<h3>Nelj\u00e4 k\u00e4ytt\u00e4j\u00e4n ohjattavaa LEDi\u00e4 (sininen, keltainen, vihre\u00e4 ja punainen)<\/h3>\n<\/li>\n<li>\n<h3>K\u00e4ytt\u00e4j\u00e4n ohjattavissa oleva napautusalueen taustavalo (punainen, vihre\u00e4 ja sininen)<\/h3>\n<\/li>\n<li>\n<h3>K\u00e4ytt\u00e4j\u00e4n ohjattava kaiutin (\u00e4\u00e4ni\u00e4\u00e4nen ilmaisin)<\/h3>\n<\/li>\n<\/ul>\n<\/li>\n<\/ul>\n<table style=\"height: 1395px;\" width=\"611\">\n<tbody>\n<tr>\n<td colspan=\"2\" width=\"511\">Fyysiset ominaisuudet<\/td>\n<\/tr>\n<tr>\n<td rowspan=\"2\" width=\"215\">Mitat (mm)<\/td>\n<td width=\"296\">Runko: 159,0 mm (P) x 100,0 mm (L) x 21,0 mm (K)<\/td>\n<\/tr>\n<tr>\n<td width=\"296\">Jalustalla: 177,4 mm (P) x 100,0 mm (L) x 94,5 mm (K)<\/td>\n<\/tr>\n<tr>\n<td rowspan=\"2\" width=\"215\">Paino (g)<\/td>\n<td width=\"296\">P\u00e4\u00e4runko: 281 g<\/td>\n<\/tr>\n<tr>\n<td width=\"296\">Jalustalla: 506 g<\/td>\n<\/tr>\n<tr>\n<td colspan=\"2\" width=\"511\">USB-liit\u00e4nt\u00e4<\/td>\n<\/tr>\n<tr>\n<td width=\"215\">p\u00f6yt\u00e4kirja<\/td>\n<td width=\"296\">USB CCID<\/td>\n<\/tr>\n<tr>\n<td width=\"215\">Liittimen tyyppi<\/td>\n<td width=\"296\">Vakiotyyppi A<\/td>\n<\/tr>\n<tr>\n<td width=\"215\">Virtal\u00e4hde<\/td>\n<td width=\"296\">USB-portista<\/td>\n<\/tr>\n<tr>\n<td width=\"215\">Nopeus<\/td>\n<td width=\"296\">USB t\u00e4ysi nopeus (12 Mbps)<\/td>\n<\/tr>\n<tr>\n<td width=\"215\">Kaapelin pituus<\/td>\n<td width=\"296\">1,5 m, kiinte\u00e4<\/td>\n<\/tr>\n<tr>\n<td colspan=\"2\" width=\"511\">Kontaktiton \u00e4lykorttiliit\u00e4nt\u00e4<\/td>\n<\/tr>\n<tr>\n<td width=\"215\">Vakio<\/td>\n<td width=\"296\">ISO 14443 A &amp; B osat 1\u20134<\/td>\n<\/tr>\n<tr>\n<td rowspan=\"2\" width=\"215\">p\u00f6yt\u00e4kirja<\/td>\n<td width=\"296\">ISO 14443-4 -yhteensopiva kortti, T=CL<\/td>\n<\/tr>\n<tr>\n<td width=\"296\">MIFARE\u00ae Classic Card, T=CL<\/td>\n<\/tr>\n<tr>\n<td colspan=\"2\" width=\"511\">SAM-kortin k\u00e4ytt\u00f6liittym\u00e4<\/td>\n<\/tr>\n<tr>\n<td width=\"215\">Slottien m\u00e4\u00e4r\u00e4<\/td>\n<td width=\"296\">3 tavallista SIM-kokoista korttipaikkaa<\/td>\n<\/tr>\n<tr>\n<td width=\"215\">Vakio<\/td>\n<td width=\"296\">ISO 7816 luokka A, B, C (5 V, 3 V, 1,8 V)<\/td>\n<\/tr>\n<tr>\n<td width=\"215\">p\u00f6yt\u00e4kirja<\/td>\n<td width=\"296\">T = 0; T = 1<\/td>\n<\/tr>\n<tr>\n<td colspan=\"2\" width=\"511\">Sis\u00e4\u00e4nrakennetut oheislaitteet<\/td>\n<\/tr>\n<tr>\n<td rowspan=\"3\" width=\"215\">LCD<\/td>\n<td width=\"296\">Graafinen LCD-n\u00e4ytt\u00f6 valkoisella taustavalolla<\/td>\n<\/tr>\n<tr>\n<td width=\"296\">Resoluutio: 128 x 64 pikseli\u00e4<\/td>\n<\/tr>\n<tr>\n<td width=\"296\">Merkkien m\u00e4\u00e4r\u00e4: 16 merkki\u00e4 x 8 rivi\u00e4<\/td>\n<\/tr>\n<tr>\n<td width=\"215\">LED<\/td>\n<td width=\"296\">4 yksiv\u00e4rist\u00e4: sininen, keltainen, vihre\u00e4 ja punainen<\/td>\n<\/tr>\n<tr>\n<td width=\"215\">Napauttamalla alue<\/td>\n<td width=\"296\">Kolmiv\u00e4rinen taustavalo: punainen, vihre\u00e4 ja sininen<\/td>\n<\/tr>\n<tr>\n<td width=\"215\">Kaiutin<\/td>\n<td width=\"296\">\u00c4\u00e4ni\u00e4\u00e4nen ilmaisu<\/td>\n<\/tr>\n<tr>\n<td colspan=\"2\" width=\"511\">Muut ominaisuudet<\/td>\n<\/tr>\n<tr>\n<td width=\"215\">Turvallisuus<\/td>\n<td width=\"296\">Peukalointikytkin (sis\u00e4inen tunkeutumisenestotunnistus ja suojaus)<\/td>\n<\/tr>\n<tr>\n<td width=\"215\">Laiteohjelmiston p\u00e4ivitys<\/td>\n<td width=\"296\">Tuettu<\/td>\n<\/tr>\n<tr>\n<td width=\"215\">Reaaliaikainen kello<\/td>\n<td width=\"296\">Tuettu<\/td>\n<\/tr>\n<tr>\n<td colspan=\"2\" width=\"511\">Sertifikaatit\/vaatimustenmukaisuus<\/td>\n<\/tr>\n<tr>\n<td rowspan=\"12\" width=\"215\">Sertifikaatit\/vaatimustenmukaisuus<\/td>\n<td width=\"296\">ISO 14443<\/td>\n<\/tr>\n<tr>\n<td width=\"296\">ISO 7816 (SAM-paikka)<\/td>\n<\/tr>\n<tr>\n<td width=\"296\">USB t\u00e4ysi nopeus<\/td>\n<\/tr>\n<tr>\n<td width=\"296\">PC\/SC<\/td>\n<\/tr>\n<tr>\n<td width=\"296\">CCID<\/td>\n<\/tr>\n<tr>\n<td width=\"296\">VCCI (Japani)<\/td>\n<\/tr>\n<tr>\n<td width=\"296\">KC (Korea)<\/td>\n<\/tr>\n<tr>\n<td width=\"296\">Microsoft\u00ae WHQL<\/td>\n<\/tr>\n<tr>\n<td width=\"296\">CE<\/td>\n<\/tr>\n<tr>\n<td width=\"296\">FCC<\/td>\n<\/tr>\n<tr>\n<td width=\"296\">RoHS 2<\/td>\n<\/tr>\n<tr>\n<td width=\"296\">SAAVUTTAA<\/td>\n<\/tr>\n<tr>\n<td colspan=\"2\" width=\"511\">Laiteohjaimen k\u00e4ytt\u00f6j\u00e4rjestelm\u00e4n tuki<\/td>\n<\/tr>\n<tr>\n<td rowspan=\"4\" width=\"215\">Laiteohjaimen k\u00e4ytt\u00f6j\u00e4rjestelm\u00e4n tuki<\/td>\n<td width=\"296\">Windows\u00ae CE<\/td>\n<\/tr>\n<tr>\n<td width=\"296\">Windows\u00ae<\/td>\n<\/tr>\n<tr>\n<td width=\"296\">Linux\u00ae<\/td>\n<\/tr>\n<tr>\n<td width=\"296\">Solaris<\/td>\n<\/tr>\n<\/tbody>\n<\/table>","protected":false},"excerpt":{"rendered":"<div class=\"auto-hide-last-sibling-br paragraph_1252f paragraph-element\">\n<div class=\"auto-hide-last-sibling-br paragraph_1252f paragraph-element\">ACR123U, edullinen LCD-USB-lukija k\u00e4teisett\u00f6miin maksuihin, parantaa kassan tehokkuutta intuitiivisella suunnittelulla ja yhteensopivuuden ISO 14443-4 -korttien kanssa.<\/div>\n<\/div>","protected":false},"featured_media":2741,"template":"","meta":[],"product_brand":[],"product_cat":[45],"product_tag":[],"class_list":{"0":"post-2740","1":"product","2":"type-product","3":"status-publish","4":"has-post-thumbnail","6":"product_cat-contactless-nfc-reader","8":"first","9":"instock","10":"shipping-taxable","11":"product-type-simple"},"_links":{"self":[{"href":"https:\/\/nfc-readers.com\/fi\/wp-json\/wp\/v2\/product\/2740","targetHints":{"allow":["GET"]}}],"collection":[{"href":"https:\/\/nfc-readers.com\/fi\/wp-json\/wp\/v2\/product"}],"about":[{"href":"https:\/\/nfc-readers.com\/fi\/wp-json\/wp\/v2\/types\/product"}],"wp:featuredmedia":[{"embeddable":true,"href":"https:\/\/nfc-readers.com\/fi\/wp-json\/wp\/v2\/media\/2741"}],"wp:attachment":[{"href":"https:\/\/nfc-readers.com\/fi\/wp-json\/wp\/v2\/media?parent=2740"}],"wp:term":[{"taxonomy":"product_brand","embeddable":true,"href":"https:\/\/nfc-readers.com\/fi\/wp-json\/wp\/v2\/product_brand?post=2740"},{"taxonomy":"product_cat","embeddable":true,"href":"https:\/\/nfc-readers.com\/fi\/wp-json\/wp\/v2\/product_cat?post=2740"},{"taxonomy":"product_tag","embeddable":true,"href":"https:\/\/nfc-readers.com\/fi\/wp-json\/wp\/v2\/product_tag?post=2740"}],"curies":[{"name":"wp","href":"https:\/\/api.w.org\/{rel}","templated":true}]}}