{"id":2744,"date":"2024-06-11T02:10:05","date_gmt":"2024-06-11T02:10:05","guid":{"rendered":"https:\/\/nfc-readers.com\/?post_type=product&#038;p=2744"},"modified":"2024-09-23T08:58:36","modified_gmt":"2024-09-23T08:58:36","slug":"acr123s-rs232-nfc-lcd-contactless-reader-writer","status":"publish","type":"product","link":"https:\/\/nfc-readers.com\/fi\/ic-reader\/acr123s-rs232-nfc-lcd-contactless-reader-writer\/","title":{"rendered":"ACR123S RS232 NFC LCD kontaktiton Reader Writer"},"content":{"rendered":"<h1>ACR123S RS232 NFC LCD kontaktiton Reader Writer<\/h1>\n<div><\/div>\n<div class=\"auto-hide-last-sibling-br paragraph_1252f paragraph-element\">Kontaktittoman teknologian nousu muokkaa kuluttajien ostok\u00e4ytt\u00e4ytymist\u00e4 ymp\u00e4ri maailmaa ja lis\u00e4\u00e4 tarvetta kest\u00e4v\u00e4lle ratkaisulle, joka tukee l\u00e4himaksusovelluksia. ACR123S on erityisesti kehitetty vastaamaan t\u00e4h\u00e4n kasvavaan kysynt\u00e4\u00e4n.<\/div>\n<div class=\"auto-hide-last-sibling-br paragraph_1252f paragraph-element\">ACR123S Intelligent Contactless Reader on taloudellinen, monipuolinen ja \u00e4lyk\u00e4s kontaktiton lukija, joka voidaan integroida vaivattomasti olemassa oleviin POS (Point-of-Sale) -j\u00e4rjestelmiin tai kassakoneisiin, mik\u00e4 tarjoaa k\u00e4teisvapaan maksuj\u00e4rjestelm\u00e4n edut. Se on rakennettu 13,56 MHz kontaktittomaan (RFID) tekniikkaan, ja se on yhteensopiva kaikkien ISO 14443-4 -standardin mukaisten kontaktittomien korttien kanssa.<\/div>\n<div>\n<ul>\n<li>\n<h2>RS232-sarjaliit\u00e4nt\u00e4 RJ45-liittimell\u00e4<\/h2>\n<\/li>\n<li>\n<h2>USB-liit\u00e4nt\u00e4 virtal\u00e4hteelle<\/h2>\n<\/li>\n<li>\n<h2>ARM 32-bittinen CortexTM-M3-prosessori<\/h2>\n<\/li>\n<li>\n<h2>\u00c4lykortinlukija:<\/h2>\n<ul>\n<li>\n<h3>Luku\/kirjoitusnopeus jopa 848 kbps<\/h3>\n<\/li>\n<li>\n<h3>Sis\u00e4\u00e4nrakennettu antenni kosketuksettomaan korttik\u00e4ytt\u00f6\u00f6n, kortin lukuet\u00e4isyys jopa 50 mm (tunnistetyypist\u00e4 riippuen)<\/h3>\n<\/li>\n<li>\n<h3>Tuki ISO 14443 Part 4 Type A- ja B -korteille ja MIFARE-sarjalle<\/h3>\n<\/li>\n<li>\n<h3>Sis\u00e4\u00e4nrakennettu t\u00f6rm\u00e4yksenestoominaisuus<\/h3>\n<\/li>\n<li>\n<h3>Kolme ISO 7816 -yhteensopivaa SAM-paikkaa<\/h3>\n<\/li>\n<\/ul>\n<\/li>\n<li>\n<h2>Sis\u00e4\u00e4nrakennetut oheislaitteet:<\/h2>\n<ul>\n<li>\n<h3>16 aakkosnumeerista merkki\u00e4 x 8 rivi\u00e4 Graafinen LCD (128 x 64 pikseli\u00e4)<\/h3>\n<\/li>\n<li>\n<h3>Nelj\u00e4 k\u00e4ytt\u00e4j\u00e4n ohjattavaa LEDi\u00e4 (sininen, keltainen, vihre\u00e4 ja punainen)<\/h3>\n<\/li>\n<li>\n<h3>K\u00e4ytt\u00e4j\u00e4n ohjattavissa oleva napautusalueen taustavalo (punainen, vihre\u00e4 ja sininen)<\/h3>\n<\/li>\n<li>\n<h3>K\u00e4ytt\u00e4j\u00e4n ohjattava kaiutin (\u00e4\u00e4ni\u00e4\u00e4nen ilmaisin)<\/h3>\n<\/li>\n<\/ul>\n<\/li>\n<\/ul>\n<table width=\"514\">\n<tbody>\n<tr>\n<td colspan=\"2\" width=\"514\">Fyysiset ominaisuudet<\/td>\n<\/tr>\n<tr>\n<td rowspan=\"2\" width=\"233\">Mitat (mm)<\/td>\n<td width=\"281\">Runko: 159,0 mm (P) x 100,0 mm (L) x 21,0 mm (K)<\/td>\n<\/tr>\n<tr>\n<td width=\"281\">Jalustalla: 177,4 mm (P) x 100,0 mm (L) x 94,5 mm (K)<\/td>\n<\/tr>\n<tr>\n<td rowspan=\"2\" width=\"233\">Paino (g)<\/td>\n<td width=\"281\">P\u00e4\u00e4runko: 281 g<\/td>\n<\/tr>\n<tr>\n<td width=\"281\">Jalustalla: 506 g<\/td>\n<\/tr>\n<tr>\n<td colspan=\"2\" width=\"514\">Sarjaliit\u00e4nt\u00e4<\/td>\n<\/tr>\n<tr>\n<td width=\"233\">p\u00f6yt\u00e4kirja<\/td>\n<td width=\"281\">RS-232<\/td>\n<\/tr>\n<tr>\n<td width=\"233\">Liittimen tyyppi<\/td>\n<td width=\"281\">RJ45 liitin<\/td>\n<\/tr>\n<tr>\n<td width=\"233\">Virtal\u00e4hde<\/td>\n<td width=\"281\">USB-portista<\/td>\n<\/tr>\n<tr>\n<td width=\"233\">Kaapelin pituus<\/td>\n<td width=\"281\">1,5 m, kiinte\u00e4 (RJ45 + USB)<\/td>\n<\/tr>\n<tr>\n<td colspan=\"2\" width=\"514\">Kontaktiton \u00e4lykorttiliit\u00e4nt\u00e4<\/td>\n<\/tr>\n<tr>\n<td width=\"233\">Vakio<\/td>\n<td width=\"281\">ISO 14443 A &amp; B osat 1\u20134<\/td>\n<\/tr>\n<tr>\n<td rowspan=\"2\" width=\"233\">p\u00f6yt\u00e4kirja<\/td>\n<td width=\"281\">ISO 14443-4 -yhteensopiva kortti, T=CL<\/td>\n<\/tr>\n<tr>\n<td width=\"281\">MIFARE\u00ae Classic Card, T=CL<\/td>\n<\/tr>\n<tr>\n<td colspan=\"2\" width=\"514\">SAM-kortin k\u00e4ytt\u00f6liittym\u00e4<\/td>\n<\/tr>\n<tr>\n<td width=\"233\">Slottien m\u00e4\u00e4r\u00e4<\/td>\n<td width=\"281\">3 tavallista SIM-kokoista korttipaikkaa<\/td>\n<\/tr>\n<tr>\n<td width=\"233\">Vakio<\/td>\n<td width=\"281\">ISO 7816 luokka A, B, C (5 V, 3 V, 1,8 V)<\/td>\n<\/tr>\n<tr>\n<td width=\"233\">p\u00f6yt\u00e4kirja<\/td>\n<td width=\"281\">T = 0; T = 1<\/td>\n<\/tr>\n<tr>\n<td colspan=\"2\" width=\"514\">Sis\u00e4\u00e4nrakennetut oheislaitteet<\/td>\n<\/tr>\n<tr>\n<td rowspan=\"3\" width=\"233\">LCD<\/td>\n<td width=\"281\">Graafinen LCD-n\u00e4ytt\u00f6 valkoisella taustavalolla<\/td>\n<\/tr>\n<tr>\n<td width=\"281\">Resoluutio: 128 x 64 pikseli\u00e4<\/td>\n<\/tr>\n<tr>\n<td width=\"281\">Merkkien m\u00e4\u00e4r\u00e4: 16 merkki\u00e4 x 8 rivi\u00e4<\/td>\n<\/tr>\n<tr>\n<td width=\"233\">LED<\/td>\n<td width=\"281\">4 yksiv\u00e4rist\u00e4: sininen, keltainen, vihre\u00e4 ja punainen<\/td>\n<\/tr>\n<tr>\n<td width=\"233\">Napauttamalla alue<\/td>\n<td width=\"281\">Kolmiv\u00e4rinen taustavalo: punainen, vihre\u00e4 ja sininen<\/td>\n<\/tr>\n<tr>\n<td width=\"233\">Kaiutin<\/td>\n<td width=\"281\">\u00c4\u00e4ni\u00e4\u00e4nen ilmaisu<\/td>\n<\/tr>\n<tr>\n<td colspan=\"2\" width=\"514\">Muut ominaisuudet<\/td>\n<\/tr>\n<tr>\n<td width=\"233\">Turvallisuus<\/td>\n<td width=\"281\">Peukalointikytkin (sis\u00e4inen tunkeutumisenestotunnistus ja suojaus)<\/td>\n<\/tr>\n<tr>\n<td width=\"233\">Laiteohjelmiston p\u00e4ivitys<\/td>\n<td width=\"281\">Tuettu<\/td>\n<\/tr>\n<tr>\n<td width=\"233\">Reaaliaikainen kello<\/td>\n<td width=\"281\">Tuettu<\/td>\n<\/tr>\n<tr>\n<td colspan=\"2\" width=\"514\">Sertifikaatit\/vaatimustenmukaisuus<\/td>\n<\/tr>\n<tr>\n<td rowspan=\"8\" width=\"233\">Sertifikaatit\/vaatimustenmukaisuus<\/td>\n<td width=\"281\">ISO 14443<\/td>\n<\/tr>\n<tr>\n<td width=\"281\">ISO 7816 (SAM-paikka)<\/td>\n<\/tr>\n<tr>\n<td width=\"281\">VCCI (Japani)<\/td>\n<\/tr>\n<tr>\n<td width=\"281\">KC (Korea)<\/td>\n<\/tr>\n<tr>\n<td width=\"281\">CE<\/td>\n<\/tr>\n<tr>\n<td width=\"281\">FCC<\/td>\n<\/tr>\n<tr>\n<td width=\"281\">RoHS 2<\/td>\n<\/tr>\n<tr>\n<td width=\"281\">SAAVUTTAA<\/td>\n<\/tr>\n<tr>\n<td colspan=\"2\" width=\"514\">Laiteohjaimen k\u00e4ytt\u00f6j\u00e4rjestelm\u00e4n tuki<\/td>\n<\/tr>\n<tr>\n<td rowspan=\"3\" width=\"233\">Laiteohjaimen k\u00e4ytt\u00f6j\u00e4rjestelm\u00e4n tuki<\/td>\n<td width=\"281\">Windows\u00ae CE<\/td>\n<\/tr>\n<tr>\n<td width=\"281\">Windows\u00ae<\/td>\n<\/tr>\n<tr>\n<td width=\"281\">Linux\u00ae<\/td>\n<\/tr>\n<\/tbody>\n<\/table>\n<\/div>","protected":false},"excerpt":{"rendered":"<div class=\"auto-hide-last-sibling-br paragraph_1252f paragraph-element\">ACR123S on innovatiivinen LCD-USB 13,56 MHz:n RFID-lukija, joka parantaa POS-j\u00e4rjestelmi\u00e4 saumattomilla kontaktittomilla maksuominaisuuksilla ja tekee kassalle sujuvamman.<\/div>","protected":false},"featured_media":2745,"template":"","meta":[],"product_brand":[],"product_cat":[45],"product_tag":[],"class_list":{"0":"post-2744","1":"product","2":"type-product","3":"status-publish","4":"has-post-thumbnail","6":"product_cat-contactless-nfc-reader","8":"first","9":"instock","10":"shipping-taxable","11":"product-type-simple"},"_links":{"self":[{"href":"https:\/\/nfc-readers.com\/fi\/wp-json\/wp\/v2\/product\/2744","targetHints":{"allow":["GET"]}}],"collection":[{"href":"https:\/\/nfc-readers.com\/fi\/wp-json\/wp\/v2\/product"}],"about":[{"href":"https:\/\/nfc-readers.com\/fi\/wp-json\/wp\/v2\/types\/product"}],"wp:featuredmedia":[{"embeddable":true,"href":"https:\/\/nfc-readers.com\/fi\/wp-json\/wp\/v2\/media\/2745"}],"wp:attachment":[{"href":"https:\/\/nfc-readers.com\/fi\/wp-json\/wp\/v2\/media?parent=2744"}],"wp:term":[{"taxonomy":"product_brand","embeddable":true,"href":"https:\/\/nfc-readers.com\/fi\/wp-json\/wp\/v2\/product_brand?post=2744"},{"taxonomy":"product_cat","embeddable":true,"href":"https:\/\/nfc-readers.com\/fi\/wp-json\/wp\/v2\/product_cat?post=2744"},{"taxonomy":"product_tag","embeddable":true,"href":"https:\/\/nfc-readers.com\/fi\/wp-json\/wp\/v2\/product_tag?post=2744"}],"curies":[{"name":"wp","href":"https:\/\/api.w.org\/{rel}","templated":true}]}}