{"id":2758,"date":"2024-06-11T12:39:26","date_gmt":"2024-06-11T12:39:26","guid":{"rendered":"https:\/\/nfc-readers.com\/?post_type=product&#038;p=2758"},"modified":"2024-09-23T06:23:59","modified_gmt":"2024-09-23T06:23:59","slug":"acm1323s-rs232-contactless-reader-writer","status":"publish","type":"product","link":"https:\/\/nfc-readers.com\/fi\/ic-reader\/acm1323s-rs232-contactless-reader-writer\/","title":{"rendered":"ACM1323S RS232 kontaktiton Reader Writer"},"content":{"rendered":"<h1>ACM1323S RS232 kontaktiton Reader Writer<\/h1>\n<p>ACM1323 on \u00e4lykortinlukijamoduuli, joka perustuu 13,56 MHz kontaktittomaan tekniikkaan. Se ottaa k\u00e4ytt\u00f6\u00f6n sarjaliikenneprotokollan ja tukee valinnaisesti RS232-liit\u00e4nt\u00e4\u00e4 tai UARTTTL-signaaliliit\u00e4nt\u00e4\u00e4. Se tukee luokan A \u00e4lykorttien lukemista ja kirjoittamista, jotka ovat ISO144431 osan 4 mukaisia, mukaan lukien CPU-kortit, MIFARE Classic, Mifare 1K\/4K, Mifare Plus ja DESFire. ACM1323S on todellinen plug and play -laite, jota voidaan k\u00e4ytt\u00e4\u00e4 ilman ohjaimia, ja se on suunniteltu nopeaan integrointiin sulautettuihin j\u00e4rjestelmiin, ja se soveltuu erilaisiin sovellusskenaarioihin, kuten latauspisteisiin, tabletteihin, myyntiautomaatteihin, joukkoliikenteeseen, verkon kulunvalvontaan, l\u00e4sn\u00e4olo ja muut integroidut j\u00e4rjestelm\u00e4t. Se tukee my\u00f6s laiteohjelmiston p\u00e4ivityksi\u00e4 ilman laitteiston lis\u00e4muutoksia.<\/p>\n<table width=\"628\">\n<tbody>\n<tr>\n<td colspan=\"2\" width=\"628\">Fyysiset ominaisuudet<\/td>\n<\/tr>\n<tr>\n<td width=\"335\">Mitat (mm)<\/td>\n<td width=\"293\">73,5 x 40,0 x 4,5<\/td>\n<\/tr>\n<tr>\n<td width=\"335\">Paino (g)<\/td>\n<td width=\"293\">7.2<\/td>\n<\/tr>\n<tr>\n<td colspan=\"2\" width=\"628\">RS232-liit\u00e4nt\u00e4<\/td>\n<\/tr>\n<tr>\n<td width=\"335\">Liittimen tyyppi<\/td>\n<td width=\"293\">RS232 TTL<\/td>\n<\/tr>\n<tr>\n<td width=\"335\">Virtal\u00e4hde<\/td>\n<td width=\"293\">USB-portista<\/td>\n<\/tr>\n<tr>\n<td width=\"335\">Kaapelin pituus<\/td>\n<td width=\"293\">1m, irrotettava (pyynn\u00f6st\u00e4)<\/td>\n<\/tr>\n<tr>\n<td colspan=\"2\" width=\"628\">Kontaktiton \u00e4lykorttiliit\u00e4nt\u00e4<\/td>\n<\/tr>\n<tr>\n<td width=\"335\">Vakio<\/td>\n<td width=\"293\">ISO 14443 Type A -suoritinkortti MIFARE Classic, Mifare 1K\/4K, Mifare Plus ja DESFire<\/td>\n<\/tr>\n<tr>\n<td rowspan=\"2\" width=\"335\">p\u00f6yt\u00e4kirja<\/td>\n<td width=\"293\">ISO 14443-4 -yhteensopiva kortti, T=CL<\/td>\n<\/tr>\n<tr>\n<td width=\"293\">MIFARE\u00ae Classic Card, T=CL<\/td>\n<\/tr>\n<tr>\n<td colspan=\"2\" width=\"628\">Sis\u00e4\u00e4nrakennetut oheislaitteet<\/td>\n<\/tr>\n<tr>\n<td width=\"335\">LED<\/td>\n<td width=\"293\">1 kaksiv\u00e4rinen: sininen ja vihre\u00e4<\/td>\n<\/tr>\n<tr>\n<td colspan=\"2\" width=\"628\">Muut ominaisuudet<\/td>\n<\/tr>\n<tr>\n<td rowspan=\"3\" width=\"335\">Muut ominaisuudet<\/td>\n<td width=\"293\">Tuetut korttityypit:<\/td>\n<\/tr>\n<tr>\n<td width=\"293\">ISO 14443 tyypin A ja B osat 1\u20134,<\/td>\n<\/tr>\n<tr>\n<td width=\"293\">MIFARE Classic\u00ae, MIFARE DESFire\u00ae, MIFARE Ultralight\u00ae, MIFARE Plus\u00ae<\/td>\n<\/tr>\n<tr>\n<td width=\"335\">Laiteohjelmiston p\u00e4ivitys<\/td>\n<td width=\"293\">Tuettu<\/td>\n<\/tr>\n<tr>\n<td colspan=\"2\" width=\"628\">Sertifikaatit\/vaatimustenmukaisuus<\/td>\n<\/tr>\n<tr>\n<td rowspan=\"3\" width=\"335\">Sertifikaatit\/vaatimustenmukaisuus<\/td>\n<td width=\"293\">Sertifikaatit:<\/td>\n<\/tr>\n<tr>\n<td width=\"293\">IEC\/EN 62368, CE, UKCA, FCC, VCCI, RoHS, REACH, WEEE, Microsoft\u00ae WHQL<\/td>\n<\/tr>\n<tr>\n<td width=\"293\">\u00a0 Vaatimustenmukaisuus:<\/td>\n<\/tr>\n<tr>\n<td colspan=\"2\" width=\"628\">Laiteohjaimen k\u00e4ytt\u00f6j\u00e4rjestelm\u00e4n tuki<\/td>\n<\/tr>\n<tr>\n<td width=\"335\">Laiteohjaimen k\u00e4ytt\u00f6j\u00e4rjestelm\u00e4n tuki<\/td>\n<td width=\"293\">Windows\u00ae, Linux\u00ae, macOS, Android\u2122<\/td>\n<\/tr>\n<\/tbody>\n<\/table>","protected":false},"excerpt":{"rendered":"<p>ACM1323 on monipuolinen RFID-kortinlukija, joka toimii erilaisten \u00e4lykorttien kanssa ja integroituu helposti sulautettuihin j\u00e4rjestelmiin.<\/p>","protected":false},"featured_media":2759,"template":"","meta":[],"product_brand":[],"product_cat":[41],"product_tag":[],"class_list":{"0":"post-2758","1":"product","2":"type-product","3":"status-publish","4":"has-post-thumbnail","6":"product_cat-module-ic-reader","8":"first","9":"instock","10":"shipping-taxable","11":"product-type-simple"},"_links":{"self":[{"href":"https:\/\/nfc-readers.com\/fi\/wp-json\/wp\/v2\/product\/2758","targetHints":{"allow":["GET"]}}],"collection":[{"href":"https:\/\/nfc-readers.com\/fi\/wp-json\/wp\/v2\/product"}],"about":[{"href":"https:\/\/nfc-readers.com\/fi\/wp-json\/wp\/v2\/types\/product"}],"wp:featuredmedia":[{"embeddable":true,"href":"https:\/\/nfc-readers.com\/fi\/wp-json\/wp\/v2\/media\/2759"}],"wp:attachment":[{"href":"https:\/\/nfc-readers.com\/fi\/wp-json\/wp\/v2\/media?parent=2758"}],"wp:term":[{"taxonomy":"product_brand","embeddable":true,"href":"https:\/\/nfc-readers.com\/fi\/wp-json\/wp\/v2\/product_brand?post=2758"},{"taxonomy":"product_cat","embeddable":true,"href":"https:\/\/nfc-readers.com\/fi\/wp-json\/wp\/v2\/product_cat?post=2758"},{"taxonomy":"product_tag","embeddable":true,"href":"https:\/\/nfc-readers.com\/fi\/wp-json\/wp\/v2\/product_tag?post=2758"}],"curies":[{"name":"wp","href":"https:\/\/api.w.org\/{rel}","templated":true}]}}