{"id":2765,"date":"2024-06-11T13:24:05","date_gmt":"2024-06-11T13:24:05","guid":{"rendered":"https:\/\/nfc-readers.com\/?post_type=product&#038;p=2765"},"modified":"2024-09-23T06:21:32","modified_gmt":"2024-09-23T06:21:32","slug":"acr1552u-a2-aquaguard-nfc-usb-contactless-reader-writer","status":"publish","type":"product","link":"https:\/\/nfc-readers.com\/fi\/ic-reader\/acr1552u-a2-aquaguard-nfc-usb-contactless-reader-writer\/","title":{"rendered":"ACR1552U-A2 AquaGuard NFC USB kontaktiton Reader Writer"},"content":{"rendered":"<h1>ACR1552U-A2 AquaGuard NFC USB kontaktiton Reader Writer<\/h1>\n<p>ACR1552U-A2 AquaGuard NFC USB Reader on vankka nelj\u00e4nnen sukupolven laite, joka on rakennettu 13,56 MHz kontaktittomaan tekniikkaan. Se toimii kontaktittomien korttien ja laitteiden kanssa, jotka noudattavat standardeja IS0 14443 Type A ja B, ISO 15693 ja ISO 18092. IP67-luokitus tarkoittaa sen poikkeuksellista p\u00f6lyn- ja vedenkest\u00e4vyytt\u00e4, mik\u00e4 takaa keskeytym\u00e4tt\u00f6m\u00e4n toiminnan haastavissakin olosuhteissa. Sek\u00e4 CCID- ett\u00e4 PC\/SC-standardien mukainen ACR1552U-A2 AquaGuard NFC USB Reader tarjoaa nopean tiedonsiirron jopa 848 kbps. Lukijan IP67-sertifioitu kuori sis\u00e4lt\u00e4\u00e4 USB-laiteohjelmiston p\u00e4ivitett\u00e4vi\u00e4 ominaisuuksia, jotka laajentavat sen monipuolisuutta ja kustannustehokkuutta useilla aloilla, mukaan lukien rahoitus, terveydenhuolto ja hallinto. T\u00e4m\u00e4 IP67-luokiteltu NFC-lukija tukee \u00e4lykk\u00e4\u00e4sti kolmea NFC-tilaa: lukija\/kirjoitin, kortin emulointi ja n\u00e4pp\u00e4imist\u00f6emulointi. Sen kest\u00e4vyys ja monipuolisuus tarjoavat laajan valikoiman mahdollisia sovelluksia, kuten s\u00e4hk\u00f6isi\u00e4 maksuja, kulunvalvontaj\u00e4rjestelmi\u00e4 ja kuljetuslippuja. ACR1552U-A2AquaGuard NFC USBReader, jossa on IP67-tuki, on kest\u00e4v\u00e4 ja luotettava valinta NFC-tekniikassa.<\/p>\n<ul>\n<li>\n<h2>USB 2.0 Full Speed -liit\u00e4nt\u00e4<\/h2>\n<\/li>\n<li>\n<h2>CCID-yhteensopivuus<\/h2>\n<\/li>\n<li>\n<h2>Kontaktiton \u00e4lykortinlukija:<\/h2>\n<ul>\n<li>\n<h3>Luku\/kirjoitusnopeus jopa 848 kbps<\/h3>\n<\/li>\n<li>\n<h3>Sis\u00e4\u00e4nrakennettu antenni kontaktittoman tunnisteen k\u00e4sittelyyn, kortin lukuet\u00e4isyys jopa 70 mm (tunnistetyypist\u00e4 riippuen)<\/h3>\n<\/li>\n<li>\n<h3>Tukee ISO 14443 Type A- ja B -kortteja, ISO 15693 -kortteja ja ISO18092 NFC<\/h3>\n<\/li>\n<li>\n<h3>Tukee MIFARE\u00ae (T=CL), FeliCa, NFC-tunnisteet, SRI\/SRIX, CTS, Innovatron, Picopass, Topaz Card<\/h3>\n<\/li>\n<li>\n<h3>Sis\u00e4\u00e4nrakennettu t\u00f6rm\u00e4yksenestoominaisuus<\/h3>\n<\/li>\n<li>\n<h3>Tukee laajennettua APDU:ta (enint\u00e4\u00e4n 64 kilotavua)<\/h3>\n<\/li>\n<li>\n<h3>Yksi ISO7816-yhteensopiva SAM-paikka (luokka A)<\/h3>\n<\/li>\n<li>\n<h3>NFC-tuki<\/h3>\n<ul>\n<li>\u00a0 \u00a0\u00c4lykortinlukija\/kirjoitustila<\/li>\n<li>\u00a0 \u00a0Kortin emulointitila<\/li>\n<li>\u00a0 \u00a0N\u00e4pp\u00e4imist\u00f6n emulointitila<\/li>\n<\/ul>\n<\/li>\n<\/ul>\n<\/li>\n<li>\n<h2>Sovellusohjelmointiliittym\u00e4:<\/h2>\n<ul>\n<li>\n<h3>Tukee PC\/SC:t\u00e4<\/h3>\n<\/li>\n<li>\n<h3>Tukee CT-API:t\u00e4 (PC\/SC:n p\u00e4\u00e4ll\u00e4 olevan k\u00e4\u00e4reen kautta)<\/h3>\n<\/li>\n<\/ul>\n<\/li>\n<li>\n<h2>Oheislaitteet:<\/h2>\n<ul>\n<li>\n<h3>K\u00e4ytt\u00e4j\u00e4n ohjattava kaksiv\u00e4rinen LED (sininen ja vihre\u00e4)<\/h3>\n<\/li>\n<li>\n<h3>K\u00e4ytt\u00e4j\u00e4n ohjattava summeri (yksi\u00e4\u00e4ninen)<\/h3>\n<\/li>\n<li>\n<h3>Yksi SAM-paikka<\/h3>\n<\/li>\n<\/ul>\n<\/li>\n<li>\n<h2>USB-laiteohjelmiston p\u00e4ivitys<\/h2>\n<\/li>\n<\/ul>\n<table width=\"598\">\n<tbody>\n<tr>\n<td colspan=\"2\" width=\"598\">Fyysiset ominaisuudet<\/td>\n<\/tr>\n<tr>\n<td width=\"225\">Mitat (mm)<\/td>\n<td width=\"373\">P\u00e4\u00e4runko: 98 x 65 x 12,8 mm<\/td>\n<\/tr>\n<tr>\n<td width=\"225\">Paino (g)<\/td>\n<td width=\"373\">89 g<\/td>\n<\/tr>\n<tr>\n<td colspan=\"2\" width=\"598\">USB-liit\u00e4nt\u00e4<\/td>\n<\/tr>\n<tr>\n<td width=\"225\">p\u00f6yt\u00e4kirja<\/td>\n<td width=\"373\">USB CCID<\/td>\n<\/tr>\n<tr>\n<td width=\"225\">Liittimen tyyppi<\/td>\n<td width=\"373\">USB Type-A (ACR1552U-A2), USB Type-C (ACR1552U-MF)<\/td>\n<\/tr>\n<tr>\n<td width=\"225\">Virtal\u00e4hde<\/td>\n<td width=\"373\">USB-portista<\/td>\n<\/tr>\n<tr>\n<td width=\"225\">Nopeus<\/td>\n<td width=\"373\">USB t\u00e4ysi nopeus (12 Mbps)<\/td>\n<\/tr>\n<tr>\n<td width=\"225\">Kaapelin pituus<\/td>\n<td width=\"373\">1m, ei irrotettava<\/td>\n<\/tr>\n<tr>\n<td colspan=\"2\" width=\"598\">Kontaktiton \u00e4lykorttiliit\u00e4nt\u00e4<\/td>\n<\/tr>\n<tr>\n<td width=\"225\">Vakio<\/td>\n<td width=\"373\">ISO\/IEC 18092 NFC, ISO 14443 Type A &amp; B, ISO 15693, MIFARE\u00ae, FeliCa<\/td>\n<\/tr>\n<tr>\n<td rowspan=\"5\" width=\"225\">p\u00f6yt\u00e4kirja<\/td>\n<td width=\"373\">ISO 14443-4 -yhteensopiva kortti, T=CL<\/td>\n<\/tr>\n<tr>\n<td width=\"373\">MIFARE\u00ae Classic Card, T=CL<\/td>\n<\/tr>\n<tr>\n<td width=\"373\">ISO 15693<\/td>\n<\/tr>\n<tr>\n<td width=\"373\">ISO 18092 NFC-tunnisteet<\/td>\n<\/tr>\n<tr>\n<td width=\"373\">FeliCa<\/td>\n<\/tr>\n<tr>\n<td colspan=\"2\" width=\"598\">Sis\u00e4\u00e4nrakennetut oheislaitteet<\/td>\n<\/tr>\n<tr>\n<td width=\"225\">LED<\/td>\n<td width=\"373\">1 kaksiv\u00e4rinen: sininen ja vihre\u00e4<\/td>\n<\/tr>\n<tr>\n<td width=\"225\">Summeri<\/td>\n<td width=\"373\">Joo<\/td>\n<\/tr>\n<tr>\n<td colspan=\"2\" width=\"598\">Muut ominaisuudet<\/td>\n<\/tr>\n<tr>\n<td rowspan=\"4\" width=\"225\">Muut ominaisuudet<\/td>\n<td width=\"373\">Tuetut korttityypit:<\/td>\n<\/tr>\n<tr>\n<td width=\"373\">ISO 14443 Type A &amp; B osat 1-4, ISO 15693, ISO 18092 NFC, MIFARE\u00ae, FeliCa, SRI\/SRIX, CTS, Innovatron, Picopass, Topaz Card<\/td>\n<\/tr>\n<tr>\n<td width=\"373\">\u00a0 NFC-ominaisuudet:<\/td>\n<\/tr>\n<tr>\n<td width=\"373\">\u00c4lykortinlukija\/kirjoitin, n\u00e4pp\u00e4imist\u00f6emulointi, korttiemulointi<\/td>\n<\/tr>\n<tr>\n<td width=\"225\">Laiteohjelmiston p\u00e4ivitys<\/td>\n<td width=\"373\">Tuettu<\/td>\n<\/tr>\n<tr>\n<td colspan=\"2\" width=\"598\">Sertifikaatit\/vaatimustenmukaisuus<\/td>\n<\/tr>\n<tr>\n<td rowspan=\"4\" width=\"225\">Sertifikaatit\/vaatimustenmukaisuus<\/td>\n<td width=\"373\">Sertifikaatit:<\/td>\n<\/tr>\n<tr>\n<td width=\"373\">IEC\/EN 62368, CE, UKCA, FCC, VCCI, KC, J-LIS, RoHS, REACH, WEEE, Microsoft\u00ae WHQL, IP67<\/td>\n<\/tr>\n<tr>\n<td width=\"373\">Vaatimustenmukaisuus:<\/td>\n<\/tr>\n<tr>\n<td width=\"373\">USB CCID, PC\/SC<\/td>\n<\/tr>\n<tr>\n<td colspan=\"2\" width=\"598\">Laiteohjaimen k\u00e4ytt\u00f6j\u00e4rjestelm\u00e4n tuki<\/td>\n<\/tr>\n<tr>\n<td width=\"225\">Laiteohjaimen k\u00e4ytt\u00f6j\u00e4rjestelm\u00e4n tuki<\/td>\n<td width=\"373\">Windows\u00ae, Linux\u00ae, macOS, Android\u2122, iOS\/iPadOS (16 tai uudempi)<\/td>\n<\/tr>\n<tr>\n<td><\/td>\n<td><\/td>\n<\/tr>\n<\/tbody>\n<\/table>","protected":false},"excerpt":{"rendered":"<p>ACR1552U-A2 AquaGuard NFC USB UID -kortinlukija on kest\u00e4v\u00e4 laite, joka on suunniteltu luotettavaan suorituskykyyn haastavissa ymp\u00e4rist\u00f6iss\u00e4.<\/p>","protected":false},"featured_media":2770,"template":"","meta":[],"product_brand":[],"product_cat":[45,40],"product_tag":[],"class_list":{"0":"post-2765","1":"product","2":"type-product","3":"status-publish","4":"has-post-thumbnail","6":"product_cat-contactless-nfc-reader","7":"product_cat-rfid-nfc-reader","9":"first","10":"instock","11":"shipping-taxable","12":"product-type-simple"},"_links":{"self":[{"href":"https:\/\/nfc-readers.com\/fi\/wp-json\/wp\/v2\/product\/2765","targetHints":{"allow":["GET"]}}],"collection":[{"href":"https:\/\/nfc-readers.com\/fi\/wp-json\/wp\/v2\/product"}],"about":[{"href":"https:\/\/nfc-readers.com\/fi\/wp-json\/wp\/v2\/types\/product"}],"wp:featuredmedia":[{"embeddable":true,"href":"https:\/\/nfc-readers.com\/fi\/wp-json\/wp\/v2\/media\/2770"}],"wp:attachment":[{"href":"https:\/\/nfc-readers.com\/fi\/wp-json\/wp\/v2\/media?parent=2765"}],"wp:term":[{"taxonomy":"product_brand","embeddable":true,"href":"https:\/\/nfc-readers.com\/fi\/wp-json\/wp\/v2\/product_brand?post=2765"},{"taxonomy":"product_cat","embeddable":true,"href":"https:\/\/nfc-readers.com\/fi\/wp-json\/wp\/v2\/product_cat?post=2765"},{"taxonomy":"product_tag","embeddable":true,"href":"https:\/\/nfc-readers.com\/fi\/wp-json\/wp\/v2\/product_tag?post=2765"}],"curies":[{"name":"wp","href":"https:\/\/api.w.org\/{rel}","templated":true}]}}