{"id":2773,"date":"2024-06-11T14:17:35","date_gmt":"2024-06-11T14:17:35","guid":{"rendered":"https:\/\/nfc-readers.com\/?post_type=product&#038;p=2773"},"modified":"2024-09-23T06:15:02","modified_gmt":"2024-09-23T06:15:02","slug":"acr1555u-a1-bluetooth-nfc-usb-contactless-reader-writer","status":"publish","type":"product","link":"https:\/\/nfc-readers.com\/fi\/ic-reader\/acr1555u-a1-bluetooth-nfc-usb-contactless-reader-writer\/","title":{"rendered":"ACR1555U-A1 Bluetooth NFC USB kontaktiton Reader Writer"},"content":{"rendered":"<h1>ACR1555U-A1 Bluetooth NFC USB kontaktiton Reader Writer<\/h1>\n<div class=\"auto-hide-last-sibling-br paragraph_1252f paragraph-element\">ACR1555U-A1 NFC Bluetooth\u00ae Reader on yhteensopiva ISO 14443 osien 1-4 ja ISO 18092 -standardien kanssa ja tukee laajaa valikoimaa kontaktittomia kortteja, mukaan lukien MIFARE-kortit, FeliCa\u2122-kortit, ISO 7816 Class A, B ja C (5V, 3V ja 1,8V) SAM-kortit ja NFC-tunnisteet. Lukija tukee Bluetooth Standard 5.2 -standardia yksitilassa, ja se on my\u00f6s USB Type-C -laite, joka varmistaa yhteensopivuuden eri k\u00e4ytt\u00f6j\u00e4rjestelmien, kuten iOS, Android\u2122, Linux ja Windows kanssa. Virtaa varten ACR1555U on varustettu 450 mAh 3.7:ll\u00e4 V Li-ion akku. Siin\u00e4 on 3 LED-valoa ja summeri, jotka osoittavat laitteen toimintatilan, sek\u00e4 2 painiketta akun, laitteen tilan ja Bluetooth-tilan ohjaamiseen. T\u00e4m\u00e4 tekee ACR1555U:sta monipuolisen ja k\u00e4ytt\u00e4j\u00e4yst\u00e4v\u00e4llisen NFC Bluetooth\u00ae -lukijan, joka sopii useisiin sovelluksiin.<\/div>\n<table width=\"641\">\n<tbody>\n<tr>\n<td colspan=\"2\" width=\"641\">Fyysiset ominaisuudet<\/td>\n<\/tr>\n<tr>\n<td width=\"210\">Mitat (mm)<\/td>\n<td width=\"431\">93 mm (P) x 58 mm (L) x 6,0 mm (K)<\/td>\n<\/tr>\n<tr>\n<td width=\"210\"><\/td>\n<td width=\"431\">94 mm (P) x 60,2 mm (L) x 9,0 mm (K) (korttipidikkeen kanssa)<\/td>\n<\/tr>\n<tr>\n<td width=\"210\">Paino (g)<\/td>\n<td width=\"431\">31,0 g (kortinlukija)<\/td>\n<\/tr>\n<tr>\n<td width=\"210\"><\/td>\n<td width=\"431\">39,0 g (korttitelineen kanssa)<\/td>\n<\/tr>\n<tr>\n<td colspan=\"2\" width=\"641\">Bluetooth-liit\u00e4nt\u00e4<\/td>\n<\/tr>\n<tr>\n<td width=\"210\">p\u00f6yt\u00e4kirja<\/td>\n<td width=\"431\">Bluetooth\u00ae (Bluetooth 5.2)<\/td>\n<\/tr>\n<tr>\n<td width=\"210\">Virtal\u00e4hde<\/td>\n<td width=\"431\">Ladattava litiumioniakku (lataus USB:n kautta)<\/td>\n<\/tr>\n<tr>\n<td colspan=\"2\" width=\"641\">USB-liit\u00e4nt\u00e4<\/td>\n<\/tr>\n<tr>\n<td width=\"210\">p\u00f6yt\u00e4kirja<\/td>\n<td width=\"431\">USB CCID<\/td>\n<\/tr>\n<tr>\n<td width=\"210\">Liittimen tyyppi<\/td>\n<td width=\"431\">USB-TYYPPI C<\/td>\n<\/tr>\n<tr>\n<td width=\"210\">Virtal\u00e4hde<\/td>\n<td width=\"431\">USB-portista<\/td>\n<\/tr>\n<tr>\n<td width=\"210\">Nopeus<\/td>\n<td width=\"431\">USB t\u00e4ysi nopeus (12 Mbps)<\/td>\n<\/tr>\n<tr>\n<td width=\"210\">Kaapelin pituus<\/td>\n<td width=\"431\">1 m, irrotettava<\/td>\n<\/tr>\n<tr>\n<td colspan=\"2\" width=\"641\">Kontaktiton \u00e4lykorttiliit\u00e4nt\u00e4<\/td>\n<\/tr>\n<tr>\n<td width=\"210\">Vakio<\/td>\n<td width=\"431\">ISO\/IEC 18092 NFC, ISO15693, ISO 14443 Tyyppi A &amp; B, MIFARE, FeliCa<\/td>\n<\/tr>\n<tr>\n<td width=\"210\">p\u00f6yt\u00e4kirja<\/td>\n<td width=\"431\">ISO 14443-4 -yhteensopiva kortti, T=CL<br \/>\nMIFARE Classic Card, T=CL<br \/>\nISO 18092, NFC-tunnisteet<br \/>\nFeliCa<\/td>\n<\/tr>\n<tr>\n<td colspan=\"2\" width=\"641\">Sis\u00e4\u00e4nrakennetut oheislaitteet<\/td>\n<\/tr>\n<tr>\n<td width=\"210\">LED<\/td>\n<td width=\"431\">2 Bi-v\u00e4ri\u00e4: punainen ja sininen, punainen ja vihre\u00e4<\/td>\n<\/tr>\n<tr>\n<td width=\"210\">Tukee erilaisia NFC-ominaisuuksia<\/td>\n<td width=\"431\"><\/td>\n<\/tr>\n<tr>\n<td width=\"210\"><\/td>\n<td width=\"431\">Kortinlukija\/kirjoitustila<\/td>\n<\/tr>\n<tr>\n<td width=\"210\"><\/td>\n<td width=\"431\">Kortin emulointitila<\/td>\n<\/tr>\n<tr>\n<td width=\"210\"><\/td>\n<td width=\"431\">Tuki n\u00e4pp\u00e4imist\u00f6n emulointitilaa<\/td>\n<\/tr>\n<tr>\n<td colspan=\"2\" width=\"641\">Muut ominaisuudet<\/td>\n<\/tr>\n<tr>\n<td width=\"210\">Salaus<\/td>\n<td width=\"431\">Laitteen sis\u00e4inen AES 128 -salausalgoritmi<\/td>\n<\/tr>\n<tr>\n<td width=\"210\">Laiteohjelmiston p\u00e4ivitys<\/td>\n<td width=\"431\">Tuettu<\/td>\n<\/tr>\n<tr>\n<td colspan=\"2\" width=\"641\">Sertifikaatit\/vaatimustenmukaisuus<\/td>\n<\/tr>\n<tr>\n<td rowspan=\"14\" width=\"210\">Sertifikaatit\/vaatimustenmukaisuus<\/td>\n<td>EN \/IEC 62368<\/td>\n<\/tr>\n<tr>\n<td>ISO 18092<\/td>\n<\/tr>\n<tr>\n<td>ISO 14443<\/td>\n<\/tr>\n<tr>\n<td>ISO 15693<\/td>\n<\/tr>\n<tr>\n<td>Bluetooth\u00aeBQB<\/td>\n<\/tr>\n<tr>\n<td>KCC<\/td>\n<\/tr>\n<tr>\n<td>UKCA<\/td>\n<\/tr>\n<tr>\n<td>CE<\/td>\n<\/tr>\n<tr>\n<td>FCC<\/td>\n<\/tr>\n<tr>\n<td>RoHS<\/td>\n<\/tr>\n<tr>\n<td>SAAVUTTAA<\/td>\n<\/tr>\n<tr>\n<td>TELEC (Japani)<\/td>\n<\/tr>\n<tr>\n<td>VCCI<\/td>\n<\/tr>\n<tr>\n<td>Microsoft\u00ae WHQL<\/td>\n<\/tr>\n<tr>\n<td colspan=\"2\" width=\"641\">Laiteohjaimen k\u00e4ytt\u00f6j\u00e4rjestelm\u00e4n tuki<\/td>\n<\/tr>\n<tr>\n<td rowspan=\"5\" width=\"210\">Laiteohjaimen k\u00e4ytt\u00f6j\u00e4rjestelm\u00e4n tuki<\/td>\n<td width=\"431\">Windows\u00ae<\/td>\n<\/tr>\n<tr>\n<td width=\"431\">Linux\u00ae<\/td>\n<\/tr>\n<tr>\n<td width=\"431\">MAC OS\u00ae 10.7 ja uudemmat<\/td>\n<\/tr>\n<tr>\n<td width=\"431\">Android\u2122 4.3 ja uudemmat<\/td>\n<\/tr>\n<tr>\n<td width=\"431\">iOS 8.0 ja uudemmat<\/td>\n<\/tr>\n<\/tbody>\n<\/table>\n<p>&nbsp;<\/p>","protected":false},"excerpt":{"rendered":"<div class=\"auto-hide-last-sibling-br paragraph_1252f paragraph-element\">ACR1555U-A1 on kannettava Bluetooth\u00ae NFC -lukija, joka mahdollistaa \u00e4lykortti- ja NFC-sovellukset liikkeell\u00e4 ollessasi.<\/div>","protected":false},"featured_media":2774,"template":"","meta":[],"product_brand":[],"product_cat":[45,38],"product_tag":[],"class_list":{"0":"post-2773","1":"product","2":"type-product","3":"status-publish","4":"has-post-thumbnail","6":"product_cat-contactless-nfc-reader","7":"product_cat-mobile-ble-nfc-reader","9":"first","10":"instock","11":"shipping-taxable","12":"product-type-simple"},"_links":{"self":[{"href":"https:\/\/nfc-readers.com\/fi\/wp-json\/wp\/v2\/product\/2773","targetHints":{"allow":["GET"]}}],"collection":[{"href":"https:\/\/nfc-readers.com\/fi\/wp-json\/wp\/v2\/product"}],"about":[{"href":"https:\/\/nfc-readers.com\/fi\/wp-json\/wp\/v2\/types\/product"}],"wp:featuredmedia":[{"embeddable":true,"href":"https:\/\/nfc-readers.com\/fi\/wp-json\/wp\/v2\/media\/2774"}],"wp:attachment":[{"href":"https:\/\/nfc-readers.com\/fi\/wp-json\/wp\/v2\/media?parent=2773"}],"wp:term":[{"taxonomy":"product_brand","embeddable":true,"href":"https:\/\/nfc-readers.com\/fi\/wp-json\/wp\/v2\/product_brand?post=2773"},{"taxonomy":"product_cat","embeddable":true,"href":"https:\/\/nfc-readers.com\/fi\/wp-json\/wp\/v2\/product_cat?post=2773"},{"taxonomy":"product_tag","embeddable":true,"href":"https:\/\/nfc-readers.com\/fi\/wp-json\/wp\/v2\/product_tag?post=2773"}],"curies":[{"name":"wp","href":"https:\/\/api.w.org\/{rel}","templated":true}]}}