{"id":2780,"date":"2024-06-12T02:05:36","date_gmt":"2024-06-12T02:05:36","guid":{"rendered":"https:\/\/nfc-readers.com\/?post_type=product&#038;p=2780"},"modified":"2024-09-23T06:11:23","modified_gmt":"2024-09-23T06:11:23","slug":"acr40u-premium-high-speed-usb-contact-smartcard-reader-writer","status":"publish","type":"product","link":"https:\/\/nfc-readers.com\/fi\/ic-reader\/acr40u-premium-high-speed-usb-contact-smartcard-reader-writer\/","title":{"rendered":"ACR40U Premium High Speed USB Contact Smartcard Reader Writer"},"content":{"rendered":"<h1>ACR40U Premium High Speed USB Contact Smartcard Reader Writer<\/h1>\n<div class=\"auto-hide-last-sibling-br paragraph_1252f paragraph-element\">Esittelyss\u00e4 ACR40U, nopea USB-kontaktikortinlukija. Se tarjoaa jatkuvan tuen ISO 7816 luokan A, B ja C \u00e4lykorteille, mikroprosessorikorteille, jotka k\u00e4ytt\u00e4v\u00e4t T=0- ja T=1-protokollia, sek\u00e4 laajan valikoiman markkinoilla olevia muistikortteja. ACR40U:ssa on kaksi LED-valoa, jotka osoittavat kortin ja lukijan tila. T\u00e4rkeimm\u00e4t parannukset sis\u00e4lt\u00e4v\u00e4t mahdollisuuden p\u00e4ivitt\u00e4\u00e4 laiteohjelmiston ja tallentaa k\u00e4ytt\u00e4j\u00e4tietoja laitteeseen, mik\u00e4 mahdollistaa laajan valikoiman sovellusskenaarioita. Se sis\u00e4lt\u00e4\u00e4 my\u00f6s jalustan lis\u00e4varusteen, joka mahdollistaa erilaiset kokoonpanot, mukaan lukien pysty- ja vaakasuuntaiset asennot. CCID-, PC\/SC- ja Microsoft\u00ae WHQL -standardeja noudattava ACR40U takaa vaivattoman integroinnin useisiin k\u00e4ytt\u00f6j\u00e4rjestelmiin, kuten Windows\u00ae, Linux\u00ae, macOS , iOS, iPadOS ja Android\u2122. Se tukee sek\u00e4 USB Type-A- ett\u00e4 Type-C -liit\u00e4nt\u00f6j\u00e4, jotka tarjoavat joustavia liit\u00e4nt\u00e4vaihtoehtoja.<\/div>\n<div>\n<ul>\n<li>\n<h2>USB 2.0 Full Speed -liit\u00e4nt\u00e4<\/h2>\n<\/li>\n<li>\n<h2>USB-tyyppi A<\/h2>\n<\/li>\n<li>\n<h2>Plug and Play \u2013 CCID-tuki tuo \u00e4\u00e4rimm\u00e4ist\u00e4 liikkuvuutta<\/h2>\n<\/li>\n<li>\n<h2>\u00c4lykortinlukija:<\/h2>\n<ul>\n<li>\n<h3>Tukee ISO 7816 Class A, B ja C (5 V, 3 V, 1,8 V) kortteja<\/h3>\n<\/li>\n<li>\n<h3>Tukee CAC:t\u00e4<\/h3>\n<\/li>\n<li>\n<h3>Tukee SIPRNET-korttia<\/h3>\n<\/li>\n<li>\n<h3>Tukee MyKadia<\/h3>\n<\/li>\n<li>\n<h3>Tukee J-LIS-korttia<\/h3>\n<\/li>\n<li>\n<h3>Tukee mikroprosessorikortteja T=0 tai T=1 protokollalla<\/h3>\n<\/li>\n<li>\n<h3>Tukee muistikortteja<\/h3>\n<\/li>\n<li>\n<h3>Tukee PPS:\u00e4\u00e4 (protokollan ja parametrien valinta)<\/h3>\n<\/li>\n<li>\n<h3>Sis\u00e4lt\u00e4\u00e4 oikosulkusuojauksen<\/h3>\n<\/li>\n<\/ul>\n<\/li>\n<li>\n<h2>Sovellusohjelmointiliittym\u00e4:<\/h2>\n<ul>\n<li>\n<h3>Tukee PC\/SC:t\u00e4<\/h3>\n<\/li>\n<li>\n<h3>Tuki CT-API:lle<\/h3>\n<\/li>\n<\/ul>\n<\/li>\n<li>\n<h2>Tukee kaikkia t\u00e4rkeimpi\u00e4 k\u00e4ytt\u00f6j\u00e4rjestelmi\u00e4<\/h2>\n<ul>\n<li>\n<h3>Windows\u00ae, Linux\u00ae, macOS, iOS, iPadOS, Android\u2122, Solaris\u2122<\/h3>\n<\/li>\n<\/ul>\n<\/li>\n<\/ul>\n<table width=\"606\">\n<tbody>\n<tr>\n<td colspan=\"2\" width=\"606\">Fyysiset ominaisuudet<\/td>\n<\/tr>\n<tr>\n<td width=\"211\">Mitat (mm)<\/td>\n<td width=\"395\">62,5\u00a0mm (P) \u00d7 67,6\u00a0mm (L) \u00d7 58,5\u00a0mm (K)<\/td>\n<\/tr>\n<tr>\n<td width=\"211\">Paino (g)<\/td>\n<td width=\"395\">40,0 g \u00b1 5,0 g<\/td>\n<\/tr>\n<tr>\n<td colspan=\"2\" width=\"606\">USB-liit\u00e4nt\u00e4<\/td>\n<\/tr>\n<tr>\n<td width=\"211\">p\u00f6yt\u00e4kirja<\/td>\n<td width=\"395\">USB CCID<\/td>\n<\/tr>\n<tr>\n<td width=\"211\">Liittimen tyyppi<\/td>\n<td width=\"395\">Vakiotyyppi A, tyyppi C<\/td>\n<\/tr>\n<tr>\n<td width=\"211\">Virtal\u00e4hde<\/td>\n<td width=\"395\">USB-portista<\/td>\n<\/tr>\n<tr>\n<td width=\"211\">Nopeus<\/td>\n<td width=\"395\">USB 2.0 t\u00e4ysi nopeus (12 Mbps)<\/td>\n<\/tr>\n<tr>\n<td width=\"211\">Kaapelin pituus<\/td>\n<td width=\"395\">1 m, kiinte\u00e4<\/td>\n<\/tr>\n<tr>\n<td colspan=\"2\" width=\"606\">Ota yhteytt\u00e4 \u00e4lykortin k\u00e4ytt\u00f6liittym\u00e4\u00e4n<\/td>\n<\/tr>\n<tr>\n<td width=\"211\">Slottien m\u00e4\u00e4r\u00e4<\/td>\n<td width=\"395\">1 t\u00e4ysikokoinen korttipaikka<\/td>\n<\/tr>\n<tr>\n<td width=\"211\">Vakio<\/td>\n<td width=\"395\">ISO 7816, osat 1\u20134, luokka A, B, C (5 V, 3 V, 1,8 V)<\/td>\n<\/tr>\n<tr>\n<td width=\"211\">p\u00f6yt\u00e4kirja<\/td>\n<td width=\"395\">T = 0; T = 1; Muistikortin tuki<\/td>\n<\/tr>\n<tr>\n<td width=\"211\">muut<\/td>\n<td width=\"395\">Mykad, SERT, J-LIS, SIPRNET-kortti<\/td>\n<\/tr>\n<tr>\n<td colspan=\"2\" width=\"606\">Sertifikaatit\/vaatimustenmukaisuus<\/td>\n<\/tr>\n<tr>\n<td width=\"211\">Sertifikaatit\/vaatimustenmukaisuus<\/td>\n<td width=\"395\">EN62368\/IEC 62368 CE FCC RoHS REACH EMV\u2122 Taso 1 (Yhteystiedot) UL 62368 J-LIS KC PBOC Taso 1 (Yhteystiedot) TAA UKCA UL VCCI WEEE USB 2.0 Full Speed Microsoft\u00ae WHQL<\/td>\n<\/tr>\n<tr>\n<td colspan=\"2\" width=\"606\">Laiteohjaimen k\u00e4ytt\u00f6j\u00e4rjestelm\u00e4n tuki<\/td>\n<\/tr>\n<tr>\n<td width=\"211\">Laiteohjaimen k\u00e4ytt\u00f6j\u00e4rjestelm\u00e4n tuki<\/td>\n<td width=\"395\">Windows\u00ae Linux\u00ae macOS IOS iPadOS Android\u2122 Solaris\u2122<\/td>\n<\/tr>\n<tr>\n<td><\/td>\n<td><\/td>\n<\/tr>\n<\/tbody>\n<\/table>\n<\/div>","protected":false},"excerpt":{"rendered":"<div class=\"auto-hide-last-sibling-br paragraph_1252f paragraph-element\">ACR40U on pienikokoinen EMV PBOC -kortinlukija, joka tukee erilaisia \u00e4lykortteja ja tarjoaa joustavia liit\u00e4nt\u00e4vaihtoehtoja.<\/div>","protected":false},"featured_media":2783,"template":"","meta":[],"product_brand":[],"product_cat":[39],"product_tag":[],"class_list":{"0":"post-2780","1":"product","2":"type-product","3":"status-publish","4":"has-post-thumbnail","6":"product_cat-usb-ic-smartcard-reader","8":"first","9":"instock","10":"shipping-taxable","11":"product-type-simple"},"_links":{"self":[{"href":"https:\/\/nfc-readers.com\/fi\/wp-json\/wp\/v2\/product\/2780","targetHints":{"allow":["GET"]}}],"collection":[{"href":"https:\/\/nfc-readers.com\/fi\/wp-json\/wp\/v2\/product"}],"about":[{"href":"https:\/\/nfc-readers.com\/fi\/wp-json\/wp\/v2\/types\/product"}],"wp:featuredmedia":[{"embeddable":true,"href":"https:\/\/nfc-readers.com\/fi\/wp-json\/wp\/v2\/media\/2783"}],"wp:attachment":[{"href":"https:\/\/nfc-readers.com\/fi\/wp-json\/wp\/v2\/media?parent=2780"}],"wp:term":[{"taxonomy":"product_brand","embeddable":true,"href":"https:\/\/nfc-readers.com\/fi\/wp-json\/wp\/v2\/product_brand?post=2780"},{"taxonomy":"product_cat","embeddable":true,"href":"https:\/\/nfc-readers.com\/fi\/wp-json\/wp\/v2\/product_cat?post=2780"},{"taxonomy":"product_tag","embeddable":true,"href":"https:\/\/nfc-readers.com\/fi\/wp-json\/wp\/v2\/product_tag?post=2780"}],"curies":[{"name":"wp","href":"https:\/\/api.w.org\/{rel}","templated":true}]}}