{"id":2784,"date":"2024-06-12T02:17:57","date_gmt":"2024-06-12T02:17:57","guid":{"rendered":"https:\/\/nfc-readers.com\/?post_type=product&#038;p=2784"},"modified":"2024-09-23T06:09:10","modified_gmt":"2024-09-23T06:09:10","slug":"acr40t-premium-high-speed-usb-contact-sim-sized-smartcard-reader-writer","status":"publish","type":"product","link":"https:\/\/nfc-readers.com\/fi\/ic-reader\/acr40t-premium-high-speed-usb-contact-sim-sized-smartcard-reader-writer\/","title":{"rendered":"ACR40T Premium High Speed USB Contact SIM-kokoinen \u00e4lykortinlukija"},"content":{"rendered":"<h1>ACR40T Premium High Speed USB Contact SIM-kokoinen \u00e4lykortinlukija<\/h1>\n<div class=\"auto-hide-last-sibling-br paragraph_1252f paragraph-element\">Esittelyss\u00e4 ACR40T, uusin kompakti, nopea USB-kontakti SIM-kokoinen \u00e4lykortinlukija. Se tukee laiteohjelmistop\u00e4ivityksi\u00e4 ja on yhteensopiva ISO 7816 Class A, B ja C \u00e4lykorttien (5 V, 3 V, 1,8 V), mikroprosessorikorttien kanssa T=0 ja T=1 protokollilla sek\u00e4 laajan valikoiman muistikortteja saatavilla. markkinoilla.<\/div>\n<div class=\"auto-hide-last-sibling-br paragraph_1252f paragraph-element\">Edistynytt\u00e4, innovatiivista teknologiaa yhdist\u00e4v\u00e4 ACR40T:n erottuva reuna on sen kompakti muotoilu ja liukuva \u00e4lykorttipaikka, joka takaa sujuvan ja vaivattoman kokemuksen. ACR40T-A6\/A7:n ensiluokkainen muotoilu sis\u00e4lt\u00e4\u00e4 sis\u00e4\u00e4nrakennetun painikkeen tiettyj\u00e4 sovelluksia varten. ominaisuus, joka on ratkaiseva k\u00e4ytt\u00e4jien l\u00e4sn\u00e4olon vahvistamisessa ja varmistaa, ett\u00e4 k\u00e4ytt\u00e4j\u00e4 on fyysisesti paikalla ollakseen vuorovaikutuksessa sovelluksen kanssa. CCID- ja PC\/SC- sek\u00e4 Microsoft\u00ae WHQL -standardien mukaisesti ACR40T on yhteensopiva useiden k\u00e4ytt\u00f6j\u00e4rjestelmien kanssa, kuten Windows\u00ae, Linux\u00ae, macOS, Android\u2122. Se sopii sek\u00e4 USB Type-A- ett\u00e4 USB Type-C -liit\u00e4nt\u00f6ihin.<\/div>\n<div>\n<ul>\n<li>\n<h2><strong>Tukee erityyppisi\u00e4 yhteystietokortteja<\/strong><\/h2>\n<ul>\n<li>\n<h3>ISO 7816 -luokat A, B ja C (5 V, 3 V ja 1,8 V)<\/h3>\n<\/li>\n<li>\n<h3>Mikroprosessorikortti (T=0, T=1)<\/h3>\n<\/li>\n<li>\n<h3>Muistikortti<\/h3>\n<\/li>\n<li>\n<h3>Oikosulkusuojaus<\/h3>\n<\/li>\n<\/ul>\n<\/li>\n<li>\n<h2><strong>Sovellusohjelmointiliittym\u00e4:<\/strong><\/h2>\n<ul>\n<li>\n<h3>Tukee PC\/SC:t\u00e4<\/h3>\n<\/li>\n<\/ul>\n<\/li>\n<li>\n<h2><strong>Sis\u00e4\u00e4nrakennetut oheislaitteet<\/strong><\/h2>\n<ul>\n<li>\n<h3>1 x ohjelmoitava LED (vihre\u00e4)<\/h3>\n<\/li>\n<li>\n<h3>1 x sis\u00e4\u00e4nrakennettu painike<\/h3>\n<\/li>\n<\/ul>\n<\/li>\n<\/ul>\n<table width=\"560\">\n<tbody>\n<tr>\n<td colspan=\"2\" width=\"560\">Fyysiset ominaisuudet<\/td>\n<\/tr>\n<tr>\n<td rowspan=\"2\" width=\"197\">Mitat (mm)<\/td>\n<td width=\"363\">ACR40T-A6: 49,5\u00a0mm (pituus) \u00d7 17,7\u00a0mm (leveys) \u00d7 8,0\u00a0mm (korkeus)<\/td>\n<\/tr>\n<tr>\n<td width=\"363\">ACR40T-A7: 45,9\u00a0mm (pituus) \u00d7 17,7\u00a0mm (leveys) \u00d7 8,0\u00a0mm (korkeus)<\/td>\n<\/tr>\n<tr>\n<td rowspan=\"2\" width=\"197\">Paino (g)<\/td>\n<td width=\"363\">ACR40T-A6: 8,1 g \u00b1 1,0 g<\/td>\n<\/tr>\n<tr>\n<td width=\"363\">ACR40T-A7: 6,2 g \u00b1 1,0 g<\/td>\n<\/tr>\n<tr>\n<td colspan=\"2\" width=\"560\">USB-liit\u00e4nt\u00e4<\/td>\n<\/tr>\n<tr>\n<td width=\"197\">p\u00f6yt\u00e4kirja<\/td>\n<td width=\"363\">USB CCID<\/td>\n<\/tr>\n<tr>\n<td rowspan=\"2\" width=\"197\">Liittimen tyyppi<\/td>\n<td width=\"363\">USB Type-A<\/td>\n<\/tr>\n<tr>\n<td width=\"363\">USB Type-C<\/td>\n<\/tr>\n<tr>\n<td width=\"197\">Virtal\u00e4hde<\/td>\n<td width=\"363\">USB-portista<\/td>\n<\/tr>\n<tr>\n<td width=\"197\">Nopeus<\/td>\n<td width=\"363\">USB t\u00e4ysi nopeus (12 Mbps)<\/td>\n<\/tr>\n<tr>\n<td colspan=\"2\" width=\"560\">Ota yhteytt\u00e4 \u00e4lykortin k\u00e4ytt\u00f6liittym\u00e4\u00e4n<\/td>\n<\/tr>\n<tr>\n<td width=\"197\">Slottien m\u00e4\u00e4r\u00e4<\/td>\n<td width=\"363\">1 SIM-kokoinen korttipaikka (2FF)<\/td>\n<\/tr>\n<tr>\n<td width=\"197\">p\u00f6yt\u00e4kirja<\/td>\n<td width=\"363\">T = 0; T = 1<\/td>\n<\/tr>\n<tr>\n<td colspan=\"2\" width=\"560\">Sis\u00e4\u00e4nrakennetut oheislaitteet<\/td>\n<\/tr>\n<tr>\n<td width=\"197\">Painikkeet<\/td>\n<td width=\"363\">1<\/td>\n<\/tr>\n<tr>\n<td width=\"197\">LED<\/td>\n<td width=\"363\">Vihre\u00e4<\/td>\n<\/tr>\n<tr>\n<td colspan=\"2\" width=\"560\">Muut ominaisuudet<\/td>\n<\/tr>\n<tr>\n<td width=\"197\">Muut ominaisuudet<\/td>\n<td width=\"363\">Tukee laiteohjelmiston p\u00e4ivityst\u00e4<\/td>\n<\/tr>\n<tr>\n<td colspan=\"2\" width=\"560\">Sertifikaatit\/vaatimustenmukaisuus<\/td>\n<\/tr>\n<tr>\n<td rowspan=\"12\" width=\"197\">Sertifikaatit\/vaatimustenmukaisuus<\/td>\n<td width=\"363\">Sertifikaatit:<\/td>\n<\/tr>\n<tr>\n<td width=\"363\">UL 62368<\/td>\n<\/tr>\n<tr>\n<td width=\"363\">CE<\/td>\n<\/tr>\n<tr>\n<td width=\"363\">UKCA<\/td>\n<\/tr>\n<tr>\n<td width=\"363\">FCC<\/td>\n<\/tr>\n<tr>\n<td width=\"363\">RoHS<\/td>\n<\/tr>\n<tr>\n<td width=\"363\">SAAVUTTAA<\/td>\n<\/tr>\n<tr>\n<td width=\"363\">VCCI<\/td>\n<\/tr>\n<tr>\n<td width=\"363\">Microsoft\u00ae WHQL<\/td>\n<\/tr>\n<tr>\n<td width=\"363\">Vaatimustenmukaisuus:<\/td>\n<\/tr>\n<tr>\n<td width=\"363\">USB CCID<\/td>\n<\/tr>\n<tr>\n<td width=\"363\">PC\/SC<\/td>\n<\/tr>\n<tr>\n<td colspan=\"2\" width=\"560\">Laiteohjaimen k\u00e4ytt\u00f6j\u00e4rjestelm\u00e4n tuki<\/td>\n<\/tr>\n<tr>\n<td rowspan=\"4\" width=\"197\">Laiteohjaimen k\u00e4ytt\u00f6j\u00e4rjestelm\u00e4n tuki<\/td>\n<td width=\"363\">Windows\u00ae<\/td>\n<\/tr>\n<tr>\n<td width=\"363\">Linux\u00ae<\/td>\n<\/tr>\n<tr>\n<td width=\"363\">macOS<\/td>\n<\/tr>\n<tr>\n<td width=\"363\">Android\u2122<\/td>\n<\/tr>\n<\/tbody>\n<\/table>\n<\/div>","protected":false},"excerpt":{"rendered":"<div class=\"auto-hide-last-sibling-br paragraph_1252f paragraph-element\">ACR40T on kompakti CCID-\u00e4lykortinlukija, joka tukee erilaisia \u00e4lykortteja ja on yhteensopiva useiden k\u00e4ytt\u00f6j\u00e4rjestelmien kanssa.<\/div>","protected":false},"featured_media":2785,"template":"","meta":[],"product_brand":[],"product_cat":[39],"product_tag":[],"class_list":{"0":"post-2784","1":"product","2":"type-product","3":"status-publish","4":"has-post-thumbnail","6":"product_cat-usb-ic-smartcard-reader","8":"first","9":"instock","10":"shipping-taxable","11":"product-type-simple"},"_links":{"self":[{"href":"https:\/\/nfc-readers.com\/fi\/wp-json\/wp\/v2\/product\/2784","targetHints":{"allow":["GET"]}}],"collection":[{"href":"https:\/\/nfc-readers.com\/fi\/wp-json\/wp\/v2\/product"}],"about":[{"href":"https:\/\/nfc-readers.com\/fi\/wp-json\/wp\/v2\/types\/product"}],"wp:featuredmedia":[{"embeddable":true,"href":"https:\/\/nfc-readers.com\/fi\/wp-json\/wp\/v2\/media\/2785"}],"wp:attachment":[{"href":"https:\/\/nfc-readers.com\/fi\/wp-json\/wp\/v2\/media?parent=2784"}],"wp:term":[{"taxonomy":"product_brand","embeddable":true,"href":"https:\/\/nfc-readers.com\/fi\/wp-json\/wp\/v2\/product_brand?post=2784"},{"taxonomy":"product_cat","embeddable":true,"href":"https:\/\/nfc-readers.com\/fi\/wp-json\/wp\/v2\/product_cat?post=2784"},{"taxonomy":"product_tag","embeddable":true,"href":"https:\/\/nfc-readers.com\/fi\/wp-json\/wp\/v2\/product_tag?post=2784"}],"curies":[{"name":"wp","href":"https:\/\/api.w.org\/{rel}","templated":true}]}}