{"id":2815,"date":"2024-06-19T06:35:44","date_gmt":"2024-06-19T06:35:44","guid":{"rendered":"https:\/\/nfc-readers.com\/?post_type=product&#038;p=2815"},"modified":"2024-09-23T05:48:48","modified_gmt":"2024-09-23T05:48:48","slug":"acr39u-h1-high-speed-usb-contact-smartcard-reader-writer","status":"publish","type":"product","link":"https:\/\/nfc-readers.com\/fi\/ic-reader\/acr39u-h1-high-speed-usb-contact-smartcard-reader-writer\/","title":{"rendered":"ACR39U-H1 High Speed USB Contact Smartcard Reader Writer"},"content":{"rendered":"<h1>ACR39U-H1 High Speed USB Contact Smartcard Reader Writer<\/h1>\n<p>ACR39U-H1 on monipuolinen \u00e4lykortinlukija, joka tukee ISO 7816 luokan A, B ja C \u00e4lykortteja (5 V, 3 V ja 1,8 V), mikroprosessorikortteja T=0 tai T=1 protokollalla sek\u00e4 muistia. kortit. Erityisesti se on yhteensopiva my\u00f6s Malesian henkil\u00f6kortin (Mykad) kanssa. Siin\u00e4 on t\u00e4yden nopeuden USB-liit\u00e4nt\u00e4 ja \u00e4lykortin luku-\/kirjoitusnopeus jopa 600 Kbps. ACR39U-H1 on uskomattoman kest\u00e4v\u00e4, ja sen k\u00e4ytt\u00f6ik\u00e4 on 200 000 kortin asetuskertaa. Sill\u00e4 on useita sertifikaatteja, mukaan lukien EMV\u2122 Level 1 (Contact) ja PBOC (People&#039;s Bank of China), joten se on t\u00e4ydellinen \u00e4lykortinlukija verkkopankki- ja e-maksusovelluksiin.<\/p>\n<ul>\n<li>\n<h2>USB Full Speed -liit\u00e4nt\u00e4<\/h2>\n<\/li>\n<li>\n<h2>Yhteensopiva USB 3.0:n kanssa<\/h2>\n<\/li>\n<li>\n<h2>USB Type-A -liitin<\/h2>\n<\/li>\n<li>\n<h2>Plug and Play \u2013 CCID-tuki tuo \u00e4\u00e4rimm\u00e4ist\u00e4 liikkuvuutta<\/h2>\n<\/li>\n<li>\n<h2>\u00c4lykortinlukija:<\/h2>\n<ul>\n<li>\n<h3>Yhteysliittym\u00e4:<\/h3>\n<ul>\n<li>Tukee ISO 7816 Class A, B ja C (5 V, 3 V, 1,8 V) kortteja<\/li>\n<li>Tukee CAC-korttia (Common Access Card)<\/li>\n<li>Tukee SIPRNET-korttia<\/li>\n<li>Tukee mikroprosessorikortteja T=0 tai T=1 protokollalla<\/li>\n<li>Tukee muistikortteja<\/li>\n<li>Tukee Mykad-korttia<\/li>\n<li>Tukee PPS:\u00e4\u00e4 (protokollan ja parametrien valinta)<\/li>\n<li>Oikosulkusuojaus<\/li>\n<\/ul>\n<\/li>\n<\/ul>\n<\/li>\n<li>\n<h2>Sovellusohjelmointiliittym\u00e4:<\/h2>\n<ul>\n<li>\n<h3>Tukee PC\/SC:t\u00e4<\/h3>\n<\/li>\n<li>\n<h3>Tukee CT-API:t\u00e4 (PC\/SC:n p\u00e4\u00e4ll\u00e4 olevan k\u00e4\u00e4reen kautta)<\/h3>\n<\/li>\n<\/ul>\n<\/li>\n<li>\n<h2>Tukee Android\u2122 3.1:t\u00e4 ja uudempia<\/h2>\n<\/li>\n<\/ul>\n<table width=\"478\">\n<tbody>\n<tr>\n<td colspan=\"2\" width=\"478\">Fyysiset ominaisuudet<\/td>\n<\/tr>\n<tr>\n<td width=\"237\">Mitat (mm)<\/td>\n<td width=\"241\">71,5 mm (P) x 80,0 mm (L) x 80,0 mm (K)<\/td>\n<\/tr>\n<tr>\n<td width=\"237\">Paino (g)<\/td>\n<td width=\"241\">174 g<\/td>\n<\/tr>\n<tr>\n<td colspan=\"2\" width=\"478\">Itsen\u00e4inen tila<\/td>\n<\/tr>\n<tr>\n<td width=\"237\">K\u00e4ytt\u00f6j\u00e4rjestelm\u00e4<\/td>\n<td width=\"241\">1 t\u00e4ysikokoinen korttipaikka<\/td>\n<\/tr>\n<tr>\n<td colspan=\"2\" width=\"478\">USB-liit\u00e4nt\u00e4<\/td>\n<\/tr>\n<tr>\n<td width=\"237\">p\u00f6yt\u00e4kirja<\/td>\n<td width=\"241\">USB CCID<\/td>\n<\/tr>\n<tr>\n<td width=\"237\">Liittimen tyyppi<\/td>\n<td width=\"241\">Vakiotyyppi A<\/td>\n<\/tr>\n<tr>\n<td width=\"237\">Virtal\u00e4hde<\/td>\n<td width=\"241\">USB-portista<\/td>\n<\/tr>\n<tr>\n<td width=\"237\">Nopeus<\/td>\n<td width=\"241\">USB 2.0 t\u00e4ysi nopeus (12 Mbps)<\/td>\n<\/tr>\n<tr>\n<td width=\"237\">Kaapelin pituus<\/td>\n<td width=\"241\">1,5 m, kiinte\u00e4<\/td>\n<\/tr>\n<tr>\n<td colspan=\"2\" width=\"478\">Ota yhteytt\u00e4 \u00e4lykortin k\u00e4ytt\u00f6liittym\u00e4\u00e4n<\/td>\n<\/tr>\n<tr>\n<td width=\"237\">Slottien m\u00e4\u00e4r\u00e4<\/td>\n<td width=\"241\">1 t\u00e4ysikokoinen korttipaikka<\/td>\n<\/tr>\n<tr>\n<td width=\"237\">Vakio<\/td>\n<td width=\"241\">ISO 7816, osat 1\u20134, luokka A, B, C (5 V, 3 V, 1,8 V)<\/td>\n<\/tr>\n<tr>\n<td width=\"237\">p\u00f6yt\u00e4kirja<\/td>\n<td width=\"241\">T = 0; T = 1; Muistikortin tuki<\/td>\n<\/tr>\n<tr>\n<td width=\"237\">muut<\/td>\n<td width=\"241\">Mykad Card, CAC, PIV, SIPRNET \u00e4lykortit<\/td>\n<\/tr>\n<tr>\n<td colspan=\"2\" width=\"478\">Sertifikaatit\/vaatimustenmukaisuus<\/td>\n<\/tr>\n<tr>\n<td rowspan=\"17\" width=\"237\">Sertifikaatit\/vaatimustenmukaisuus<\/td>\n<td width=\"241\">EN62368\/IEC 62368<\/td>\n<\/tr>\n<tr>\n<td width=\"241\">CE<\/td>\n<\/tr>\n<tr>\n<td width=\"241\">FCC<\/td>\n<\/tr>\n<tr>\n<td width=\"241\">RoHS<\/td>\n<\/tr>\n<tr>\n<td width=\"241\">SAAVUTTAA<\/td>\n<\/tr>\n<tr>\n<td width=\"241\">EMV\u2122 Taso 1 (Yhteystiedot)<\/td>\n<\/tr>\n<tr>\n<td width=\"241\">KCC<\/td>\n<\/tr>\n<tr>\n<td width=\"241\">PBOC<\/td>\n<\/tr>\n<tr>\n<td width=\"241\">TAA (USA)<\/td>\n<\/tr>\n<tr>\n<td width=\"241\">UKCA<\/td>\n<\/tr>\n<tr>\n<td width=\"241\">VCCI<\/td>\n<\/tr>\n<tr>\n<td width=\"241\">WEEE<\/td>\n<\/tr>\n<tr>\n<td width=\"241\">ISO 7816<\/td>\n<\/tr>\n<tr>\n<td width=\"241\">USB 2.0 t\u00e4ysi nopeus<\/td>\n<\/tr>\n<tr>\n<td width=\"241\">PC\/SC<\/td>\n<\/tr>\n<tr>\n<td width=\"241\">CCID<\/td>\n<\/tr>\n<tr>\n<td width=\"241\">Microsoft\u00ae WHQL<\/td>\n<\/tr>\n<tr>\n<td colspan=\"2\" width=\"478\">Laiteohjaimen k\u00e4ytt\u00f6j\u00e4rjestelm\u00e4n tuki<\/td>\n<\/tr>\n<tr>\n<td rowspan=\"5\" width=\"237\">Laiteohjaimen k\u00e4ytt\u00f6j\u00e4rjestelm\u00e4n tuki<\/td>\n<td width=\"241\">Windows\u00ae<\/td>\n<\/tr>\n<tr>\n<td width=\"241\">Linux\u00ae<\/td>\n<\/tr>\n<tr>\n<td width=\"241\">macOS\u00ae<\/td>\n<\/tr>\n<tr>\n<td width=\"241\">Solaris\u2122<\/td>\n<\/tr>\n<tr>\n<td width=\"241\">Android\u2122<\/td>\n<\/tr>\n<tr>\n<td><\/td>\n<td><\/td>\n<\/tr>\n<\/tbody>\n<\/table>","protected":false},"excerpt":{"rendered":"<p>ACR39U-H1 on k\u00e4ytt\u00e4j\u00e4yst\u00e4v\u00e4llinen EMV PBOC -kortinlukija, joka on suunniteltu erilaisiin sovelluksiin, kuten s\u00e4hk\u00f6iseen hallintoon ja kulunvalvontaan.<\/p>","protected":false},"featured_media":2816,"template":"","meta":[],"product_brand":[],"product_cat":[39],"product_tag":[],"class_list":{"0":"post-2815","1":"product","2":"type-product","3":"status-publish","4":"has-post-thumbnail","6":"product_cat-usb-ic-smartcard-reader","8":"first","9":"instock","10":"shipping-taxable","11":"product-type-simple"},"_links":{"self":[{"href":"https:\/\/nfc-readers.com\/fi\/wp-json\/wp\/v2\/product\/2815","targetHints":{"allow":["GET"]}}],"collection":[{"href":"https:\/\/nfc-readers.com\/fi\/wp-json\/wp\/v2\/product"}],"about":[{"href":"https:\/\/nfc-readers.com\/fi\/wp-json\/wp\/v2\/types\/product"}],"wp:featuredmedia":[{"embeddable":true,"href":"https:\/\/nfc-readers.com\/fi\/wp-json\/wp\/v2\/media\/2816"}],"wp:attachment":[{"href":"https:\/\/nfc-readers.com\/fi\/wp-json\/wp\/v2\/media?parent=2815"}],"wp:term":[{"taxonomy":"product_brand","embeddable":true,"href":"https:\/\/nfc-readers.com\/fi\/wp-json\/wp\/v2\/product_brand?post=2815"},{"taxonomy":"product_cat","embeddable":true,"href":"https:\/\/nfc-readers.com\/fi\/wp-json\/wp\/v2\/product_cat?post=2815"},{"taxonomy":"product_tag","embeddable":true,"href":"https:\/\/nfc-readers.com\/fi\/wp-json\/wp\/v2\/product_tag?post=2815"}],"curies":[{"name":"wp","href":"https:\/\/api.w.org\/{rel}","templated":true}]}}