{"id":2875,"date":"2024-07-02T01:48:57","date_gmt":"2024-07-02T01:48:57","guid":{"rendered":"https:\/\/nfc-readers.com\/?post_type=product&#038;p=2875"},"modified":"2024-09-23T05:44:47","modified_gmt":"2024-09-23T05:44:47","slug":"acr39t-a5-usb-type-c-contact-sim-sized-smartcard-reader-writer","status":"publish","type":"product","link":"https:\/\/nfc-readers.com\/fi\/ic-reader\/acr39t-a5-usb-type-c-contact-sim-sized-smartcard-reader-writer\/","title":{"rendered":"ACR39T-A5 USB Type C Yhteystiedot SIM-kokoinen Smartcard Reader Writer"},"content":{"rendered":"<h1>ACR39T-A5 USB Type C Yhteystiedot SIM-kokoinen Smartcard Reader Writer<\/h1>\n<div class=\"auto-hide-last-sibling-br paragraph_9dc5f paragraph-element\">ACR39T-A5 edustaa l\u00e4pimurtoa \u00e4lykortinlukijoiden alalla, ja se esittelee sek\u00e4 edistynytt\u00e4 teknologiaa ett\u00e4 nykyaikaista muotoilua. T\u00e4m\u00e4 SIM-kokoinen \u00e4lykortinlukija voi olla kompakti, mutta se on t\u00e4ynn\u00e4 lukuisia ominaisuuksia. ACR39T-A5 yhdist\u00e4\u00e4 huipputeknologian tyylikk\u00e4\u00e4seen muotoiluun, ja se on suunniteltu t\u00e4ytt\u00e4m\u00e4\u00e4n tiukat vaatimukset eri \u00e4lykorttisovelluksissa. ACR39T-A5 on yhteensopiva ISO 7816 Class A, B ja C \u00e4lykorttien kanssa (toimivat 5 V, 3 V ja 1,8 V), ja se k\u00e4sittelee tehokkaasti monenlaisia muistikortteja ja mikroprosessorikortteja, jotka k\u00e4ytt\u00e4v\u00e4t T=0- ja T=1-protokollaa. Laitteessa on USB Full Speed -liit\u00e4nt\u00e4 ja USB Type C -liitin, ja se tukee \u00e4lykorttien luku-\/kirjoitusnopeuksia jopa 600 Kbps asti. T\u00e4m\u00e4 tekee siit\u00e4 erinomaisen valinnan erilaisille ratkaisuille, mukaan lukien fyysinen ja looginen kulunvalvonta, digitaaliset allekirjoitukset ja verkkopankki.<\/div>\n<div>\n<ul>\n<li>\n<h2>USB 2.0 Full Speed -liit\u00e4nt\u00e4<\/h2>\n<\/li>\n<li>\n<h2>USB Type C -liitin<\/h2>\n<\/li>\n<li>\n<h2>Plug and Play \u2013 CCID-tuki tuo \u00e4\u00e4rimm\u00e4ist\u00e4 liikkuvuutta<\/h2>\n<\/li>\n<li>\n<h2>\u00c4lykortinlukija:<\/h2>\n<ul>\n<li>\n<h3>Tukee ISO 7816 Class A, B ja C (5 V, 3 V, 1,8 V) kortteja<\/h3>\n<\/li>\n<li>\n<h3>Tukee mikroprosessorikortteja T=0 tai T=1 protokollalla<\/h3>\n<\/li>\n<li>\n<h3>Tukee muistikortteja<\/h3>\n<\/li>\n<li>\n<h3>Tukee PPS:\u00e4\u00e4 (protokollan ja parametrien valinta)<\/h3>\n<\/li>\n<li>\n<h3>Sis\u00e4lt\u00e4\u00e4 oikosulkusuojauksen<\/h3>\n<\/li>\n<\/ul>\n<\/li>\n<li>\n<h2>Sovellusohjelmointiliittym\u00e4:<\/h2>\n<ul>\n<li>\n<h3>Tukee PC\/SC:t\u00e4<\/h3>\n<\/li>\n<li>\n<h3>Tukee CT-API:t\u00e4 (PC\/SC:n p\u00e4\u00e4ll\u00e4 olevan k\u00e4\u00e4reen kautta)<\/h3>\n<\/li>\n<\/ul>\n<\/li>\n<li>\n<h2>Tukee Android\u2122 3.1:t\u00e4 ja uudempia<\/h2>\n<\/li>\n<\/ul>\n<table width=\"636\">\n<tbody>\n<tr>\n<td colspan=\"2\" width=\"636\">\n<h2>Fyysiset ominaisuudet<\/h2>\n<\/td>\n<\/tr>\n<tr>\n<td width=\"223\">Mitat (mm)<\/td>\n<td width=\"413\">49,5\u00a0mm (P) \u00d7 21,5\u00a0mm (L) \u00d7 9,0\u00a0mm (K)<\/td>\n<\/tr>\n<tr>\n<td width=\"223\">Paino (g)<\/td>\n<td width=\"413\">7 g<\/td>\n<\/tr>\n<tr>\n<td colspan=\"2\" width=\"636\">USB-liit\u00e4nt\u00e4<\/td>\n<\/tr>\n<tr>\n<td width=\"223\">p\u00f6yt\u00e4kirja<\/td>\n<td width=\"413\">USB CCID<\/td>\n<\/tr>\n<tr>\n<td width=\"223\">Liittimen tyyppi<\/td>\n<td width=\"413\">Vakiotyyppi C<\/td>\n<\/tr>\n<tr>\n<td width=\"223\">Virtal\u00e4hde<\/td>\n<td width=\"413\">USB-portista<\/td>\n<\/tr>\n<tr>\n<td width=\"223\">Nopeus<\/td>\n<td width=\"413\">USB t\u00e4ysi nopeus (12 Mbps)<\/td>\n<\/tr>\n<tr>\n<td colspan=\"2\" width=\"636\">Ota yhteytt\u00e4 \u00e4lykortin k\u00e4ytt\u00f6liittym\u00e4\u00e4n<\/td>\n<\/tr>\n<tr>\n<td width=\"223\">Slottien m\u00e4\u00e4r\u00e4<\/td>\n<td width=\"413\">1 SIM-kokoinen korttipaikka<\/td>\n<\/tr>\n<tr>\n<td width=\"223\">Vakio<\/td>\n<td width=\"413\">ISO 7816, osat 1\u20134, luokka A, B, C (5 V, 3 V, 1,8 V)<\/td>\n<\/tr>\n<tr>\n<td width=\"223\">p\u00f6yt\u00e4kirja<\/td>\n<td width=\"413\">T = 0; T = 1; Muistikortin tuki<\/td>\n<\/tr>\n<tr>\n<td colspan=\"2\" width=\"636\">Sis\u00e4\u00e4nrakennetut oheislaitteet<\/td>\n<\/tr>\n<tr>\n<td width=\"223\">LED<\/td>\n<td width=\"413\">1 yksiv\u00e4rinen: Vihre\u00e4<\/td>\n<\/tr>\n<tr>\n<td colspan=\"2\" width=\"636\">Sertifikaatit\/vaatimustenmukaisuus<\/td>\n<\/tr>\n<tr>\n<td rowspan=\"13\" width=\"223\">Sertifikaatit\/vaatimustenmukaisuus<\/td>\n<td width=\"413\">EN62368\/IEC 62368<\/td>\n<\/tr>\n<tr>\n<td width=\"413\">CE<\/td>\n<\/tr>\n<tr>\n<td width=\"413\">FCC<\/td>\n<\/tr>\n<tr>\n<td width=\"413\">RoHS<\/td>\n<\/tr>\n<tr>\n<td width=\"413\">SAAVUTTAA<\/td>\n<\/tr>\n<tr>\n<td width=\"413\">UKCA<\/td>\n<\/tr>\n<tr>\n<td width=\"413\">VCCI<\/td>\n<\/tr>\n<tr>\n<td width=\"413\">WEEE<\/td>\n<\/tr>\n<tr>\n<td width=\"413\">ISO 7816<\/td>\n<\/tr>\n<tr>\n<td width=\"413\">USB 2.0 t\u00e4ysi nopeus<\/td>\n<\/tr>\n<tr>\n<td width=\"413\">PC\/SC<\/td>\n<\/tr>\n<tr>\n<td width=\"413\">CCID<\/td>\n<\/tr>\n<tr>\n<td width=\"413\">Microsoft\u00ae WHQL<\/td>\n<\/tr>\n<tr>\n<td colspan=\"2\" width=\"636\">Laiteohjaimen k\u00e4ytt\u00f6j\u00e4rjestelm\u00e4n tuki<\/td>\n<\/tr>\n<tr>\n<td rowspan=\"4\" width=\"223\">Laiteohjaimen k\u00e4ytt\u00f6j\u00e4rjestelm\u00e4n tuki<\/td>\n<td width=\"413\">Windows\u00ae<\/td>\n<\/tr>\n<tr>\n<td width=\"413\">Linux\u00ae<\/td>\n<\/tr>\n<tr>\n<td width=\"413\">macOS\u00ae 10.7 ja uudemmat<\/td>\n<\/tr>\n<tr>\n<td width=\"413\">Android\u2122 3.1 ja uudemmat Solaris\u2122<\/td>\n<\/tr>\n<\/tbody>\n<\/table>\n<\/div>\n<div><\/div>","protected":false},"excerpt":{"rendered":"<div class=\"auto-hide-last-sibling-br paragraph_9dc5f paragraph-element\">ACR39T-A5 on kompakti SIM-kortinlukija, joka hy\u00f6dynt\u00e4\u00e4 edistynytt\u00e4 teknologiaa tehokkaaseen \u00e4lykorttitoimintoihin.<\/div>","protected":false},"featured_media":2876,"template":"","meta":[],"product_brand":[],"product_cat":[39],"product_tag":[],"class_list":{"0":"post-2875","1":"product","2":"type-product","3":"status-publish","4":"has-post-thumbnail","6":"product_cat-usb-ic-smartcard-reader","8":"first","9":"instock","10":"shipping-taxable","11":"product-type-simple"},"_links":{"self":[{"href":"https:\/\/nfc-readers.com\/fi\/wp-json\/wp\/v2\/product\/2875","targetHints":{"allow":["GET"]}}],"collection":[{"href":"https:\/\/nfc-readers.com\/fi\/wp-json\/wp\/v2\/product"}],"about":[{"href":"https:\/\/nfc-readers.com\/fi\/wp-json\/wp\/v2\/types\/product"}],"wp:featuredmedia":[{"embeddable":true,"href":"https:\/\/nfc-readers.com\/fi\/wp-json\/wp\/v2\/media\/2876"}],"wp:attachment":[{"href":"https:\/\/nfc-readers.com\/fi\/wp-json\/wp\/v2\/media?parent=2875"}],"wp:term":[{"taxonomy":"product_brand","embeddable":true,"href":"https:\/\/nfc-readers.com\/fi\/wp-json\/wp\/v2\/product_brand?post=2875"},{"taxonomy":"product_cat","embeddable":true,"href":"https:\/\/nfc-readers.com\/fi\/wp-json\/wp\/v2\/product_cat?post=2875"},{"taxonomy":"product_tag","embeddable":true,"href":"https:\/\/nfc-readers.com\/fi\/wp-json\/wp\/v2\/product_tag?post=2875"}],"curies":[{"name":"wp","href":"https:\/\/api.w.org\/{rel}","templated":true}]}}