{"id":2877,"date":"2024-07-02T01:58:12","date_gmt":"2024-07-02T01:58:12","guid":{"rendered":"https:\/\/nfc-readers.com\/?post_type=product&#038;p=2877"},"modified":"2024-09-23T05:42:11","modified_gmt":"2024-09-23T05:42:11","slug":"acr39f-a2-usb-contact-smartcard-reader-writer","status":"publish","type":"product","link":"https:\/\/nfc-readers.com\/fi\/ic-reader\/acr39f-a2-usb-contact-smartcard-reader-writer\/","title":{"rendered":"ACR39F A2 USB-kontaktikortinlukija-kirjoitin"},"content":{"rendered":"<h1>ACR39F A2 USB-kontaktikortinlukija-kirjoitin<\/h1>\n<div class=\"auto-hide-last-sibling-br paragraph_9dc5f paragraph-element\">ACR39F Smart Floppy tarjoaa optimaalisen ratkaisun \u00e4lykortinlukijoiden integroimiseen vaivattomasti ty\u00f6p\u00f6yd\u00e4n asetuksiin. Se yhdistet\u00e4\u00e4n USB-liit\u00e4nn\u00e4n kautta ja saa virtansa tietokoneen sis\u00e4isest\u00e4 virtal\u00e4hteest\u00e4, mik\u00e4 mahdollistaa r\u00e4\u00e4t\u00e4l\u00f6innin k\u00e4ytt\u00e4jien mieltymysten mukaan. ACR39F Smart Floppy tukee ISO 7816 Class A-, B- ja C-\u00e4lykortteja, ja se on my\u00f6s yhteensopiva useiden muistikorttien ja mikroprosessorikorttien kanssa. jotka k\u00e4ytt\u00e4v\u00e4t T=0- ja T=1-protokollia. Siin\u00e4 on USB Full Speed -liit\u00e4nt\u00e4 ja \u00e4lykorttien luku-\/kirjoitusnopeus 600 Kbps. T\u00e4m\u00e4 vankka laite on suunniteltu kest\u00e4m\u00e4\u00e4n v\u00e4hint\u00e4\u00e4n 100 000 kortin asetussykli\u00e4, mik\u00e4 takaa pitk\u00e4n k\u00e4ytt\u00f6i\u00e4n.<\/div>\n<div>\n<ul>\n<li>\n<h2>USB 2.0 Full Speed -liit\u00e4nt\u00e4 (irrotettavan kaapelin kautta)<\/h2>\n<\/li>\n<li>\n<h2>Yhteensopiva USB 3.0:n kanssa<\/h2>\n<\/li>\n<li>\n<h2>Plug and Play \u2013 CCID-tuki tuo \u00e4\u00e4rimm\u00e4ist\u00e4 liikkuvuutta<\/h2>\n<\/li>\n<li>\n<h2>\u00c4lykortinlukija:<\/h2>\n<ul>\n<li>\n<h3>Tukee ISO 7816 Class A, B ja C (5 V, 3 V, 1,8 V) kortteja<\/h3>\n<\/li>\n<li>\n<h3>Tukee CAC:t\u00e4<\/h3>\n<\/li>\n<li>\n<h3>Tukee SIPRNET-korttia<\/h3>\n<\/li>\n<li>\n<h3>Tukee J-LIS-korttia<\/h3>\n<\/li>\n<li>\n<h3>Tukee mikroprosessorikortteja T=0 tai T=1 protokollalla<\/h3>\n<\/li>\n<li>\n<h3>Tukee muistikortteja<\/h3>\n<\/li>\n<li>\n<h3>Tukee PPS:\u00e4\u00e4 (protokollan ja parametrien valinta)<\/h3>\n<\/li>\n<li>\n<h3>Oikosulkusuojaus<\/h3>\n<\/li>\n<\/ul>\n<\/li>\n<li>\n<h2>Sovellusohjelmointiliittym\u00e4:<\/h2>\n<ul>\n<li>\n<h3>Tukee PC\/SC:t\u00e4<\/h3>\n<\/li>\n<li>\n<h3>Tukee CT-API:t\u00e4 (PC\/SC:n p\u00e4\u00e4ll\u00e4 olevan k\u00e4\u00e4reen kautta)<\/h3>\n<\/li>\n<\/ul>\n<\/li>\n<li>\n<h2>Tukee Android\u2122-versioita 3.1 ja uudempia<\/h2>\n<\/li>\n<\/ul>\n<table style=\"height: 695px;\" width=\"639\">\n<tbody>\n<tr>\n<td colspan=\"2\" width=\"473\">\n<h2>Fyysiset ominaisuudet<\/h2>\n<\/td>\n<\/tr>\n<tr>\n<td width=\"179\">Mitat (mm)<\/td>\n<td width=\"294\">125,0\u00a0mm (P) \u00d7 101,0\u00a0mm (L) \u00d7 25,5\u00a0mm (K)<\/td>\n<\/tr>\n<tr>\n<td width=\"179\">Paino (g)<\/td>\n<td width=\"294\">82,5 g<\/td>\n<\/tr>\n<tr>\n<td colspan=\"2\" width=\"473\">USB-liit\u00e4nt\u00e4<\/td>\n<\/tr>\n<tr>\n<td width=\"179\">p\u00f6yt\u00e4kirja<\/td>\n<td width=\"294\">USB CCID<\/td>\n<\/tr>\n<tr>\n<td width=\"179\">Liittimen tyyppi<\/td>\n<td width=\"294\">1 x 5 Pins Header Connector<\/td>\n<\/tr>\n<tr>\n<td width=\"179\">Virtal\u00e4hde<\/td>\n<td width=\"294\">USB-portista<\/td>\n<\/tr>\n<tr>\n<td width=\"179\">Nopeus<\/td>\n<td width=\"294\">USB t\u00e4ysi nopeus (12 Mbps)<\/td>\n<\/tr>\n<tr>\n<td width=\"179\">Kaapelin pituus<\/td>\n<td width=\"294\">1,0 m, irrotettava<\/td>\n<\/tr>\n<tr>\n<td colspan=\"2\" width=\"473\">Ota yhteytt\u00e4 \u00e4lykortin k\u00e4ytt\u00f6liittym\u00e4\u00e4n<\/td>\n<\/tr>\n<tr>\n<td width=\"179\">Slottien m\u00e4\u00e4r\u00e4<\/td>\n<td width=\"294\">1 t\u00e4ysikokoinen korttipaikka<\/td>\n<\/tr>\n<tr>\n<td width=\"179\">Vakio<\/td>\n<td width=\"294\">ISO 7816, osat 1\u20134, luokka A, B, C (5 V, 3 V, 1,8 V)<\/td>\n<\/tr>\n<tr>\n<td width=\"179\">p\u00f6yt\u00e4kirja<\/td>\n<td width=\"294\">T = 0; T = 1; Muistikortin tuki<\/td>\n<\/tr>\n<tr>\n<td width=\"179\">muut<\/td>\n<td width=\"294\">SERT, PIV, SIPRNET, J-LIS \u00e4lykortit<\/td>\n<\/tr>\n<tr>\n<td colspan=\"2\" width=\"473\">Sertifikaatit\/vaatimustenmukaisuus<\/td>\n<\/tr>\n<tr>\n<td rowspan=\"9\" width=\"179\">Sertifikaatit\/vaatimustenmukaisuus<\/td>\n<td width=\"294\">EN60950\/IEC 60950<\/td>\n<\/tr>\n<tr>\n<td width=\"294\">ISO 7816<\/td>\n<\/tr>\n<tr>\n<td width=\"294\">USB t\u00e4ysi nopeus<\/td>\n<\/tr>\n<tr>\n<td width=\"294\">EMV\u2122 Taso 1 (Yhteystiedot)<\/td>\n<\/tr>\n<tr>\n<td width=\"294\">PC\/SC<\/td>\n<\/tr>\n<tr>\n<td width=\"294\">CCID<\/td>\n<\/tr>\n<tr>\n<td width=\"294\">CE<\/td>\n<\/tr>\n<tr>\n<td width=\"294\">FCC<\/td>\n<\/tr>\n<tr>\n<td width=\"294\">WEEE<\/td>\n<\/tr>\n<\/tbody>\n<\/table>\n<\/div>","protected":false},"excerpt":{"rendered":"<div class=\"auto-hide-last-sibling-br paragraph_9dc5f paragraph-element\">ACR39F Smart Floppy on monipuolinen EMV USB-kortinlukija, joka integroi \u00e4lykortinlukijat helposti ty\u00f6p\u00f6yd\u00e4n asetuksiin.<\/div>","protected":false},"featured_media":2881,"template":"","meta":[],"product_brand":[],"product_cat":[39],"product_tag":[],"class_list":{"0":"post-2877","1":"product","2":"type-product","3":"status-publish","4":"has-post-thumbnail","6":"product_cat-usb-ic-smartcard-reader","8":"first","9":"instock","10":"shipping-taxable","11":"product-type-simple"},"_links":{"self":[{"href":"https:\/\/nfc-readers.com\/fi\/wp-json\/wp\/v2\/product\/2877","targetHints":{"allow":["GET"]}}],"collection":[{"href":"https:\/\/nfc-readers.com\/fi\/wp-json\/wp\/v2\/product"}],"about":[{"href":"https:\/\/nfc-readers.com\/fi\/wp-json\/wp\/v2\/types\/product"}],"wp:featuredmedia":[{"embeddable":true,"href":"https:\/\/nfc-readers.com\/fi\/wp-json\/wp\/v2\/media\/2881"}],"wp:attachment":[{"href":"https:\/\/nfc-readers.com\/fi\/wp-json\/wp\/v2\/media?parent=2877"}],"wp:term":[{"taxonomy":"product_brand","embeddable":true,"href":"https:\/\/nfc-readers.com\/fi\/wp-json\/wp\/v2\/product_brand?post=2877"},{"taxonomy":"product_cat","embeddable":true,"href":"https:\/\/nfc-readers.com\/fi\/wp-json\/wp\/v2\/product_cat?post=2877"},{"taxonomy":"product_tag","embeddable":true,"href":"https:\/\/nfc-readers.com\/fi\/wp-json\/wp\/v2\/product_tag?post=2877"}],"curies":[{"name":"wp","href":"https:\/\/api.w.org\/{rel}","templated":true}]}}