{"id":3178,"date":"2024-10-29T13:08:37","date_gmt":"2024-10-29T13:08:37","guid":{"rendered":"https:\/\/nfc-readers.com\/?post_type=product&#038;p=3178"},"modified":"2024-10-29T14:04:44","modified_gmt":"2024-10-29T14:04:44","slug":"optional-random-id-mifare-ultralight-aes-sticker-iso1443a","status":"publish","type":"product","link":"https:\/\/nfc-readers.com\/fi\/ic-reader\/optional-random-id-mifare-ultralight-aes-sticker-iso1443a\/","title":{"rendered":"valinnainen Random ID Mifare Ultralight AES -tarra ISO1443A"},"content":{"rendered":"<h1><strong>valinnainen Random ID Mifare Ultralight AES -tarra ISO1443A<\/strong><\/h1>\n<p>The\u00a0<strong>Valinnainen Random ID Mifare Ultralight AES -tarra ISO14443A<\/strong>\u00a0edustaa modernin lipunmyynti- ja kulunvalvontateknologian huippua. T\u00e4m\u00e4 monipuolinen \u00e4lykortti yhdist\u00e4\u00e4 RFID- ja NFC-viestinn\u00e4n edut ja varmistaa korkean turvallisuuden ja k\u00e4ytt\u00f6mukavuuden, joten se sopii erinomaisesti erilaisiin sovelluksiin, kuten tapahtumalippuihin ja kanta-asiakaskortteihin. Jos etsit luotettavaa ratkaisua, joka loistaa suorituskyvylt\u00e4\u00e4n ja tarjoaa samalla saumattoman k\u00e4ytt\u00f6kokemuksen, \u00e4l\u00e4 etsi t\u00e4t\u00e4 innovatiivista tuotetta.<\/p>\n<h2>Miksi valita Mifare Ultralight AES -tarra?<\/h2>\n<p>Mifare Ultralight AES -tarra on suunniteltu parantamaan turvallisuutta ja k\u00e4ytett\u00e4vyytt\u00e4 monissa k\u00e4ytt\u00f6tapauksissa. AES-salauksella tietosi on suojattu luvattomalta k\u00e4yt\u00f6lt\u00e4, mik\u00e4 takaa mielenrauhan. Kompakti rakenne mahdollistaa helpon integroinnin olemassa oleviin j\u00e4rjestelmiin, kun taas laaja lukualue (jopa 100 cm) tarjoaa vertaansa vailla olevan k\u00e4ytt\u00f6mukavuuden. Investointi t\u00e4h\u00e4n tuotteeseen tarkoittaa investoimista huipputeknologiaan, joka vastaa erilaisiin tarpeisiin.<\/p>\n<h3><strong>Korkea turvallisuus AES-salauksella<\/strong><\/h3>\n<p>Mifare Ultralight AES -tarran ytimen\u00e4 on sen tarjoama korkeatasoinen suojaus\u00a0<strong>AES (Advanced Encryption Standard)<\/strong>. T\u00e4m\u00e4 huippuluokan salaustekniikka suojaa k\u00e4ytt\u00e4j\u00e4n tiedot ja varmistaa turvallisen viestinn\u00e4n tarran ja kortinlukijoiden v\u00e4lill\u00e4. Turvallisuushuolet lis\u00e4\u00e4ntyv\u00e4t edelleen nykyp\u00e4iv\u00e4n digitaalisessa ymp\u00e4rist\u00f6ss\u00e4, joten luotettava \u00e4lykorttiratkaisu on v\u00e4ltt\u00e4m\u00e4t\u00f6nt\u00e4 yrityksille, jotka pyrkiv\u00e4t suojaamaan arkaluonteisia tietoja.<\/p>\n<h3><strong>Monipuoliset k\u00e4ytt\u00f6alueet<\/strong><\/h3>\n<p>Mifare Ultralight AES -tarra ei ole vain \u00e4lykortti; se on monipuolinen ratkaisu, jota voidaan k\u00e4ytt\u00e4\u00e4 erilaisiin sovelluksiin. N\u00e4it\u00e4 ovat tapahtumaliput, kanta-asiakasohjelmat, kuljetuskortit ja kulunvalvontaj\u00e4rjestelm\u00e4t. The\u00a0<strong>ISO 14443A<\/strong>\u00a0vaatimustenmukaisuus varmistaa maailmanlaajuisen yhteensopivuuden, mik\u00e4 tekee siit\u00e4 eritt\u00e4in mukautuvan yrityksille, jotka haluavat virtaviivaistaa toimintaa ja parantaa k\u00e4ytt\u00f6kokemusta.<\/p>\n<h3><strong>Kompakti ja muokattava muotoilu<\/strong><\/h3>\n<p>The\u00a0<strong>30mm koko<\/strong>\u00a0Mifare Ultralight AES -tarra sopii helposti kiinnitett\u00e4viksi erilaisiin esineisiin, merkit ja avaimenper\u00e4t. Sen muokattavissa olevat vaihtoehdot tarjoavat yrityksille mahdollisuuden sis\u00e4llytt\u00e4\u00e4 br\u00e4nd\u00e4yst\u00e4 saumattomasti ja varmistaa, ett\u00e4 jokainen tarra ei vain toimi tehokkaasti vaan edustaa my\u00f6s br\u00e4ndi\u00e4si tehokkaasti.<\/p>\n<table class=\"preview\" style=\"height: 270px;\" width=\"553\">\n<thead>\n<tr>\n<th>Ominaisuus<\/th>\n<th>Erittely<\/th>\n<\/tr>\n<\/thead>\n<tbody>\n<tr>\n<td>Materiaali<\/td>\n<td>PET\/p\u00e4\u00e4llystetty paperi<\/td>\n<\/tr>\n<tr>\n<td>Siru<\/td>\n<td>Ultrakevyt AES<\/td>\n<\/tr>\n<tr>\n<td>Taajuus<\/td>\n<td>13,56 MHz<\/td>\n<\/tr>\n<tr>\n<td>Lukualue<\/td>\n<td>0-100 cm<\/td>\n<\/tr>\n<tr>\n<td>Muisti<\/td>\n<td>144 tavua<\/td>\n<\/tr>\n<tr>\n<td>p\u00f6yt\u00e4kirja<\/td>\n<td>ISO 14443A<\/td>\n<\/tr>\n<tr>\n<td>Yksik\u00f6iden myynti<\/td>\n<td>Yksitt\u00e4inen esine<\/td>\n<\/tr>\n<tr>\n<td>Pakkauskoko<\/td>\n<td>0,1 x 0,1 x 0,02 cm<\/td>\n<\/tr>\n<tr>\n<td>Bruttopaino<\/td>\n<td>0,010 kg<\/td>\n<\/tr>\n<\/tbody>\n<\/table>\n<p>&nbsp;<\/p>","protected":false},"excerpt":{"rendered":"<p>Valinnainen Random ID MIFARE Ultralight AES -tarra, joka on yhteensopiva ISO 14443A -standardin kanssa, tarjoaa parannettuja suojaominaisuuksia ja joustavan tiedonhallinnan tehokkaita kulunvalvonta- ja tunnistusratkaisuja varten. Sen kompakti muotoilu mahdollistaa helpon integroinnin erilaisiin sovelluksiin varmistaen samalla luotettavan suorituskyvyn.<\/p>","protected":false},"featured_media":3179,"template":"","meta":[],"product_brand":[],"product_cat":[48],"product_tag":[],"class_list":{"0":"post-3178","1":"product","2":"type-product","3":"status-publish","4":"has-post-thumbnail","6":"product_cat-nfc-stickers","8":"first","9":"instock","10":"shipping-taxable","11":"product-type-simple"},"_links":{"self":[{"href":"https:\/\/nfc-readers.com\/fi\/wp-json\/wp\/v2\/product\/3178","targetHints":{"allow":["GET"]}}],"collection":[{"href":"https:\/\/nfc-readers.com\/fi\/wp-json\/wp\/v2\/product"}],"about":[{"href":"https:\/\/nfc-readers.com\/fi\/wp-json\/wp\/v2\/types\/product"}],"wp:featuredmedia":[{"embeddable":true,"href":"https:\/\/nfc-readers.com\/fi\/wp-json\/wp\/v2\/media\/3179"}],"wp:attachment":[{"href":"https:\/\/nfc-readers.com\/fi\/wp-json\/wp\/v2\/media?parent=3178"}],"wp:term":[{"taxonomy":"product_brand","embeddable":true,"href":"https:\/\/nfc-readers.com\/fi\/wp-json\/wp\/v2\/product_brand?post=3178"},{"taxonomy":"product_cat","embeddable":true,"href":"https:\/\/nfc-readers.com\/fi\/wp-json\/wp\/v2\/product_cat?post=3178"},{"taxonomy":"product_tag","embeddable":true,"href":"https:\/\/nfc-readers.com\/fi\/wp-json\/wp\/v2\/product_tag?post=3178"}],"curies":[{"name":"wp","href":"https:\/\/api.w.org\/{rel}","templated":true}]}}