{"id":3186,"date":"2024-10-29T13:27:39","date_gmt":"2024-10-29T13:27:39","guid":{"rendered":"https:\/\/nfc-readers.com\/?post_type=product&#038;p=3186"},"modified":"2024-10-29T13:59:52","modified_gmt":"2024-10-29T13:59:52","slug":"dia-30mm-ntag-424-dna-nfc-sticker-tamper-proof-high-security","status":"publish","type":"product","link":"https:\/\/nfc-readers.com\/fi\/ic-reader\/dia-30mm-ntag-424-dna-nfc-sticker-tamper-proof-high-security\/","title":{"rendered":"Halkaisija 30 mm NTAG 424 DNA NFC -tarra Peukaloinninkest\u00e4v\u00e4 korkea turvallisuus"},"content":{"rendered":"<h2><strong>Halkaisija 30 mm NTAG 424 DNA NFC -tarra Peukaloinninkest\u00e4v\u00e4 korkea turvallisuus<\/strong><\/h2>\n<p>L\u00f6yd\u00e4 suojatun viestinn\u00e4n seuraava taso <strong>Halkaisija 30 mm NTAG 424 DNA NFC -tarra<\/strong>. T\u00e4m\u00e4 on suunniteltu yrityksille, jotka haluavat parantaa turvatoimiaan\u00a0<strong>NFC-kortti<\/strong>\u00a0hy\u00f6dynt\u00e4\u00e4 huipputeknologiaa, joka ei ainoastaan est\u00e4 peukalointia, vaan my\u00f6s varmistaa saumattoman j\u00e4ljitett\u00e4vyyden. T\u00e4m\u00e4 monipuolinen NFC-tarra on korvaamaton etu, olitpa sitten viinialalla, joka painottaa v\u00e4\u00e4renn\u00f6sten torjuntatoimia, tai jollain muulla alalla, joka tarvitsee edistynytt\u00e4 suojaa.<\/p>\n<p>&nbsp;<\/p>\n<h2><strong>Dia 30 mm NTAG 424 DNA NFC -tarran t\u00e4rkeimm\u00e4t edut<\/strong><\/h2>\n<p>The\u00a0<strong>NTAG 424 DNA NFC -tarra<\/strong>\u00a0integroi huippuominaisuuksia tarjotakseen huippuluokan turvallisuutta ja k\u00e4ytt\u00f6mukavuutta. Sen joustavuus ja helppok\u00e4ytt\u00f6isyys tekev\u00e4t siit\u00e4 erottuvan ratkaisun yrityksille, jotka pyrkiv\u00e4t parantamaan viestint\u00e4\u00e4 ja j\u00e4ljitett\u00e4vyytt\u00e4. Kyky kuljettaa t\u00e4rkeit\u00e4 tietoja turvallisesti, n\u00e4m\u00e4\u00a0<strong>NFC tuotteet<\/strong>\u00a0on varustettu 128-bittisell\u00e4 AES-suojauksella, mik\u00e4 tekee niist\u00e4 v\u00e4\u00e4renn\u00f6ksi\u00e4 vastustavia. Investoimalla t\u00e4h\u00e4n innovatiiviseen tuotteeseen et vain turvaa br\u00e4ndisi eheytt\u00e4 vaan my\u00f6s lis\u00e4\u00e4 asiakkaiden luottamusta.<\/p>\n<p>&nbsp;<\/p>\n<h3><strong>Innovatiivinen NFC-k\u00e4yntikorttiratkaisu<\/strong><\/h3>\n<p>The\u00a0<strong>Halkaisija 30 mm NTAG 424 DNA NFC -tarra<\/strong>\u00a0m\u00e4\u00e4rittelee uudelleen, miten koemme perinteisi\u00e4 k\u00e4yntikortteja. Kuten a\u00a0<strong>digitaalinen k\u00e4yntikortti<\/strong>, sen avulla k\u00e4ytt\u00e4j\u00e4t voivat &quot;napauttaa&quot; \u00e4lypuhelintaan ker\u00e4t\u00e4kseen yhteystietoja vaivattomasti. Unohda useiden paperikorttien kantaminen; yksinkertaisella kosketuksella asiakkaat p\u00e4\u00e4sev\u00e4t sosiaalisen median profiileihisi ja yhteystietoihisi hetkess\u00e4. T\u00e4m\u00e4\u00a0<strong>NFC-k\u00e4yntikortti<\/strong>\u00a0ei vain paranna br\u00e4ndisi ammattikuvaa, vaan my\u00f6s osoittaa sitoutumisesi modernin teknologian k\u00e4ytt\u00f6\u00f6n.<\/p>\n<p>Lis\u00e4ksi n\u00e4m\u00e4\u00a0<strong>NFC-kortit<\/strong>\u00a0sopivat erinomaisesti verkostoitumiseen, jossa ensivaikutelmalla on v\u00e4li\u00e4. Niiden avulla voit erottua kilpaillussa ymp\u00e4rist\u00f6ss\u00e4 tekem\u00e4ll\u00e4 tiedon jakamisesta interaktiivista ja mieleenpainuvaa.<\/p>\n<p>&nbsp;<\/p>\n<h3><strong>Usein kysytyt kysymykset (FAQ)<\/strong><\/h3>\n<p><strong>K: Kuinka k\u00e4yt\u00e4n NFC-tarraa?<\/strong><br \/>\nV: Napauta vain \u00e4lypuhelinta tarraa vasten, niin upotetut tiedot tulevat n\u00e4kyviin n\u00e4yt\u00f6lle.<\/p>\n<p><strong>K: Ovatko NFC-tarrat muokattavissa?<\/strong><br \/>\nV: Kyll\u00e4, tarjoamme mukautettavia malleja, kuten logoja ja tekstivaihtoehtoja, joiden avulla voit luoda ainutlaatuisen NFC-kokemuksen.<\/p>\n<p><strong>K: Mik\u00e4 on Dia 30mm NTAG 424 DNA NFC -tarran k\u00e4ytt\u00f6ik\u00e4?<\/strong><br \/>\nV: 200 000 syklin kirjoituskest\u00e4vyyden ansiosta n\u00e4m\u00e4 tarrat on suunniteltu pitk\u00e4aikaiseen k\u00e4ytt\u00f6\u00f6n ja luotettavuuteen.<\/p>\n<p><strong>K: Voinko k\u00e4ytt\u00e4\u00e4 n\u00e4it\u00e4 tarroja kampanjoihin?<\/strong><br \/>\nA: Ehdottomasti! Ne sopivat t\u00e4ydellisesti interaktiivisiin myynninedist\u00e4miskampanjoihin, ja niit\u00e4 voidaan k\u00e4ytt\u00e4\u00e4 tarjousten, alennusten tai tuotetietojen jakamiseen.<\/p>\n<p>&nbsp;<\/p>\n<p>&nbsp;<\/p>\n<h3><strong>NFC-kortin tekniset tiedot<\/strong><\/h3>\n<table class=\"preview\" style=\"height: 299px;\" width=\"532\">\n<thead>\n<tr>\n<th><strong>Ominaisuus<\/strong><\/th>\n<th><strong>Yksityiskohdat<\/strong><\/th>\n<\/tr>\n<\/thead>\n<tbody>\n<tr>\n<td><strong>Sirun tyyppi<\/strong><\/td>\n<td>NTAG 424 DNA<\/td>\n<\/tr>\n<tr>\n<td><strong>Muisti<\/strong><\/td>\n<td>416 tavua<\/td>\n<\/tr>\n<tr>\n<td><strong>Turvallisuus<\/strong><\/td>\n<td>128-bittinen AES, LRP<\/td>\n<\/tr>\n<tr>\n<td><strong>P\u00e4\u00e4syn\u00e4pp\u00e4imet<\/strong><\/td>\n<td>5 x 128 bitti\u00e4<\/td>\n<\/tr>\n<tr>\n<td><strong>Kirjoita Endurance<\/strong><\/td>\n<td>200 000 sykli\u00e4<\/td>\n<\/tr>\n<tr>\n<td><strong>Viestint\u00e4liittym\u00e4<\/strong><\/td>\n<td>NFC-foorumityyppi 4<\/td>\n<\/tr>\n<tr>\n<td><strong>Materiaali<\/strong><\/td>\n<td>LEMMIKKI<\/td>\n<\/tr>\n<tr>\n<td><strong>Antennin koko<\/strong><\/td>\n<td>Halkaisija 30 mm<\/td>\n<\/tr>\n<tr>\n<td><strong>Pakkaus<\/strong><\/td>\n<td>1000-5000 kpl\/rulla<\/td>\n<\/tr>\n<tr>\n<td><strong>Sertifiointi<\/strong><\/td>\n<td>ISO14443A, ISO15693<\/td>\n<\/tr>\n<\/tbody>\n<\/table>\n<p>&nbsp;<\/p>","protected":false},"excerpt":{"rendered":"<p>Dia 30 mm NTAG 424 DNA NFC -tarra tarjoaa korkean turvallisuuden v\u00e4\u00e4rent\u00e4misen est\u00e4v\u00e4ll\u00e4 tekniikalla, mik\u00e4 takaa luotettavan tietosuojan ja saumattoman k\u00e4ytt\u00f6kokemuksen. T\u00e4ydellinen yrityksille, jotka tarvitsevat turvallisia ratkaisuja!<\/p>","protected":false},"featured_media":3188,"template":"","meta":[],"product_brand":[],"product_cat":[48],"product_tag":[],"class_list":{"0":"post-3186","1":"product","2":"type-product","3":"status-publish","4":"has-post-thumbnail","6":"product_cat-nfc-stickers","8":"first","9":"instock","10":"shipping-taxable","11":"product-type-simple"},"_links":{"self":[{"href":"https:\/\/nfc-readers.com\/fi\/wp-json\/wp\/v2\/product\/3186","targetHints":{"allow":["GET"]}}],"collection":[{"href":"https:\/\/nfc-readers.com\/fi\/wp-json\/wp\/v2\/product"}],"about":[{"href":"https:\/\/nfc-readers.com\/fi\/wp-json\/wp\/v2\/types\/product"}],"wp:featuredmedia":[{"embeddable":true,"href":"https:\/\/nfc-readers.com\/fi\/wp-json\/wp\/v2\/media\/3188"}],"wp:attachment":[{"href":"https:\/\/nfc-readers.com\/fi\/wp-json\/wp\/v2\/media?parent=3186"}],"wp:term":[{"taxonomy":"product_brand","embeddable":true,"href":"https:\/\/nfc-readers.com\/fi\/wp-json\/wp\/v2\/product_brand?post=3186"},{"taxonomy":"product_cat","embeddable":true,"href":"https:\/\/nfc-readers.com\/fi\/wp-json\/wp\/v2\/product_cat?post=3186"},{"taxonomy":"product_tag","embeddable":true,"href":"https:\/\/nfc-readers.com\/fi\/wp-json\/wp\/v2\/product_tag?post=3186"}],"curies":[{"name":"wp","href":"https:\/\/api.w.org\/{rel}","templated":true}]}}