{"id":3195,"date":"2024-10-29T13:40:47","date_gmt":"2024-10-29T13:40:47","guid":{"rendered":"https:\/\/nfc-readers.com\/?post_type=product&#038;p=3195"},"modified":"2024-10-29T14:03:42","modified_gmt":"2024-10-29T14:03:42","slug":"iso14443a-pet-wet-inlay-nfc-sticker-dia30mm-for-smart-phone","status":"publish","type":"product","link":"https:\/\/nfc-readers.com\/fi\/ic-reader\/iso14443a-pet-wet-inlay-nfc-sticker-dia30mm-for-smart-phone\/","title":{"rendered":"ISO14443A PET Wet Inlay NFC-tarra halkaisija 30mm \u00e4lypuhelimeen"},"content":{"rendered":"<h2 style=\"text-align: center;\"><strong>ISO14443A PET Wet Inlay NFC-tarra halkaisija 30mm \u00e4lypuhelimeen<\/strong><\/h2>\n<p>&nbsp;<\/p>\n<p>Nykyp\u00e4iv\u00e4n nopeatempoisessa digitaalisessa maailmassa viestinn\u00e4n on oltava saumatonta ja tehokasta. The\u00a0<strong>ISO14443A PET Wet Inlay NFC-tarra halkaisija 30mm \u00e4lypuhelimeen<\/strong>\u00a0on suunniteltu mullistamaan tapa, jolla jaat tietojasi. Olitpa yrityksen omistaja, luova ammattilainen tai joku, joka haluaa yksinkertaistaa yhteystietojen jakamista, t\u00e4m\u00e4 NFC-kortti tarjoaa lukemattomia etuja, jotka tekev\u00e4t siit\u00e4 korvaamattoman ty\u00f6kalun. Vedenpit\u00e4v\u00e4 rakenne, mukautettavat ominaisuudet ja yhteensopivuus kaikkien \u00e4lypuhelimien kanssa tekev\u00e4t siit\u00e4 paitsi k\u00e4yt\u00e4nn\u00f6llisen ratkaisun, my\u00f6s tyylikk\u00e4\u00e4n lis\u00e4yksen verkkoty\u00f6kalupakkiisi.<\/p>\n<p>Kuvittele, ett\u00e4 jaat yhteystietosi, sosiaalisen median profiilisi tai mukautetut linkit yksinkertaisesti napauttamalla \u00e4lypuhelinta t\u00e4t\u00e4 NFC-tarraa vasten! Pohditaanpa tarkemmin, mik\u00e4 tekee t\u00e4st\u00e4 NFC-tuotteesta erottuvan joukosta ja miksi sinun kannattaa harkita sen ottamista osaksi digitaalista arsenaaliasi.<\/p>\n<p>&nbsp;<\/p>\n<h3><strong>NFC-k\u00e4yntikortin t\u00e4rkeimm\u00e4t ominaisuudet<\/strong><\/h3>\n<p>The\u00a0<strong>NFC-k\u00e4yntikortti<\/strong>\u00a0ylitt\u00e4\u00e4 perinteiset kortit vaikuttavilla ominaisuuksillaan, jotka lis\u00e4\u00e4v\u00e4t arvoa ammatilliseen vuorovaikutukseen. Varustettu\u00a0<strong>NTAG-sirut<\/strong>\u00a0(213, 215, 216), t\u00e4m\u00e4 NFC-tuote mahdollistaa saumattoman tiedonsiirron, jolloin voit jakaa t\u00e4rkeit\u00e4 tietoja ilman paperikorttien vaivaa. Sen kest\u00e4vyys varmistaa my\u00f6s sen kest\u00e4vyyden erilaisissa ymp\u00e4rist\u00f6olosuhteissa, mik\u00e4 tekee siit\u00e4 luotettavan ulkok\u00e4ytt\u00f6\u00f6n.<\/p>\n<p>&nbsp;<\/p>\n<h3><strong>NFC-tarrojen tekniset tiedot<\/strong><\/h3>\n<table class=\"preview\" style=\"height: 234px;\" width=\"525\">\n<thead>\n<tr>\n<th>Erittely<\/th>\n<th>Yksityiskohta<\/th>\n<\/tr>\n<\/thead>\n<tbody>\n<tr>\n<td><strong>p\u00f6yt\u00e4kirja<\/strong><\/td>\n<td>ISO14443A<\/td>\n<\/tr>\n<tr>\n<td><strong>Materiaali<\/strong><\/td>\n<td>PET kest\u00e4\u00e4 kosteutta<\/td>\n<\/tr>\n<tr>\n<td><strong>Sirun asetukset<\/strong><\/td>\n<td>NTAG 213, NTAG 215, NTAG 216<\/td>\n<\/tr>\n<tr>\n<td><strong>Koko<\/strong><\/td>\n<td>Halkaisija 30mm\/R\u00e4\u00e4t\u00e4l\u00f6ity<\/td>\n<\/tr>\n<tr>\n<td><strong>Muistin kapasiteetti<\/strong><\/td>\n<td>144 \/ 504 \/ 888 tavua<\/td>\n<\/tr>\n<tr>\n<td><strong>Yhteensopivat laitteet<\/strong><\/td>\n<td>NFC-tekniikalla varustetut puhelimet<\/td>\n<\/tr>\n<tr>\n<td><strong>Pakkauksen tiedot<\/strong><\/td>\n<td>100kpl\/pussi, 5000kpl\/laatikko<\/td>\n<\/tr>\n<tr>\n<td><strong>Portti<\/strong><\/td>\n<td>Shenzhen<\/td>\n<\/tr>\n<\/tbody>\n<\/table>\n<p>&nbsp;<\/p>\n<h3><strong>Usein kysyttyj\u00e4 kysymyksi\u00e4 NFC-korteista<\/strong><\/h3>\n<p>&nbsp;<\/p>\n<h3>Mik\u00e4 on an\u00a0<strong>NFC-kortti<\/strong>?<\/h3>\n<p>NFC-kortti on kontaktiton \u00e4lykortti, joka k\u00e4ytt\u00e4\u00e4 Near Field Communication -tekniikkaa tiedonsiirron helpottamiseksi yksinkertaisesti napauttamalla sit\u00e4 NFC-yhteensopivaa laitetta vasten.<\/p>\n<h3>Kuinka ohjelmoin omani\u00a0<strong>NFC-siru<\/strong>?<\/h3>\n<p>Voit k\u00e4ytt\u00e4\u00e4 erilaisia \u00e4lypuhelimissa saatavilla olevia NFC-sovelluksia NFC-tarrojen ohjelmointiin. N\u00e4iden sovellusten avulla voit sy\u00f6tt\u00e4\u00e4 tietoja, jotka haluat jakaa, kuten yhteystiedot tai tietyt linkit.<\/p>\n<h3>Are\u00a0<strong>NFC digitaaliset k\u00e4yntikortit<\/strong>\u00a0yhteensopiva kaikkien laitteiden kanssa?<\/h3>\n<p>Kyll\u00e4, NFC-tarramme ovat yhteensopivia kaikkien NFC-ominaisuuksilla varustettujen \u00e4lypuhelimien kanssa. T\u00e4m\u00e4 varmistaa laajan ulottuvuuden ja saavutettavuuden, jolloin voit olla yhteydess\u00e4 useampaan henkil\u00f6\u00f6n.<\/p>\n<h3>Onko mahdollista seurata vuorovaikutusta NFC-tuotteideni kanssa?<\/h3>\n<p>Vaikka erillisiss\u00e4 NFC-tarroissa ei ole seurantaominaisuuksia, voit k\u00e4ytt\u00e4\u00e4 analyyttisi\u00e4 ty\u00f6kaluja klikkausten ja vuorovaikutusten seuraamiseen, kun ne on linkitetty tiettyihin URL-osoitteisiin.<\/p>\n<h3>Voinko saada ilmaisen toimituksen tilaukselleni?<\/h3>\n<p>Kyll\u00e4! Tarjoamme usein ilmaisen toimituksen, erityisesti joukkotilauksille. Tarkista viimeisimm\u00e4t kampanjamme saadaksesi lis\u00e4tietoja.<\/p>\n<p>&nbsp;<\/p>\n<p>&nbsp;<\/p>","protected":false},"excerpt":{"rendered":"<p>The\u00a0<strong>ISO14443A PET Wet Inlay NFC-tarra halkaisija 30mm<\/strong>\u00a0on monipuolinen, vedenpit\u00e4v\u00e4 NFC-ratkaisu, joka on suunniteltu saumattomaan tiedon jakamiseen \u00e4lypuhelimien kanssa. T\u00e4m\u00e4 kompakti tarra mahdollistaa nopean p\u00e4\u00e4syn yhteystietoihisi ja digitaalisiin profiileihisi yhdell\u00e4 napautuksella, mullistaen verkottumisen ja viestinn\u00e4n.<\/p>","protected":false},"featured_media":3196,"template":"","meta":[],"product_brand":[],"product_cat":[48],"product_tag":[],"class_list":{"0":"post-3195","1":"product","2":"type-product","3":"status-publish","4":"has-post-thumbnail","6":"product_cat-nfc-stickers","8":"first","9":"instock","10":"shipping-taxable","11":"product-type-simple"},"_links":{"self":[{"href":"https:\/\/nfc-readers.com\/fi\/wp-json\/wp\/v2\/product\/3195","targetHints":{"allow":["GET"]}}],"collection":[{"href":"https:\/\/nfc-readers.com\/fi\/wp-json\/wp\/v2\/product"}],"about":[{"href":"https:\/\/nfc-readers.com\/fi\/wp-json\/wp\/v2\/types\/product"}],"wp:featuredmedia":[{"embeddable":true,"href":"https:\/\/nfc-readers.com\/fi\/wp-json\/wp\/v2\/media\/3196"}],"wp:attachment":[{"href":"https:\/\/nfc-readers.com\/fi\/wp-json\/wp\/v2\/media?parent=3195"}],"wp:term":[{"taxonomy":"product_brand","embeddable":true,"href":"https:\/\/nfc-readers.com\/fi\/wp-json\/wp\/v2\/product_brand?post=3195"},{"taxonomy":"product_cat","embeddable":true,"href":"https:\/\/nfc-readers.com\/fi\/wp-json\/wp\/v2\/product_cat?post=3195"},{"taxonomy":"product_tag","embeddable":true,"href":"https:\/\/nfc-readers.com\/fi\/wp-json\/wp\/v2\/product_tag?post=3195"}],"curies":[{"name":"wp","href":"https:\/\/api.w.org\/{rel}","templated":true}]}}