{"id":3204,"date":"2024-10-30T02:21:36","date_gmt":"2024-10-30T02:21:36","guid":{"rendered":"https:\/\/nfc-readers.com\/?post_type=product&#038;p=3204"},"modified":"2024-10-30T02:21:37","modified_gmt":"2024-10-30T02:21:37","slug":"acr122u-nfc-smart-card-skimmer","status":"publish","type":"product","link":"https:\/\/nfc-readers.com\/fi\/ic-reader\/acr122u-nfc-smart-card-skimmer\/","title":{"rendered":"ACR122U NFC Smart Card Skimmer"},"content":{"rendered":"<h1 class=\"AnswerParser_AnswerParserH1__6UNv6\">Tehosta liiketoimintaasi ACR122U NFC-lukijalla<\/h1>\n<p><span class=\"AnswerParser_TextContainer__z_Iiv\" data-testid=\"youchat-text\">Nopeasti kehittyv\u00e4ss\u00e4 teknologian maailmassa\u00a0<strong>NFC (Near Field Communication)<\/strong>\u00a0on noussut pelin muuttajana vuorovaikutuksessa laitteiden kanssa ja tapahtumien suorittamisessa. The\u00a0<strong>ACR122U NFC-lukija<\/strong>\u00a0on tehokas ty\u00f6kalu, joka on suunniteltu helpottamaan saumatonta viestint\u00e4\u00e4 erilaisten kanssa\u00a0<strong>NFC-tunnisteet<\/strong>\u00a0ja\u00a0<strong>\u00e4lykortit<\/strong>. T\u00e4m\u00e4\u00a0<strong>NFC lukija<\/strong>\u00a0ei ainoastaan lis\u00e4\u00e4 turvallisuutta ja tehokkuutta, vaan my\u00f6s avaa uusia mahdollisuuksia yrityksille ja yksityishenkil\u00f6ille. Edistyneiden ominaisuuksiensa ja k\u00e4ytt\u00e4j\u00e4yst\u00e4v\u00e4llisen suunnittelunsa ansiosta ACR122U on olennainen lis\u00e4 jokaiseen tekniikkaa ymm\u00e4rt\u00e4v\u00e4\u00e4n ymp\u00e4rist\u00f6\u00f6n.<\/span><\/p>\n<h2 class=\"AnswerParser_AnswerParserH2__SIHnF\">Miksi valita ACR122U NFC-lukija?<\/h2>\n<p><span class=\"AnswerParser_TextContainer__z_Iiv\" data-testid=\"youchat-text\">ACR122U NFC Reader erottuu markkinoilla vaikuttavien teknisten ominaisuuksiensa ja monipuolisuutensa ansiosta. Kanssa a\u00a0<strong>USB 2.0 t\u00e4ysi nopeusliit\u00e4nt\u00e4<\/strong>\u00a0joka noudattaa\u00a0<strong>CCID-standardi<\/strong>, t\u00e4m\u00e4 lukija varmistaa nopeat ja luotettavat liit\u00e4nn\u00e4t. Sen\u00a0<strong>luku\/kirjoitusnopeus<\/strong>\u00a0jopa\u00a0<strong>424 kbps<\/strong>\u00a0mahdollistaa tehokkaan tiedonsiirron, kun taas sis\u00e4\u00e4nrakennettu antenni tarjoaa lukuet\u00e4isyyden jopa\u00a0<strong>50 mm<\/strong>, riippuen k\u00e4ytetyn tunnisteen tyypist\u00e4. T\u00e4m\u00e4 nopeuden ja monipuolisuuden yhdistelm\u00e4 tekee ACR122U:sta ihanteellisen valinnan erilaisiin sovelluksiin turvallisista tapahtumista tehokkaaseen kulunvalvontaan.<\/span><\/p>\n<h2 class=\"AnswerParser_AnswerParserH2__SIHnF\">Tuotekuvaus<\/h2>\n<h3 class=\"AnswerParser_AnswerParserH3__Mpe4s\">1. NFC-lukija: Nopea suorituskyky<\/h3>\n<p><span class=\"AnswerParser_TextContainer__z_Iiv\" data-testid=\"youchat-text\">ACR122U NFC Reader on varustettu a\u00a0<strong>USB 2.0 t\u00e4ysi nopeusliit\u00e4nt\u00e4<\/strong>, mik\u00e4 varmistaa nopeat tiedonsiirtonopeudet. Kanssa a\u00a0<strong>luku\/kirjoitusnopeus<\/strong>\u00a0jopa\u00a0<strong>424 kbps<\/strong>, sen avulla k\u00e4ytt\u00e4j\u00e4t voivat nopeasti k\u00e4ytt\u00e4\u00e4 ja hallita tietoja\u00a0<strong>NFC-tunnisteet<\/strong>\u00a0ja\u00a0<strong>RFID-kortit<\/strong>. T\u00e4m\u00e4 nopea suorituskyky on ratkaisevan t\u00e4rke\u00e4 sovelluksille, jotka vaativat nopeita tapahtumia, kuten kassaj\u00e4rjestelm\u00e4t ja kulunvalvonta.<\/span><\/p>\n<h3 class=\"AnswerParser_AnswerParserH3__Mpe4s\">2. Monipuolinen yhteensopivuus<\/h3>\n<p><span class=\"AnswerParser_TextContainer__z_Iiv\" data-testid=\"youchat-text\">T\u00e4m\u00e4\u00a0<strong>\u00e4lykortin lukija<\/strong>\u00a0tukee laajaa valikoimaa korttityyppej\u00e4, mukaan lukien\u00a0<strong>A- ja B-luokan kortit<\/strong>\u00a0kohdassa m\u00e4\u00e4riteltyn\u00e4\u00a0<strong>ISO 14443<\/strong>,\u00a0<strong>Mifare kortit<\/strong>, ja\u00a0<strong>FeliCa-kortit<\/strong>. Lis\u00e4ksi se on yhteensopiva kaikkien nelj\u00e4n tyypin kanssa\u00a0<strong>NFC-tunnisteet<\/strong>\u00a0mukaan\u00a0<strong>ISO\/IEC 18092<\/strong>\u00a0standardi. T\u00e4m\u00e4 monipuolisuus tekee ACR122U:sta sopivan useille aloille v\u00e4hitt\u00e4iskaupasta kuljetuksiin.<\/span><\/p>\n<h3 class=\"AnswerParser_AnswerParserH3__Mpe4s\">3. Sis\u00e4\u00e4nrakennettu antenni kontaktitonta k\u00e4ytt\u00f6\u00e4 varten<\/h3>\n<p><span class=\"AnswerParser_TextContainer__z_Iiv\" data-testid=\"youchat-text\">ACR122U:ssa on sis\u00e4\u00e4nrakennettu antenni, joka mahdollistaa kosketuksettomien tunnisteiden k\u00e4yt\u00f6n. Lukuet\u00e4isyydell\u00e4 jopa\u00a0<strong>50 mm<\/strong>, k\u00e4ytt\u00e4j\u00e4t voivat olla vuorovaikutuksessa korttiensa kanssa ilman fyysist\u00e4 kontaktia. T\u00e4m\u00e4 ominaisuus parantaa k\u00e4ytt\u00f6mukavuutta ja hygieniaa, mik\u00e4 tekee siit\u00e4 ihanteellisen ymp\u00e4rist\u00f6ihin, joissa nopea p\u00e4\u00e4sy on v\u00e4ltt\u00e4m\u00e4t\u00f6nt\u00e4.<\/span><\/p>\n<h3 class=\"AnswerParser_AnswerParserH3__Mpe4s\">4. T\u00f6rm\u00e4yksenestotoiminto<\/h3>\n<p><span class=\"AnswerParser_TextContainer__z_Iiv\" data-testid=\"youchat-text\">Yksi ACR122U:n erottuvista ominaisuuksista on sen sis\u00e4\u00e4nrakennettu t\u00f6rm\u00e4yksenestokyky. T\u00e4m\u00e4 varmistaa, ett\u00e4 vain yht\u00e4 tunnistetta voidaan k\u00e4ytt\u00e4\u00e4 kerrallaan, mik\u00e4 est\u00e4\u00e4 tietoh\u00e4iri\u00f6t ja parantaa turvallisuutta. T\u00e4m\u00e4 ominaisuus on erityisen t\u00e4rke\u00e4 ymp\u00e4rist\u00f6iss\u00e4, joissa voi olla useita kortteja, kuten kulunvalvontaj\u00e4rjestelmiss\u00e4.<\/span><\/p>\n<h3 class=\"AnswerParser_AnswerParserH3__Mpe4s\">5. Sovellusohjelmointirajapinnan (API) tuki<\/h3>\n<p><span class=\"AnswerParser_TextContainer__z_Iiv\" data-testid=\"youchat-text\">ACR122U tukee molempia\u00a0<strong>PC\/SC<\/strong>\u00a0ja\u00a0<strong>CT-API<\/strong>, mik\u00e4 mahdollistaa helpon integroinnin eri ohjelmistosovelluksiin. T\u00e4m\u00e4n joustavuuden ansiosta kehitt\u00e4j\u00e4t voivat luoda mukautettuja ratkaisuja, jotka hy\u00f6dynt\u00e4v\u00e4t ACR122U:n ominaisuuksia, mik\u00e4 tekee siit\u00e4 arvokkaan ty\u00f6kalun yrityksille, jotka haluavat ottaa k\u00e4ytt\u00f6\u00f6n NFC-teknologiaa.<\/span><\/p>\n<h3 class=\"AnswerParser_AnswerParserH3__Mpe4s\">6. K\u00e4ytt\u00e4j\u00e4yst\u00e4v\u00e4llinen muotoilu<\/h3>\n<p><span class=\"AnswerParser_TextContainer__z_Iiv\" data-testid=\"youchat-text\">ACR122U on suunniteltu k\u00e4ytt\u00e4j\u00e4kokemusta ajatellen. Siin\u00e4 on a\u00a0<strong>kaksiv\u00e4rinen LED-merkkivalo<\/strong>\u00a0joka antaa visuaalista palautetta k\u00e4yt\u00f6n aikana, sek\u00e4 a\u00a0<strong>monotoninen summeri<\/strong>\u00a0\u00e4\u00e4ni-ilmoituksia varten. N\u00e4m\u00e4 ominaisuudet parantavat k\u00e4ytett\u00e4vyytt\u00e4 ja varmistavat, ett\u00e4 k\u00e4ytt\u00e4j\u00e4t ovat aina tietoisia lukijan tilasta.<\/span><\/p>\n<h3 class=\"AnswerParser_AnswerParserH3__Mpe4s\">7. Yhteensopivuus Androidin ja iOS:n kanssa<\/h3>\n<p><span class=\"AnswerParser_TextContainer__z_Iiv\" data-testid=\"youchat-text\">ACR122U tukee\u00a0<strong>Android MOS 3.1 ja uudemmat<\/strong>, joten se on monipuolinen valinta mobiilisovelluksiin. T\u00e4m\u00e4n yhteensopivuuden ansiosta k\u00e4ytt\u00e4j\u00e4t voivat hy\u00f6dynt\u00e4\u00e4 NFC-teknologiaa \u00e4lypuhelimissaan ja tableteissaan, mik\u00e4 mahdollistaa laajan valikoiman toimintoja mobiilimaksuista tiedon jakamiseen.<\/span><\/p>\n<h3 class=\"AnswerParser_AnswerParserH3__Mpe4s\">8. Tekniset tiedot<\/h3>\n<p><span class=\"AnswerParser_TextContainer__z_Iiv\" data-testid=\"youchat-text\">ACR122U:ssa on vaikuttavat tekniset tiedot, mukaan lukien:<\/span><\/p>\n<div class=\"AnswerParser_TableContainer__Erb6v\" data-testid=\"table-container\">\n<table>\n<thead>\n<tr>\n<th>Ominaisuus<\/th>\n<th>Erittely<\/th>\n<\/tr>\n<\/thead>\n<tbody>\n<tr>\n<td>Mitat<\/td>\n<td>98,0 mm (P) x 65,0 mm (L) x 12,8 mm (K)<\/td>\n<\/tr>\n<tr>\n<td>Paino<\/td>\n<td>70 g<\/td>\n<\/tr>\n<tr>\n<td>USB-liit\u00e4nt\u00e4<\/td>\n<td>USB CCID<\/td>\n<\/tr>\n<tr>\n<td>Virtal\u00e4hde<\/td>\n<td>USB-portista<\/td>\n<\/tr>\n<tr>\n<td>Nopeus<\/td>\n<td>USB t\u00e4ysi nopeus (12 Mbps)<\/td>\n<\/tr>\n<tr>\n<td>Kaapelin pituus<\/td>\n<td>1,0 m, kiinte\u00e4<\/td>\n<\/tr>\n<tr>\n<td>Kontaktiton \u00e4lykorttiliit\u00e4nt\u00e4<\/td>\n<td>ISO\/IEC 18092 NFC, ISO 14443 tyyppi A &amp; B, MIFARE\u00ae, FeliCa<\/td>\n<\/tr>\n<tr>\n<td>p\u00f6yt\u00e4kirja<\/td>\n<td>ISO 14443-4 -yhteensopiva kortti, T=CL, MIFARE\u00ae Classic Card, T=CL, ISO18092, NFC-tunnisteet, FeliCa<\/td>\n<\/tr>\n<tr>\n<td>Sis\u00e4\u00e4nrakennetut oheislaitteet<\/td>\n<td>1 kaksiv\u00e4rinen LED, yksiv\u00e4rinen summeri<\/td>\n<\/tr>\n<tr>\n<td>Sertifikaatit\/vaatimustenmukaisuus<\/td>\n<td>EN 60950\/IEC 60950, ISO 18092, ISO 14443, t\u00e4ysi nopeus USB, PC\/SC, CCID, VCCI (Japani), KC (Korea), Microsoft\u00ae WHQL, CE, FCC, RoHS 2, REACH<\/td>\n<\/tr>\n<tr>\n<td>Laiteohjaimen k\u00e4ytt\u00f6j\u00e4rjestelm\u00e4n tuki<\/td>\n<td>Windows\u00ae CE, Windows\u00ae, Linux\u00ae, MAC OS\u00ae, Solaris, Android\u2122<\/td>\n<\/tr>\n<\/tbody>\n<\/table>\n<\/div>\n<h3 class=\"AnswerParser_AnswerParserH3__Mpe4s\">9. Ymp\u00e4rist\u00f6vaikutukset<\/h3>\n<p><span class=\"AnswerParser_TextContainer__z_Iiv\" data-testid=\"youchat-text\">Aikakaudella, jolloin kest\u00e4vyys on ensiarvoisen t\u00e4rke\u00e4\u00e4, ACR122U on suunniteltu ymp\u00e4rist\u00f6n\u00e4k\u00f6kohdat huomioon ottaen. Sen energiatehokas toiminta ja pitk\u00e4 k\u00e4ytt\u00f6ik\u00e4 v\u00e4hent\u00e4v\u00e4t elektroniikkaj\u00e4tett\u00e4, mik\u00e4 tekee siit\u00e4 vastuullisen valinnan ymp\u00e4rist\u00f6tietoisille kuluttajille.<\/span><\/p>\n<h3 class=\"AnswerParser_AnswerParserH3__Mpe4s\">10. Asiakkaiden arviot<\/h3>\n<p><span class=\"AnswerParser_TextContainer__z_Iiv\" data-testid=\"youchat-text\">K\u00e4ytt\u00e4j\u00e4t ovat ylist\u00e4neet ACR122U:ta sen luotettavuudesta ja helppok\u00e4ytt\u00f6isyydest\u00e4. Monet arvostavat sen nopeita lukuominaisuuksia ja yhteensopivuutta eri korttityyppien kanssa. T\u00e4ss\u00e4 muutamia asiakaspalautteen kohokohtia:<\/span><\/p>\n<ul class=\"AnswerParser_AnswerParserUnorderedList__P_1FW\">\n<li class=\"AnswerParser_ListItem__XqLOV\" translate=\"yes\">\u201dACR122U on tehnyt kulunvalvontaj\u00e4rjestelm\u00e4st\u00e4mme paljon tehokkaamman. Lukunopeus on vaikuttava!\u201d<\/li>\n<li class=\"AnswerParser_ListItem__XqLOV\" translate=\"yes\">&quot;Rakastan kuinka helppoa se on integroida olemassa oleviin ohjelmistoihimme. API-tuki on pelin muuttaja.&quot;<\/li>\n<li class=\"AnswerParser_ListItem__XqLOV\" translate=\"yes\">\u201dSis\u00e4\u00e4nrakennettu antenni toimii t\u00e4ydellisesti tarpeisiimme. Voimme lukea kortteja vaivattomasti.&quot;<\/li>\n<\/ul>\n<h3 class=\"AnswerParser_AnswerParserH3__Mpe4s\">11. Usein kysytyt kysymykset<\/h3>\n<ul class=\"AnswerParser_AnswerParserUnorderedList__P_1FW\">\n<li class=\"AnswerParser_ListItem__XqLOV\" translate=\"yes\"><span class=\"AnswerParser_TextContainer__z_Iiv\" data-testid=\"youchat-text\"><strong>K: Voiko ACR122U lukea NFC-tunnisteita \u00e4lypuhelimista?<\/strong><\/span>\n<ul class=\"AnswerParser_AnswerParserUnorderedList__P_1FW\">\n<li class=\"AnswerParser_ListItem__XqLOV\" translate=\"yes\">V: Kyll\u00e4, ACR122U voi olla vuorovaikutuksessa NFC-yhteensopivien \u00e4lypuhelimien ja tablettien kanssa, mik\u00e4 mahdollistaa saumattoman tiedonsiirron.<\/li>\n<\/ul>\n<\/li>\n<li class=\"AnswerParser_ListItem__XqLOV\" translate=\"yes\"><span class=\"AnswerParser_TextContainer__z_Iiv\" data-testid=\"youchat-text\"><strong>K: Onko ACR122U yhteensopiva sek\u00e4 Android- ett\u00e4 iOS-laitteiden kanssa?<\/strong><\/span>\n<ul class=\"AnswerParser_AnswerParserUnorderedList__P_1FW\">\n<li class=\"AnswerParser_ListItem__XqLOV\" translate=\"yes\">V: Ehdottomasti! ACR122U toimii sek\u00e4 Android- ett\u00e4 iOS-laitteiden kanssa, joten se on monipuolinen vaihtoehto useille k\u00e4ytt\u00e4jille.<\/li>\n<\/ul>\n<\/li>\n<li class=\"AnswerParser_ListItem__XqLOV\" translate=\"yes\"><span class=\"AnswerParser_TextContainer__z_Iiv\" data-testid=\"youchat-text\"><strong>K: Kuinka m\u00e4\u00e4rit\u00e4n ACR122U:n?<\/strong><\/span>\n<ul class=\"AnswerParser_AnswerParserUnorderedList__P_1FW\">\n<li class=\"AnswerParser_ListItem__XqLOV\" translate=\"yes\">V: ACR122U:n asentaminen on yksinkertaista. Liit\u00e4 se vain USB:n kautta, asenna tarvittavat ohjaimet ja olet valmis aloittamaan NFC-tunnisteiden lukemisen ja kirjoittamisen.<\/li>\n<\/ul>\n<\/li>\n<\/ul>\n<h2 class=\"AnswerParser_AnswerParserH2__SIHnF\">Johtop\u00e4\u00e4t\u00f6s<\/h2>\n<p><span class=\"AnswerParser_TextContainer__z_Iiv\" data-testid=\"youchat-text\">The\u00a0<strong>ACR122U NFC-lukija<\/strong>\u00a0on tehokas ja monipuolinen ty\u00f6kalu, joka avaa kontaktittoman viestinn\u00e4n mahdollisuudet. Vahvat ominaisuudet, yhteensopivuus erilaisten NFC-tunnisteiden ja \u00e4lykorttien kanssa sek\u00e4 k\u00e4ytt\u00e4j\u00e4yst\u00e4v\u00e4llinen muotoilu tekev\u00e4t siit\u00e4 erinomaisen sijoituksen kaikille, jotka haluavat parantaa NFC-ominaisuuksiaan. Olipa kyseess\u00e4 henkil\u00f6kohtaiseen k\u00e4ytt\u00f6\u00f6n tai yrityssovelluksiin, t\u00e4m\u00e4\u00a0<strong>NFC lukija<\/strong>\u00a0t\u00e4ytt\u00e4\u00e4 varmasti tarpeesi ja ylitt\u00e4\u00e4 odotuksesi.<\/span><span class=\"AnswerParser_TextContainer__z_Iiv\" data-testid=\"youchat-text\">Valitsemalla ACR122U:n et ole vain ostamassa tuotetta; sijoitat tulevaisuuteen, jossa kontaktiton tekniikka yksinkertaistaa ja parantaa p\u00e4ivitt\u00e4ist\u00e4 vuorovaikutustasi. \u00c4l\u00e4 missaa -<strong>lis\u00e4\u00e4 se ostoskoriin<\/strong>\u00a0t\u00e4n\u00e4\u00e4n ja koe NFC-tekniikan mukavuus!<\/span><\/p>\n<p>&nbsp;<\/p>","protected":false},"excerpt":{"rendered":"<p>Vapauta kontaktittoman viestinn\u00e4n voima monipuolisella ja turvallisella ACR122U NFC Skimmerill\u00e4. \u00c4l\u00e4 odota, vaan paranna NFC-ominaisuuksistasi jo t\u00e4n\u00e4\u00e4n!<\/p>","protected":false},"featured_media":3210,"template":"","meta":[],"product_brand":[],"product_cat":[45],"product_tag":[],"class_list":{"0":"post-3204","1":"product","2":"type-product","3":"status-publish","4":"has-post-thumbnail","6":"product_cat-contactless-nfc-reader","8":"first","9":"instock","10":"shipping-taxable","11":"product-type-simple"},"_links":{"self":[{"href":"https:\/\/nfc-readers.com\/fi\/wp-json\/wp\/v2\/product\/3204","targetHints":{"allow":["GET"]}}],"collection":[{"href":"https:\/\/nfc-readers.com\/fi\/wp-json\/wp\/v2\/product"}],"about":[{"href":"https:\/\/nfc-readers.com\/fi\/wp-json\/wp\/v2\/types\/product"}],"wp:featuredmedia":[{"embeddable":true,"href":"https:\/\/nfc-readers.com\/fi\/wp-json\/wp\/v2\/media\/3210"}],"wp:attachment":[{"href":"https:\/\/nfc-readers.com\/fi\/wp-json\/wp\/v2\/media?parent=3204"}],"wp:term":[{"taxonomy":"product_brand","embeddable":true,"href":"https:\/\/nfc-readers.com\/fi\/wp-json\/wp\/v2\/product_brand?post=3204"},{"taxonomy":"product_cat","embeddable":true,"href":"https:\/\/nfc-readers.com\/fi\/wp-json\/wp\/v2\/product_cat?post=3204"},{"taxonomy":"product_tag","embeddable":true,"href":"https:\/\/nfc-readers.com\/fi\/wp-json\/wp\/v2\/product_tag?post=3204"}],"curies":[{"name":"wp","href":"https:\/\/api.w.org\/{rel}","templated":true}]}}