{"id":3225,"date":"2024-11-01T09:59:32","date_gmt":"2024-11-01T09:59:32","guid":{"rendered":"https:\/\/nfc-readers.com\/?post_type=product&#038;p=3225"},"modified":"2024-11-04T09:03:20","modified_gmt":"2024-11-04T09:03:20","slug":"mifare-rfid-pvc-card-full-color-printed-for-cashless-payment","status":"publish","type":"product","link":"https:\/\/nfc-readers.com\/fi\/ic-reader\/mifare-rfid-pvc-card-full-color-printed-for-cashless-payment\/","title":{"rendered":"MIFARE RFID PVC-kortti T\u00e4ysv\u00e4rinen painettu k\u00e4teismaksua varten"},"content":{"rendered":"<h1><span style=\"color: #000080;\"><strong>MIFARE RFID PVC-kortti T\u00e4ysv\u00e4ripainettu k\u00e4teismaksua varten<\/strong><\/span><\/h1>\n<h4 class=\"w-8 h-8 flex-center rounded-lg cursor-pointer hover:bg-grey-fill1-hover\"><span style=\"color: #666699;\">Johdanto Aikakaudella, jolloin digitaalisista tapahtumista on tulossa normi, <strong>MIFARE RFID PVC-kortti<\/strong>, suunniteltu erityisesti\u00a0<strong>k\u00e4teisvapaat maksut<\/strong>, erottuu vallankumouksellisesta ty\u00f6kalusta niin yrityksille kuin kuluttajillekin. N\u00e4m\u00e4 t\u00e4ysv\u00e4ripainetut kortit eiv\u00e4t ainoastaan tarjoa houkuttelevaa pintaa br\u00e4nd\u00e4yst\u00e4 varten, vaan niiss\u00e4 on my\u00f6s kehittynyt tekniikka turvallisiin ja saumattomiin tapahtumiin. Olitpa sitten v\u00e4hitt\u00e4iskaupan, tapahtumanhallinnan tai verkostoitumisen parissa, n\u00e4m\u00e4 kortit tarjoavat monipuolisen ratkaisun, joka vastaa digitaalisen maailmamme erilaisiin tarpeisiin.<\/span><\/h4>\n<hr \/>\n<h2 class=\"w-8 h-8 flex-center rounded-lg cursor-pointer hover:bg-grey-fill1-hover\" style=\"text-align: center;\"><span style=\"color: #000080;\"><em><strong>Tuotteen edut<\/strong><\/em><\/span><\/h2>\n<h3 class=\"w-8 h-8 flex-center rounded-lg cursor-pointer hover:bg-grey-fill1-hover\"><span style=\"color: #333399;\"><strong>1. Korkea turvallisuus<\/strong><\/span><\/h3>\n<p class=\"w-8 h-8 flex-center rounded-lg cursor-pointer hover:bg-grey-fill1-hover\">Meid\u00e4n MIFARE RFID PVC-kortit hy\u00f6dynt\u00e4v\u00e4t <strong>MIFARE Desfire EV3 -tekniikka<\/strong>, joka tunnetaan korkeasta turvallisuudestaan ja luotettavuudestaan.<\/p>\n<p class=\"w-8 h-8 flex-center rounded-lg cursor-pointer hover:bg-grey-fill1-hover\">T\u00e4m\u00e4 edistyksellinen siru varmistaa, ett\u00e4 arkaluontoiset tiedot suojataan luvattomalta k\u00e4yt\u00f6lt\u00e4. Useiden salauskerrosten ansiosta n\u00e4m\u00e4 kortit ovat ihanteellisia sovelluksiin, jotka vaativat tiukkoja suojatoimenpiteit\u00e4.<\/p>\n<div class=\"answer-markdown-box h-[calc(100%-57px)] bg-grey-layer2-normal\">\n<div class=\"markdown-body h-full\">\n<div class=\"custom-scrollbar overflow-auto custom-scrollbar-wide h-full\">\n<table class=\"preview\">\n<thead>\n<tr>\n<th><strong>Ominaisuus<\/strong><\/th>\n<th><strong>Erittely<\/strong><\/th>\n<\/tr>\n<\/thead>\n<tbody>\n<tr>\n<td><strong>Siru<\/strong><\/td>\n<td>MIFARE Desfire EV3<\/td>\n<\/tr>\n<tr>\n<td><strong>Muistin asetukset<\/strong><\/td>\n<td>2K \/ 4K \/ 8K<\/td>\n<\/tr>\n<tr>\n<td><strong>p\u00f6yt\u00e4kirja<\/strong><\/td>\n<td>ISO14443A<\/td>\n<\/tr>\n<tr>\n<td><strong>Taajuus<\/strong><\/td>\n<td>13,56 MHz<\/td>\n<\/tr>\n<tr>\n<td><strong>Materiaali<\/strong><\/td>\n<td>PVC<\/td>\n<\/tr>\n<tr>\n<td><strong>Koko<\/strong><\/td>\n<td>CR80 (85,5 x 54 mm)<\/td>\n<\/tr>\n<tr>\n<td><strong>Tulostusasetukset<\/strong><\/td>\n<td>CMYK \/ Pantone<\/td>\n<\/tr>\n<tr>\n<td><strong>Pintak\u00e4sittelyt<\/strong><\/td>\n<td>Kiilt\u00e4v\u00e4 \/ matta<\/td>\n<\/tr>\n<tr>\n<td><strong>Alkuper\u00e4<\/strong><\/td>\n<td>Guangdong, Kiina<\/td>\n<\/tr>\n<tr>\n<td><strong>Kortin tyyppi<\/strong><\/td>\n<td>Kontaktiton kortti (RFID)<\/td>\n<\/tr>\n<tr>\n<td><strong>K\u00e4ytt\u00f6l\u00e4mp\u00f6tila<\/strong><\/td>\n<td>-20\u00b0C - 60\u00b0C<\/td>\n<\/tr>\n<tr>\n<td><strong>Varastointil\u00e4mp\u00f6tila<\/strong><\/td>\n<td>-40 \u00b0C - 80 \u00b0C<\/td>\n<\/tr>\n<tr>\n<td><strong>Kosteus<\/strong><\/td>\n<td>0-100%RH<\/td>\n<\/tr>\n<tr>\n<td><strong>Tietojen s\u00e4ilytt\u00e4minen<\/strong><\/td>\n<td>10 vuotta tai enemm\u00e4n<\/td>\n<\/tr>\n<tr>\n<td><strong>Virtal\u00e4hde<\/strong><\/td>\n<td>Ulkoista virtaa ei tarvita<\/td>\n<\/tr>\n<tr>\n<td><strong>Anturin tyyppi<\/strong><\/td>\n<td>13,56 MHz RFID<\/td>\n<\/tr>\n<tr>\n<td><strong>Alue<\/strong><\/td>\n<td>10 cm asti<\/td>\n<\/tr>\n<tr>\n<td><strong>Yhteensopivuus<\/strong><\/td>\n<td>NFC-yhteensopivat laitteet (\u00e4lypuhelimet, tabletit jne.)<\/td>\n<\/tr>\n<tr>\n<td><strong>Turvallisuus<\/strong><\/td>\n<td>DES, 3DES, AES salaus<\/td>\n<\/tr>\n<tr>\n<td><strong>Sertifikaatit<\/strong><\/td>\n<td>ISO\/IEC14443, NFC-foorumi<\/td>\n<\/tr>\n<\/tbody>\n<\/table>\n<h2><\/h2>\n<h3><span style=\"color: #333399;\"><strong>2. Sovellusten monipuolisuus<\/strong><\/span><\/h3>\n<p>N\u00e4m\u00e4 monipuoliset kortit eiv\u00e4t sovellu vain k\u00e4teismaksuihin. Niit\u00e4 voidaan k\u00e4ytt\u00e4\u00e4 erilaisissa sovelluksissa, mukaan lukien:<\/p>\n<ul>\n<li><strong>Kulunvalvonta<\/strong><\/li>\n<li><strong>Tapahtuman lipunmyynti<\/strong><\/li>\n<li><strong>J\u00e4senkortit<\/strong><\/li>\n<li><strong>Kanta-asiakasohjelmat<\/strong><\/li>\n<li><strong>NFC-k\u00e4yntikortit<\/strong><\/li>\n<\/ul>\n<p>T\u00e4m\u00e4 mukautumiskyky tekee niist\u00e4 \u00e4lykk\u00e4\u00e4n sijoituksen kaikille yrityksille, jotka haluavat parantaa palvelutarjontaansa.<\/p>\n<p>&nbsp;<\/p>\n<h3><span style=\"color: #333399;\"><strong>3. Kest\u00e4vyys ja muotoilu<\/strong><\/span><\/h3>\n<p>Rakennettu alkaen <strong>korkealaatuista PVC:t\u00e4<\/strong>, n\u00e4m\u00e4 kortit ovat vedenpit\u00e4vi\u00e4 ja kest\u00e4v\u00e4t kulutusta ja repeytymist\u00e4. Ne on suunniteltu kest\u00e4m\u00e4\u00e4n, mik\u00e4 v\u00e4hent\u00e4\u00e4 toistuvien vaihtojen tarvetta.\u00a0<strong>T\u00e4ysv\u00e4rinen painatus<\/strong>\u00a0vaihtoehdot antavat yrityksille mahdollisuuden luoda silmiinpist\u00e4vi\u00e4 malleja, jotka sopivat heid\u00e4n tuotemerkkiens\u00e4 kanssa ja varmistavat, ett\u00e4 jokainen kortti toimii markkinointity\u00f6kaluna.<\/p>\n<p>&nbsp;<\/p>\n<h3><span style=\"color: #333399;\"><strong>4. Helppo k\u00e4ytt\u00e4\u00e4<\/strong><\/span><\/h3>\n<p>MIFARE RFID PVC -korttimme on suunniteltu helppok\u00e4ytt\u00f6isiksi. Napauta korttia mit\u00e4 tahansa NFC-yhteensopivaa laitetta vasten nopeaa tapahtumaa varten. T\u00e4m\u00e4 k\u00e4ytt\u00e4j\u00e4yst\u00e4v\u00e4llinen kokemus voi lis\u00e4t\u00e4 asiakastyytyv\u00e4isyytt\u00e4 ja virtaviivaistaa maksuprosesseja.<\/p>\n<p><img loading=\"lazy\" decoding=\"async\" class=\"alignnone wp-image-3344\" src=\"https:\/\/nfc-readers.com\/wp-content\/uploads\/2024\/11\/main-image-4-6-300x300.jpeg\" alt=\"\" width=\"336\" height=\"336\" srcset=\"https:\/\/nfc-readers.com\/wp-content\/uploads\/2024\/11\/main-image-4-6-300x300.jpeg 300w, https:\/\/nfc-readers.com\/wp-content\/uploads\/2024\/11\/main-image-4-6-150x150.jpeg 150w, https:\/\/nfc-readers.com\/wp-content\/uploads\/2024\/11\/main-image-4-6-768x768.jpeg 768w, https:\/\/nfc-readers.com\/wp-content\/uploads\/2024\/11\/main-image-4-6-12x12.jpeg 12w, https:\/\/nfc-readers.com\/wp-content\/uploads\/2024\/11\/main-image-4-6-600x600.jpeg 600w, https:\/\/nfc-readers.com\/wp-content\/uploads\/2024\/11\/main-image-4-6-100x100.jpeg 100w, https:\/\/nfc-readers.com\/wp-content\/uploads\/2024\/11\/main-image-4-6.jpeg 800w\" sizes=\"auto, (max-width: 336px) 100vw, 336px\" \/><img loading=\"lazy\" decoding=\"async\" class=\"alignnone wp-image-3346\" src=\"https:\/\/nfc-readers.com\/wp-content\/uploads\/2024\/11\/main-image-6-5-300x300.jpeg\" alt=\"\" width=\"347\" height=\"347\" srcset=\"https:\/\/nfc-readers.com\/wp-content\/uploads\/2024\/11\/main-image-6-5-300x300.jpeg 300w, https:\/\/nfc-readers.com\/wp-content\/uploads\/2024\/11\/main-image-6-5-150x150.jpeg 150w, https:\/\/nfc-readers.com\/wp-content\/uploads\/2024\/11\/main-image-6-5-768x768.jpeg 768w, https:\/\/nfc-readers.com\/wp-content\/uploads\/2024\/11\/main-image-6-5-12x12.jpeg 12w, https:\/\/nfc-readers.com\/wp-content\/uploads\/2024\/11\/main-image-6-5-600x600.jpeg 600w, https:\/\/nfc-readers.com\/wp-content\/uploads\/2024\/11\/main-image-6-5-100x100.jpeg 100w, https:\/\/nfc-readers.com\/wp-content\/uploads\/2024\/11\/main-image-6-5.jpeg 800w\" sizes=\"auto, (max-width: 347px) 100vw, 347px\" \/><\/p>\n<hr \/>\n<h2 style=\"text-align: center;\"><em><span style=\"color: #000080;\"><strong>Innovatiiviset ominaisuudet<\/strong><\/span><\/em><\/h2>\n<h3><span style=\"color: #333399;\"><strong>1. Mukauttaminen<\/strong><\/span><\/h3>\n<p>R\u00e4\u00e4t\u00e4l\u00f6inti on t\u00e4rke\u00e4\u00e4 kaikille yrityksille, jotka haluavat j\u00e4tt\u00e4\u00e4 pysyv\u00e4n vaikutuksen. Korttimme tarjoavat erilaisia tulostusvaihtoehtoja, mukaan lukien:<\/p>\n<ul>\n<li><strong>T\u00e4ysv\u00e4ritulostus<\/strong>: Eloisat mallit, jotka erottuvat br\u00e4ndist\u00e4si.<\/li>\n<li><strong>Mukautetut muodot ja koot<\/strong>: R\u00e4\u00e4t\u00e4l\u00f6i kortin mitat tarpeidesi mukaan.<\/li>\n<\/ul>\n<p>&nbsp;<\/p>\n<h3><span style=\"color: #333399;\"><strong>2. Yhteensopivuus NFC-tekniikan kanssa<\/strong><\/span><\/h3>\n<p>MIFARE RFID PVC -kortit ovat yhteensopivia kaikkien NFC-yhteensopivien laitteiden kanssa, mik\u00e4 takaa saumattoman viestinn\u00e4n. T\u00e4m\u00e4 laaja yhteensopivuus tarkoittaa, ett\u00e4 k\u00e4ytt\u00e4j\u00e4t voivat olla helposti vuorovaikutuksessa \u00e4lypuhelimiensa tai maksup\u00e4\u00e4tteidens\u00e4 kanssa.<\/p>\n<p>&nbsp;<\/p>\n<h3><span style=\"color: #333399;\"><strong>3. Ymp\u00e4rist\u00f6yst\u00e4v\u00e4llinen tuotanto<\/strong><\/span><\/h3>\n<p>Korttimme on valmistettu kest\u00e4v\u00e4st\u00e4 PVC:st\u00e4, mik\u00e4 v\u00e4hent\u00e4\u00e4 j\u00e4tett\u00e4 verrattuna kertak\u00e4ytt\u00f6isiin paperikortteihin. Investointi korkealaatuisiin RFID-kortteihin on askel kohti kest\u00e4v\u00e4\u00e4 kehityst\u00e4 ja houkuttelee ymp\u00e4rist\u00f6tietoisia kuluttajia, jotka etsiv\u00e4t vihre\u00e4mpi\u00e4 vaihtoehtoja.<\/p>\n<p>&nbsp;<\/p>\n<h3><span style=\"color: #333399;\"><strong>4. Pikalataus- ja uudelleentulostusvaihtoehdot<\/strong><\/span><\/h3>\n<p>Jos sinun on joskus tulostettava kortti uudelleen, virtaviivaistettu prosessimme mahdollistaa nopean uudelleentilauksen. Lis\u00e4ksi muokkausvaihtoehdot tarkoittavat, ett\u00e4 uusintapainoksissa voidaan esitell\u00e4 p\u00e4ivitettyj\u00e4 tietoja tai tuotemerkki\u00e4 saumattomasti.<\/p>\n<hr \/>\n<p>&nbsp;<\/p>\n<h3><em><span style=\"color: #666699;\">P\u00e4ivitt\u00e4inen k\u00e4ytt\u00f6 -\u00a0<strong>Napauta ja maksa<\/strong>: <\/span><\/em><\/h3>\n<p><strong>Asiakkaat yksinkertaisesti napauttavat korttiaan yhteensopivaa laitetta vasten suorittaakseen tapahtumansa.<\/strong><\/p>\n<ul>\n<li><strong>Tietojen jakaminen<\/strong>: K\u00e4ytt\u00e4j\u00e4t voivat jakaa NFC-k\u00e4yntikorttien yhteystiedot nopeasti napauttamalla, jolloin perinteisi\u00e4 k\u00e4yntikortteja ei tarvita.<\/li>\n<\/ul>\n<hr \/>\n<h2><\/h2>\n<h2 style=\"text-align: center;\"><em><span style=\"color: #000080;\"><strong>Asiakkaiden arvostelut<\/strong><\/span><\/em><\/h2>\n<p><strong>Monet yritykset ovat havainneet, ett\u00e4 siirtyminen MIFARE RFID PVC -kortteihin on hy\u00f6dyllist\u00e4 monissa asioissa. T\u00e4ss\u00e4 muutamia asiakkaidemme kokemuksia:<\/strong><\/p>\n<p><span style=\"color: #008080;\"><strong>\u201dMIFARE-korttien integroimisen j\u00e4lkeen k\u00e4teisvapaata maksuj\u00e4rjestelm\u00e4\u00e4mme, maksutapamme on kasvanut dramaattisesti. Kortit ovat helppok\u00e4ytt\u00f6isi\u00e4 ja niiss\u00e4 on tyylik\u00e4s muotoilu, joka tekee vaikutuksen asiakkaisiimme. \u2013 John M., v\u00e4hitt\u00e4ismyyntip\u00e4\u00e4llikk\u00f6<\/strong><\/span><\/p>\n<blockquote><p><strong>\u201dTilaamamme mukautetut NFC-k\u00e4yntikortit ovat muuttaneet verkkotapahtumaamme. Yhteystietojen jakaminen on nyt helppoa, ja laatu on huippuluokkaa. \u2013 Sarah L., tapahtumakoordinaattori<\/strong><\/p><\/blockquote>\n<hr \/>\n<h2><\/h2>\n<h2 style=\"text-align: center;\"><span style=\"color: #000080;\"><em><strong>Usein kysytyt kysymykset<\/strong><\/em><\/span><\/h2>\n<p><strong>1. Ovatko MIFARE-kortit yhteensopivia kaikkien \u00e4lypuhelimien kanssa?<\/strong><\/p>\n<p>Kyll\u00e4, MIFARE RFID PVC -kortit ovat yhteensopivia kaikkien NFC-yhteensopivien \u00e4lypuhelimien kanssa, joten k\u00e4ytt\u00e4j\u00e4t voivat suorittaa tapahtumia vaivattomasti.<\/p>\n<p><strong>2. Voinko mukauttaa MIFARE-korttieni ulkoasua?<\/strong><\/p>\n<p>T\u00e4ysin! Kortteissamme on erilaisia r\u00e4\u00e4t\u00e4l\u00f6intivaihtoehtoja, jotka on r\u00e4\u00e4t\u00e4l\u00f6ity vastaamaan br\u00e4nd\u00e4ystarpeitasi.<\/p>\n<p><strong>3. Kuinka turvallisia MIFARE RFID PVC -kortit ovat?<\/strong><\/p>\n<p>MIFARE Desfire EV3 -teknologian ansiosta n\u00e4m\u00e4 kortit tarjoavat korkean suojan arkaluonteisten tietojen tallentamiseen.<\/p>\n<p><strong>4. Tarjoatko ilmaisen toimituksen?<\/strong><\/p>\n<p>Kyll\u00e4, tarjoamme\u00a0<strong>ilmainen toimitus<\/strong>\u00a0kaikissa tilauksissa varmistaen, ett\u00e4 saat lis\u00e4arvoa ostoksestasi.<\/p>\n<p>&nbsp;<\/p>\n<p><strong>5. Mit\u00e4 minun tulee tehd\u00e4, jos minun on tulostettava kortti uudelleen?<\/strong><\/p>\n<p>Vaivaton uudelleentilausprosessimme tekee uusintapainoksen pyyt\u00e4misest\u00e4 helppoa. Tee vain tilaus, niin me hoidamme loput.<\/p>\n<p>&nbsp;<\/p>\n<hr \/>\n<h4><span style=\"color: #666699;\">Paranna maksuratkaisujasi jo t\u00e4n\u00e4\u00e4n Investoimalla\u00a0<strong>MIFARE RFID PVC-kortit<\/strong>\u00a0edustaa strategista askelta kohti transaktioprosessien modernisointia. Laadukkaiden materiaalien, edistyneen teknologian ja laajojen mukautusvaihtoehtojensa ansiosta n\u00e4m\u00e4 kortit sopivat t\u00e4ydellisesti yrityksille, jotka haluavat parantaa asiakaskokemustaan. Aloita siirtymisesi\u00a0<strong>k\u00e4teisvapaat ratkaisut<\/strong>\u00a0t\u00e4n\u00e4\u00e4n! Halusitpa sitten integroida \u00e4lykk\u00e4it\u00e4 maksuj\u00e4rjestelmi\u00e4 tai luoda upeita NFC-k\u00e4yntikortteja, MIFARE RFID PVC -kortit tarjoavat sinulle suojan.<\/span><\/h4>\n<h3><a href=\"\/\/dhoenijjpgpeimemopealfcbiecgceod\/sidepanel.html#\" target=\"_blank\" rel=\"noopener\">Ota yhteytt\u00e4 saadaksesi ilmaisen n\u00e4ytteen<\/a><\/h3>\n<h3><span style=\"color: #008080;\"><strong>\u00c4l\u00e4 missaa t\u00e4t\u00e4 mahdollisuutta parantaa yrityksesi maksukyky\u00e4 ja br\u00e4ndi\u00e4. Klikkaa yll\u00e4 olevaa linkki\u00e4 kysy\u00e4ksesi korttivaihtoehdoistamme tai pyyd\u00e4 ilmainen n\u00e4yte!<\/strong><\/span><\/h3>\n<\/div>\n<\/div>\n<\/div>","protected":false},"excerpt":{"rendered":"<div class=\"chat-list relative custom-scrollbar-reset-margin custom-scrollbar custom-scrollbar-hidden custom-scrollbar-float pb-9 flex-1 overflow-y-auto\">\n<div class=\"mx-auto max-w-[790px]\">\n<div class=\"message-item-outer relative px-4 mb-2\" data-id=\"0a4f4511-bd05-49a5-8695-d7a6fad22471\">\n<div class=\"content-area pl-[0px]\">\n<div class=\"message-item select-text relative\">\n<div class=\"message-inner relative\">\n<div class=\"py-[2px]\">\n<div class=\"flex flex-col gap-2\">\n<div class=\"answer-markdown-box overflow-x-auto select-text custom-scrollbar\">\n<div class=\"markdown-body\">\n<p>Esittelyss\u00e4 MIFARE RFID PVC -kortti, joka on suunniteltu nykyaikaisiin k\u00e4teisvapaisiin maksuratkaisuihin. N\u00e4m\u00e4 MIFARE Desfire EV3 -teknologiaa hy\u00f6dynt\u00e4v\u00e4t t\u00e4ysv\u00e4ripainetut kortit takaavat korkean turvallisuuden ja luotettavuuden, joten ne ovat ihanteellisia yrityksille, jotka vaativat arkaluontoista tietosuojaa. Monipuoliset sovellukset, niit\u00e4 voidaan k\u00e4ytt\u00e4\u00e4 kulunvalvontaan, tapahtumalippuihin, j\u00e4senkortteihin, kanta-asiakasohjelmiin ja NFC-k\u00e4yntikortteihin. N\u00e4m\u00e4 kest\u00e4v\u00e4st\u00e4, vedenpit\u00e4v\u00e4st\u00e4 PVC:st\u00e4 valmistetut kortit kest\u00e4v\u00e4t kulutusta, mik\u00e4 takaa pitk\u00e4n k\u00e4ytt\u00f6i\u00e4n ja pienent\u00e4\u00e4 vaihtokustannuksia. Asiakkaat voivat suorittaa maksuja helposti napauttamalla korttiaan mit\u00e4 tahansa NFC-yhteensopivaa laitetta vasten, mik\u00e4 tarjoaa k\u00e4ytt\u00e4j\u00e4yst\u00e4v\u00e4llisen kokemuksen, joka parantaa asiakastyytyv\u00e4isyytt\u00e4. Lis\u00e4ksi kortit tarjoavat laajat mukautusmahdollisuudet, mukaan lukien eloisat t\u00e4ysv\u00e4ritulostukset ja r\u00e4\u00e4t\u00e4l\u00f6idyt muodot. Ymp\u00e4rist\u00f6yst\u00e4v\u00e4llisill\u00e4 tuotantomenetelmill\u00e4 MIFARE RFID PVC -kortit ovat kest\u00e4v\u00e4 vaihtoehto perinteisille paperikorteille. Investoi tapahtumaprosessiesi modernisointiin jo t\u00e4n\u00e4\u00e4n ja korosta br\u00e4ndisi n\u00e4kyvyytt\u00e4 n\u00e4ill\u00e4 innovatiivisilla, korkealaatuisilla korteilla. Pyyd\u00e4 ilmainen n\u00e4yte tutkiaksesi niiden etuja omakohtaisesti!<\/p>\n<\/div>\n<\/div>\n<\/div>\n<\/div>\n<\/div>\n<\/div>\n<\/div>\n<\/div>\n<\/div>\n<\/div>","protected":false},"featured_media":3341,"template":"","meta":[],"product_brand":[],"product_cat":[46],"product_tag":[],"class_list":{"0":"post-3225","1":"product","2":"type-product","3":"status-publish","4":"has-post-thumbnail","6":"product_cat-nfc-cards","8":"first","9":"instock","10":"shipping-taxable","11":"product-type-simple"},"_links":{"self":[{"href":"https:\/\/nfc-readers.com\/fi\/wp-json\/wp\/v2\/product\/3225","targetHints":{"allow":["GET"]}}],"collection":[{"href":"https:\/\/nfc-readers.com\/fi\/wp-json\/wp\/v2\/product"}],"about":[{"href":"https:\/\/nfc-readers.com\/fi\/wp-json\/wp\/v2\/types\/product"}],"wp:featuredmedia":[{"embeddable":true,"href":"https:\/\/nfc-readers.com\/fi\/wp-json\/wp\/v2\/media\/3341"}],"wp:attachment":[{"href":"https:\/\/nfc-readers.com\/fi\/wp-json\/wp\/v2\/media?parent=3225"}],"wp:term":[{"taxonomy":"product_brand","embeddable":true,"href":"https:\/\/nfc-readers.com\/fi\/wp-json\/wp\/v2\/product_brand?post=3225"},{"taxonomy":"product_cat","embeddable":true,"href":"https:\/\/nfc-readers.com\/fi\/wp-json\/wp\/v2\/product_cat?post=3225"},{"taxonomy":"product_tag","embeddable":true,"href":"https:\/\/nfc-readers.com\/fi\/wp-json\/wp\/v2\/product_tag?post=3225"}],"curies":[{"name":"wp","href":"https:\/\/api.w.org\/{rel}","templated":true}]}}