{"id":3226,"date":"2024-10-30T09:53:08","date_gmt":"2024-10-30T09:53:08","guid":{"rendered":"https:\/\/nfc-readers.com\/?post_type=product&#038;p=3226"},"modified":"2024-10-30T10:11:20","modified_gmt":"2024-10-30T10:11:20","slug":"waterproof-rfid-nfc-keychain-13-56mhz","status":"publish","type":"product","link":"https:\/\/nfc-readers.com\/fi\/ic-reader\/waterproof-rfid-nfc-keychain-13-56mhz\/","title":{"rendered":"Vedenpit\u00e4v\u00e4 RFID NFC-avaimenper\u00e4 13,56Mhz"},"content":{"rendered":"<h1 style=\"text-align: center;\"><strong>Vedenpit\u00e4v\u00e4 RFID NFC-avaimenper\u00e4 13,56Mhz<\/strong><\/h1>\n<p>Nopeasti kehittyv\u00e4ss\u00e4 s\u00e4hk\u00f6autojen maailmassa mukavuus, turvallisuus ja k\u00e4ytt\u00e4j\u00e4yst\u00e4v\u00e4llisyys ovat t\u00e4rkeit\u00e4. Tapaa <strong>Vedenpit\u00e4v\u00e4 RFID NFC-avaimenper\u00e4<\/strong>\u00a0\u2014 vallankumouksellinen tuote, joka yhdist\u00e4\u00e4 huipputeknologian poikkeuksellisen kest\u00e4vyyteen ja joka on erityisesti suunniteltu\u00a0<strong>S\u00e4hk\u00f6ajoneuvojen s\u00e4hk\u00f6autojen latausasemat<\/strong>. Toiminnassa\u00a0<strong>13,56 MHz<\/strong>T\u00e4m\u00e4 kompakti mutta tehokas avaimenper\u00e4 on paras ty\u00f6kalusi saumattomaan k\u00e4ytt\u00f6\u00f6n ja parempaan tietoturvaan.<\/p>\n<p>T\u00e4m\u00e4 avaimenper\u00e4 on pelin vaihtaja s\u00e4hk\u00f6autojen omistajille, mik\u00e4 tarjoaa paitsi mukavuuden my\u00f6s mielenrauhan. Kuvittele, ett\u00e4 p\u00e4\u00e4set vaivattomasti latausasemille etsim\u00e4tt\u00e4 avaimia tai muistamatta monimutkaisia salasanoja. The <strong>Vedenpit\u00e4v\u00e4 RFID NFC-avaimenper\u00e4<\/strong>\u00a0tarjoaa ihanteellisen ratkaisun kosketuksettomalla toiminnallaan ja s\u00e4\u00e4nkest\u00e4v\u00e4ll\u00e4 muotoilullaan, joten se on arvokas lis\u00e4 s\u00e4hk\u00f6autojen lis\u00e4varusteisiin. Ota selv\u00e4\u00e4, miksi t\u00e4m\u00e4 innovatiivinen avaimenper\u00e4 kannattaa lis\u00e4t\u00e4 ty\u00f6kalupakkiisi.<\/p>\n<p>&nbsp;<\/p>\n<h3><strong>Vedenpit\u00e4v\u00e4n RFID NFC -avainnipun edut<\/strong><\/h3>\n<ol>\n<li><strong>Kest\u00e4vyys ja s\u00e4\u00e4nkest\u00e4vyys<\/strong>: T\u00e4m\u00e4 avaimenper\u00e4 on valmistettu korkealaatuisista materiaaleista, ja se on suunniteltu kest\u00e4m\u00e4\u00e4n ulkoisia elementtej\u00e4 varmistaen, ett\u00e4 se pysyy toimivana ajan kuluessa s\u00e4\u00e4olosuhteista riippumatta.<\/li>\n<li><strong>Kontaktiton viestint\u00e4<\/strong>: Sek\u00e4 RFID- ett\u00e4 NFC-tekniikoita hy\u00f6dynt\u00e4v\u00e4 avaimenper\u00e4 mahdollistaa nopean ja turvallisen p\u00e4\u00e4syn latausasemiin ja muihin avaimettomiin j\u00e4rjestelmiin ilman fyysist\u00e4 kosketusta.<\/li>\n<li><strong>Korkea yhteensopivuus<\/strong>: Suunniteltu protokollien mukaan\u00a0<strong>ISO14443A ja ISO15693<\/strong>T\u00e4m\u00e4 RFID-avaimenper\u00e4 toimii saumattomasti useiden eri laitteiden kanssa, mik\u00e4 tekee siit\u00e4 monipuolisen erilaisiin k\u00e4ytt\u00f6tarkoituksiin s\u00e4hk\u00f6autojen lataamisen lis\u00e4ksi.<\/li>\n<li><strong>Pitk\u00e4 lukuet\u00e4isyys<\/strong>: Lukuet\u00e4isyydell\u00e4\u00a0<strong>2-10 cm<\/strong>, p\u00e4\u00e4set helposti ja nopeasti k\u00e4siksi s\u00e4hk\u00f6autosi latausasemaan v\u00e4h\u00e4ll\u00e4 vaivalla.<\/li>\n<li><strong>Uudelleenkirjoitettava ominaisuus<\/strong>: Sis\u00e4ll\u00e4 oleva NTAG216-siru mahdollistaa jopa\u00a0<strong>100 000 kertaa<\/strong>, mik\u00e4 tekee t\u00e4st\u00e4 avaimenper\u00e4st\u00e4 paitsi k\u00e4ytt\u00e4j\u00e4yst\u00e4v\u00e4llisen, my\u00f6s mukautuvan muuttuviin vaatimuksiin.<\/li>\n<\/ol>\n<p>&nbsp;<\/p>\n<h3><strong>RFID:n merkitys nykymaailmassa<\/strong><\/h3>\n<p>RFID k\u00e4ytt\u00e4\u00e4 s\u00e4hk\u00f6magneettisia kentti\u00e4 tunnistamaan ja j\u00e4ljitt\u00e4m\u00e4\u00e4n automaattisesti esineisiin kiinnitettyj\u00e4 tunnisteita. S\u00e4hk\u00f6ajoneuvojen lataustarpeiden yhteydess\u00e4 t\u00e4m\u00e4n tekniikan avulla voit avata latausasemien lukituksen ja valtuuttaa p\u00e4\u00e4syn niihin yksinkertaisesti pit\u00e4m\u00e4ll\u00e4 avaimenper\u00e4\u00e4si l\u00e4hell\u00e4 RFID-lukijaa. Sen tarjoama mukavuus parantaa merkitt\u00e4v\u00e4sti k\u00e4ytt\u00f6kokemusta, mik\u00e4 mahdollistaa nopean\u00a0<strong>avaimeton sis\u00e4\u00e4nk\u00e4ynti<\/strong>\u00a0latausasemille ilman fyysist\u00e4 kosketusta.<\/p>\n<p>&nbsp;<\/p>\n<h3><strong>Tekniset tiedot ja suorituskyky<\/strong><\/h3>\n<div>Vedenpit\u00e4v\u00e4n RFID NFC -avainnipun teknisten ominaisuuksien ymm\u00e4rt\u00e4minen on ratkaisevan t\u00e4rke\u00e4\u00e4 mahdollisille ostajille. T\u00e4ss\u00e4 ovat tekniset tiedot, jotka sinun tulee tiet\u00e4\u00e4:<\/div>\n<div><\/div>\n<div><strong>Siru<\/strong>: NTAG216<\/div>\n<div><strong>Kirjoitussykli:<\/strong> 100 000 kertaa<\/div>\n<div><strong>Lukuet\u00e4isyys<\/strong>: 2-10 cm<\/div>\n<div><strong>K\u00e4ytt\u00f6l\u00e4mp\u00f6tila<\/strong>: 20 \u2103 - +65 \u2103<\/div>\n<div><strong>Alkuper\u00e4paikka<\/strong>: Guangdong, Kiina<\/div>\n<div><strong>MOQ (minimitilausm\u00e4\u00e4r\u00e4)<\/strong>: 500 kpl<\/div>\n<div><strong>Pakkaus<\/strong>: Mukautettava pesupaketti<\/div>\n<div><strong>Tarjontakyky<\/strong>: 20 000 000 kappaletta kuukaudessa<\/div>\n<div><\/div>\n<div>Kehittyneet suorituskykymittarit varmistavat, ett\u00e4 t\u00e4m\u00e4 avaimenper\u00e4 t\u00e4ytt\u00e4\u00e4 p\u00e4ivitt\u00e4isen k\u00e4yt\u00f6n tiukat vaatimukset. Korkea kirjoitussykli ja l\u00e4mp\u00f6tilansietokyky lis\u00e4\u00e4v\u00e4t entisest\u00e4\u00e4n sen k\u00e4ytt\u00f6kelpoisuutta erilaisissa ymp\u00e4rist\u00f6iss\u00e4.<\/div>\n<h3><strong>Sovellukset s\u00e4hk\u00f6autojen latausasemille<\/strong><\/h3>\n<p>Ensisijainen sovellus\u00a0<strong>Vedenpit\u00e4v\u00e4 RFID NFC-avaimenper\u00e4<\/strong>\u00a0on s\u00e4hk\u00f6autojen latauspisteiss\u00e4. Sen muotoilu ja tekniikka tekev\u00e4t siit\u00e4 t\u00e4ydellisen ratkaisun<\/p>\n<p>&nbsp;<\/p>\n<h3><strong>Usein kysytyt kysymykset vedenpit\u00e4v\u00e4st\u00e4 RFID NFC -avaimenper\u00e4st\u00e4<\/strong><\/h3>\n<h3>1.\u00a0<strong>Mik\u00e4 on vedenpit\u00e4v\u00e4n RFID NFC -avainnipun tarkoitus?<\/strong><\/h3>\n<p>Vesitiivis RFID NFC -avainnippu on suunniteltu tarjoamaan turvallinen, kontaktiton p\u00e4\u00e4sy s\u00e4hk\u00f6autojen latausasemiin ja muihin RFID-yhteensopiviin j\u00e4rjestelmiin. Sen avulla k\u00e4ytt\u00e4j\u00e4t voivat avata asemia yksinkertaisesti l\u00e4hestym\u00e4ll\u00e4 lukijaa, mik\u00e4 lis\u00e4\u00e4 k\u00e4ytt\u00f6mukavuutta ja tehokkuutta.<\/p>\n<h3>2.\u00a0<strong>Onko avaimenper\u00e4 todella vedenpit\u00e4v\u00e4?<\/strong><\/h3>\n<p>Kyll\u00e4, avaimenper\u00e4 on valmistettu kest\u00e4vist\u00e4 epoksi- ja PVC-materiaaleista, joten se on sek\u00e4 veden- ett\u00e4 s\u00e4\u00e4nkest\u00e4v\u00e4. T\u00e4m\u00e4 varmistaa toimivuuden erilaisissa s\u00e4\u00e4olosuhteissa sateesta \u00e4\u00e4rimm\u00e4iseen kuumuuteen.<\/p>\n<h3>3.\u00a0<strong>Kuinka kaukana avainnippu voi toimia RFID-lukijasta?<\/strong><\/h3>\n<p>Avaimenper\u00e4n lukuet\u00e4isyys on 2-10 cm, eli se aktivoituu heti, kun se on RFID-lukijan tai NFC-yhteensopivan laitteen v\u00e4litt\u00f6m\u00e4ss\u00e4 l\u00e4heisyydess\u00e4.<\/p>\n<h3>4.\u00a0<strong>Voiko avaimenper\u00e4\u00e4 muokata?<\/strong><\/h3>\n<p>Kyll\u00e4, avaimenper\u00e4n pakkaus voidaan r\u00e4\u00e4t\u00e4l\u00f6id\u00e4 tuotemerkin tai erityisvaatimusten mukaan. T\u00e4m\u00e4 tekee siit\u00e4 loistavan vaihtoehdon yrityksille, jotka haluavat mukauttaa p\u00e4\u00e4syratkaisujaan.<\/p>\n<h3>5.\u00a0<strong>Kuinka monta kertaa avainnippuun voi kirjoittaa?<\/strong><\/h3>\n<p>Avainnipun kirjoitussykli on jopa 100 000 kertaa, mik\u00e4 tarjoaa runsaasti k\u00e4ytett\u00e4vyytt\u00e4 erilaisiin sovelluksiin ilman huolta suorituskyvyn heikkenemisest\u00e4.<\/p>","protected":false},"excerpt":{"rendered":"<p>Vesitiivis RFID NFC -avainnippu (13,56 MHz) tarjoaa turvallisen, kontaktittoman p\u00e4\u00e4syn s\u00e4hk\u00f6autojen latausasemille. Sen kest\u00e4v\u00e4 muotoilu takaa luotettavan suorituskyvyn kaikissa s\u00e4\u00e4olosuhteissa.<\/p>","protected":false},"featured_media":3234,"template":"","meta":[],"product_brand":[],"product_cat":[49],"product_tag":[],"class_list":{"0":"post-3226","1":"product","2":"type-product","3":"status-publish","4":"has-post-thumbnail","6":"product_cat-nfc-key-fobs","8":"first","9":"instock","10":"shipping-taxable","11":"product-type-simple"},"_links":{"self":[{"href":"https:\/\/nfc-readers.com\/fi\/wp-json\/wp\/v2\/product\/3226","targetHints":{"allow":["GET"]}}],"collection":[{"href":"https:\/\/nfc-readers.com\/fi\/wp-json\/wp\/v2\/product"}],"about":[{"href":"https:\/\/nfc-readers.com\/fi\/wp-json\/wp\/v2\/types\/product"}],"wp:featuredmedia":[{"embeddable":true,"href":"https:\/\/nfc-readers.com\/fi\/wp-json\/wp\/v2\/media\/3234"}],"wp:attachment":[{"href":"https:\/\/nfc-readers.com\/fi\/wp-json\/wp\/v2\/media?parent=3226"}],"wp:term":[{"taxonomy":"product_brand","embeddable":true,"href":"https:\/\/nfc-readers.com\/fi\/wp-json\/wp\/v2\/product_brand?post=3226"},{"taxonomy":"product_cat","embeddable":true,"href":"https:\/\/nfc-readers.com\/fi\/wp-json\/wp\/v2\/product_cat?post=3226"},{"taxonomy":"product_tag","embeddable":true,"href":"https:\/\/nfc-readers.com\/fi\/wp-json\/wp\/v2\/product_tag?post=3226"}],"curies":[{"name":"wp","href":"https:\/\/api.w.org\/{rel}","templated":true}]}}