{"id":3233,"date":"2024-10-30T12:07:01","date_gmt":"2024-10-30T12:07:01","guid":{"rendered":"https:\/\/nfc-readers.com\/?post_type=product&#038;p=3233"},"modified":"2024-11-14T14:43:00","modified_gmt":"2024-11-14T14:43:00","slug":"customized-13-56mhz-rfid-abs-nfc-keychans","status":"publish","type":"product","link":"https:\/\/nfc-readers.com\/fi\/ic-reader\/customized-13-56mhz-rfid-abs-nfc-keychans\/","title":{"rendered":"Mukautetut 13,56 MHz RFID ABS NFC-avainkanavat"},"content":{"rendered":"<h1 style=\"text-align: center;\"><strong>Mukautetut 13,56 MHz RFID ABS NFC-avainkanavat<\/strong><\/h1>\n<p>&nbsp;<\/p>\n<p>Nykyp\u00e4iv\u00e4n nopeatempoisessa maailmassa turvallisten ja k\u00e4tevien p\u00e4\u00e4syratkaisujen tarve on ensiarvoisen t\u00e4rke\u00e4. Esittelyss\u00e4 <strong>R\u00e4\u00e4t\u00e4l\u00f6idyt 13,56 MHz RFID ABS NFC-avainniput<\/strong>, t\u00e4ydellinen sekoitus tekniikkaa ja k\u00e4yt\u00e4nn\u00f6llisyytt\u00e4. N\u00e4m\u00e4 edistyneet avaimenper\u00e4t k\u00e4ytt\u00e4v\u00e4t RFID- (Radio-Frequency Identification)- ja NFC-teknologiaa (Near Field Communication) ja tarjoavat saumattoman ja kontaktittoman k\u00e4yt\u00f6n. Joko henkil\u00f6kohtaiseen k\u00e4ytt\u00f6\u00f6n tai osana suurempaa\u00a0<strong>kulunvalvontaj\u00e4rjestelm\u00e4<\/strong>, n\u00e4m\u00e4 avaimenper\u00e4t tarjoavat vankan, luotettavan ja k\u00e4ytt\u00e4j\u00e4yst\u00e4v\u00e4llisen ratkaisun k\u00e4ytt\u00f6tarpeihisi.<\/p>\n<p>&nbsp;<\/p>\n<h3><strong>Tuoteedut ja miksi valita NFC-avaimenper\u00e4mme<\/strong><\/h3>\n<p>&nbsp;<\/p>\n<ol>\n<li><strong>Parannettu suojaus<\/strong>:\u00a0<strong>NFC avaimenper\u00e4<\/strong>\u00a0lis\u00e4\u00e4 tilojesi turvallisuutta. Ainutlaatuisella tunnistekoodilla jokainen laite varmistaa, ett\u00e4 vain valtuutetut k\u00e4ytt\u00e4j\u00e4t p\u00e4\u00e4sev\u00e4t k\u00e4siksi.<\/li>\n<li><strong>Kest\u00e4vyys ja monipuolisuus<\/strong>: Valmistettu korkealaatuisesta materiaalista\u00a0<strong>ABS<\/strong>, n\u00e4m\u00e4 avaimenper\u00e4t eiv\u00e4t ole vain kest\u00e4vi\u00e4, vaan my\u00f6s veden- ja s\u00e4\u00e4nkest\u00e4vi\u00e4, joten ne sopivat erilaisiin ymp\u00e4rist\u00f6ihin.<\/li>\n<li><strong>Muokattava ja esteettinen vetovoima<\/strong>: Avaimenper\u00e4mme voidaan r\u00e4\u00e4t\u00e4l\u00f6id\u00e4 br\u00e4ndivaatimustesi mukaan\u00a0<strong>CMYK 4C -tulostus<\/strong>, laserkoodaus ja l\u00e4mp\u00f6tulostus, joiden avulla voit sis\u00e4llytt\u00e4\u00e4 logosi tai mallisi saumattomasti.<\/li>\n<li><strong>K\u00e4ytt\u00e4j\u00e4yst\u00e4v\u00e4llinen<\/strong>: Helppok\u00e4ytt\u00f6isiksi suunnitellut avaimenper\u00e4t ovat kontaktittomia; k\u00e4ytt\u00e4jien tarvitsee vain napauttaa kaukos\u00e4\u00e4dint\u00e4 lukijan l\u00e4helle p\u00e4\u00e4st\u00e4kseen sis\u00e4\u00e4n.<\/li>\n<li><strong>Kustannustehokas ratkaisu<\/strong>: Elinik\u00e4 on\u00a0<strong>100 000 kirjoitusjaksoa<\/strong>, meid\u00e4n\u00a0<strong>RFID-avaintunnisteet<\/strong>\u00a0ovat kustannustehokas vaihtoehto sek\u00e4 yksityishenkil\u00f6ille ett\u00e4 yrityksille, mik\u00e4 v\u00e4hent\u00e4\u00e4 toistuvien vaihtojen tarvetta.<\/li>\n<\/ol>\n<p>N\u00e4iden etujen ansiosta\u00a0<strong>R\u00e4\u00e4t\u00e4l\u00f6idyt 13,56 MHz RFID ABS NFC-avainniput<\/strong>\u00a0erottua nykyajan p\u00e4\u00e4syratkaisujen olennaisena osana.<\/p>\n<p>&nbsp;<\/p>\n<h3><strong>Tuotekuvaus<\/strong><\/h3>\n<p>&nbsp;<\/p>\n<h3>1. RFID- ja NFC-tekniikoiden ymm\u00e4rt\u00e4minen<\/h3>\n<p>RFID ja NFC ovat molemmat kriittisi\u00e4 teknologioita, jotka ohjaavat nykyaikaisia kulunvalvontaratkaisuja. RFID toimii s\u00e4hk\u00f6magneettisten kenttien avulla tunnistamaan ja seuraamaan automaattisesti esineisiin kiinnitettyj\u00e4 tunnisteita, kun taas NFC on RFID:n osajoukko, joka on suunniteltu l\u00e4hiviestint\u00e4\u00e4n. N\u00e4m\u00e4 teknologiat muodostavat toimintamme selk\u00e4rangan\u00a0<strong>avaimenper\u00e4t<\/strong>, mik\u00e4 varmistaa nopeat ja turvalliset kaupat.<\/p>\n<h3>2. Mukautettujen 13,56 MHz RFID ABS NFC -avainnippujen ominaisuudet<\/h3>\n<p>Yksi erottuvista ominaisuuksista on\u00a0<strong>13,56 MHz taajuus<\/strong>, joka takaa erinomaiset lukuominaisuudet. Lis\u00e4ksi avaimenper\u00e4n kompakti koko parantaa kannettavuutta, mik\u00e4 helpottaa k\u00e4ytt\u00e4jien kuljettamista mukana. Lis\u00e4ksi,\u00a0<strong>vedenpit\u00e4v\u00e4 ja s\u00e4\u00e4nkest\u00e4v\u00e4<\/strong>\u00a0muotoilu mahdollistaa kaukos\u00e4\u00e4timen toiminnan erilaisissa ymp\u00e4rist\u00f6olosuhteissa.<\/p>\n<h3>3. Sovellus kulunvalvontaj\u00e4rjestelmiss\u00e4<\/h3>\n<p>N\u00e4m\u00e4 avaimenper\u00e4t ovat ihanteellisia integroitaviksi\u00a0<strong>kulunvalvontaj\u00e4rjestelm\u00e4t<\/strong>. Niit\u00e4 voidaan k\u00e4ytt\u00e4\u00e4 ovien lukoissa, \u00e4lyovissa ja jopa hotellihuoneissa, mik\u00e4 tekee niist\u00e4 monipuolisia erilaisiin k\u00e4ytt\u00f6tarkoituksiin. Avaimenper\u00e4 toimii saumattomasti turvallisuuden parantamiseksi sek\u00e4 asuin- ett\u00e4 liiketiloissa.<\/p>\n<h3>4. K\u00e4yt\u00e4nn\u00f6n k\u00e4ytt\u00f6ohjeet<\/h3>\n<p>K\u00e4ytt\u00e4m\u00e4ll\u00e4\u00a0<strong>RFID-avaimenper\u00e4<\/strong>\u00a0on intuitiivinen; vain pid\u00e4 se sis\u00e4ll\u00e4\u00e4n\u00a0<strong>0-10 cm<\/strong>\u00a0RFID-lukijaa, kunnes kuulet \u00e4\u00e4nimerkin tai n\u00e4et onnistuneen k\u00e4yt\u00f6n osoittavan LED-valon. Avaimenper\u00e4t ovat uudelleenkirjoitettavia, joten voit p\u00e4ivitt\u00e4\u00e4 niiden tietoja tarpeen mukaan, mik\u00e4 on eritt\u00e4in t\u00e4rke\u00e4\u00e4 organisaatioille, jotka p\u00e4ivitt\u00e4v\u00e4t s\u00e4\u00e4nn\u00f6llisesti ty\u00f6ntekij\u00f6iden p\u00e4\u00e4sy\u00e4.<\/p>\n<h3>5. Ymp\u00e4rist\u00f6vaikutukset<\/h3>\n<p>Sitoutumisemme kest\u00e4v\u00e4\u00e4n kehitykseen n\u00e4kyy materiaaleissa ja prosesseissa, joita k\u00e4yt\u00e4mme n\u00e4iden avainnippujen valmistuksessa. Valmistetaan\u00a0<strong>ABS<\/strong>, kierr\u00e4tett\u00e4v\u00e4 materiaali, ne ovat ymp\u00e4rist\u00f6yst\u00e4v\u00e4llinen vaihtoehto yrityksille, jotka pyrkiv\u00e4t pienent\u00e4m\u00e4\u00e4n hiilijalanj\u00e4lke\u00e4\u00e4n.<\/p>\n<h3>6. Asiakkaiden arvostelut ja suosittelut<\/h3>\n<p>Asiakkaat kehuvat meit\u00e4\u00a0<strong>NFC avaimenper\u00e4t<\/strong>\u00a0niiden luotettavuuden ja tehokkuuden vuoksi. Monet huomasivat parantuneen tilojensa turvallisuuden, ja useat raportoivat merkitt\u00e4vist\u00e4 parannuksista sek\u00e4 ty\u00f6ntekij\u00f6iden ett\u00e4 vierailijoiden p\u00e4\u00e4syn helpottamiseen. &quot;Integraatio oli saumaton ja avaimenper\u00e4t ovat toimineet moitteettomasti&quot;, toteaa yksi tyytyv\u00e4inen asiakas.<\/p>\n<p>&nbsp;<\/p>\n<h3><strong>Tekniset tiedot<\/strong><\/h3>\n<table class=\"preview\" style=\"height: 293px;\" width=\"492\">\n<thead>\n<tr>\n<th>Attribuutti<\/th>\n<th>Erittely<\/th>\n<\/tr>\n<\/thead>\n<tbody>\n<tr>\n<td><strong>Viestint\u00e4liittym\u00e4<\/strong><\/td>\n<td>RFID, NFC<\/td>\n<\/tr>\n<tr>\n<td><strong>Taajuus<\/strong><\/td>\n<td>13,56 MHz<\/td>\n<\/tr>\n<tr>\n<td><strong>Materiaali<\/strong><\/td>\n<td>ABS<\/td>\n<\/tr>\n<tr>\n<td><strong>Siru<\/strong><\/td>\n<td>NTAG213\/215\/216<\/td>\n<\/tr>\n<tr>\n<td><strong>p\u00f6yt\u00e4kirja<\/strong><\/td>\n<td>ISO14443A<\/td>\n<\/tr>\n<tr>\n<td><strong>L\u00e4mp\u00f6tila-alue<\/strong><\/td>\n<td>20 \u2103 ~ +85 \u2103<\/td>\n<\/tr>\n<tr>\n<td><strong>Lukuet\u00e4isyys<\/strong><\/td>\n<td>0-10 cm<\/td>\n<\/tr>\n<tr>\n<td><strong>Kirjoitussykli<\/strong><\/td>\n<td>100 000 kertaa<\/td>\n<\/tr>\n<tr>\n<td><strong>Pakkauskoko<\/strong><\/td>\n<td>10x8x6 cm<\/td>\n<\/tr>\n<tr>\n<td><strong>Paino<\/strong><\/td>\n<td>0,020 kg<\/td>\n<\/tr>\n<\/tbody>\n<\/table>\n<h3><\/h3>\n<h3><strong>UKK<\/strong><\/h3>\n<p>&nbsp;<\/p>\n<p><strong>K: Voinko mukauttaa RFID-tunnistetta?<\/strong><br \/>\nV: Kyll\u00e4, meid\u00e4n\u00a0<strong>RFID-avaimenper\u00e4t<\/strong>\u00a0voidaan r\u00e4\u00e4t\u00e4l\u00f6id\u00e4 haluamillasi design- ja br\u00e4ndielementeill\u00e4.<\/p>\n<p><strong>K: Ovatko n\u00e4m\u00e4 avaimenper\u00e4t yhteensopivia olemassa olevien j\u00e4rjestelmien kanssa?<\/strong><br \/>\nV: Avaimenper\u00e4mme on suunniteltu integroitumaan useimpiin olemassa oleviin RFID-j\u00e4rjestelmiin, mutta suosittelemme tarkistamista<\/p>\n<p>&nbsp;<\/p>","protected":false},"excerpt":{"rendered":"<p>Mukautetut 13,56 MHz RFID ABS NFC -avainniput on suunniteltu monipuoliseen ja turvalliseen kulunvalvontaan. Kest\u00e4v\u00e4n ABS-materiaalin ja NFC-teknologian ansiosta n\u00e4m\u00e4 avaimenper\u00e4t tarjoavat mukavuutta ja luotettavuutta erilaisiin sovelluksiin tapahtumanhallinnasta \u00e4lykk\u00e4\u00e4n kodin j\u00e4rjestelmiin.<\/p>","protected":false},"featured_media":3235,"template":"","meta":[],"product_brand":[],"product_cat":[49],"product_tag":[],"class_list":{"0":"post-3233","1":"product","2":"type-product","3":"status-publish","4":"has-post-thumbnail","6":"product_cat-nfc-key-fobs","8":"first","9":"instock","10":"shipping-taxable","11":"product-type-simple"},"_links":{"self":[{"href":"https:\/\/nfc-readers.com\/fi\/wp-json\/wp\/v2\/product\/3233","targetHints":{"allow":["GET"]}}],"collection":[{"href":"https:\/\/nfc-readers.com\/fi\/wp-json\/wp\/v2\/product"}],"about":[{"href":"https:\/\/nfc-readers.com\/fi\/wp-json\/wp\/v2\/types\/product"}],"wp:featuredmedia":[{"embeddable":true,"href":"https:\/\/nfc-readers.com\/fi\/wp-json\/wp\/v2\/media\/3235"}],"wp:attachment":[{"href":"https:\/\/nfc-readers.com\/fi\/wp-json\/wp\/v2\/media?parent=3233"}],"wp:term":[{"taxonomy":"product_brand","embeddable":true,"href":"https:\/\/nfc-readers.com\/fi\/wp-json\/wp\/v2\/product_brand?post=3233"},{"taxonomy":"product_cat","embeddable":true,"href":"https:\/\/nfc-readers.com\/fi\/wp-json\/wp\/v2\/product_cat?post=3233"},{"taxonomy":"product_tag","embeddable":true,"href":"https:\/\/nfc-readers.com\/fi\/wp-json\/wp\/v2\/product_tag?post=3233"}],"curies":[{"name":"wp","href":"https:\/\/api.w.org\/{rel}","templated":true}]}}