{"id":3241,"date":"2024-10-30T12:36:28","date_gmt":"2024-10-30T12:36:28","guid":{"rendered":"https:\/\/nfc-readers.com\/?post_type=product&#038;p=3241"},"modified":"2024-10-30T12:36:28","modified_gmt":"2024-10-30T12:36:28","slug":"iso11784-5-125khz-tk4100-waterproof-smart-rfid-key-fob","status":"publish","type":"product","link":"https:\/\/nfc-readers.com\/fi\/ic-reader\/iso11784-5-125khz-tk4100-waterproof-smart-rfid-key-fob\/","title":{"rendered":"ISO11784\/5 125Khz TK4100 vedenpit\u00e4v\u00e4 \u00e4lyk\u00e4s RFID-avaimenper\u00e4"},"content":{"rendered":"<h1 style=\"text-align: center;\"><strong>ISO11784\/5 125Khz TK4100 vedenpit\u00e4v\u00e4 \u00e4lyk\u00e4s RFID-avaimenper\u00e4<\/strong><\/h1>\n<p>The <strong>ISO11784\/5 125KHz TK4100 vedenpit\u00e4v\u00e4 \u00e4lyk\u00e4s RFID-avaimenper\u00e4<\/strong>\u00a0edustaa nykyaikaisten kulunvalvontaratkaisujen huippua, jossa edistynyt teknologia yhdistyy kest\u00e4v\u00e4\u00e4n muotoiluun tarjotakseen luotettavan ja tehokkaan tavan hallita turvallisia sis\u00e4\u00e4nk\u00e4yntipisteit\u00e4. Vedenpit\u00e4vyytens\u00e4 ja kompaktin kokonsa ansiosta t\u00e4m\u00e4 RFID-avaimenper\u00e4 on paitsi k\u00e4yt\u00e4nn\u00f6llinen, my\u00f6s v\u00e4ltt\u00e4m\u00e4t\u00f6n erilaisissa sovelluksissa. Olipa kyseess\u00e4 suojattu ymp\u00e4rist\u00f6 hotellissa, toimistorakennuksessa tai henkil\u00f6kohtaisessa k\u00e4yt\u00f6ss\u00e4, t\u00e4m\u00e4 RFID-avaimenper\u00e4 tarjoaa erinomaisen todennuksen ja tunnistamisen v\u00e4h\u00e4isell\u00e4 vaivalla.<\/p>\n<p>&nbsp;<\/p>\n<h3><strong>Miksi valita TK4100 RFID-avain?<\/strong><\/h3>\n<p>&nbsp;<\/p>\n<p>Investointi TK4100 RFID-avaimeen tarkoittaa ymp\u00e4rist\u00f6si turvaamista huipputekniikalla, joka on suunniteltu kest\u00e4m\u00e4\u00e4n jokap\u00e4iv\u00e4isen k\u00e4yt\u00f6n haasteet. Vedenpit\u00e4v\u00e4 ja s\u00e4\u00e4nkest\u00e4v\u00e4 muotoilu varmistaa, ett\u00e4 kaukos\u00e4\u00e4din pysyy luotettavana kaikissa olosuhteissa, joten se on ihanteellinen valinta sek\u00e4 sis\u00e4- ett\u00e4 ulkok\u00e4ytt\u00f6\u00f6n. Sen kevyt ABS-rakenne, joka on muokattavissa silkkiseulonnalla ja laserkaiverruksella, mahdollistaa mukauttamisen toiminnallisuuden s\u00e4ilytt\u00e4en. Avaimen passiivinen luonne takaa v\u00e4h\u00e4isen huollon ja pitk\u00e4n k\u00e4ytt\u00f6i\u00e4n, mik\u00e4 tekee siit\u00e4 kustannustehokkaan ratkaisun rajoitetuille alueille p\u00e4\u00e4syyn.<\/p>\n<p>&nbsp;<\/p>\n<h3><strong>Tuotteen yleiskatsaus<\/strong><\/h3>\n<p>&nbsp;<\/p>\n<p>TK4100 RFID-avaimenper\u00e4 toimii taajuudella\u00a0<strong>125KHz<\/strong>, noudattaen\u00a0<strong>ISO11784\/5<\/strong>\u00a0tunnistusj\u00e4rjestelmien standardit, joten se on yhteensopiva erilaisten RFID-lukijoiden ja kulunvalvontaj\u00e4rjestelmien kanssa. T\u00e4m\u00e4 avaimenper\u00e4 on suunniteltu tehokkaaksi, ja siin\u00e4 on pieni koko\u00a0<strong>41*32mm<\/strong>, yhdistettyn\u00e4 useisiin v\u00e4rivaihtoehtoihin, mukaan lukien keltainen, sininen, punainen, musta ja vihre\u00e4. Painolla vain\u00a0<strong>5-8 g<\/strong>T\u00e4m\u00e4 kevyt muotoilu takaa k\u00e4ytt\u00f6mukavuuden ja helppouden p\u00e4ivitt\u00e4isess\u00e4 k\u00e4yt\u00f6ss\u00e4.<\/p>\n<p>&nbsp;<\/p>\n<h3><strong>TK4100 RFID-avaimenper\u00e4n t\u00e4rkeimm\u00e4t ominaisuudet<\/strong><\/h3>\n<h3>RFID-viestint\u00e4liit\u00e4nt\u00e4<\/h3>\n<p>TK4100-tunniste k\u00e4ytt\u00e4\u00e4\u00a0<strong>RFID<\/strong>\u00a0tekniikka tehokkaaseen viestint\u00e4\u00e4n. Passiivinen rakenne tarkoittaa, ett\u00e4 se ei vaadi sis\u00e4ist\u00e4 virtal\u00e4hdett\u00e4; sen sijaan se ottaa virtaa RFID-lukijan signaalista. T\u00e4m\u00e4 ominaisuus ei vain pidenn\u00e4 tunnisteen k\u00e4ytt\u00f6ik\u00e4\u00e4, vaan my\u00f6s v\u00e4hent\u00e4\u00e4 s\u00e4\u00e4nn\u00f6llisen huollon tarvetta, mik\u00e4 tekee siit\u00e4 k\u00e4tev\u00e4n valinnan niin yrityksille kuin yksityishenkil\u00f6illekin.<\/p>\n<p><strong>Edut<\/strong>:<\/p>\n<ul>\n<li><strong>V\u00e4h\u00e4inen huolto<\/strong>: Passiivinen RFID-tekniikka tarkoittaa, ett\u00e4 paristoja ei tarvitse vaihtaa.<\/li>\n<li><strong>Kest\u00e4v\u00e4 muotoilu<\/strong>: Kest\u00e4\u00e4 ulkoisia ymp\u00e4rist\u00f6tekij\u00f6it\u00e4 vedenpit\u00e4vyyden ansiosta.<\/li>\n<\/ul>\n<h3>Vedenpit\u00e4v\u00e4 ja s\u00e4\u00e4nkest\u00e4v\u00e4<\/h3>\n<p>Luultavasti yksi TK4100 RFID-avaimenper\u00e4n erottuvimmista ominaisuuksista on sen\u00a0<strong>vedenpit\u00e4v\u00e4<\/strong>\u00a0ja\u00a0<strong>s\u00e4\u00e4nkest\u00e4v\u00e4<\/strong>\u00a0rakentaminen. T\u00e4m\u00e4 avaimenper\u00e4 pysyy toimivana riippumatta siit\u00e4, k\u00e4ytet\u00e4\u00e4nk\u00f6 sit\u00e4 kosteassa ymp\u00e4rist\u00f6ss\u00e4 tai alttiina kovalle s\u00e4\u00e4lle.<\/p>\n<p><strong>Edut<\/strong>:<\/p>\n<ul>\n<li><strong>Luotettavuus kaikissa olosuhteissa<\/strong>: Varmista, ett\u00e4 kulunvalvonta pysyy tehokkaana sek\u00e4 sis\u00e4- ett\u00e4 ulkotiloissa.<\/li>\n<li><strong>Pidempi k\u00e4ytt\u00f6ik\u00e4<\/strong>: V\u00e4hentynyt kuluminen verrattuna ei-vedenkest\u00e4viin vaihtoehtoihin.<\/li>\n<\/ul>\n<h3>Kompakti ja kevyt muotoilu<\/h3>\n<p>Mitoilla\u00a0<strong>41*32mm<\/strong>\u00a0ja paino vain\u00a0<strong>5-8 g<\/strong>TK4100 avaimenper\u00e4 on suunniteltu maksimaaliseen siirrett\u00e4vyyteen. T\u00e4m\u00e4n ergonomisen koon ja painon ansiosta k\u00e4ytt\u00e4j\u00e4t voivat kantaa sit\u00e4 k\u00e4tev\u00e4sti ilman lis\u00e4tty\u00e4 massaa, joten se on helppo kiinnitt\u00e4\u00e4 avainnippuihin tai laukkuihin.<\/p>\n<p><strong>Edut<\/strong>:<\/p>\n<ul>\n<li><strong>Helppok\u00e4ytt\u00f6isyys<\/strong>: V\u00e4h\u00e4inen tukkeutuminen kuljetuksen aikana, sopii jokap\u00e4iv\u00e4isille k\u00e4ytt\u00e4jille.<\/li>\n<li><strong>Monipuoliset kiinnitysvaihtoehdot<\/strong>: Yhteensopiva erilaisten kantoratkaisujen kanssa avaimenper\u00e4st\u00e4 kaulanauhaan.<\/li>\n<\/ul>\n<p>&nbsp;<\/p>\n<table class=\"preview\" style=\"height: 195px;\" width=\"557\">\n<thead>\n<tr>\n<th>Erittely<\/th>\n<th>Kuvaus<\/th>\n<\/tr>\n<\/thead>\n<tbody>\n<tr>\n<td><strong>Taajuus<\/strong><\/td>\n<td>125KHz<\/td>\n<\/tr>\n<tr>\n<td><strong>Materiaali<\/strong><\/td>\n<td>ABS<\/td>\n<\/tr>\n<tr>\n<td><strong>Kokovaihtoehdot<\/strong><\/td>\n<td>41<em>32mm, 25<\/em>34,5 mm, 32<em>52mm, 31<\/em>42mm, 30,5*37,5mm<\/td>\n<\/tr>\n<tr>\n<td><strong>Paino<\/strong><\/td>\n<td>5-8 g\/kpl<\/td>\n<\/tr>\n<tr>\n<td><strong>Tulostusasetukset<\/strong><\/td>\n<td>Silkkiseulonta, laserkaiverrettu logo<\/td>\n<\/tr>\n<tr>\n<td><strong>Muut ominaisuudet<\/strong><\/td>\n<td>R\u00e4\u00e4t\u00e4l\u00f6ity logolla, sarjanumerolla, HID-koodilla<\/td>\n<\/tr>\n<\/tbody>\n<\/table>\n<p>&nbsp;<\/p>","protected":false},"excerpt":{"rendered":"<p>ISO11784\/5 125KHz TK4100 Waterproof Smart RFID-avaimenper\u00e4 tarjoaa luotettavan kulunvalvonnan erilaisissa ymp\u00e4rist\u00f6iss\u00e4. Sen kest\u00e4v\u00e4, vedenpit\u00e4v\u00e4 muotoilu takaa pitk\u00e4kestoisen suorituskyvyn.<\/p>","protected":false},"featured_media":3242,"template":"","meta":[],"product_brand":[],"product_cat":[49],"product_tag":[],"class_list":{"0":"post-3241","1":"product","2":"type-product","3":"status-publish","4":"has-post-thumbnail","6":"product_cat-nfc-key-fobs","8":"first","9":"instock","10":"shipping-taxable","11":"product-type-simple"},"_links":{"self":[{"href":"https:\/\/nfc-readers.com\/fi\/wp-json\/wp\/v2\/product\/3241","targetHints":{"allow":["GET"]}}],"collection":[{"href":"https:\/\/nfc-readers.com\/fi\/wp-json\/wp\/v2\/product"}],"about":[{"href":"https:\/\/nfc-readers.com\/fi\/wp-json\/wp\/v2\/types\/product"}],"wp:featuredmedia":[{"embeddable":true,"href":"https:\/\/nfc-readers.com\/fi\/wp-json\/wp\/v2\/media\/3242"}],"wp:attachment":[{"href":"https:\/\/nfc-readers.com\/fi\/wp-json\/wp\/v2\/media?parent=3241"}],"wp:term":[{"taxonomy":"product_brand","embeddable":true,"href":"https:\/\/nfc-readers.com\/fi\/wp-json\/wp\/v2\/product_brand?post=3241"},{"taxonomy":"product_cat","embeddable":true,"href":"https:\/\/nfc-readers.com\/fi\/wp-json\/wp\/v2\/product_cat?post=3241"},{"taxonomy":"product_tag","embeddable":true,"href":"https:\/\/nfc-readers.com\/fi\/wp-json\/wp\/v2\/product_tag?post=3241"}],"curies":[{"name":"wp","href":"https:\/\/api.w.org\/{rel}","templated":true}]}}