{"id":3248,"date":"2024-10-30T12:48:01","date_gmt":"2024-10-30T12:48:01","guid":{"rendered":"https:\/\/nfc-readers.com\/?post_type=product&#038;p=3248"},"modified":"2024-10-30T12:48:01","modified_gmt":"2024-10-30T12:48:01","slug":"waterproof-mifare-classic-1k-programmable-rfid-nfc-key-fob","status":"publish","type":"product","link":"https:\/\/nfc-readers.com\/fi\/ic-reader\/waterproof-mifare-classic-1k-programmable-rfid-nfc-key-fob\/","title":{"rendered":"Vedenpit\u00e4v\u00e4 MIFARE Classic 1K ohjelmoitava RFID NFC-avaimenper\u00e4"},"content":{"rendered":"<h1 style=\"text-align: center;\"><strong>Vedenpit\u00e4v\u00e4 MIFARE Classic 1K ohjelmoitava RFID NFC-avaimenper\u00e4<\/strong><\/h1>\n<p>&nbsp;<\/p>\n<p>Turvallisuuden ja kulunvalvonnan maailma on kehittynyt valtavasti, ja teknologia on tasoittanut tiet\u00e4 \u00e4lykk\u00e4\u00e4mmille ratkaisuille. Heid\u00e4n joukossaan on <strong>Vedenpit\u00e4v\u00e4 MIFARE Classic 1K ohjelmoitava RFID NFC-avaimenper\u00e4<\/strong>\u00a0erottuu monipuolisesta ja luotettavasta valinnasta niin henkil\u00f6kohtaiseen kuin ammattik\u00e4ytt\u00f6\u00f6n. T\u00e4m\u00e4 RFID-avaimenper\u00e4 on luotu ylivertaiseen toiminnallisuuteen ja k\u00e4ytt\u00f6mukavuuteen, ja se on enemm\u00e4n kuin vain tapa avata ovia \u2013 se on monik\u00e4ytt\u00f6inen ratkaisu, joka on r\u00e4\u00e4t\u00e4l\u00f6ity erilaisiin tarpeisiin. Vedenpit\u00e4v\u00e4 muotoilu, ohjelmoitavat ominaisuudet ja yhteensopivuus NFC-tekniikan kanssa tekev\u00e4t t\u00e4st\u00e4 avaimenper\u00e4st\u00e4 paitsi innovatiivisen, my\u00f6s kannattavan sijoituksen luotettavuutta ja turvallisuutta etsiville.<\/p>\n<p>&nbsp;<\/p>\n<p>&nbsp;<\/p>\n<h3><strong>Tuotteen edut: Miksi vedenpit\u00e4v\u00e4 MIFARE Classic 1K RFID NFC -avaimenper\u00e4 on ostamisen arvoinen<\/strong><\/h3>\n<p>Kulunvalvonnan parantaminen ei ole koskaan ollut n\u00e4in vaivatonta, ja t\u00e4m\u00e4 NFC-avaimenper\u00e4 on poikkeuksellisen helppo integroida olemassa oleviin j\u00e4rjestelmiin. Edut ulottuvat paljon muutakin kuin mukavuutta; sen veden- ja s\u00e4\u00e4nkest\u00e4v\u00e4t ominaisuudet tekev\u00e4t siit\u00e4 ihanteellisen ulkok\u00e4ytt\u00f6\u00f6n. T\u00e4m\u00e4 RFID-avaintunniste voidaan yhdist\u00e4\u00e4 saumattomasti henkil\u00f6kohtaiseen tai yritysbr\u00e4ndiin, sill\u00e4 se on muokattava eri v\u00e4reiss\u00e4 ja sill\u00e4 on mahdollisuus tulostaa yksil\u00f6llisi\u00e4 tunnisteita. K\u00e4ytt\u00e4jille, jotka etsiv\u00e4t kitkatonta tapaa automatisoida p\u00e4\u00e4sy\u00e4 kiinteist\u00f6ihins\u00e4, ajoneuvoihinsa tai laitteisiinsa, vedenpit\u00e4v\u00e4 MIFARE Classic 1K on poikkeuksellinen valinta.<\/p>\n<p>&nbsp;<\/p>\n<h3><strong>Ominaisuuksien ja teknisten tietojen p\u00e4\u00e4piirteet<\/strong><\/h3>\n<h3><strong>1.RFID- ja NFC-viestint\u00e4tekniikat<\/strong><\/h3>\n<p>RFID (Radio-Frequency Identification) ja NFC (Near Field Communication) ovat t\u00e4m\u00e4n edistyneen kauko-ohjainteknologian ytimess\u00e4. Toimii taajuudella\u00a0<strong>13,56 MHz<\/strong>, laite varmistaa nopean ja luotettavan viestinn\u00e4n kaukos\u00e4\u00e4timen ja lukijoiden v\u00e4lill\u00e4. NFC-ominaisuus mahdollistaa intuitiivisen vuorovaikutuksen, mik\u00e4 tekee siit\u00e4 ihanteellisen erilaisiin sovelluksiin, kuten mobiilimaksamiseen ja kulunvalvontaan.<\/p>\n<h3>2.\u00a0<strong>Veden- ja s\u00e4\u00e4nkest\u00e4v\u00e4 muotoilu<\/strong><\/h3>\n<p>T\u00e4m\u00e4 on suunniteltu erityisesti kest\u00e4vyytt\u00e4 varten\u00a0<strong>RFID-avaimenper\u00e4<\/strong>\u00a0on sek\u00e4 veden- ett\u00e4 s\u00e4\u00e4nkest\u00e4v\u00e4. Se on horjumaton ep\u00e4suotuisissa ymp\u00e4rist\u00f6olosuhteissa ja sopii t\u00e4ydellisesti k\u00e4ytett\u00e4v\u00e4ksi ulkotiloissa, mik\u00e4 takaa maksimaalisen suojan sis\u00e4isille piireille. T\u00e4m\u00e4 ominaisuus on eritt\u00e4in t\u00e4rke\u00e4 yrityksille ja yksityishenkil\u00f6ille, jotka tarvitsevat luotettavuutta s\u00e4\u00e4st\u00e4 riippumatta.<\/p>\n<h3>3.\u00a0<strong>Ohjelmoitavat ominaisuudet mukauttamiseen<\/strong><\/h3>\n<p>Yksi Waterproof MIFARE Classic 1K:n erottuvista ominaisuuksista on sen ohjelmoitavuus. K\u00e4ytt\u00e4j\u00e4t voivat mukauttaa avaimenper\u00e4n toimintoja omien kulunvalvontatarpeidensa mukaan. Tarviitpa sitten\u00a0<strong>avaimeton sis\u00e4\u00e4nk\u00e4ynti<\/strong>, tai tarvitsee tallentaa erityisi\u00e4 k\u00e4ytt\u00f6oikeuksia, t\u00e4m\u00e4n ohjelmoitava osa\u00a0<strong>avaimenper\u00e4<\/strong>\u00a0tarjoaa joustavuutta, jota ei tavallisissa malleissa ole.<\/p>\n<h3>4.\u00a0<strong>Useita kokovaihtoehtoja ja mukauttamista<\/strong><\/h3>\n<p>Useita eri kokoja, mukaan lukien\u00a0<strong>41<em>32mm, 25<\/em>34,5mm ja muut<\/strong>, avaimenper\u00e4 palvelee erilaisia k\u00e4ytt\u00e4jien mieltymyksi\u00e4. Sen lis\u00e4ksi, ett\u00e4 voit personoida tuotetta edelleen mukautetuilla logoilla ja v\u00e4reill\u00e4, mik\u00e4 tekee siit\u00e4 ainutlaatuisen lis\u00e4yksen RFID-tuotevalikoimaasi.<\/p>\n<h3>5.\u00a0<strong>Kest\u00e4v\u00e4 materiaali ja esteettinen vieh\u00e4tys<\/strong><\/h3>\n<p>T\u00e4m\u00e4 laadukkaasta ABS-materiaalista valmistettu avaimenper\u00e4 on suunniteltu kest\u00e4m\u00e4\u00e4n kulutusta, mik\u00e4 johtaa pitk\u00e4n k\u00e4ytt\u00f6i\u00e4n. Lis\u00e4ksi mahdollisuus valita\u00a0<strong>kaikki v\u00e4rit<\/strong>\u00a0varmistaa, ett\u00e4 se sopii saumattomasti mihin tahansa henkil\u00f6kohtaiseen tai ammatilliseen estetiikkaan.<\/p>\n<h3>6.\u00a0<strong>Kattavat sertifikaatit<\/strong><\/h3>\n<p>Mielenrauhan vuoksi vedenpit\u00e4v\u00e4 MIFARE Classic 1K RFID -avaimenper\u00e4 on ISO 9001:2008, SGS ja ROHS sertifioitu. T\u00e4m\u00e4 takaa, ett\u00e4 tuote t\u00e4ytt\u00e4\u00e4 tiukat laatu- ja turvallisuusstandardit, mik\u00e4 takaa asiakkaille sen luotettavuuden.<\/p>\n<h3>7.\u00a0<strong>Tehokas pakkaus ja toimitus<\/strong><\/h3>\n<p>T\u00e4m\u00e4 RFID-avaimenper\u00e4 on pakattu tehokkaasti\u00a0<strong>2000 kpl\/laatikko<\/strong>\u00a0ja\u00a0<strong>100 kpl\/opp pussi<\/strong>, suunniteltu optimaaliseen k\u00e4sittelyyn ja kuljetukseen. T\u00e4m\u00e4 j\u00e4rjestelm\u00e4 ei ainoastaan auta s\u00e4ilytt\u00e4m\u00e4\u00e4n tuotteen eheytt\u00e4, vaan my\u00f6s tehostaa k\u00e4ytt\u00e4jien logistiikkatoimintoja.<\/p>\n<h3>8.\u00a0<strong>Asiakkaiden arvostelut ja kokemukset<\/strong><\/h3>\n<p>Tyytyv\u00e4isilt\u00e4 asiakkailta saatu palaute korostaa avaimenper\u00e4n poikkeuksellista luotettavuutta ja suorituskyky\u00e4. K\u00e4ytt\u00e4j\u00e4t mainitsevat usein sen helppouden ohjelmoinnin ja vedenpit\u00e4v\u00e4n ominaisuuden kest\u00e4vyyden, mik\u00e4 tekee siit\u00e4 ensisijaisen valinnan turvallisia p\u00e4\u00e4syratkaisuja tarvitseville.<\/p>\n<p>&nbsp;<\/p>\n<h3><strong>Usein kysytyt kysymykset: Yleisten huolenaiheiden k\u00e4sitteleminen<\/strong><\/h3>\n<p>Potentiaalisilla asiakkailla voi olla erilaisia huolenaiheita ja kysymyksi\u00e4 RFID-avaimenper\u00e4st\u00e4. T\u00e4ss\u00e4 on muutamia usein kysyttyj\u00e4 kysymyksi\u00e4:<\/p>\n<ul>\n<li><strong>K: Voiko t\u00e4t\u00e4 avainta k\u00e4ytt\u00e4\u00e4 kulunvalvontaj\u00e4rjestelmiss\u00e4?<\/strong>\n<ul>\n<li><strong>V:<\/strong>\u00a0Kyll\u00e4, se on erityisesti suunniteltu kulunvalvontaj\u00e4rjestelmiin ja voi helpottaa avaimetonta sis\u00e4\u00e4nk\u00e4ynti\u00e4.<\/li>\n<\/ul>\n<\/li>\n<li><strong>K: Onko se muokattavissa?<\/strong>\n<ul>\n<li><strong>V:<\/strong>\u00a0T\u00e4ysin! Voit mukauttaa v\u00e4ri\u00e4, logoa ja jopa sarjanumeroita tarpeidesi mukaan.<\/li>\n<\/ul>\n<\/li>\n<li><strong>K: Mik\u00e4 on tuotteen takuu?<\/strong>\n<ul>\n<li><strong>V:<\/strong> Annamme valmistusvirheille takuun. Katso tarkemmat tiedot tuotteen dokumentaatiosta.<\/li>\n<\/ul>\n<\/li>\n<\/ul>\n<table class=\"all magic-13\" style=\"height: 269px;\" width=\"563\">\n<tbody>\n<tr>\n<td colspan=\"1\" rowspan=\"1\">\n<div class=\"magic-17\"><span class=\"magic-9\" data-spm-anchor-id=\"a2700.details.0.i42.61ee6b21Q8d0lU\">Tuote<\/span><\/div>\n<\/td>\n<td colspan=\"1\" rowspan=\"1\">\n<div class=\"magic-18\">RFID-avaimenper\u00e4<\/div>\n<\/td>\n<\/tr>\n<tr>\n<td colspan=\"1\" rowspan=\"1\">\n<div class=\"magic-17\">Materiaali<\/div>\n<\/td>\n<td colspan=\"1\" rowspan=\"1\">\n<div class=\"magic-18\">ABS, kupariantenni IC:ll\u00e4<\/div>\n<\/td>\n<\/tr>\n<tr>\n<td colspan=\"1\" rowspan=\"1\">\n<div class=\"magic-17\">V\u00e4ri<\/div>\n<\/td>\n<td colspan=\"1\" rowspan=\"1\">\n<div class=\"magic-18\">sininen, musta, keltainen, vihre\u00e4, punainen jne<\/div>\n<\/td>\n<\/tr>\n<tr>\n<td colspan=\"1\" rowspan=\"1\">\n<div class=\"magic-17\">Siru<\/div>\n<\/td>\n<td colspan=\"1\" rowspan=\"1\">\n<div class=\"magic-18\">MIFARE Classic\u00ae 1K tai muut<\/div>\n<\/td>\n<\/tr>\n<tr>\n<td colspan=\"1\" rowspan=\"1\">\n<div class=\"magic-17\">Taajuus<\/div>\n<\/td>\n<td colspan=\"1\" rowspan=\"1\">\n<div class=\"magic-18\">13,56 MHz<\/div>\n<\/td>\n<\/tr>\n<tr>\n<td colspan=\"1\" rowspan=\"1\">\n<div class=\"magic-17\">Air Interface Protocol<\/div>\n<\/td>\n<td colspan=\"1\" rowspan=\"1\">\n<div class=\"magic-18\">ISO14443A<\/div>\n<\/td>\n<\/tr>\n<tr>\n<td colspan=\"1\" rowspan=\"1\">\n<div class=\"magic-17\">Tulostus<\/div>\n<\/td>\n<td colspan=\"1\" rowspan=\"1\">\n<div class=\"magic-18\">Mukautettu logo, sarjanumero, QR-koodi, UID-numero<\/div>\n<\/td>\n<\/tr>\n<tr>\n<td colspan=\"1\" rowspan=\"1\">\n<div class=\"magic-17\">Ominaisuus<\/div>\n<\/td>\n<td colspan=\"1\" rowspan=\"1\">\n<div class=\"magic-18\">Vedenpit\u00e4v\u00e4, iskunkest\u00e4v\u00e4<\/div>\n<\/td>\n<\/tr>\n<tr>\n<td colspan=\"1\" rowspan=\"1\">\n<div class=\"magic-17\">Liite<\/div>\n<\/td>\n<td colspan=\"1\" rowspan=\"1\">\n<div class=\"magic-18\">Kaksinkertainen hopea metallisormus<\/div>\n<\/td>\n<\/tr>\n<tr>\n<td colspan=\"1\" rowspan=\"1\">\n<div class=\"magic-17\">Sovellus<\/div>\n<\/td>\n<td colspan=\"1\" rowspan=\"1\">\n<div class=\"magic-18\">Kulunvalvonta, l\u00e4sn\u00e4olon hallinta, henkil\u00f6llisyyden todennus<\/div>\n<\/td>\n<\/tr>\n<\/tbody>\n<\/table>","protected":false},"excerpt":{"rendered":"<p>The\u00a0<strong>Vedenpit\u00e4v\u00e4 MIFARE Classic 1K ohjelmoitava RFID NFC-avaimenper\u00e4<\/strong>\u00a0tarjoaa kest\u00e4v\u00e4n ja monipuolisen ratkaisun turvalliseen kulunvalvontaan yhdist\u00e4m\u00e4ll\u00e4 edistyneen NFC-tekniikan s\u00e4\u00e4nkest\u00e4v\u00e4\u00e4n muotoiluun. Ihanteellinen erilaisiin sovelluksiin, t\u00e4m\u00e4 avaimenper\u00e4 mahdollistaa helpon mukauttamisen ja ohjelmoinnin, mik\u00e4 parantaa sek\u00e4 toimivuutta ett\u00e4 k\u00e4ytt\u00f6mukavuutta.<\/p>","protected":false},"featured_media":3249,"template":"","meta":[],"product_brand":[],"product_cat":[49],"product_tag":[],"class_list":{"0":"post-3248","1":"product","2":"type-product","3":"status-publish","4":"has-post-thumbnail","6":"product_cat-nfc-key-fobs","8":"first","9":"instock","10":"shipping-taxable","11":"product-type-simple"},"_links":{"self":[{"href":"https:\/\/nfc-readers.com\/fi\/wp-json\/wp\/v2\/product\/3248","targetHints":{"allow":["GET"]}}],"collection":[{"href":"https:\/\/nfc-readers.com\/fi\/wp-json\/wp\/v2\/product"}],"about":[{"href":"https:\/\/nfc-readers.com\/fi\/wp-json\/wp\/v2\/types\/product"}],"wp:featuredmedia":[{"embeddable":true,"href":"https:\/\/nfc-readers.com\/fi\/wp-json\/wp\/v2\/media\/3249"}],"wp:attachment":[{"href":"https:\/\/nfc-readers.com\/fi\/wp-json\/wp\/v2\/media?parent=3248"}],"wp:term":[{"taxonomy":"product_brand","embeddable":true,"href":"https:\/\/nfc-readers.com\/fi\/wp-json\/wp\/v2\/product_brand?post=3248"},{"taxonomy":"product_cat","embeddable":true,"href":"https:\/\/nfc-readers.com\/fi\/wp-json\/wp\/v2\/product_cat?post=3248"},{"taxonomy":"product_tag","embeddable":true,"href":"https:\/\/nfc-readers.com\/fi\/wp-json\/wp\/v2\/product_tag?post=3248"}],"curies":[{"name":"wp","href":"https:\/\/api.w.org\/{rel}","templated":true}]}}