{"id":3255,"date":"2024-10-30T13:04:41","date_gmt":"2024-10-30T13:04:41","guid":{"rendered":"https:\/\/nfc-readers.com\/?post_type=product&#038;p=3255"},"modified":"2024-11-14T14:40:45","modified_gmt":"2024-11-14T14:40:45","slug":"125khz-proximity-rewritable-tk4100-t5577-rfid-keyfob","status":"publish","type":"product","link":"https:\/\/nfc-readers.com\/fi\/ic-reader\/125khz-proximity-rewritable-tk4100-t5577-rfid-keyfob\/","title":{"rendered":"125 kHz l\u00e4heisyys uudelleenkirjoitettava TK4100 T5577 RFID-avain"},"content":{"rendered":"<h1 style=\"text-align: center;\"><strong>125 kHz l\u00e4heisyys uudelleenkirjoitettava TK4100 T5577 RFID-avain<\/strong><\/h1>\n<p>The\u00a0<strong>125 kHz l\u00e4heisyys uudelleenkirjoitettava TK4100 T5577 RFID-avain<\/strong>\u00a0on innovatiivinen ratkaisu kulunvalvontaj\u00e4rjestelmiin, joka tarjoaa vankan ja monipuolisen tavan hallita suojattuja merkint\u00f6j\u00e4. T\u00e4m\u00e4 korkealaatuinen avaimenper\u00e4 on uudelleenkirjoitettava, joten k\u00e4ytt\u00e4j\u00e4t voivat muokata tietoja tarpeidensa mukaan. K\u00e4ytet\u00e4\u00e4np\u00e4 sitten rakennuksiin, hotelleihin tai auton avaimiin p\u00e4\u00e4syn hallintaan, t\u00e4m\u00e4 avaimenper\u00e4 integroituu saumattomasti turvaprotokolliisi.<\/p>\n<h2>TK4100 T5577 RFID-kaukos\u00e4\u00e4timen edut<\/h2>\n<p>T\u00e4h\u00e4n RFID-avaimeen sijoittamisen edut ulottuvat yksinkertaista kulunvalvontaa pidemm\u00e4lle. Se on vedenpit\u00e4v\u00e4 ja iskunkest\u00e4v\u00e4, mik\u00e4 takaa kest\u00e4vyyden ankarissakin olosuhteissa. Muokattavilla vaihtoehdoilla, mukaan lukien logotulostus, t\u00e4m\u00e4 avaimenper\u00e4 tarjoaa mahdollisuuden br\u00e4nd\u00e4t\u00e4miseen s\u00e4ilytt\u00e4en samalla toiminnallisuuden. Uudelleenkirjoitettava ominaisuus parantaa sen mukautuvuutta eri sovelluksiin, mik\u00e4 tekee siit\u00e4 ihanteellisen valinnan niin yrityksille kuin henkil\u00f6kohtaiseen k\u00e4ytt\u00f6\u00f6n.<\/p>\n<h2>TK4100 T5577 RFID-kaukos\u00e4\u00e4timen t\u00e4rkeimm\u00e4t ominaisuudet<\/h2>\n<p>The\u00a0<strong>125 kHz l\u00e4heisyys uudelleenkirjoitettava TK4100 T5577 RFID-avain<\/strong>\u00a0erottuu luokassaan useiden vertaansa vailla olevien ominaisuuksien ansiosta. T\u00e4m\u00e4 avaimenper\u00e4 integroi sek\u00e4 TK4100- ett\u00e4 T5577-sirut, mik\u00e4 mahdollistaa monipuolisen yhteensopivuuden olemassa olevien RFID-tekniikoiden kanssa.<\/p>\n<ul>\n<li><strong>Monitaajuusominaisuus<\/strong>: T\u00e4m\u00e4 avaimenper\u00e4 toimii sek\u00e4 125KHz:n ett\u00e4 13,56MHz:n taajuuksilla, mik\u00e4 varmistaa laajan yhteensopivuuden eri kulunvalvontaj\u00e4rjestelmien v\u00e4lill\u00e4.<\/li>\n<li><strong>Kompakti ja kevyt muotoilu<\/strong>: Minitunnistemuotonsa ansiosta avaimenper\u00e4 voidaan helposti kiinnitt\u00e4\u00e4 avaimenper\u00e4\u00e4n tai laukkuihin, mik\u00e4 tekee siit\u00e4 helpon kuljettaa ja k\u00e4ytt\u00e4\u00e4.<\/li>\n<\/ul>\n<p>Avaimenper\u00e4 toimii ensisijaisesti a\u00a0<strong>kontaktiton RFID-avaintunniste<\/strong>, mik\u00e4 yksinkertaistaa k\u00e4ytt\u00e4jien merkint\u00f6jen k\u00e4sittely\u00e4 dramaattisesti. T\u00e4m\u00e4 k\u00e4yt\u00e4nn\u00f6llisyys on erityisen hy\u00f6dyllinen kiireisiss\u00e4 ymp\u00e4rist\u00f6iss\u00e4, kuten hotelleissa ja toimistoissa.<\/p>\n<h2>Kest\u00e4vyys: Vedenpit\u00e4v\u00e4 ja iskunkest\u00e4v\u00e4<\/h2>\n<p>Yksi tunnusmerkeist\u00e4\u00a0<strong>TK4100 T5577 RFID-avaimenper\u00e4<\/strong>\u00a0on sen huomattava kest\u00e4vyys.<\/p>\n<ul>\n<li><strong>Vedenpit\u00e4v\u00e4\/s\u00e4\u00e4nkest\u00e4v\u00e4<\/strong>: Valmistettu korkealaatuisesta ABS-materiaalista, se kest\u00e4\u00e4 altistuksen vedelle ja elementeille, mik\u00e4 varmistaa luotettavan toiminnan kaikissa olosuhteissa. T\u00e4m\u00e4 ominaisuus poistaa huolet sateisen s\u00e4\u00e4n tai ulkoilmaolosuhteiden aikana, mik\u00e4 mahdollistaa tasaisen suorituskyvyn.<\/li>\n<li><strong>Iskunkest\u00e4v\u00e4 muotoilu<\/strong>: Vankka rakenne takaa my\u00f6s sen, ett\u00e4 avaimenper\u00e4 kest\u00e4\u00e4 pudotuksia ja iskuja vahingoittumatta, mik\u00e4 tekee siit\u00e4 ihanteellisen henkil\u00f6ille, jotka el\u00e4v\u00e4t aktiivista el\u00e4m\u00e4ntapaa tai ty\u00f6skentelev\u00e4t vaativissa ymp\u00e4rist\u00f6iss\u00e4.<\/li>\n<\/ul>\n<p>T\u00e4m\u00e4 kest\u00e4vyys ei hy\u00f6dyt\u00e4 ainoastaan tuotteen pitk\u00e4\u00e4 k\u00e4ytt\u00f6ik\u00e4\u00e4, vaan lis\u00e4\u00e4 my\u00f6s sen luotettavuutta turvallisena sis\u00e4\u00e4ntulolaitteena.<\/p>\n<h2>Uudelleenkirjoitettava ominaisuus: r\u00e4\u00e4t\u00e4l\u00f6inti ja mukautettavuus<\/h2>\n<p>Toinen erottuva ominaisuus\u00a0<strong>TK4100 T5577 RFID-avaimenper\u00e4<\/strong>\u00a0on sen uudelleenkirjoituskyky.<\/p>\n<ul>\n<li><strong>Mukautettavat tiedot<\/strong>: K\u00e4ytt\u00e4j\u00e4t voivat muokata tai p\u00e4ivitt\u00e4\u00e4 kaukos\u00e4\u00e4timeen tallennettuja RFID-tietoja. T\u00e4m\u00e4 ominaisuus on erityisen arvokas organisaatioille, jotka tarvitsevat usein p\u00e4ivityksi\u00e4 p\u00e4\u00e4st\u00e4kseen k\u00e4ytt\u00f6oikeuksiin, tai yrityksille, jotka haluavat personoida br\u00e4nd\u00e4yst\u00e4 avaimenper\u00e4ss\u00e4.<\/li>\n<li><strong>Helppo kopiointi<\/strong>: Uudelleenkirjoitettava luonne mahdollistaa helpon kopioinnin, jolloin yritykset voivat valmistaa vara-avaimenper\u00e4isi\u00e4 vaivattomasti ilman, ett\u00e4 tarvitsee vaihtaa kokonaisia yksik\u00f6it\u00e4.<\/li>\n<\/ul>\n<p>T\u00e4m\u00e4 r\u00e4\u00e4t\u00e4l\u00f6intitaso luo eritt\u00e4in mukautuvan ty\u00f6kalun kulunvalvontaan ja tarjoaa samalla merkitt\u00e4vi\u00e4 kustannuss\u00e4\u00e4st\u00f6mahdollisuuksia.<\/p>\n<h2>Tekniset tiedot: Yksityiskohtainen tekninen yleiskatsaus<\/h2>\n<p>The\u00a0<strong>TK4100 T5577 RFID-avaimenper\u00e4<\/strong>\u00a0on suunniteltu erityisominaisuuksilla, jotka helpottavat tehokasta kulunvalvontaa:<\/p>\n<table class=\"w-fit !mb-0 !max-w-none\" style=\"height: 187px;\" width=\"477\">\n<thead>\n<tr>\n<th><strong>Erittely<\/strong><\/th>\n<th><strong>Yksityiskohdat<\/strong><\/th>\n<\/tr>\n<\/thead>\n<tbody>\n<tr>\n<td><strong>Taajuusalue<\/strong><\/td>\n<td>125KHz ja 13,56MHz<\/td>\n<\/tr>\n<tr>\n<td><strong>Viestint\u00e4liittym\u00e4<\/strong><\/td>\n<td>RFID<\/td>\n<\/tr>\n<tr>\n<td><strong>Materiaali<\/strong><\/td>\n<td>ABS<\/td>\n<\/tr>\n<tr>\n<td><strong>V\u00e4rivaihtoehdot<\/strong><\/td>\n<td>Musta, ruskea, sininen, punainen, pinkki<\/td>\n<\/tr>\n<tr>\n<td><strong>N\u00e4ytteen saatavuus<\/strong><\/td>\n<td>N\u00e4ytteit\u00e4 saatavilla<\/td>\n<\/tr>\n<tr>\n<td><strong>Minimitilausm\u00e4\u00e4r\u00e4 (MOQ)<\/strong><\/td>\n<td>200 kpl<\/td>\n<\/tr>\n<\/tbody>\n<\/table>\n<p>&nbsp;<\/p>\n<p>&nbsp;<\/p>","protected":false},"excerpt":{"rendered":"<p>125 kHz:n l\u00e4heisyysuudelleenkirjoitettava TK4100 T5577 RFID -kaukos\u00e4\u00e4din tarjoaa turvallisen, kontaktittoman kulunhallinnan kest\u00e4v\u00e4ll\u00e4 ja muokattavalla muotoilulla. Ihanteellinen erilaisiin sovelluksiin, se varmistaa joustavuuden ja luotettavuuden merkint\u00f6jen hallinnassa.<\/p>","protected":false},"featured_media":3262,"template":"","meta":[],"product_brand":[],"product_cat":[49],"product_tag":[],"class_list":{"0":"post-3255","1":"product","2":"type-product","3":"status-publish","4":"has-post-thumbnail","6":"product_cat-nfc-key-fobs","8":"first","9":"instock","10":"shipping-taxable","11":"product-type-simple"},"_links":{"self":[{"href":"https:\/\/nfc-readers.com\/fi\/wp-json\/wp\/v2\/product\/3255","targetHints":{"allow":["GET"]}}],"collection":[{"href":"https:\/\/nfc-readers.com\/fi\/wp-json\/wp\/v2\/product"}],"about":[{"href":"https:\/\/nfc-readers.com\/fi\/wp-json\/wp\/v2\/types\/product"}],"wp:featuredmedia":[{"embeddable":true,"href":"https:\/\/nfc-readers.com\/fi\/wp-json\/wp\/v2\/media\/3262"}],"wp:attachment":[{"href":"https:\/\/nfc-readers.com\/fi\/wp-json\/wp\/v2\/media?parent=3255"}],"wp:term":[{"taxonomy":"product_brand","embeddable":true,"href":"https:\/\/nfc-readers.com\/fi\/wp-json\/wp\/v2\/product_brand?post=3255"},{"taxonomy":"product_cat","embeddable":true,"href":"https:\/\/nfc-readers.com\/fi\/wp-json\/wp\/v2\/product_cat?post=3255"},{"taxonomy":"product_tag","embeddable":true,"href":"https:\/\/nfc-readers.com\/fi\/wp-json\/wp\/v2\/product_tag?post=3255"}],"curies":[{"name":"wp","href":"https:\/\/api.w.org\/{rel}","templated":true}]}}