{"id":3286,"date":"2024-10-31T02:35:44","date_gmt":"2024-10-31T02:35:44","guid":{"rendered":"https:\/\/nfc-readers.com\/?post_type=product&#038;p=3286"},"modified":"2024-10-31T02:40:35","modified_gmt":"2024-10-31T02:40:35","slug":"acr1555u-bluetooth-usb-nfc-contactless-reader-writer","status":"publish","type":"product","link":"https:\/\/nfc-readers.com\/fi\/ic-reader\/acr1555u-bluetooth-usb-nfc-contactless-reader-writer\/","title":{"rendered":"ACR1555U Bluetooth USB NFC kontaktiton Reader Writer"},"content":{"rendered":"<h1 class=\"AnswerParser_AnswerParserH1__6UNv6\">Tutustu ACR1555U NFC-lukijaan: T\u00e4ydellinen kontaktiton ratkaisusi<\/h1>\n<p><span class=\"AnswerParser_TextContainer__z_Iiv\" data-testid=\"youchat-text\">The\u00a0<strong>ACR1555U NFC-lukija<\/strong>\u00a0on huippuluokan laite, joka on suunniteltu helpottamaan saumatonta vuorovaikutusta NFC-yhteensopivien laitteiden ja \u00e4lykorttien v\u00e4lill\u00e4. T\u00e4m\u00e4\u00a0<strong>NFC lukija<\/strong>\u00a0tukee useita kontaktittomia tekniikoita, joiden avulla k\u00e4ytt\u00e4j\u00e4t voivat lukea ja kirjoittaa tietoja tehokkaasti. ACR1555U:n monipuolisuus ja korkean suorituskyvyn ominaisuudet tekev\u00e4t siit\u00e4 t\u00e4rke\u00e4n ty\u00f6kalun yrityksille, kehitt\u00e4jille ja tekniikan yst\u00e4ville. T\u00e4m\u00e4n lukijan avulla voit avata maksujen k\u00e4sittelyn, kulunvalvonnan ja tiedonvaihdon mahdollisuuksia, mik\u00e4 tekee siit\u00e4 kannattavan sijoituksen kaikille, jotka haluavat parantaa NFC-teknologiaansa.<\/span><\/p>\n<h2 class=\"AnswerParser_AnswerParserH2__SIHnF\">Tuotekuvaus<\/h2>\n<ol class=\"AnswerParser_AnswerParserOrderedList__kl_2Y\">\n<li class=\"AnswerParser_ListItem__XqLOV\" translate=\"yes\"><strong>Mik\u00e4 on ACR1555U NFC-lukija?<\/strong><\/li>\n<li class=\"AnswerParser_ListItem__XqLOV\" translate=\"yes\"><strong>ACR1555U:n t\u00e4rkeimm\u00e4t ominaisuudet<\/strong><\/li>\n<li class=\"AnswerParser_ListItem__XqLOV\" translate=\"yes\"><strong>Tuetut NFC-tunnisteet ja -kortit<\/strong><\/li>\n<li class=\"AnswerParser_ListItem__XqLOV\" translate=\"yes\"><strong>Tekniset tiedot<\/strong><\/li>\n<li class=\"AnswerParser_ListItem__XqLOV\" translate=\"yes\"><strong>K\u00e4ytt\u00f6ohjeet<\/strong><\/li>\n<li class=\"AnswerParser_ListItem__XqLOV\" translate=\"yes\"><strong>Ymp\u00e4rist\u00f6vaikutukset ja kest\u00e4vyys<\/strong><\/li>\n<li class=\"AnswerParser_ListItem__XqLOV\" translate=\"yes\"><strong>Asiakkaiden arviot ja arvostelut<\/strong><\/li>\n<li class=\"AnswerParser_ListItem__XqLOV\" translate=\"yes\"><strong>Usein kysytyt kysymykset (FAQ)<\/strong><\/li>\n<li class=\"AnswerParser_ListItem__XqLOV\" translate=\"yes\"><strong>Aiheeseen liittyv\u00e4t tuotteet, joista saatat my\u00f6s pit\u00e4\u00e4<\/strong><\/li>\n<li class=\"AnswerParser_ListItem__XqLOV\" translate=\"yes\"><strong>Miksi valita ACR1555U NFC-lukija?<\/strong><\/li>\n<\/ol>\n<hr \/>\n<h2 class=\"AnswerParser_AnswerParserH2__SIHnF\">Mik\u00e4 on ACR1555U NFC-lukija?<\/h2>\n<p><span class=\"AnswerParser_TextContainer__z_Iiv\" data-testid=\"youchat-text\">The\u00a0<strong>ACR1555U NFC-lukija<\/strong>\u00a0on huippuluokan laite, joka on suunniteltu tehokkaaseen kontaktittomaan viestint\u00e4\u00e4n. Se tukee useita NFC-standardeja, mukaan lukien\u00a0<strong>ISO 14443<\/strong>\u00a0ja\u00a0<strong>ISO 18092<\/strong>, joten se on yhteensopiva useiden NFC-tunnisteiden ja \u00e4lykorttien kanssa. Halusitpa sitten k\u00e4sitell\u00e4 maksuja, hallita kulunvalvontaa tai olla vuorovaikutuksessa NFC-yhteensopivien laitteiden kanssa, ACR1555U tarjoaa nopean ja luotettavan ratkaisun.<\/span><span class=\"AnswerParser_TextContainer__z_Iiv\" data-testid=\"youchat-text\">T\u00e4m\u00e4\u00a0<strong>NFC lukija<\/strong>\u00a0on erityisen hy\u00f6dyllinen v\u00e4hitt\u00e4iskaupan, terveydenhuollon ja logistiikan yrityksille, joissa nopeat ja turvalliset kaupat ovat v\u00e4ltt\u00e4m\u00e4tt\u00f6mi\u00e4. Sen Bluetooth-ominaisuudet parantavat entisest\u00e4\u00e4n sen k\u00e4ytett\u00e4vyytt\u00e4 mahdollistamalla langattomat yhteydet \u00e4lypuhelimiin ja tabletteihin, mik\u00e4 tekee siit\u00e4 monipuolisen valinnan erilaisiin sovelluksiin.<\/span><\/p>\n<h2 class=\"AnswerParser_AnswerParserH2__SIHnF\">ACR1555U:n t\u00e4rkeimm\u00e4t ominaisuudet<\/h2>\n<p><span class=\"AnswerParser_TextContainer__z_Iiv\" data-testid=\"youchat-text\">ACR1555U:ssa on useita t\u00e4rkeit\u00e4 ominaisuuksia, jotka erottavat sen muista markkinoiden NFC-lukijoista:<\/span><\/p>\n<ul class=\"AnswerParser_AnswerParserUnorderedList__P_1FW\">\n<li class=\"AnswerParser_ListItem__XqLOV\" translate=\"yes\"><strong>Bluetooth-yhteys<\/strong>: Bluetooth-tekniikkaa hy\u00f6dynt\u00e4v\u00e4 ACR1555U mahdollistaa helpon pariliitoksen muodostamisen \u00e4lypuhelimien ja tablettien kanssa, mik\u00e4 mahdollistaa langattoman kokemuksen.<\/li>\n<li class=\"AnswerParser_ListItem__XqLOV\" translate=\"yes\"><strong>Laaja yhteensopivuus<\/strong>: T\u00e4m\u00e4\u00a0<strong>NFC-laite<\/strong>\u00a0tukee useita standardeja, mukaan lukien\u00a0<strong>MIFARE<\/strong>,\u00a0<strong>FeliCa<\/strong>ja erilaisia RFID-kortteja, mik\u00e4 varmistaa, ett\u00e4 voit ty\u00f6skennell\u00e4 monenlaisten teknologioiden kanssa.<\/li>\n<li class=\"AnswerParser_ListItem__XqLOV\" translate=\"yes\"><strong>K\u00e4ytt\u00e4j\u00e4yst\u00e4v\u00e4llinen k\u00e4ytt\u00f6liittym\u00e4<\/strong>: Laite on varustettu intuitiivisilla ohjaimilla ja osoittimilla, joiden avulla on helppo seurata sen tilaa ja toimia tehokkaasti.<\/li>\n<\/ul>\n<p><span class=\"AnswerParser_TextContainer__z_Iiv\" data-testid=\"youchat-text\">N\u00e4m\u00e4 ominaisuudet tekev\u00e4t ACR1555U:sta paitsi tehokkaan my\u00f6s uskomattoman k\u00e4ytt\u00e4j\u00e4yst\u00e4v\u00e4llisen, mik\u00e4 varmistaa, ett\u00e4 voit maksimoida sen ominaisuudet ilman jyrkk\u00e4\u00e4 oppimisk\u00e4yr\u00e4\u00e4.<\/span><\/p>\n<h2 class=\"AnswerParser_AnswerParserH2__SIHnF\">Tuetut NFC-tunnisteet ja -kortit<\/h2>\n<p><span class=\"AnswerParser_TextContainer__z_Iiv\" data-testid=\"youchat-text\">ACR1555U on monipuolinen ja tukee laajaa valikoimaa NFC-tunnisteita ja -kortteja:<\/span><\/p>\n<ul class=\"AnswerParser_AnswerParserUnorderedList__P_1FW\">\n<li class=\"AnswerParser_ListItem__XqLOV\" translate=\"yes\"><strong>MIFARE\u00ae-kortit<\/strong>: N\u00e4it\u00e4 kortteja k\u00e4ytet\u00e4\u00e4n yleisesti kulunvalvonnassa ja julkisessa liikenteess\u00e4, ja ACR1555U tukee hyvin n\u00e4it\u00e4 kortteja.<\/li>\n<li class=\"AnswerParser_ListItem__XqLOV\" translate=\"yes\"><strong>ISO 14443 Tyyppi A ja B<\/strong>: T\u00e4m\u00e4 yhteensopivuus varmistaa, ett\u00e4 voit olla vuorovaikutuksessa useimpien markkinoiden kontaktittomien \u00e4lykorttien kanssa.<\/li>\n<li class=\"AnswerParser_ListItem__XqLOV\" translate=\"yes\"><strong>NFC-tunnisteet<\/strong>: K\u00e4yt\u00e4tp\u00e4 sitten NFC-tarroja markkinointiin tai NFC-yhteensopivia k\u00e4yntikortteja, ACR1555U voi lukea ja kirjoittaa tietoja saumattomasti.<\/li>\n<\/ul>\n<p><span class=\"AnswerParser_TextContainer__z_Iiv\" data-testid=\"youchat-text\">T\u00e4m\u00e4n laajan yhteensopivuuden ansiosta k\u00e4ytt\u00e4j\u00e4t voivat olla yhteydess\u00e4 erilaisiin\u00a0<strong>NFC-tunnistetyypit<\/strong>, joten ACR1555U on joustava valinta mihin tahansa projektiin.<\/span><\/p>\n<h2 class=\"AnswerParser_AnswerParserH2__SIHnF\">Tekniset tiedot<\/h2>\n<div class=\"AnswerParser_TableContainer__Erb6v\" data-testid=\"table-container\">\n<table>\n<thead>\n<tr>\n<th>Erittely<\/th>\n<th>Yksityiskohdat<\/th>\n<\/tr>\n<\/thead>\n<tbody>\n<tr>\n<td><strong>Viestint\u00e4liittym\u00e4<\/strong><\/td>\n<td>USB ja Bluetooth<\/td>\n<\/tr>\n<tr>\n<td><strong>Tuetut standardit<\/strong><\/td>\n<td>ISO 14443, ISO 18092<\/td>\n<\/tr>\n<tr>\n<td><strong>Toimintataajuus<\/strong><\/td>\n<td>13,56 MHz<\/td>\n<\/tr>\n<tr>\n<td><strong>Virtal\u00e4hde<\/strong><\/td>\n<td>450 mAh ladattava akku<\/td>\n<\/tr>\n<tr>\n<td><strong>Yhteensopivuus<\/strong><\/td>\n<td>Android- ja iOS-laitteet<\/td>\n<\/tr>\n<\/tbody>\n<\/table>\n<\/div>\n<p><span class=\"AnswerParser_TextContainer__z_Iiv\" data-testid=\"youchat-text\">N\u00e4m\u00e4 tekniset tiedot korostavat ACR1555U:n vankkaa rakennetta ja sen kyky\u00e4 toimia tehokkaasti erilaisissa ymp\u00e4rist\u00f6iss\u00e4.<\/span><\/p>\n<h2 class=\"AnswerParser_AnswerParserH2__SIHnF\">K\u00e4ytt\u00f6ohjeet<\/h2>\n<p><span class=\"AnswerParser_TextContainer__z_Iiv\" data-testid=\"youchat-text\">ACR1555U NFC Readerin k\u00e4ytt\u00e4minen on yksinkertaista:<\/span><\/p>\n<ol class=\"AnswerParser_AnswerParserOrderedList__kl_2Y\">\n<li class=\"AnswerParser_ListItem__XqLOV\" translate=\"yes\"><strong>Liit\u00e4 laite<\/strong>: K\u00e4yt\u00e4 USB-yhteytt\u00e4 suoraan k\u00e4ytt\u00f6\u00e4 varten tai ota Bluetooth k\u00e4ytt\u00f6\u00f6n \u00e4lypuhelimen tai tablet-laitteen langattomaan kommunikointiin.<\/li>\n<li class=\"AnswerParser_ListItem__XqLOV\" translate=\"yes\"><strong>Asenna NFC-ty\u00f6kalut<\/strong>: Lataa yhteensopivat NFC-ty\u00f6kalut osoitteesta\u00a0<strong>App Storesta<\/strong>\u00a0tai asiaankuuluvat sovellusmarkkinat toiminnallisuuden parantamiseksi.<\/li>\n<li class=\"AnswerParser_ListItem__XqLOV\" translate=\"yes\"><strong>Aloita lukeminen ja kirjoittaminen<\/strong>: Kun NFC-ty\u00f6kalut on asennettu, voit helposti lukea ja kirjoittaa tietoja NFC-tunnisteille ja -korteille, mik\u00e4 tekee prosessista nopean ja helpon.<\/li>\n<\/ol>\n<p><span class=\"AnswerParser_TextContainer__z_Iiv\" data-testid=\"youchat-text\">T\u00e4m\u00e4 helppok\u00e4ytt\u00f6isyys on merkitt\u00e4v\u00e4 etu sek\u00e4 teknisille ett\u00e4 ei-teknisille k\u00e4ytt\u00e4jille.<\/span><\/p>\n<h2 class=\"AnswerParser_AnswerParserH2__SIHnF\">Ymp\u00e4rist\u00f6vaikutukset ja kest\u00e4vyys<\/h2>\n<p><span class=\"AnswerParser_TextContainer__z_Iiv\" data-testid=\"youchat-text\">Teknologian kehittyess\u00e4 ymp\u00e4rist\u00f6n kest\u00e4vyyden korostaminen lis\u00e4\u00e4ntyy. ACR1555U on suunniteltu ymp\u00e4rist\u00f6yst\u00e4v\u00e4llisi\u00e4 k\u00e4yt\u00e4nt\u00f6j\u00e4 ajatellen. Sen alhainen virrankulutus ja ladattava akku v\u00e4hent\u00e4v\u00e4t hukkaa ja minimoivat laitteen hiilijalanj\u00e4ljen. Hy\u00f6dynt\u00e4m\u00e4ll\u00e4\u00a0<strong>13,56 MHz kontaktiton tekniikka<\/strong>, ACR1555U edist\u00e4\u00e4 tehokasta energiank\u00e4ytt\u00f6\u00e4 maailmanlaajuisten kest\u00e4vyystavoitteiden mukaisesti.<\/span><\/p>\n<h2 class=\"AnswerParser_AnswerParserH2__SIHnF\">Asiakkaiden arviot ja arvostelut<\/h2>\n<p><span class=\"AnswerParser_TextContainer__z_Iiv\" data-testid=\"youchat-text\">ACR1555U on saanut positiivista palautetta k\u00e4ytt\u00e4jilt\u00e4 eri aloilla. Monet asiakkaat arvostavat sen luotettavuutta, helppok\u00e4ytt\u00f6isyytt\u00e4 ja monipuolisuutta. T\u00e4ss\u00e4 on joitain kohokohtia arvioista ja arvosteluista:<\/span><\/p>\n<ul class=\"AnswerParser_AnswerParserUnorderedList__P_1FW\">\n<li class=\"AnswerParser_ListItem__XqLOV\" translate=\"yes\"><strong>K\u00e4ytt\u00e4j\u00e4yst\u00e4v\u00e4llinen<\/strong>: Asiakkaat mainitsevat usein, kuinka helppoa laitteen k\u00e4ytt\u00f6\u00f6notto ja k\u00e4yt\u00f6n aloittaminen on.<\/li>\n<li class=\"AnswerParser_ListItem__XqLOV\" translate=\"yes\"><strong>Monipuolinen<\/strong>: K\u00e4ytt\u00e4j\u00e4t rakastavat kyky\u00e4 ty\u00f6skennell\u00e4 erilaisten NFC-tunnisteiden ja -korttien kanssa, mik\u00e4 tekee siit\u00e4 sopivan erilaisiin sovelluksiin.<\/li>\n<li class=\"AnswerParser_ListItem__XqLOV\" translate=\"yes\"><strong>Luotettava suorituskyky<\/strong>: Monet ovat havainneet, ett\u00e4 ACR1555U tarjoaa jatkuvasti nopeaa ja tehokasta suorituskyky\u00e4.<\/li>\n<\/ul>\n<p><span class=\"AnswerParser_TextContainer__z_Iiv\" data-testid=\"youchat-text\">N\u00e4m\u00e4 arvostelut kuvastavat ACR1555U NFC Readerin k\u00e4ytt\u00e4misen korkealaatuista kokemusta.<\/span><\/p>\n<h2 class=\"AnswerParser_AnswerParserH2__SIHnF\">Usein kysytyt kysymykset (FAQ)<\/h2>\n<p><span class=\"AnswerParser_TextContainer__z_Iiv\" data-testid=\"youchat-text\"><strong>Q1: Mik\u00e4 on Bluetooth-yhteyden kantama?<\/strong><br \/>\nA1: Bluetooth-yhteyden kantama on tyypillisesti noin 10 metri\u00e4, mik\u00e4 mahdollistaa joustavan k\u00e4yt\u00f6n eri ymp\u00e4rist\u00f6iss\u00e4.<\/span><\/p>\n<p><span class=\"AnswerParser_TextContainer__z_Iiv\" data-testid=\"youchat-text\"><strong>Q2: Voinko k\u00e4ytt\u00e4\u00e4 ACR1555U:ta \u00e4lypuhelimeni kanssa?<\/strong><br \/>\nA2: Kyll\u00e4! ACR1555U on yhteensopiva sek\u00e4 Android- ett\u00e4 iOS-laitteiden kanssa, joten se on t\u00e4ydellinen valinta mobiilisovelluksiin.<\/span><\/p>\n<p><span class=\"AnswerParser_TextContainer__z_Iiv\" data-testid=\"youchat-text\"><strong>Q3: Sopiiko ACR1555U kulunvalvontasovelluksiin?<\/strong><br \/>\nA3: Ehdottomasti! Eri \u00e4lykorttien ja NFC-tekniikoiden tuen ansiosta ACR1555U on ihanteellinen kulunvalvontaj\u00e4rjestelmiin.<\/span><\/p>\n<h2 class=\"AnswerParser_AnswerParserH2__SIHnF\">Aiheeseen liittyv\u00e4t tuotteet, joista saatat my\u00f6s pit\u00e4\u00e4<\/h2>\n<ul class=\"AnswerParser_AnswerParserUnorderedList__P_1FW\">\n<li class=\"AnswerParser_ListItem__XqLOV\" translate=\"yes\"><strong>ACR122U NFC-lukija<\/strong>: Monipuolinen USB NFC -lukija, joka tukee erilaisia NFC-tunnisteita ja -kortteja.<\/li>\n<li class=\"AnswerParser_ListItem__XqLOV\" translate=\"yes\"><strong>NFC-ty\u00f6kalut -sovellus<\/strong>: Tehokas sovellus saatavilla\u00a0<strong>App Storesta<\/strong>\u00a0NFC-ominaisuuksien hallintaan ja k\u00e4ytt\u00f6\u00f6n.<\/li>\n<li class=\"AnswerParser_ListItem__XqLOV\" translate=\"yes\"><strong>Arduino NFC Shield<\/strong>: Paranna Arduino-projektejasi NFC-ominaisuuksilla t\u00e4ll\u00e4 yhteensopivalla suojalla.<\/li>\n<\/ul>\n<h2 class=\"AnswerParser_AnswerParserH2__SIHnF\">Miksi valita ACR1555U NFC-lukija?<\/h2>\n<p><span class=\"AnswerParser_TextContainer__z_Iiv\" data-testid=\"youchat-text\">ACR1555U NFC Reader erottuu poikkeuksellisesta tuotteesta kontaktittoman tekniikan alalla. Sen yhdistelm\u00e4\u00a0<strong>Bluetooth<\/strong>\u00a0liitett\u00e4vyys, laaja yhteensopivuus eri NFC- ja RFID-korttien kanssa sek\u00e4 helppok\u00e4ytt\u00f6isyys tekev\u00e4t siit\u00e4 korvaamattoman hy\u00f6dyn yrityksille ja kehitt\u00e4jille, jotka haluavat hy\u00f6dynt\u00e4\u00e4 NFC-teknologiaa. Halusitpa sitten parantaa maksujen k\u00e4sittely\u00e4, virtaviivaistaa kulunvalvontaa tai innovoida NFC-sovelluksilla, ACR1555U on t\u00e4ydellinen valinta.<\/span><span class=\"AnswerParser_TextContainer__z_Iiv\" data-testid=\"youchat-text\">Kun lis\u00e4\u00e4t ACR1555U:n ostoskoriin, et vain investoi korkealaatuiseen tuotteeseen, vaan asetat itsesi kontaktittoman teknologian eturintamassa. Koe mahdollisuudet, joita t\u00e4m\u00e4 lis\u00e4si\u00a0<strong>NFC lukija<\/strong>\u00a0tarjoaa ja muuta NFC-vuorovaikutustasi jo t\u00e4n\u00e4\u00e4n!<\/span><\/p>\n<hr \/>\n<p><span class=\"AnswerParser_TextContainer__z_Iiv\" data-testid=\"youchat-text\">Yhteenvetona voidaan todeta, ett\u00e4 ACR1555U NFC Reader on tehokas ja monipuolinen ty\u00f6kalu kaikille, jotka haluavat parantaa NFC-ominaisuuksiaan. Sen laaja yhteensopivuus ja k\u00e4ytt\u00e4j\u00e4yst\u00e4v\u00e4lliset ominaisuudet tekev\u00e4t siit\u00e4 markkinoiden parhaan valinnan. \u00c4l\u00e4 missaa mahdollisuutta parantaa NFC-kokemustasi \u2013 harkitse ACR1555U:ta seuraavaa projektia varten!<\/span><\/p>","protected":false},"excerpt":{"rendered":"<p>ACR1555u on Bluetooth NFC -lukija\/kirjoitin, jolla voidaan nopeasti ja helposti toteuttaa erilaisia sovelluksia.<\/p>","protected":false},"featured_media":2775,"template":"","meta":[],"product_brand":[],"product_cat":[45,38],"product_tag":[],"class_list":{"0":"post-3286","1":"product","2":"type-product","3":"status-publish","4":"has-post-thumbnail","6":"product_cat-contactless-nfc-reader","7":"product_cat-mobile-ble-nfc-reader","9":"first","10":"instock","11":"shipping-taxable","12":"product-type-simple"},"_links":{"self":[{"href":"https:\/\/nfc-readers.com\/fi\/wp-json\/wp\/v2\/product\/3286","targetHints":{"allow":["GET"]}}],"collection":[{"href":"https:\/\/nfc-readers.com\/fi\/wp-json\/wp\/v2\/product"}],"about":[{"href":"https:\/\/nfc-readers.com\/fi\/wp-json\/wp\/v2\/types\/product"}],"wp:featuredmedia":[{"embeddable":true,"href":"https:\/\/nfc-readers.com\/fi\/wp-json\/wp\/v2\/media\/2775"}],"wp:attachment":[{"href":"https:\/\/nfc-readers.com\/fi\/wp-json\/wp\/v2\/media?parent=3286"}],"wp:term":[{"taxonomy":"product_brand","embeddable":true,"href":"https:\/\/nfc-readers.com\/fi\/wp-json\/wp\/v2\/product_brand?post=3286"},{"taxonomy":"product_cat","embeddable":true,"href":"https:\/\/nfc-readers.com\/fi\/wp-json\/wp\/v2\/product_cat?post=3286"},{"taxonomy":"product_tag","embeddable":true,"href":"https:\/\/nfc-readers.com\/fi\/wp-json\/wp\/v2\/product_tag?post=3286"}],"curies":[{"name":"wp","href":"https:\/\/api.w.org\/{rel}","templated":true}]}}