{"id":3288,"date":"2024-10-31T08:03:14","date_gmt":"2024-10-31T08:03:14","guid":{"rendered":"https:\/\/nfc-readers.com\/?post_type=product&#038;p=3288"},"modified":"2024-10-31T08:03:15","modified_gmt":"2024-10-31T08:03:15","slug":"acr1581u-15693-dualboost-iii-dual-interface-nfc-reader-writer","status":"publish","type":"product","link":"https:\/\/nfc-readers.com\/fi\/ic-reader\/acr1581u-15693-dualboost-iii-dual-interface-nfc-reader-writer\/","title":{"rendered":"ACR1581U 15693 DualBoost III Dual Interface NFC Reader Writer"},"content":{"rendered":"<h1 class=\"AnswerParser_AnswerParserH1__6UNv6\">ACR1581U NFC-lukija: T\u00e4ydellinen kontaktiton ratkaisu yrityksellesi<\/h1>\n<p><span class=\"AnswerParser_TextContainer__z_Iiv\" data-testid=\"youchat-text\">The\u00a0<strong>ACR1581U NFC-lukija<\/strong>\u00a0on huippuluokan laite, joka on suunniteltu helpottamaan saumatonta vuorovaikutusta sek\u00e4 kontakti- ett\u00e4 kontaktittomien \u00e4lykorttien kanssa. T\u00e4m\u00e4 monipuolinen\u00a0<strong>NFC lukija<\/strong>\u00a0tukee monenlaisia sovelluksia, joten se on t\u00e4rke\u00e4 ty\u00f6kalu yrityksille ja kehitt\u00e4jille. Tarvitsetpa sitten maksujen k\u00e4sittely\u00e4, kulunvalvontaa tai NFC-tunnisteiden tietojen lukemista, ACR1581U tarjoaa luotettavan ja tehokkaan ratkaisun. Lujatekoisten ominaisuuksiensa ja k\u00e4ytt\u00e4j\u00e4yst\u00e4v\u00e4llisen suunnittelunsa ansiosta t\u00e4m\u00e4 lukija on jokaisen pennin arvoinen kaikille, jotka haluavat parantaa NFC-teknologiaansa.<\/span><\/p>\n<hr \/>\n<h2 class=\"AnswerParser_AnswerParserH2__SIHnF\">Tuotekuvaus<\/h2>\n<ol class=\"AnswerParser_AnswerParserOrderedList__kl_2Y\">\n<li class=\"AnswerParser_ListItem__XqLOV\" translate=\"yes\"><strong>Yleiskatsaus ACR1581U NFC-lukijaan<\/strong><\/li>\n<li class=\"AnswerParser_ListItem__XqLOV\" translate=\"yes\"><strong>ACR1581U:n t\u00e4rkeimm\u00e4t ominaisuudet<\/strong><\/li>\n<li class=\"AnswerParser_ListItem__XqLOV\" translate=\"yes\"><strong>Fyysiset ominaisuudet<\/strong><\/li>\n<li class=\"AnswerParser_ListItem__XqLOV\" translate=\"yes\"><strong>Tuetut korttityypit<\/strong><\/li>\n<li class=\"AnswerParser_ListItem__XqLOV\" translate=\"yes\"><strong>Tekniset tiedot<\/strong><\/li>\n<li class=\"AnswerParser_ListItem__XqLOV\" translate=\"yes\"><strong>K\u00e4ytt\u00f6ohjeet<\/strong><\/li>\n<li class=\"AnswerParser_ListItem__XqLOV\" translate=\"yes\"><strong>Ymp\u00e4rist\u00f6vaikutukset ja vaatimustenmukaisuus<\/strong><\/li>\n<li class=\"AnswerParser_ListItem__XqLOV\" translate=\"yes\"><strong>Asiakkaiden arviot ja arvostelut<\/strong><\/li>\n<li class=\"AnswerParser_ListItem__XqLOV\" translate=\"yes\"><strong>Usein kysytyt kysymykset (FAQ)<\/strong><\/li>\n<li class=\"AnswerParser_ListItem__XqLOV\" translate=\"yes\"><strong>Miksi valita ACR1581U NFC-lukija?<\/strong><\/li>\n<\/ol>\n<hr \/>\n<h2 class=\"AnswerParser_AnswerParserH2__SIHnF\">Yleiskatsaus ACR1581U NFC-lukijaan<\/h2>\n<p><span class=\"AnswerParser_TextContainer__z_Iiv\" data-testid=\"youchat-text\">The\u00a0<strong>ACR1581U NFC-lukija<\/strong>\u00a0on suunniteltu vastaamaan nykyaikaisten sovellusten vaatimuksiin, jotka edellytt\u00e4v\u00e4t turvallista ja tehokasta tiedonvaihtoa. T\u00e4m\u00e4 lukija tukee sek\u00e4 kontakti- ett\u00e4 kontaktittomia \u00e4lykortteja, joten se on ihanteellinen useille aloille, mukaan lukien rahoitus, terveydenhuolto ja turvallisuus. Sen kyky lukea ja kirjoittaa tietoja useilta korttityypeilt\u00e4 varmistaa, ett\u00e4 se mukautuu k\u00e4ytt\u00e4jien muuttuviin tarpeisiin.<\/span><span class=\"AnswerParser_TextContainer__z_Iiv\" data-testid=\"youchat-text\">Edistyneill\u00e4 ominaisuuksilla ja k\u00e4ytt\u00e4j\u00e4yst\u00e4v\u00e4llisell\u00e4 k\u00e4ytt\u00f6liittym\u00e4ll\u00e4 varustettu ACR1581U on t\u00e4ydellinen yrityksille, jotka haluavat virtaviivaistaa toimintaansa ja parantaa asiakaskokemusta. Sen kaksik\u00e4ytt\u00f6liittym\u00e4 mahdollistaa joustavuuden k\u00e4yt\u00f6n, mik\u00e4 tekee siit\u00e4 monipuolisen valinnan kaikkiin sovelluksiin.<\/span><\/p>\n<h2 class=\"AnswerParser_AnswerParserH2__SIHnF\">ACR1581U:n t\u00e4rkeimm\u00e4t ominaisuudet<\/h2>\n<h3 class=\"AnswerParser_AnswerParserH3__Mpe4s\">Dual Interface -ominaisuus<\/h3>\n<p><span class=\"AnswerParser_TextContainer__z_Iiv\" data-testid=\"youchat-text\">ACR1581U tukee molempia\u00a0<strong>ota yhteytt\u00e4<\/strong>\u00a0ja\u00a0<strong>kontaktiton<\/strong>\u00a0\u00e4lykorttiliit\u00e4nn\u00e4t, joiden avulla k\u00e4ytt\u00e4j\u00e4t voivat olla vuorovaikutuksessa monenlaisten korttien kanssa. T\u00e4m\u00e4 kaksoistoiminto tekee siit\u00e4 sopivan erilaisiin sovelluksiin maksunk\u00e4sittelyst\u00e4 kulunvalvontaan. Mahdollisuus lukea ja kirjoittaa NFC-tunnisteita ja -kortteja parantaa sen k\u00e4ytett\u00e4vyytt\u00e4 erilaisissa skenaarioissa.<\/span><\/p>\n<h3 class=\"AnswerParser_AnswerParserH3__Mpe4s\">Nopea tiedonsiirto<\/h3>\n<p><span class=\"AnswerParser_TextContainer__z_Iiv\" data-testid=\"youchat-text\">Kanssa a\u00a0<strong>USB t\u00e4ysi nopeus<\/strong>\u00a0liit\u00e4nt\u00e4, ACR1581U takaa nopeat tiedonsiirtonopeudet jopa\u00a0<strong>12 Mbps<\/strong>. T\u00e4m\u00e4 nopeus on ratkaisevan t\u00e4rke\u00e4 sovelluksille, jotka vaativat nopeita ja tehokkaita tapahtumia, mik\u00e4 parantaa yleist\u00e4 k\u00e4ytt\u00f6kokemusta. K\u00e4sitteletp\u00e4 maksuja tai k\u00e4yt\u00e4t suojattuja tietoja, ACR1581U tarjoaa luotettavan suorituskyvyn.<\/span><\/p>\n<h3 class=\"AnswerParser_AnswerParserH3__Mpe4s\">K\u00e4ytt\u00e4j\u00e4yst\u00e4v\u00e4llinen muotoilu<\/h3>\n<p><span class=\"AnswerParser_TextContainer__z_Iiv\" data-testid=\"youchat-text\">ACR1581U:ssa on k\u00e4ytt\u00e4j\u00e4n ohjattavat kaksiv\u00e4riset LED-valot (sininen ja vihre\u00e4) ja yksiv\u00e4rinen summeri, joka antaa visuaalista ja kuultavaa palautetta k\u00e4yt\u00f6n aikana. T\u00e4m\u00e4 muotoilu parantaa k\u00e4ytett\u00e4vyytt\u00e4, koska k\u00e4ytt\u00e4j\u00e4t voivat helposti seurata laitteen tilaa. Intuitiivinen k\u00e4ytt\u00f6liittym\u00e4 varmistaa, ett\u00e4 jopa NFC-tekniikan uudet k\u00e4ytt\u00e4j\u00e4t voivat k\u00e4ytt\u00e4\u00e4 lukijaa helposti.<\/span><\/p>\n<h2 class=\"AnswerParser_AnswerParserH2__SIHnF\">Fyysiset ominaisuudet<\/h2>\n<ul class=\"AnswerParser_AnswerParserUnorderedList__P_1FW\">\n<li class=\"AnswerParser_ListItem__XqLOV\" translate=\"yes\"><strong>Mitat<\/strong>: 120,5 mm (P) x 72,0 mm (L) x 20,4 mm (K)<\/li>\n<li class=\"AnswerParser_ListItem__XqLOV\" translate=\"yes\"><strong>Paino<\/strong>: 143 g<\/li>\n<li class=\"AnswerParser_ListItem__XqLOV\" translate=\"yes\"><strong>USB-liit\u00e4nt\u00e4<\/strong>:\n<ul class=\"AnswerParser_AnswerParserUnorderedList__P_1FW\">\n<li class=\"AnswerParser_ListItem__XqLOV\" translate=\"yes\">Protokolla: USB CCID<\/li>\n<li class=\"AnswerParser_ListItem__XqLOV\" translate=\"yes\">Liittimen tyyppi: USB Type-A (ACR1581U-C1), USB Type-C (ACR1581U-CF)<\/li>\n<li class=\"AnswerParser_ListItem__XqLOV\" translate=\"yes\">Kaapelin pituus: 2 m, ei irrotettava<\/li>\n<\/ul>\n<\/li>\n<\/ul>\n<p><span class=\"AnswerParser_TextContainer__z_Iiv\" data-testid=\"youchat-text\">ACR1581U:n kompaktin rakenteen ansiosta se on helppo integroida erilaisiin ymp\u00e4rist\u00f6ihin, olipa kyseess\u00e4 sitten myyntipiste tai suojattu kulunvalvontaj\u00e4rjestelm\u00e4.<\/span><\/p>\n<h2 class=\"AnswerParser_AnswerParserH2__SIHnF\">Tuetut korttityypit<\/h2>\n<p><span class=\"AnswerParser_TextContainer__z_Iiv\" data-testid=\"youchat-text\">ACR1581U on yhteensopiva useiden \u00e4lykorttien kanssa, mukaan lukien:<\/span><\/p>\n<ul class=\"AnswerParser_AnswerParserUnorderedList__P_1FW\">\n<li class=\"AnswerParser_ListItem__XqLOV\" translate=\"yes\"><strong>Ota yhteytt\u00e4 \u00e4lykortteihin<\/strong>: Tukee ISO 7816 -luokkia A, B ja C (5 V, 3 V, 1,8 V) protokollilla T=0 ja T=1.<\/li>\n<li class=\"AnswerParser_ListItem__XqLOV\" translate=\"yes\"><strong>Kontaktittomat \u00e4lykortit<\/strong>: Tukee ISO 14443 Type A &amp; B, ISO 15693, MIFARE\u00ae ja FeliCa.<\/li>\n<li class=\"AnswerParser_ListItem__XqLOV\" translate=\"yes\"><strong>SAM-kortin k\u00e4ytt\u00f6liittym\u00e4<\/strong>: Sis\u00e4lt\u00e4\u00e4 yhden tavallisen SIM-kokoisen korttipaikan turvallista p\u00e4\u00e4synhallintaa varten.<\/li>\n<\/ul>\n<p><span class=\"AnswerParser_TextContainer__z_Iiv\" data-testid=\"youchat-text\">T\u00e4m\u00e4 laaja yhteensopivuus varmistaa, ett\u00e4 ACR1581U pystyy vastaamaan eri teollisuudenalojen ja sovellusten tarpeisiin.<\/span><\/p>\n<h2 class=\"AnswerParser_AnswerParserH2__SIHnF\">Tekniset tiedot<\/h2>\n<div class=\"AnswerParser_TableContainer__Erb6v\" data-testid=\"table-container\">\n<table>\n<thead>\n<tr>\n<th>Erittely<\/th>\n<th>Yksityiskohdat<\/th>\n<\/tr>\n<\/thead>\n<tbody>\n<tr>\n<td><strong>K\u00e4ytt\u00f6liittym\u00e4<\/strong><\/td>\n<td>USB CCID<\/td>\n<\/tr>\n<tr>\n<td><strong>Liittimen tyyppi<\/strong><\/td>\n<td>USB Type-A (ACR1581U-C1), USB Type-C (ACR1581U-CF)<\/td>\n<\/tr>\n<tr>\n<td><strong>Virtal\u00e4hde<\/strong><\/td>\n<td>USB-portista<\/td>\n<\/tr>\n<tr>\n<td><strong>Nopeus<\/strong><\/td>\n<td>USB t\u00e4ysi nopeus (12 Mbps)<\/td>\n<\/tr>\n<tr>\n<td><strong>Mitat<\/strong><\/td>\n<td>120,5 mm (P) x 72,0 mm (L) x 20,4 mm (K)<\/td>\n<\/tr>\n<tr>\n<td><strong>Paino<\/strong><\/td>\n<td>143 g<\/td>\n<\/tr>\n<tr>\n<td><strong>Ota yhteytt\u00e4 \u00e4lykortin k\u00e4ytt\u00f6liittym\u00e4\u00e4n<\/strong><\/td>\n<td>ISO 7816 luokka A, B, C<\/td>\n<\/tr>\n<tr>\n<td><strong>Kontaktiton \u00e4lykorttiliit\u00e4nt\u00e4<\/strong><\/td>\n<td>ISO 14443 Tyyppi A &amp; B, ISO 15693, MIFARE\u00ae, FeliCa<\/td>\n<\/tr>\n<tr>\n<td><strong>Laiteohjelmiston p\u00e4ivitys<\/strong><\/td>\n<td>Tuettu<\/td>\n<\/tr>\n<tr>\n<td><strong>Sertifikaatit<\/strong><\/td>\n<td>IEC\/EN 62368, CE, FCC, UKCA, VCCI, RoHS, REACH, WEEE<\/td>\n<\/tr>\n<\/tbody>\n<\/table>\n<\/div>\n<h2 class=\"AnswerParser_AnswerParserH2__SIHnF\">K\u00e4ytt\u00f6ohjeet<\/h2>\n<p><span class=\"AnswerParser_TextContainer__z_Iiv\" data-testid=\"youchat-text\">ACR1581U NFC Readerin k\u00e4ytt\u00e4minen on yksinkertaista:<\/span><\/p>\n<ol class=\"AnswerParser_AnswerParserOrderedList__kl_2Y\">\n<li class=\"AnswerParser_ListItem__XqLOV\" translate=\"yes\"><strong>Liit\u00e4 laite<\/strong>: Liit\u00e4 lukija tietokoneeseen tai yhteensopivaan laitteeseen USB-liit\u00e4nn\u00e4n avulla.<\/li>\n<li class=\"AnswerParser_ListItem__XqLOV\" translate=\"yes\"><strong>Asenna tarvittava ohjelmisto<\/strong>: Sovelluksestasi riippuen saatat joutua asentamaan tiettyj\u00e4 ohjelmistoja tai ohjaimia. ACR1581U on yhteensopiva useiden k\u00e4ytt\u00f6j\u00e4rjestelmien kanssa, mukaan lukien Windows, Linux, macOS, Android\u2122 ja iOS\/iPadOS (16 tai uudempi).<\/li>\n<li class=\"AnswerParser_ListItem__XqLOV\" translate=\"yes\"><strong>Aloita lukeminen ja kirjoittaminen<\/strong>: Kun laite on kytketty ja ohjelmisto on asennettu, voit aloittaa tietojen lukemisen ja kirjoittamisen \u00e4lykorteille ja NFC-tunnisteille. K\u00e4ytt\u00e4j\u00e4yst\u00e4v\u00e4llinen k\u00e4ytt\u00f6liittym\u00e4 ja palautemekanismit tekev\u00e4t t\u00e4st\u00e4 prosessista nopean ja tehokkaan.<\/li>\n<\/ol>\n<h2 class=\"AnswerParser_AnswerParserH2__SIHnF\">Ymp\u00e4rist\u00f6vaikutukset ja vaatimustenmukaisuus<\/h2>\n<p><span class=\"AnswerParser_TextContainer__z_Iiv\" data-testid=\"youchat-text\">ACR1581U-\u00e4lykortinlukija on suunniteltu kest\u00e4v\u00e4\u00e4 kehityst\u00e4 ajatellen. Se noudattaa erilaisia ymp\u00e4rist\u00f6standardeja, mukaan lukien RoHS ja WEEE, mik\u00e4 varmistaa, ett\u00e4 se t\u00e4ytt\u00e4\u00e4 maailmanlaajuiset kest\u00e4v\u00e4n kehityksen tavoitteet. Hy\u00f6dynt\u00e4m\u00e4ll\u00e4 tehokasta virranhallintaa ja kierr\u00e4tett\u00e4vi\u00e4 materiaaleja, ACR1581U minimoi ymp\u00e4rist\u00f6jalanj\u00e4lkens\u00e4.<\/span><\/p>\n<h2 class=\"AnswerParser_AnswerParserH2__SIHnF\">Asiakkaiden arviot ja arvostelut<\/h2>\n<p><span class=\"AnswerParser_TextContainer__z_Iiv\" data-testid=\"youchat-text\">ACR1581U on saanut positiivista palautetta k\u00e4ytt\u00e4jilt\u00e4 eri aloilla. Asiakkaat arvostavat sen luotettavuutta, helppok\u00e4ytt\u00f6isyytt\u00e4 ja monipuolisuutta. T\u00e4ss\u00e4 on joitain kohokohtia arvioista ja arvosteluista:<\/span><\/p>\n<ul class=\"AnswerParser_AnswerParserUnorderedList__P_1FW\">\n<li class=\"AnswerParser_ListItem__XqLOV\" translate=\"yes\"><strong>K\u00e4ytt\u00e4j\u00e4yst\u00e4v\u00e4llinen<\/strong>: Monet k\u00e4ytt\u00e4j\u00e4t ovat huomanneet, kuinka helppoa laitteen k\u00e4ytt\u00f6\u00f6notto ja k\u00e4yt\u00f6n aloittaminen on.<\/li>\n<li class=\"AnswerParser_ListItem__XqLOV\" translate=\"yes\"><strong>Monipuolinen<\/strong>: Asiakkaat rakastavat kyky\u00e4 ty\u00f6skennell\u00e4 erilaisten \u00e4lykorttien ja NFC-tunnisteiden kanssa, mik\u00e4 tekee siit\u00e4 sopivan erilaisiin sovelluksiin.<\/li>\n<li class=\"AnswerParser_ListItem__XqLOV\" translate=\"yes\"><strong>Luotettava suorituskyky<\/strong>: K\u00e4ytt\u00e4j\u00e4t mainitsevat usein, ett\u00e4 ACR1581U tarjoaa jatkuvasti nopeaa ja tehokasta suorituskyky\u00e4.<\/li>\n<\/ul>\n<h2 class=\"AnswerParser_AnswerParserH2__SIHnF\">Usein kysytyt kysymykset (FAQ)<\/h2>\n<p><span class=\"AnswerParser_TextContainer__z_Iiv\" data-testid=\"youchat-text\"><strong>Q1: Millaisia kortteja ACR1581U voi lukea?<\/strong><br \/>\nA1: ACR1581U voi lukea erilaisia \u00e4lykortteja, mukaan lukien ISO 7816, ISO 14443 Type A &amp; B, MIFARE\u00ae ja FeliCa.<\/span><\/p>\n<p><span class=\"AnswerParser_TextContainer__z_Iiv\" data-testid=\"youchat-text\"><strong>Q2: Onko ACR1581U yhteensopiva mobiililaitteiden kanssa?<\/strong><br \/>\nA2: Kyll\u00e4, ACR1581U on yhteensopiva Android\u2122- ja iOS\/iPadOS-laitteiden kanssa, mik\u00e4 tekee siit\u00e4 monipuolisen mobiilisovelluksiin.<\/span><\/p>\n<p><span class=\"AnswerParser_TextContainer__z_Iiv\" data-testid=\"youchat-text\"><strong>Q3: Voinko p\u00e4ivitt\u00e4\u00e4 ACR1581U:n laiteohjelmiston?<\/strong><br \/>\nA3: Kyll\u00e4, ACR1581U tukee laiteohjelmiston p\u00e4ivityksi\u00e4 varmistaakseen optimaalisen suorituskyvyn ja yhteensopivuuden uusien standardien kanssa.<\/span><\/p>\n<h2 class=\"AnswerParser_AnswerParserH2__SIHnF\">Miksi valita ACR1581U NFC-lukija?<\/h2>\n<p><span class=\"AnswerParser_TextContainer__z_Iiv\" data-testid=\"youchat-text\">ACR1581U-\u00e4lykortinlukija erottuu poikkeuksellisesta tuotteesta kontaktittoman tekniikan alalla. Sen yhdistelm\u00e4 kaksoisliit\u00e4nt\u00e4ominaisuuksia, laaja yhteensopivuus eri \u00e4lykorttien kanssa ja helppok\u00e4ytt\u00f6isyys tekev\u00e4t siit\u00e4 korvaamattoman hy\u00f6dyn yrityksille ja kehitt\u00e4jille, jotka haluavat hy\u00f6dynt\u00e4\u00e4 NFC-tekniikkaa. Halusitpa parantaa maksujen k\u00e4sittely\u00e4, virtaviivaistaa kulunvalvontaa tai innovoida NFC-sovelluksissa, ACR1581U on t\u00e4ydellinen valinta.<\/span><span class=\"AnswerParser_TextContainer__z_Iiv\" data-testid=\"youchat-text\">ACR1581U:hun sijoittaminen tarkoittaa laadukkaan, luotettavan \u00e4lykortinlukijan varustamista, joka mukautuu tarpeisiisi. Koe mahdollisuudet, joita t\u00e4m\u00e4 lis\u00e4si\u00a0<strong>\u00e4lykortin lukija<\/strong>\u00a0tarjoaa ja muuta NFC-vuorovaikutustasi jo t\u00e4n\u00e4\u00e4n!<\/span><\/p>\n<hr \/>\n<p><span class=\"AnswerParser_TextContainer__z_Iiv\" data-testid=\"youchat-text\">Valitsemalla ACR1581U:n et vain paranna toimintasi tehokkuutta, vaan my\u00f6s varmistat, ett\u00e4 sinulla on uusimpien standardien ja tekniikoiden mukainen laite. \u00c4l\u00e4 missaa mahdollisuutta parantaa NFC-kokemustasi \u2013 harkitse ACR1581U:ta seuraavaa projektia varten!<\/span><\/p>","protected":false},"excerpt":{"rendered":"<p>ACR1581U on \u00e4lykortinlukija, joka tukee NFC:t\u00e4 ja ISO\/IEC 15693, 14443.<\/p>","protected":false},"featured_media":3289,"template":"","meta":[],"product_brand":[],"product_cat":[45,39,40],"product_tag":[],"class_list":{"0":"post-3288","1":"product","2":"type-product","3":"status-publish","4":"has-post-thumbnail","6":"product_cat-contactless-nfc-reader","7":"product_cat-usb-ic-smartcard-reader","8":"product_cat-rfid-nfc-reader","10":"first","11":"instock","12":"shipping-taxable","13":"product-type-simple"},"_links":{"self":[{"href":"https:\/\/nfc-readers.com\/fi\/wp-json\/wp\/v2\/product\/3288","targetHints":{"allow":["GET"]}}],"collection":[{"href":"https:\/\/nfc-readers.com\/fi\/wp-json\/wp\/v2\/product"}],"about":[{"href":"https:\/\/nfc-readers.com\/fi\/wp-json\/wp\/v2\/types\/product"}],"wp:featuredmedia":[{"embeddable":true,"href":"https:\/\/nfc-readers.com\/fi\/wp-json\/wp\/v2\/media\/3289"}],"wp:attachment":[{"href":"https:\/\/nfc-readers.com\/fi\/wp-json\/wp\/v2\/media?parent=3288"}],"wp:term":[{"taxonomy":"product_brand","embeddable":true,"href":"https:\/\/nfc-readers.com\/fi\/wp-json\/wp\/v2\/product_brand?post=3288"},{"taxonomy":"product_cat","embeddable":true,"href":"https:\/\/nfc-readers.com\/fi\/wp-json\/wp\/v2\/product_cat?post=3288"},{"taxonomy":"product_tag","embeddable":true,"href":"https:\/\/nfc-readers.com\/fi\/wp-json\/wp\/v2\/product_tag?post=3288"}],"curies":[{"name":"wp","href":"https:\/\/api.w.org\/{rel}","templated":true}]}}