{"id":3296,"date":"2024-11-01T05:02:29","date_gmt":"2024-11-01T05:02:29","guid":{"rendered":"https:\/\/nfc-readers.com\/?post_type=product&#038;p=3296"},"modified":"2024-11-01T05:02:30","modified_gmt":"2024-11-01T05:02:30","slug":"aes-128-encryption-algorithm-nfc-forum-4-dia-30mm-nfc-tag","status":"publish","type":"product","link":"https:\/\/nfc-readers.com\/fi\/ic-reader\/aes-128-encryption-algorithm-nfc-forum-4-dia-30mm-nfc-tag\/","title":{"rendered":"AES 128 Salausalgoritmi NFC Forum 4 Halkaisija 30mm NFC Tag"},"content":{"rendered":"<h1 style=\"text-align: center;\"><strong>AES 128 Salausalgoritmi NFC Forum 4 Halkaisija 30mm NFC Tag<\/strong><\/h1>\n<p>&nbsp;<\/p>\n<p>The <strong>AES 128 -salausalgoritmi NFC Forum 4 Halkaisija 30mm NFC Tag<\/strong>\u00a0on monipuolinen ja turvallinen ratkaisu erilaisiin sovelluksiin, jotka vaativat luotettavaa tiedonsiirtoa ja tietoturvaa. T\u00e4m\u00e4 huipputeknologialla valmistettu NFC-tunniste integroi edistyneen NTAG 424 DNA -sirun, mik\u00e4 takaa korkeimman tason tietosuojan AES 128 -salatun UID:n avulla, joten se on ihanteellinen valinta yrityksille ja henkil\u00f6kohtaiseen k\u00e4ytt\u00f6\u00f6n. T\u00e4ss\u00e4 kattavassa tuotekuvauksessa perehdymme sen ominaisuuksiin, etuihin ja k\u00e4yt\u00e4nn\u00f6n sovelluksiin ja korostamme, miksi se on kannattava investointi NFC-tarpeisiisi.<\/p>\n<p>&nbsp;<\/p>\n<h3><strong>Miksi ostaa AES 128 Encryption NFC -tunniste?<\/strong><\/h3>\n<p>AES 128 -salauksella varustettu NFC Forum 4 Tag tarjoaa vertaansa vailla olevan turvallisuuden ja toiminnallisuuden kompaktissa muodossa. Sen veden- ja s\u00e4\u00e4nkest\u00e4v\u00e4t ominaisuudet tekev\u00e4t siit\u00e4 kest\u00e4v\u00e4n ulkok\u00e4ytt\u00f6\u00f6n, mik\u00e4 varmistaa, ett\u00e4 voit levitt\u00e4\u00e4 sen erilaisille pinnoille, mukaan lukien metallille. Suunniteltu innovatiivisiin k\u00e4ytt\u00f6tarkoituksiin, alkaen <strong>wifi-pariliitos<\/strong>\u00a0kohtaan\u00a0<strong>julistekorttien integraatiot<\/strong>, t\u00e4m\u00e4 NFC-tunniste tarjoaa turvallisen tavan siirt\u00e4\u00e4 tietoja vaivattomasti. Lis\u00e4ksi sen yhteensopivuus\u00a0<strong>NFC-yhteensopivat mobiililaitteet<\/strong>\u00a0yksinkertaistaa k\u00e4ytt\u00f6kokemusta ja mahdollistaa helpon p\u00e4\u00e4syn tietoihin yhdell\u00e4 napautuksella.<\/p>\n<p>&nbsp;<\/p>\n<h3><strong>AES 128 Encryption NFC -tunnisteen erikoisominaisuudet<\/strong><\/h3>\n<p>&nbsp;<\/p>\n<p>The\u00a0<strong>AES 128 -salaus NFC-tunniste<\/strong>\u00a0on t\u00e4ynn\u00e4 ominaisuuksia, jotka parantavat sen toimivuutta ja luotettavuutta eri ymp\u00e4rist\u00f6iss\u00e4:<\/p>\n<ul>\n<li><strong>Vedenpit\u00e4v\u00e4\/s\u00e4\u00e4nkest\u00e4v\u00e4:<\/strong>\u00a0T\u00e4m\u00e4 varmistaa kest\u00e4vyyden ja suorituskyvyn sek\u00e4 sis\u00e4- ett\u00e4 ulkotiloissa ja suojaa sit\u00e4 kosteudelta ja p\u00f6lylt\u00e4.<\/li>\n<li><strong>Peukaloinnin ilmeinen:<\/strong>\u00a0Tunniste sis\u00e4lt\u00e4\u00e4 ominaisuuksia, jotka osoittavat, jos sit\u00e4 on peukaloitu, mik\u00e4 tarjoaa lis\u00e4suojauksen luvattomalta k\u00e4yt\u00f6lt\u00e4.<\/li>\n<\/ul>\n<p>Sen ainutlaatuinen ominaisuuksien yhdistelm\u00e4 tekee siit\u00e4 ensisijaisen valinnan yrityksille, jotka haluavat parantaa turvatoimiaan tai virtaviivaistaa toimintaansa.<\/p>\n<p>&nbsp;<\/p>\n<table class=\"preview\" style=\"height: 271px;\" width=\"529\">\n<thead>\n<tr>\n<th>Erittely<\/th>\n<th>Yksityiskohdat<\/th>\n<\/tr>\n<\/thead>\n<tbody>\n<tr>\n<td>Mallinumero<\/td>\n<td>SX-T424DNA<\/td>\n<\/tr>\n<tr>\n<td>Siru<\/td>\n<td>NTAG 424 DNA<\/td>\n<\/tr>\n<tr>\n<td>Koko<\/td>\n<td>Halkaisija 30 mm<\/td>\n<\/tr>\n<tr>\n<td>Kapasitanssi<\/td>\n<td>50 PF<\/td>\n<\/tr>\n<tr>\n<td>L\u00e4hetysnopeus<\/td>\n<td>848 kbit\/s<\/td>\n<\/tr>\n<tr>\n<td>p\u00f6yt\u00e4kirja<\/td>\n<td>ISO\/IEC 14443-A<\/td>\n<\/tr>\n<tr>\n<td>Tunnisteen tyyppi<\/td>\n<td>NFC Forum 4<\/td>\n<\/tr>\n<tr>\n<td>Pintak\u00e4sittely<\/td>\n<td>Kiilt\u00e4v\u00e4\/mattapintainen<\/td>\n<\/tr>\n<tr>\n<td>Pakkaus<\/td>\n<td>1000-5000 kpl\/<\/td>\n<\/tr>\n<\/tbody>\n<\/table>\n<h3><\/h3>\n<h3><strong>Usein kysytyt kysymykset NFC-tunnisteesta<\/strong><\/h3>\n<h3>1.\u00a0<strong>Mik\u00e4 on NFC-tunniste?<\/strong><\/h3>\n<p>NFC (Near Field Communication) -tunniste on pieni siru, joka mahdollistaa langattoman viestinn\u00e4n laitteiden v\u00e4lill\u00e4, kun ne ovat l\u00e4hell\u00e4. Sit\u00e4 k\u00e4ytet\u00e4\u00e4n yleisesti tiedonvaihtoon, l\u00e4himaksamiseen sek\u00e4 erilaisiin markkinoinnin ja tiedonjaon sovelluksiin.<\/p>\n<h3>2.\u00a0<strong>Miten AES 128 -salaus parantaa turvallisuutta?<\/strong><\/h3>\n<p>AES 128 -salaus lis\u00e4\u00e4 suojaustasoa koodaamalla NFC-tunnisteeseen tallennetut tiedot. T\u00e4m\u00e4 tarkoittaa, ett\u00e4 vaikka joku onnistuisi lukemaan tiedot, h\u00e4n ei pysty ymm\u00e4rt\u00e4m\u00e4\u00e4n sit\u00e4 ilman asianmukaista salauksen purkuavainta, mik\u00e4 suojaa arkaluonteisia tietoja luvattomalta k\u00e4yt\u00f6lt\u00e4.<\/p>\n<h3>3.\u00a0<strong>Voidaanko t\u00e4t\u00e4 NFC-tunnistetta k\u00e4ytt\u00e4\u00e4 metallipinnoilla?<\/strong><\/h3>\n<p>Kyll\u00e4, AES 128 Encryption NFC Tag on erityisesti suunniteltu monipuoliseksi ja sit\u00e4 voidaan k\u00e4ytt\u00e4\u00e4 metallipinnoille ja muille materiaaleille. T\u00e4m\u00e4 tekee siit\u00e4 ihanteellisen erilaisiin sovelluksiin, mukaan lukien tuotemerkinn\u00e4t ja teollisuusk\u00e4ytt\u00f6.<\/p>\n<h3>4.\u00a0<strong>Mitk\u00e4 laitteet ovat yhteensopivia NFC-tunnisteiden kanssa?<\/strong><\/h3>\n<p>Useimmat nykyaikaiset \u00e4lypuhelimet ja tabletit, jotka tukevat NFC-tekniikkaa, ovat yhteensopivia t\u00e4m\u00e4n tunnisteen kanssa. K\u00e4ytt\u00e4j\u00e4t voivat helposti lukea tallennetut tiedot napauttamalla laitettaan NFC-tunnistetta vasten.<\/p>\n<h3>5.\u00a0<strong>Voidaanko t\u00e4m\u00e4 tagi kirjoittaa uudelleen?<\/strong><\/h3>\n<p>Kyll\u00e4, AES 128 Encryption NFC -tunniste on uudelleenkirjoitettava, joten voit muuttaa tallennettuja tietoja tarpeen mukaan. T\u00e4m\u00e4 ominaisuus on erityisen hy\u00f6dyllinen yrityksille, jotka tarvitsevat joustavuutta tietojen p\u00e4ivitt\u00e4misess\u00e4.<\/p>","protected":false},"excerpt":{"rendered":"<p>AES 128 Encryption NFC Forum 4 Tag, jonka halkaisija on 30 mm, tarjoaa vankan suojan tiedonsiirrolle. Ihanteellinen erilaisiin sovelluksiin, se varmistaa saumattoman ja luotettavan NFC-vuorovaikutuksen.<\/p>","protected":false},"featured_media":3297,"template":"","meta":[],"product_brand":[],"product_cat":[47],"product_tag":[],"class_list":{"0":"post-3296","1":"product","2":"type-product","3":"status-publish","4":"has-post-thumbnail","6":"product_cat-nfc-tags","8":"first","9":"instock","10":"shipping-taxable","11":"product-type-simple"},"_links":{"self":[{"href":"https:\/\/nfc-readers.com\/fi\/wp-json\/wp\/v2\/product\/3296","targetHints":{"allow":["GET"]}}],"collection":[{"href":"https:\/\/nfc-readers.com\/fi\/wp-json\/wp\/v2\/product"}],"about":[{"href":"https:\/\/nfc-readers.com\/fi\/wp-json\/wp\/v2\/types\/product"}],"wp:featuredmedia":[{"embeddable":true,"href":"https:\/\/nfc-readers.com\/fi\/wp-json\/wp\/v2\/media\/3297"}],"wp:attachment":[{"href":"https:\/\/nfc-readers.com\/fi\/wp-json\/wp\/v2\/media?parent=3296"}],"wp:term":[{"taxonomy":"product_brand","embeddable":true,"href":"https:\/\/nfc-readers.com\/fi\/wp-json\/wp\/v2\/product_brand?post=3296"},{"taxonomy":"product_cat","embeddable":true,"href":"https:\/\/nfc-readers.com\/fi\/wp-json\/wp\/v2\/product_cat?post=3296"},{"taxonomy":"product_tag","embeddable":true,"href":"https:\/\/nfc-readers.com\/fi\/wp-json\/wp\/v2\/product_tag?post=3296"}],"curies":[{"name":"wp","href":"https:\/\/api.w.org\/{rel}","templated":true}]}}