{"id":3303,"date":"2024-11-01T05:12:29","date_gmt":"2024-11-01T05:12:29","guid":{"rendered":"https:\/\/nfc-readers.com\/?post_type=product&#038;p=3303"},"modified":"2024-11-01T05:12:29","modified_gmt":"2024-11-01T05:12:29","slug":"dia-30mm-ntag-424-dna-nfc-sticker-tamper-proof-high-security-2","status":"publish","type":"product","link":"https:\/\/nfc-readers.com\/fi\/ic-reader\/dia-30mm-ntag-424-dna-nfc-sticker-tamper-proof-high-security-2\/","title":{"rendered":"Halkaisija 30 mm NTAG 424 DNA NFC -tarra Peukaloinninkest\u00e4v\u00e4 korkea turvallisuus"},"content":{"rendered":"<h1 style=\"text-align: center;\"><strong>Halkaisija 30 mm NTAG 424 DNA NFC -tarra Peukaloinninkest\u00e4v\u00e4 korkea turvallisuus<\/strong><\/h1>\n<p>&nbsp;<\/p>\n<p>Paranna tuotteesi aitoutta innovatiivisilla ominaisuuksilla\u00a0<strong>Halkaisija 30 mm NTAG 424 DNA NFC -tarra<\/strong>. T\u00e4ss\u00e4 huippuluokan tuotteessa yhdistyv\u00e4t korkea turvallisuus ja k\u00e4ytt\u00e4j\u00e4yst\u00e4v\u00e4lliset ominaisuudet, mik\u00e4 tekee siit\u00e4 v\u00e4ltt\u00e4m\u00e4tt\u00f6m\u00e4n v\u00e4lineen punaviinien v\u00e4\u00e4rent\u00e4misen est\u00e4misen j\u00e4ljitett\u00e4vyyteen ja muuhunkin. T\u00e4m\u00e4 NFC-tarra on v\u00e4\u00e4rent\u00e4misen eston, vedenpit\u00e4v\u00e4n suunnittelun ja turvallisen tiedonsiirtoliittym\u00e4n ansiosta t\u00e4rke\u00e4 tuotemerkeille, jotka haluavat suojata tuotteitaan ja varmistaa asiakkaiden luottamuksen.<\/p>\n<h3><\/h3>\n<p>&nbsp;<\/p>\n<p>T\u00e4m\u00e4n p\u00e4iv\u00e4n markkinoiden kasvavaa tuotetodentamistarvetta ei voi liioitella. V\u00e4\u00e4renn\u00f6sten lis\u00e4\u00e4ntyess\u00e4, erityisesti arvokkaissa tuotteissa, kuten punaviiniss\u00e4, br\u00e4ndisi eheyden varmistaminen on ensiarvoisen t\u00e4rke\u00e4\u00e4. NTAG 424 DNA NFC -tarra tarjoaa uskomattoman suojan peukalointia ja luvatonta k\u00e4ytt\u00f6\u00e4 vastaan, ja siin\u00e4 on huippuluokan suojausprotokollien tukemia ominaisuuksia. Investoimalla n\u00e4ihin NFC-tarroihin suojaat tuotettasi, parannat asiakaskokemusta ja vahvistat br\u00e4ndiuskollisuutta.<\/p>\n<p>&nbsp;<\/p>\n<h3><strong>Tuotteen yleiskatsaus ja tekniset tiedot<\/strong><\/h3>\n<p>The\u00a0<strong>Halkaisija 30 mm NTAG 424 DNA NFC -tarra<\/strong>\u00a0on suunniteltu huippusuorituskyky\u00e4 varten, ja siin\u00e4 yhdistyv\u00e4t korkean turvatason siru ja monitoimiominaisuudet. Valmistettu kest\u00e4v\u00e4st\u00e4\u00a0<strong>PET-materiaalia<\/strong>, t\u00e4m\u00e4 tarra ei ole suunniteltu vain kest\u00e4m\u00e4\u00e4n vaan my\u00f6s kest\u00e4m\u00e4\u00e4n erilaisia ymp\u00e4rist\u00f6olosuhteita. Alla on t\u00e4rke\u00e4t tekniset tiedot:<\/p>\n<ul>\n<li><strong>Sirun malli<\/strong>: NTAG 424 DNA<\/li>\n<li><strong>Koko<\/strong>: Halkaisija 30mm<\/li>\n<li><strong>Muisti<\/strong>: 416 tavua<\/li>\n<li><strong>Taajuus<\/strong>: 13,56 MHz<\/li>\n<li><strong>NFC-foorumityyppi<\/strong>: Tyyppi 4<\/li>\n<li><strong>Security Protocol<\/strong>: 128-bittinen AES, LRP<\/li>\n<li><strong>P\u00e4\u00e4syn\u00e4pp\u00e4imet<\/strong>: 5 x 128-bittinen<\/li>\n<li><strong>Kirjoita Endurance<\/strong>: 200 000 sykli\u00e4<\/li>\n<li><strong>Materiaali<\/strong>: PET (vedenpit\u00e4v\u00e4\/s\u00e4\u00e4nkest\u00e4v\u00e4)<\/li>\n<li><strong>Alkuper\u00e4paikka<\/strong>: Guangdong, Kiina<\/li>\n<\/ul>\n<p>N\u00e4m\u00e4 tekniset tiedot osoittavat, ett\u00e4 t\u00e4m\u00e4 NFC-tarra on rakennettu korkeaa suorituskyky\u00e4 ja luotettavuutta varten, ja se on ihanteellinen sovelluksiin, jotka vaativat jatkuvaa vuorovaikutusta ja tietoturvaa.<\/p>\n<p>&nbsp;<\/p>\n<p>&nbsp;<\/p>\n<h3><strong>NTAG 424 DNA NFC -tarran t\u00e4rkeimm\u00e4t ominaisuudet<\/strong><\/h3>\n<p>&nbsp;<\/p>\n<p>The\u00a0<strong>NFC-tarra<\/strong>\u00a0integroi joitain\u00a0<strong>erityispiirteit\u00e4<\/strong>\u00a0jotka parantavat sen yleist\u00e4 suorituskyky\u00e4. T\u00e4ss\u00e4 on joitain erottuvia ominaisuuksia:<\/p>\n<ul>\n<li><strong>Vedenpit\u00e4v\u00e4 ja s\u00e4\u00e4nkest\u00e4v\u00e4<\/strong>: T\u00e4m\u00e4 NFC-tarra on suunniteltu kest\u00e4m\u00e4\u00e4n erilaisia ymp\u00e4rist\u00f6olosuhteita, joten se sopii sek\u00e4 sis\u00e4- ett\u00e4 ulkok\u00e4ytt\u00f6\u00f6n. Olipa kyseess\u00e4 vesiroiske tai altistuminen auringonvalolle,\u00a0<strong>NTAG 424 DNA NFC -tarra<\/strong>\u00a0pysyy toimivana ja ehj\u00e4n\u00e4.<\/li>\n<li><strong>Tehokas viestint\u00e4<\/strong>: Toimii taajuudella\u00a0<strong>13,56 MHz<\/strong>, t\u00e4m\u00e4 NFC-tarra mahdollistaa nopean viestinn\u00e4n\u00a0<strong>NFC-yhteensopivat \u00e4lypuhelimet<\/strong>\u00a0ja laitteet. T\u00e4llainen saumaton vuorovaikutus varmistaa tehokkaan ja nopean p\u00e4\u00e4syn tietoihin tarraa skannattaessa.<\/li>\n<li><strong>Peukaloinnin est\u00e4v\u00e4 tekniikka<\/strong>: Tarran kyky toimia peukaloinnin osoittavana sinettin\u00e4 tarjoaa mielenrauhaa. Jos joku yritt\u00e4\u00e4 p\u00e4\u00e4st\u00e4 k\u00e4siksi tietoihin ilman asianmukaista lupaa, tarra ilmoittaa peukaloitumisesta, mik\u00e4 suojaa tuotteesi eheytt\u00e4.<\/li>\n<\/ul>\n<p>T\u00e4m\u00e4 ominaisuuksien yhdistelm\u00e4 tekee NTAG 424 DNA NFC -tarrasta arvokkaan voimavaran yrityksille, jotka ovat investoineet tuotteidensa suojaamiseen ja todentamiseen.<\/p>\n<p>&nbsp;<\/p>\n<h3><strong>Usein kysytyt kysymykset: Yleisi\u00e4 kysymyksi\u00e4 Dia 30mm NTAG 424 DNA NFC -tarrasta<\/strong><\/h3>\n<h3>1.\u00a0<strong>Mihin Dia 30mm NTAG 424 DNA NFC -tarraa k\u00e4ytet\u00e4\u00e4n?<\/strong><\/h3>\n<p>NTAG 424 DNA NFC -tarraa k\u00e4ytet\u00e4\u00e4n ensisijaisesti tuotteiden todentamiseen ja v\u00e4\u00e4renn\u00f6sten torjuntaan, erityisesti arvoesineiss\u00e4, kuten punaviiniss\u00e4. Se voi my\u00f6s palvella erilaisia sovelluksia v\u00e4hitt\u00e4iskaupan, logistiikan ja varastonhallinnan aloilla tarjoamalla helpon p\u00e4\u00e4syn digitaaliseen sis\u00e4lt\u00f6\u00f6n skannattaessa NFC-yhteensopivalla \u00e4lypuhelimella.<\/p>\n<h3>2.\u00a0<strong>Kuinka k\u00e4yt\u00e4n NFC-tarraa?<\/strong><\/h3>\n<p>K\u00e4ytt\u00e4\u00e4ksesi NFC-tarraa, irrota tartuntatausta ja kiinnit\u00e4 se haluamaasi pintaan. Skannausta varten k\u00e4ytt\u00e4j\u00e4t tarvitsevat NFC-yhteensopivan \u00e4lypuhelimen tai laitteen. Pit\u00e4m\u00e4ll\u00e4 laitetta tarran l\u00e4hell\u00e4, siihen tallennetut tiedot p\u00e4\u00e4sev\u00e4t automaattisesti k\u00e4siksi.<\/p>\n<h3>3.\u00a0<strong>Onko NTAG 424 DNA NFC -tarra vedenpit\u00e4v\u00e4?<\/strong><\/h3>\n<p>Kyll\u00e4, NTAG 424 DNA NFC -tarra on suunniteltu veden- ja s\u00e4\u00e4nkest\u00e4v\u00e4ksi. Se kest\u00e4\u00e4 erilaisia ymp\u00e4rist\u00f6olosuhteita, joten se sopii sek\u00e4 sis\u00e4- ett\u00e4 ulkok\u00e4ytt\u00f6\u00f6n.<\/p>\n<h3>4.\u00a0<strong>Kuinka turvallisia NFC-tarraan tallennetut tiedot ovat?<\/strong><\/h3>\n<p>Tarrassa on vankat suojausprotokollat, mukaan lukien 128-bittinen AES-salaus ja useita p\u00e4\u00e4syavaimia (5 x 128-bittinen). T\u00e4m\u00e4 suojaustaso auttaa suojaamaan tietoja luvattomalta k\u00e4yt\u00f6lt\u00e4 ja varmistaa, ett\u00e4 vain luvan saaneet k\u00e4ytt\u00e4j\u00e4t voivat hakea tai muokata niihin tallennettuja tietoja.<\/p>\n<h3>5.\u00a0<strong>Voidaanko NFC-tarran tiedot p\u00e4ivitt\u00e4\u00e4?<\/strong><\/h3>\n<p>Kyll\u00e4, NTAG 424 DNA NFC -tarraan tallennetut tiedot voidaan p\u00e4ivitt\u00e4\u00e4 NFC-yhteensopivalla laitteella. T\u00e4m\u00e4 ominaisuus on erityisen hy\u00f6dyllinen yrityksille, joiden on pidett\u00e4v\u00e4 tuotetiedot ajan tasalla ja ajantasaisina.<\/p>","protected":false},"excerpt":{"rendered":"<p>The\u00a0<strong>Halkaisija 30 mm NTAG 424 DNA NFC -tarra<\/strong>\u00a0tarjoaa korkean turvallisuuden ja v\u00e4\u00e4rent\u00e4misen est\u00e4vi\u00e4 ominaisuuksia, joten se on olennainen ratkaisu tuotteiden todentamiseen ja v\u00e4\u00e4renn\u00f6sten torjuntaan. T\u00e4m\u00e4 kest\u00e4vyytt\u00e4 ja vedenpit\u00e4vyytt\u00e4 varten suunniteltu NFC-tarra takaa luotettavan suojan ja j\u00e4ljitett\u00e4vyyden monenlaisiin sovelluksiin.<\/p>","protected":false},"featured_media":3304,"template":"","meta":[],"product_brand":[],"product_cat":[48],"product_tag":[],"class_list":{"0":"post-3303","1":"product","2":"type-product","3":"status-publish","4":"has-post-thumbnail","6":"product_cat-nfc-stickers","8":"first","9":"instock","10":"shipping-taxable","11":"product-type-simple"},"_links":{"self":[{"href":"https:\/\/nfc-readers.com\/fi\/wp-json\/wp\/v2\/product\/3303","targetHints":{"allow":["GET"]}}],"collection":[{"href":"https:\/\/nfc-readers.com\/fi\/wp-json\/wp\/v2\/product"}],"about":[{"href":"https:\/\/nfc-readers.com\/fi\/wp-json\/wp\/v2\/types\/product"}],"wp:featuredmedia":[{"embeddable":true,"href":"https:\/\/nfc-readers.com\/fi\/wp-json\/wp\/v2\/media\/3304"}],"wp:attachment":[{"href":"https:\/\/nfc-readers.com\/fi\/wp-json\/wp\/v2\/media?parent=3303"}],"wp:term":[{"taxonomy":"product_brand","embeddable":true,"href":"https:\/\/nfc-readers.com\/fi\/wp-json\/wp\/v2\/product_brand?post=3303"},{"taxonomy":"product_cat","embeddable":true,"href":"https:\/\/nfc-readers.com\/fi\/wp-json\/wp\/v2\/product_cat?post=3303"},{"taxonomy":"product_tag","embeddable":true,"href":"https:\/\/nfc-readers.com\/fi\/wp-json\/wp\/v2\/product_tag?post=3303"}],"curies":[{"name":"wp","href":"https:\/\/api.w.org\/{rel}","templated":true}]}}