{"id":3318,"date":"2024-11-01T05:29:10","date_gmt":"2024-11-01T05:29:10","guid":{"rendered":"https:\/\/nfc-readers.com\/?post_type=product&#038;p=3318"},"modified":"2024-11-01T05:29:20","modified_gmt":"2024-11-01T05:29:20","slug":"iso15693-icode-custom-size-pet-wet-dry-inlay-nfc-sticker","status":"publish","type":"product","link":"https:\/\/nfc-readers.com\/fi\/ic-reader\/iso15693-icode-custom-size-pet-wet-dry-inlay-nfc-sticker\/","title":{"rendered":"ISO15693 ICODE Mukautettu koko PET WET Dry Inlay NFC-tarra"},"content":{"rendered":"<h1 style=\"text-align: center;\"><strong>ISO15693 ICODE Mukautettu koko PET WET Dry Inlay NFC-tarra<\/strong><\/h1>\n<p>&nbsp;<\/p>\n<p>Nykyp\u00e4iv\u00e4n digitaaliaikana Near Field Communication (NFC) -teknologian integrointi on muuttanut yritysten kommunikointia ja vuorovaikutusta asiakkaidensa kanssa. The\u00a0<strong>ISO15693 ICODE Mukautettu koko PET WET Dry Inlay NFC-tarra<\/strong>\u00a0edustaa merkitt\u00e4v\u00e4\u00e4 edistyst\u00e4 NFC-tuotteissa, jotka tarjoavat luotettavan tiedonsiirron, monipuoliset sovellukset ja poikkeuksellisen kest\u00e4vyyden. T\u00e4m\u00e4 monipuolinen NFC-tarra, joka on suunniteltu erilaisiin k\u00e4ytt\u00f6tarkoituksiin, varmistaa saumattoman vuorovaikutuksen laitteiden v\u00e4lill\u00e4, tehden siit\u00e4 t\u00e4rke\u00e4n ty\u00f6kalun nykyaikaisille yrityksille ja yksityishenkil\u00f6ille.<\/p>\n<p>NFC-tarralla voit virtaviivaistaa prosesseja, tehostaa k\u00e4ytt\u00e4jien sitoutumista ja tehostaa p\u00e4ivitt\u00e4isi\u00e4 teht\u00e4vi\u00e4. Halusitpa sitten p\u00e4ivitt\u00e4\u00e4 markkinointistrategioitasi, parantaa asiakaskokemusta tai yksinkertaistaa tapahtumia, t\u00e4m\u00e4 NFC-tarra tarjoaa tarvitsemasi ominaisuudet ja luotettavuuden.<\/p>\n<p>&nbsp;<\/p>\n<h2><strong>Ainutlaatuisia ominaisuuksia<\/strong><\/h2>\n<p>ISO15693 ICODE NFC -tarran erottuvien ominaisuuksien ansiosta se on v\u00e4ltt\u00e4m\u00e4t\u00f6n yrityksille ja yksityishenkil\u00f6ille, jotka haluavat virtaviivaistaa toimintaansa.<\/p>\n<ul>\n<li><strong>Vedenpit\u00e4v\u00e4\/s\u00e4\u00e4nkest\u00e4v\u00e4<\/strong>: Kyky kest\u00e4\u00e4 erilaisia ymp\u00e4rist\u00f6olosuhteita tarkoittaa, ett\u00e4 NFC-tarroja voidaan k\u00e4ytt\u00e4\u00e4 ulkotiloissa tai alueilla, joissa saattaa olla kosteutta. T\u00e4m\u00e4 ominaisuus varmistaa, ett\u00e4 tarra s\u00e4ilytt\u00e4\u00e4 toimintakykyns\u00e4 ilman, ett\u00e4 se heikkenee ajan my\u00f6t\u00e4.<\/li>\n<li><strong>Mukautetut koot<\/strong>: T\u00e4m\u00e4 NFC-tarra voidaan valmistaa erikokoisina ja -muotoisina tarpeidesi mukaan, joten se soveltuu erilaisiin sovelluksiin \u2013 olipa kyseess\u00e4 sitten tuotemerkinn\u00e4t, kulunvalvontamerkit tai mainosmateriaalit.<\/li>\n<\/ul>\n<p>N\u00e4m\u00e4 ainutlaatuiset ominaisuudet eiv\u00e4t ainoastaan lis\u00e4\u00e4 k\u00e4ytett\u00e4vyytt\u00e4, vaan my\u00f6s laajentavat k\u00e4ytt\u00f6mahdollisuuksia useilla toimialoilla.<\/p>\n<p>&nbsp;<\/p>\n<h2><strong>Tekniset tiedot<\/strong><\/h2>\n<table class=\"w-fit !mb-0 !max-w-none\" style=\"height: 300px;\" width=\"443\">\n<thead>\n<tr>\n<th>Erittely<\/th>\n<th>Yksityiskohdat<\/th>\n<\/tr>\n<\/thead>\n<tbody>\n<tr>\n<td><strong>Taajuus<\/strong><\/td>\n<td>13,56 MHz<\/td>\n<\/tr>\n<tr>\n<td><strong>Sirutyypit<\/strong><\/td>\n<td>ICODE SLIX \/ SLIX2 \/ SLIXS<\/td>\n<\/tr>\n<tr>\n<td><strong>Muisti<\/strong><\/td>\n<td>Perustuu siruun<\/td>\n<\/tr>\n<tr>\n<td><strong>p\u00f6yt\u00e4kirja<\/strong><\/td>\n<td>ISO15693<\/td>\n<\/tr>\n<tr>\n<td><strong>Materiaali<\/strong><\/td>\n<td>LEMMIKKI<\/td>\n<\/tr>\n<tr>\n<td><strong>Mukautettu koko<\/strong><\/td>\n<td>50 * 50 mm tai mukautettu<\/td>\n<\/tr>\n<tr>\n<td><strong>Alkuper\u00e4paikka<\/strong><\/td>\n<td>Guangdong, Kiina<\/td>\n<\/tr>\n<tr>\n<td><strong>Pakkauksen tiedot<\/strong><\/td>\n<td>100kpl\/pussi, 5000kpl\/laatikko<\/td>\n<\/tr>\n<tr>\n<td><strong>Portti<\/strong><\/td>\n<td>Shenzhen<\/td>\n<\/tr>\n<tr>\n<td><strong>Paino<\/strong><\/td>\n<td>0,010 kg<\/td>\n<\/tr>\n<\/tbody>\n<\/table>\n<p>Yksityiskohtaiset tekniset tiedot varmistavat, ett\u00e4 tuote t\u00e4ytt\u00e4\u00e4 alan standardit ja tarjoaa joustavuutta erilaisiin sovelluksiin.<\/p>\n<p>&nbsp;<\/p>\n<h2><strong>UKK<\/strong><\/h2>\n<p>T\u00e4ss\u00e4 on joitain usein kysyttyj\u00e4 kysymyksi\u00e4 liittyen\u00a0<strong>ISO15693 ICODE Mukautettu koko PET WET Dry Inlay NFC-tarra<\/strong>\u00a0auttaa sinua ymm\u00e4rt\u00e4m\u00e4\u00e4n paremmin sen ominaisuuksia ja sovelluksia:<\/p>\n<h3><strong>1. Mitk\u00e4 laitteet voivat olla vuorovaikutuksessa NFC-tarran kanssa?<\/strong><\/h3>\n<p>NFC-tarrat ovat yhteensopivia useimpien kanssa\u00a0<strong>NFC-yhteensopivat \u00e4lypuhelimet<\/strong>, tabletit ja kontaktittomat lukijat. NFC-tekniikkaa tukevat laitteet pystyv\u00e4t lukemaan tarraan upotetut tiedot.<\/p>\n<h3><strong>2. Kuinka kest\u00e4v\u00e4 NFC-tarra on?<\/strong><\/h3>\n<p>ISO15693 ICODE NFC -tarra on valmistettu\u00a0<strong>PET-materiaalia<\/strong>, mik\u00e4 tekee siit\u00e4 molemmat\u00a0<strong>vedenpit\u00e4v\u00e4 ja s\u00e4\u00e4nkest\u00e4v\u00e4<\/strong>. Se on suunniteltu kest\u00e4m\u00e4\u00e4n erilaisia ymp\u00e4rist\u00f6olosuhteita varmistaen luotettavuuden ja pitk\u00e4ik\u00e4isyyden erilaisissa olosuhteissa.<\/p>\n<h3><strong>3. Voinko mukauttaa NFC-tarran kokoa ja muotoa?<\/strong><\/h3>\n<p>Kyll\u00e4! NFC-tarra voidaan valmistaa\u00a0<strong>eri kokoisia ja muotoisia<\/strong>, mik\u00e4 mahdollistaa mukauttamisen vastaamaan erityisi\u00e4 sovellustarpeitasi. Kysy saatavilla olevista vaihtoehdoista.<\/p>\n<h3><strong>4. Mik\u00e4 on NFC-tarran lukualue?<\/strong><\/h3>\n<p>NFC-tekniikan lukualue on tyypillisesti\u00a0<strong>muutaman sentin<\/strong>\u00a0(jopa 10 cm). Tarran suorituskyky voi vaihdella skannaukseen k\u00e4ytetyn laitteen ja ymp\u00e4rist\u00f6tekij\u00f6iden mukaan.<\/p>\n<h3><strong>5. Mit\u00e4 tietoja voin tallentaa NFC-tarraan?<\/strong><\/h3>\n<p>Voit tallentaa NFC-tarralle erilaisia tietoja, mukaan lukien\u00a0<strong>URL-osoitteet, yhteystiedot, teksti ja pienet binaaritiedot<\/strong>\u00a0(tyypillisesti sirun muistin rajoissa). Eri siruvaihtoehtoja (kuten ICODE SLIX) k\u00e4ytett\u00e4ess\u00e4 muisti voi vaihdella.<\/p>","protected":false},"excerpt":{"rendered":"<p>ISO15693 ICODE Custom Size PET WET Dry Inlay NFC -tarra on monipuolinen ja kest\u00e4v\u00e4 NFC-ratkaisu, joka on suunniteltu saumattomaan viestint\u00e4\u00e4n sek\u00e4 m\u00e4riss\u00e4 ett\u00e4 kuivissa ymp\u00e4rist\u00f6iss\u00e4. Mukautettavien kokojen ja vankkojen vedenpit\u00e4vien ominaisuuksien ansiosta se sopii erinomaisesti erilaisiin sovelluksiin markkinointikampanjoista suojattuun kulunvalvontaan.<\/p>","protected":false},"featured_media":3319,"template":"","meta":[],"product_brand":[],"product_cat":[48],"product_tag":[],"class_list":{"0":"post-3318","1":"product","2":"type-product","3":"status-publish","4":"has-post-thumbnail","6":"product_cat-nfc-stickers","8":"first","9":"instock","10":"shipping-taxable","11":"product-type-simple"},"_links":{"self":[{"href":"https:\/\/nfc-readers.com\/fi\/wp-json\/wp\/v2\/product\/3318","targetHints":{"allow":["GET"]}}],"collection":[{"href":"https:\/\/nfc-readers.com\/fi\/wp-json\/wp\/v2\/product"}],"about":[{"href":"https:\/\/nfc-readers.com\/fi\/wp-json\/wp\/v2\/types\/product"}],"wp:featuredmedia":[{"embeddable":true,"href":"https:\/\/nfc-readers.com\/fi\/wp-json\/wp\/v2\/media\/3319"}],"wp:attachment":[{"href":"https:\/\/nfc-readers.com\/fi\/wp-json\/wp\/v2\/media?parent=3318"}],"wp:term":[{"taxonomy":"product_brand","embeddable":true,"href":"https:\/\/nfc-readers.com\/fi\/wp-json\/wp\/v2\/product_brand?post=3318"},{"taxonomy":"product_cat","embeddable":true,"href":"https:\/\/nfc-readers.com\/fi\/wp-json\/wp\/v2\/product_cat?post=3318"},{"taxonomy":"product_tag","embeddable":true,"href":"https:\/\/nfc-readers.com\/fi\/wp-json\/wp\/v2\/product_tag?post=3318"}],"curies":[{"name":"wp","href":"https:\/\/api.w.org\/{rel}","templated":true}]}}