{"id":3325,"date":"2024-11-01T05:35:51","date_gmt":"2024-11-01T05:35:51","guid":{"rendered":"https:\/\/nfc-readers.com\/?post_type=product&#038;p=3325"},"modified":"2024-11-01T05:35:51","modified_gmt":"2024-11-01T05:35:51","slug":"ntag-215-75mm-nfc-epoxy-custom-table-menu-sticker","status":"publish","type":"product","link":"https:\/\/nfc-readers.com\/fi\/ic-reader\/ntag-215-75mm-nfc-epoxy-custom-table-menu-sticker\/","title":{"rendered":"Ntag 215 75MM NFC Epoxy mukautettu p\u00f6yt\u00e4valikkotarra"},"content":{"rendered":"<h1 style=\"text-align: center;\"><strong>Ntag 215 75MM NFC Epoxy mukautettu p\u00f6yt\u00e4valikkotarra<\/strong><\/h1>\n<p>&nbsp;<\/p>\n<p>Ravintolateknologian jatkuvasti kehittyv\u00e4ss\u00e4 maisemassa\u00a0<strong>Ntag 215 75MM NFC Epoxy mukautettu p\u00f6yt\u00e4valikkotarra<\/strong>\u00a0syntyy innovatiivisena ratkaisuna moderneihin ruokailuel\u00e4myksiin. T\u00e4m\u00e4 monipuolinen NFC-tarra antaa ravintoloiden esitell\u00e4 ruokalistansa tuoreella, mukaansatempaavalla tavalla ja parantaa samalla asiakaskokemusta kontaktittoman tekniikan avulla. Sano hyv\u00e4stit perinteisille paperimenuille ja tervetuloa saumattomalle, digitaaliselle vuorovaikutukselle.<\/p>\n<p>&nbsp;<\/p>\n<h3><strong>Ntag 215 NFC -epoksitarran edut<\/strong><\/h3>\n<p>Ntag 215 NFC -tarra ei ole vain tuote; se on muuttava ty\u00f6kalu ravintolapalvelujen parantamiseen. Vedenpit\u00e4v\u00e4ll\u00e4 ominaisuudellaan ja mukauttamismahdollisuuksilla t\u00e4m\u00e4 NFC-tunniste t\u00e4ytt\u00e4\u00e4 erilaisten ruokalaitosten ainutlaatuiset tarpeet. T\u00e4ss\u00e4 on pakottavia syit\u00e4 investoida t\u00e4h\u00e4n tuotteeseen:<\/p>\n<ul>\n<li><strong>Kontaktiton jakaminen<\/strong>: Asiakkaat p\u00e4\u00e4sev\u00e4t vaivattomasti digitaalisiin valikoihin NFC-yhteensopivilla \u00e4lypuhelimillaan luoden hygieenisen ja interaktiivisen ruokailukokemuksen.<\/li>\n<li><strong>R\u00e4\u00e4t\u00e4l\u00f6inti<\/strong>: R\u00e4\u00e4t\u00e4l\u00f6i tarra eri kokoisilla, tulosteilla ja malleilla, jotta se sopisi parhaiten ravintolasi br\u00e4nd\u00e4ykseen ja esittele samalla ruokalistasi ja tarjouksiasi.<\/li>\n<li><strong>Kest\u00e4v\u00e4 ja luotettava<\/strong>: Ntag 215 -tarra on vedenpit\u00e4v\u00e4 ja s\u00e4\u00e4nkest\u00e4v\u00e4, ja se on valmistettu korkealaatuisista materiaaleista, kuten epoksi ja paperi\/PVC.<\/li>\n<li><\/li>\n<\/ul>\n<h3><strong>Ntag 215 NFC -tarran ominaisuudet<\/strong><\/h3>\n<p>The\u00a0<strong>Ntag 215 75MM NFC Epoxy mukautettu p\u00f6yt\u00e4valikkotarra<\/strong>\u00a0tarjoaa lukuisia eritelmi\u00e4, jotka erottavat sen muista:<\/p>\n<ul>\n<li><strong>Materiaalit<\/strong>: Valmistettu\u00a0<strong>epoksi ja paperi\/PVC<\/strong>, t\u00e4m\u00e4 tarra on rakennettu kest\u00e4m\u00e4\u00e4n ja kest\u00e4m\u00e4\u00e4n tyypillisi\u00e4 ravintolaymp\u00e4rist\u00f6j\u00e4.<\/li>\n<li><strong>Koko ja mukauttaminen<\/strong>: Vaikka vakiokoko on\u00a0<strong>75 mm<\/strong>, mukautetut mitat ovat saatavilla, mik\u00e4 mahdollistaa t\u00e4yden r\u00e4\u00e4t\u00e4l\u00f6innin mink\u00e4 tahansa myym\u00e4l\u00e4n teeman tai valikon tarpeisiin.<\/li>\n<li><strong>Viestint\u00e4liittym\u00e4<\/strong>: Hy\u00f6dynt\u00e4m\u00e4ll\u00e4 NFC-tiedonsiirtoliit\u00e4nt\u00e4\u00e4, se toimii a\u00a0<strong>taajuudella 13,56 MHz<\/strong>, varmistaen tiedonsiirron luotettavuuden ja nopeuden.<\/li>\n<\/ul>\n<p>Tarjoaa vaihtoehtoja\u00a0<strong>offset- ja silkkipainatus<\/strong>, Ntag 215 -tarra voi sis\u00e4lt\u00e4\u00e4 logosi, QR-koodit tai yksityiskohtaiset valikkokohdat, mik\u00e4 parantaa tuotemerkin tunnettuutta ja asiakkaiden sitoutumista.<\/p>\n<p>&nbsp;<\/p>\n<h3><strong>R\u00e4\u00e4t\u00e4l\u00f6intiasetukset<\/strong><\/h3>\n<p>Kun r\u00e4\u00e4t\u00e4l\u00f6inti on t\u00e4rke\u00e4 osa\u00a0<strong>Ntag 215 NFC -tarra<\/strong>, ravintolat voivat valita lukemattomista vaihtoehdoista:<\/p>\n<ul>\n<li><strong>Tulostusasetukset<\/strong>: Valitse jokin\u00a0<strong>offsetpainatus, silkkipainatus tai QR-koodit<\/strong>\u00a0\u2013 kaikki r\u00e4\u00e4t\u00e4l\u00f6ityj\u00e4 ravintolan teemaan sopiviksi.<\/li>\n<li><strong>Koot ja muodot<\/strong>: Vaikka vakiohalkaisija on\u00a0<strong>75 mm<\/strong>, yritykset voivat pyyt\u00e4\u00e4 mukautettuja kokoja, jotka sopivat tiettyihin p\u00f6ytiin tai sisustustarpeisiin. Joustavat vaihtoehdot mahdollistavat mukauttamisen erilaisiin ymp\u00e4rist\u00f6ihin, olivatpa ne sitten litte\u00e4t tai metalliset kiinnitykset.<\/li>\n<\/ul>\n<p>Mahdollisuus mukauttaa NFC-tarraa tarkoittaa, ett\u00e4 ravintolasi voi s\u00e4ilytt\u00e4\u00e4 br\u00e4ndisi johdonmukaisuuden ja parantaa samalla asiakkaiden vuorovaikutusta.<\/p>\n<p>&nbsp;<\/p>\n<h3><strong>Usein kysytyt kysymykset Ntag 215 NFC Epoxy Custom Table Menu -tarrasta<\/strong><\/h3>\n<h3>1.\u00a0<strong>Mik\u00e4 on Ntag 215 NFC Epoxy Custom Table Menu Tarra?<\/strong><\/h3>\n<p>Ntag 215 NFC Epoxy Custom Table Menu Sticker on kest\u00e4v\u00e4, kontaktiton NFC-tarra, joka on suunniteltu ravintoloihin ja muihin ruokailupaikkoihin. Sen avulla asiakkaat p\u00e4\u00e4sev\u00e4t helposti digitaalisiin valikoihin ja tarjouksiin napauttamalla NFC-yhteensopivia \u00e4lypuhelimiaan tarraa vasten.<\/p>\n<h3>2.\u00a0<strong>Miten NFC-tekniikka toimii?<\/strong><\/h3>\n<p>NFC (Near Field Communication) mahdollistaa langattoman viestinn\u00e4n laitteiden v\u00e4lill\u00e4 lyhyill\u00e4 et\u00e4isyyksill\u00e4 (yleens\u00e4 alle 4 cm). Kun asiakas napauttaa NFC-yhteensopivaa \u00e4lypuhelintaan Ntag 215 -tarraa vasten, se lukee tarraan tallennetut tiedot ja n\u00e4ytt\u00e4\u00e4 digitaalisen valikon laitteellaan.<\/p>\n<h3>3.\u00a0<strong>Ovatko tarrat vedenpit\u00e4vi\u00e4?<\/strong><\/h3>\n<p>Kyll\u00e4, Ntag 215 -tarrat on suunniteltu veden- ja s\u00e4\u00e4nkest\u00e4v\u00e4ksi. T\u00e4m\u00e4 varmistaa kest\u00e4vyyden ja pitk\u00e4ik\u00e4isyyden my\u00f6s kiireisiss\u00e4 ravintolaymp\u00e4rist\u00f6iss\u00e4, joissa roiskeet ja roiskeet ovat yleisi\u00e4.<\/p>\n<h3>4.\u00a0<strong>Voinko mukauttaa tarran suunnittelua?<\/strong><\/h3>\n<p>T\u00e4ysin! Voit muokata Ntag 215 NFC -tarraa erilaisilla suunnitteluvaihtoehdoilla, mukaan lukien offsetpainatus, silkkipainatus, logot, QR-koodit ja mukautetut mitat. N\u00e4in voit kohdistaa tarran tehokkaasti ravintolasi br\u00e4ndiin.<\/p>\n<h3>5.\u00a0<strong>Mit\u00e4 siruvaihtoehtoja on saatavilla?<\/strong><\/h3>\n<p>Ntag 215 -tarrassa on valmiiksi ladattu Ntag 215 -siru, mutta voit my\u00f6s valita muita NFC-siruvaihtoehtoja, kuten Ntag 213, Ntag 216, tai mukautettuja kokoonpanoja erityistarpeidesi mukaan.<\/p>","protected":false},"excerpt":{"rendered":"<p>Ntag 215 75MM NFC Epoxy Custom Table Menu Sticker tarjoaa asiakkaille saumattoman, kontaktittoman tavan k\u00e4ytt\u00e4\u00e4 digitaalisia valikkoja. Kest\u00e4v\u00e4 ja mukautettava, se parantaa ruokailukokemusta moderneissa ravintoloissa.<\/p>","protected":false},"featured_media":3326,"template":"","meta":[],"product_brand":[],"product_cat":[48],"product_tag":[],"class_list":{"0":"post-3325","1":"product","2":"type-product","3":"status-publish","4":"has-post-thumbnail","6":"product_cat-nfc-stickers","8":"first","9":"instock","10":"shipping-taxable","11":"product-type-simple"},"_links":{"self":[{"href":"https:\/\/nfc-readers.com\/fi\/wp-json\/wp\/v2\/product\/3325","targetHints":{"allow":["GET"]}}],"collection":[{"href":"https:\/\/nfc-readers.com\/fi\/wp-json\/wp\/v2\/product"}],"about":[{"href":"https:\/\/nfc-readers.com\/fi\/wp-json\/wp\/v2\/types\/product"}],"wp:featuredmedia":[{"embeddable":true,"href":"https:\/\/nfc-readers.com\/fi\/wp-json\/wp\/v2\/media\/3326"}],"wp:attachment":[{"href":"https:\/\/nfc-readers.com\/fi\/wp-json\/wp\/v2\/media?parent=3325"}],"wp:term":[{"taxonomy":"product_brand","embeddable":true,"href":"https:\/\/nfc-readers.com\/fi\/wp-json\/wp\/v2\/product_brand?post=3325"},{"taxonomy":"product_cat","embeddable":true,"href":"https:\/\/nfc-readers.com\/fi\/wp-json\/wp\/v2\/product_cat?post=3325"},{"taxonomy":"product_tag","embeddable":true,"href":"https:\/\/nfc-readers.com\/fi\/wp-json\/wp\/v2\/product_tag?post=3325"}],"curies":[{"name":"wp","href":"https:\/\/api.w.org\/{rel}","templated":true}]}}