{"id":3332,"date":"2024-11-01T05:43:23","date_gmt":"2024-11-01T05:43:23","guid":{"rendered":"https:\/\/nfc-readers.com\/?post_type=product&#038;p=3332"},"modified":"2024-11-01T05:43:24","modified_gmt":"2024-11-01T05:43:24","slug":"ntag-213-custom-nfc-epoxy-sticker-for-nfc-smart-phone","status":"publish","type":"product","link":"https:\/\/nfc-readers.com\/fi\/ic-reader\/ntag-213-custom-nfc-epoxy-sticker-for-nfc-smart-phone\/","title":{"rendered":"Ntag 213 mukautettu NFC-epoksitarra NFC-\u00e4lypuhelimeen"},"content":{"rendered":"<h1 style=\"text-align: center;\"><strong>Ntag 213 mukautettu NFC-epoksitarra NFC-\u00e4lypuhelimeen<\/strong><\/h1>\n<p>&nbsp;<\/p>\n<p>Tutustu yhteyksien tulevaisuuteen\u00a0<strong>Ntag 213 mukautettu NFC-epoksitarra<\/strong>, monipuolinen ja innovatiivinen tuote, joka on suunniteltu saumattomaan vuorovaikutukseen\u00a0<strong>NFC-yhteensopivat \u00e4lypuhelimet<\/strong>. Erinomaisilla ominaisuuksillaan, mm\u00a0<em>vedeneristys<\/em>, kest\u00e4v\u00e4 epoksimateriaali ja mukautettavat vaihtoehdot, t\u00e4m\u00e4 NFC-tunniste ei ole vain yksi vempain, vaan vallankumouksellinen ty\u00f6kalu, joka parantaa digitaalista kokemustasi. Maksusovelluksista digitaalisen tiedon helppoon jakamiseen, Ntag 213 -tarra on pakollinen jokaiselle, joka etsii mukavuutta ja tehokkuutta.<\/p>\n<p>&nbsp;<\/p>\n<h3><strong>Miksi sinun pit\u00e4isi ostaa Ntag 213 NFC-tarrat<\/strong><\/h3>\n<p>Oikean NFC-tunnisteen valitseminen voi parantaa yrityksesi tai henkil\u00f6kohtaista br\u00e4ndi\u00e4si ja varmistaa samalla sujuvan k\u00e4ytt\u00f6kokemuksen. Ntag 213 Custom NFC Epoxy Sticker erottuu joukosta ainutlaatuisella yhdistelm\u00e4ll\u00e4\u00e4n luotettavuutta, korkeaa suorituskyky\u00e4 ja mukautumiskyky\u00e4. T\u00e4m\u00e4 NFC-tarra pystyy tallentamaan 144 tavua tietoa, joten se on ihanteellinen moniin sovelluksiin, joten se on t\u00e4rke\u00e4 ty\u00f6kalu nykyp\u00e4iv\u00e4n teknologiavetoisessa maailmassa. Mutta miksi t\u00e4m\u00e4 tarra kannattaa ostaa? T\u00e4ss\u00e4 on muutama pakottava syy:<\/p>\n<ul>\n<li><strong>Kest\u00e4vyys<\/strong>: Epoksipinnoitteensa ansiosta t\u00e4m\u00e4 NFC-tarra on\u00a0<strong>vedenpit\u00e4v\u00e4 ja s\u00e4\u00e4nkest\u00e4v\u00e4<\/strong>, jolloin se voi s\u00e4ilytt\u00e4\u00e4 toiminnallisuuden eri ymp\u00e4rist\u00f6iss\u00e4.<\/li>\n<li><strong>Monipuolisuus<\/strong>: Voit r\u00e4\u00e4t\u00e4l\u00f6id\u00e4 t\u00e4m\u00e4n tuotteen vastaamaan erityisi\u00e4 br\u00e4nd\u00e4ystarpeitasi koon, v\u00e4rin ja tulostussuunnittelun mukauttamisvaihtoehdoilla.<\/li>\n<li><strong>Helppo integrointi<\/strong>: Yhteensopiva laajan valikoiman kanssa\u00a0<strong>NFC-laitteet<\/strong>, mukaan lukien Android ja iPhone, sen avulla k\u00e4ytt\u00e4j\u00e4t voivat vaivattomasti jakaa tietoja ja olla yhteydess\u00e4 digitaaliseen sis\u00e4lt\u00f6\u00f6n.<\/li>\n<\/ul>\n<p>&nbsp;<\/p>\n<h3><strong>Tuotteen ominaisuudet ja edut<\/strong><\/h3>\n<h3>Mukautetut koot ja v\u00e4rit<\/h3>\n<p>Jokainen projekti on ainutlaatuinen ja meid\u00e4n\u00a0<strong>Ntag 213 NFC-tarrat<\/strong>\u00a0voidaan r\u00e4\u00e4t\u00e4l\u00f6id\u00e4 erityisvaatimusten mukaan. Tarvitsetko a\u00a0<strong>suorakulmio<\/strong>, soikea tai py\u00f6re\u00e4 malli, tarjoamme joustavuutta muodon ja koon suhteen. Voit my\u00f6s valita useista v\u00e4reist\u00e4 t\u00e4ydent\u00e4m\u00e4\u00e4n tuotemerkki\u00e4si. T\u00e4m\u00e4 taso\u00a0<strong>mukauttaminen<\/strong>\u00a0varmistaa t\u00e4ydellisen sopivuuden markkinointistrategioillesi tai henkil\u00f6kohtaisille projekteillesi.<\/p>\n<h3>Veden- ja s\u00e4\u00e4nkest\u00e4v\u00e4 muotoilu<\/h3>\n<p>The\u00a0<strong>epoksimateriaalia<\/strong>\u00a0k\u00e4ytetty Ntag 213 tarra antaa sille huomattavan suojan kosteutta ja ankaria s\u00e4\u00e4olosuhteita vastaan. T\u00e4m\u00e4\u00a0<strong>vedenpit\u00e4v\u00e4<\/strong>\u00a0ominaisuus tarkoittaa, ett\u00e4 sinun ei tarvitse huolehtia altistumisesta elementeille. K\u00e4ytet\u00e4\u00e4np\u00e4 niit\u00e4 sis\u00e4ll\u00e4 tai ulkona, n\u00e4m\u00e4 NFC-tunnisteet s\u00e4ilytt\u00e4v\u00e4t toiminnallisuutensa ja tehokkuutensa, joten ne sopivat sovelluksiin, kuten ulkomainontaan tai kest\u00e4vyytt\u00e4 vaativiin \u00e4lylaitteisiin.<\/p>\n<h3>13,56 MHz Tiedonsiirtotaajuus<\/h3>\n<p>Standardia hy\u00f6dynt\u00e4en\u00a0<strong>13,56 MHz tiedonsiirtotaajuus<\/strong>, n\u00e4m\u00e4 NFC-tarrat hy\u00f6dynt\u00e4v\u00e4t tehoa\u00a0<strong>RFID<\/strong>\u00a0teknologiaa. T\u00e4m\u00e4 taajuus tarjoaa luotettavan tiedonsiirtorajapinnan, joka varmistaa nopean ja turvallisen tiedonsiirron NFC-yhteensopivalla laitteella skannattaessa. T\u00e4m\u00e4 yhteensopivuus parantaa entisest\u00e4\u00e4n k\u00e4ytett\u00e4vyytt\u00e4, mik\u00e4 mahdollistaa saumattoman k\u00e4ytt\u00f6kokemuksen eri alustoilla ja laitteilla.<\/p>\n<h3>NTAG213-siru korkeaan suorituskykyyn<\/h3>\n<p>Jokaisen mukautetun Ntag 213 -tarran ytimess\u00e4 on\u00a0<strong>NTAG213 siru<\/strong>, joka on tunnettu korkeasta suorituskyvyst\u00e4\u00e4n ja monipuolisuudestaan. Muistolla\u00a0<strong>144 tavua<\/strong>, se tallentaa onnistuneesti URL-osoitteita, teksti\u00e4 tai pieni\u00e4 tietojoukkoja. Sirun arkkitehtuuri mahdollistaa laajat sovellukset k\u00e4yntikorteista interaktiivisiin markkinointikampanjoihin. Sen luotettavuus varmistaa, ett\u00e4 tunnisteitasi voidaan skannata ja k\u00e4ytt\u00e4\u00e4 toistuvasti ilman virheit\u00e4.<\/p>\n<p>&nbsp;<\/p>\n<h3><strong>Tekniset tiedot<\/strong><\/h3>\n<table class=\"w-fit !mb-0 !max-w-none\" style=\"height: 297px;\" width=\"431\">\n<thead>\n<tr>\n<th>Ominaisuus<\/th>\n<th>Erittely<\/th>\n<\/tr>\n<\/thead>\n<tbody>\n<tr>\n<td>Siru<\/td>\n<td>NTAG213<\/td>\n<\/tr>\n<tr>\n<td>Taajuus<\/td>\n<td>13,56 MHz<\/td>\n<\/tr>\n<tr>\n<td>Muisti<\/td>\n<td>144 tavua<\/td>\n<\/tr>\n<tr>\n<td>p\u00f6yt\u00e4kirja<\/td>\n<td>ISO14443<\/td>\n<\/tr>\n<tr>\n<td>Materiaali<\/td>\n<td>Epoksi<\/td>\n<\/tr>\n<tr>\n<td>Koko<\/td>\n<td>Mukautettu<\/td>\n<\/tr>\n<tr>\n<td>V\u00e4ri<\/td>\n<td>Mukautettu<\/td>\n<\/tr>\n<tr>\n<td>Tulostusasetukset<\/td>\n<td>Offsetpaino\/Pantone\/QR<\/td>\n<\/tr>\n<tr>\n<td>Alkuper\u00e4paikka<\/td>\n<td>Guangdong, Kiina<\/td>\n<\/tr>\n<tr>\n<td>Erikoisominaisuudet<\/td>\n<td>Vedenpit\u00e4v\u00e4\/s\u00e4\u00e4nkest\u00e4v\u00e4<\/td>\n<\/tr>\n<\/tbody>\n<\/table>\n<h3><\/h3>\n<h3><strong>UKK<\/strong><\/h3>\n<h3>Mitk\u00e4 laitteet ovat yhteensopivia Ntag 213 NFC -tarran kanssa?<\/h3>\n<p>Ntag 213 -tarrat ovat yhteensopivia kaikkien NFC-yhteensopivien \u00e4lypuhelimien kanssa, mukaan lukien suosittujen merkkien, kuten\u00a0<strong>iPhone<\/strong>\u00a0ja\u00a0<strong>Samsung<\/strong>.<\/p>\n<h3>Kauanko akku kest\u00e4\u00e4?<\/h3>\n<p>Ntag 213 NFC -tarrat eiv\u00e4t vaadi akkua; ne ovat passiivisia laitteita, jotka saavat virtaa NFC-yhteensopivasta lukijasta. Niin kauan kuin tunniste on ehj\u00e4 ja kantaman sis\u00e4ll\u00e4, se toimii.<\/p>\n<h3>Voiko n\u00e4it\u00e4 tarroja k\u00e4ytt\u00e4\u00e4 ulkona?<\/h3>\n<p>Kyll\u00e4! NFC-tarramme on suunniteltu\u00a0<strong>vedenpit\u00e4v\u00e4 ja s\u00e4\u00e4nkest\u00e4v\u00e4<\/strong>, joten ne sopivat sek\u00e4 sis\u00e4- ett\u00e4 ulkok\u00e4ytt\u00f6\u00f6n.<\/p>\n<h3>Onko olemassa maksimi skannauset\u00e4isyys?<\/h3>\n<p>Tehokas skannauset\u00e4isyys on yleens\u00e4 jopa 10 cm (4 tuumaa) riippuen laitteen NFC-antennin vahvuudesta ja ymp\u00e4rist\u00f6tekij\u00f6ist\u00e4.<\/p>","protected":false},"excerpt":{"rendered":"<p>The\u00a0<strong>NTAG-213 mukautettu NFC-epoksitarra<\/strong>\u00a0on monipuolinen, vedenpit\u00e4v\u00e4 NFC-tunniste, joka on suunniteltu saumattomaan vuorovaikutukseen NFC-yhteensopivien \u00e4lypuhelimien kanssa. T\u00e4m\u00e4 kest\u00e4v\u00e4 tarra on r\u00e4\u00e4t\u00e4l\u00f6it\u00e4viss\u00e4 koon, v\u00e4rien ja tulostusvaihtoehtojen suhteen. Sen avulla yritykset ja yksityishenkil\u00f6t voivat jakaa digitaalista sis\u00e4lt\u00f6\u00e4 vaivattomasti, mik\u00e4 lis\u00e4\u00e4 k\u00e4ytt\u00e4jien sitoutumista ja br\u00e4nd\u00e4ysmahdollisuuksia.<\/p>","protected":false},"featured_media":3333,"template":"","meta":[],"product_brand":[],"product_cat":[48],"product_tag":[],"class_list":{"0":"post-3332","1":"product","2":"type-product","3":"status-publish","4":"has-post-thumbnail","6":"product_cat-nfc-stickers","8":"first","9":"instock","10":"shipping-taxable","11":"product-type-simple"},"_links":{"self":[{"href":"https:\/\/nfc-readers.com\/fi\/wp-json\/wp\/v2\/product\/3332","targetHints":{"allow":["GET"]}}],"collection":[{"href":"https:\/\/nfc-readers.com\/fi\/wp-json\/wp\/v2\/product"}],"about":[{"href":"https:\/\/nfc-readers.com\/fi\/wp-json\/wp\/v2\/types\/product"}],"wp:featuredmedia":[{"embeddable":true,"href":"https:\/\/nfc-readers.com\/fi\/wp-json\/wp\/v2\/media\/3333"}],"wp:attachment":[{"href":"https:\/\/nfc-readers.com\/fi\/wp-json\/wp\/v2\/media?parent=3332"}],"wp:term":[{"taxonomy":"product_brand","embeddable":true,"href":"https:\/\/nfc-readers.com\/fi\/wp-json\/wp\/v2\/product_brand?post=3332"},{"taxonomy":"product_cat","embeddable":true,"href":"https:\/\/nfc-readers.com\/fi\/wp-json\/wp\/v2\/product_cat?post=3332"},{"taxonomy":"product_tag","embeddable":true,"href":"https:\/\/nfc-readers.com\/fi\/wp-json\/wp\/v2\/product_tag?post=3332"}],"curies":[{"name":"wp","href":"https:\/\/api.w.org\/{rel}","templated":true}]}}