{"id":3353,"date":"2024-11-01T11:19:32","date_gmt":"2024-11-01T11:19:32","guid":{"rendered":"https:\/\/nfc-readers.com\/?post_type=product&#038;p=3353"},"modified":"2024-11-04T08:59:53","modified_gmt":"2024-11-04T08:59:53","slug":"iso14443a-mifare-rfid-hotel-card-magnetic-stripe-available","status":"publish","type":"product","link":"https:\/\/nfc-readers.com\/fi\/ic-reader\/iso14443a-mifare-rfid-hotel-card-magnetic-stripe-available\/","title":{"rendered":"ISO14443A MIFARE RFID -hotellikortin magneettiraita saatavana"},"content":{"rendered":"<h1><span style=\"color: #000080;\"><strong>ISO14443A MIFARE RFID -hotellikortin magneettiraita saatavana<\/strong><\/span><\/h1>\n<p><span style=\"color: #666699;\">Kulunvalvonnan tulevaisuus Nykyaikaisessa ravintola-alalla saumaton p\u00e4\u00e4sy huoneisiin ja tiloihin on ensiarvoisen t\u00e4rke\u00e4\u00e4. The <strong>ISO14443A MIFARE RFID -hotellikortti magneettiraidalla<\/strong>\u00a0on noussut mullistavaksi ratkaisuksi, joka yhdist\u00e4\u00e4 edistyneen RFID-teknologian ja k\u00e4ytt\u00e4j\u00e4yst\u00e4v\u00e4llisen suunnittelun. T\u00e4m\u00e4 kortti parantaa vieraiden kokemusta ja varmistaa samalla huippuluokan turvallisuuden hotellijohdolle. <\/span><\/p>\n<p><span style=\"color: #666699;\">Vieraat voivat nauttia kontaktittomasta k\u00e4yt\u00f6st\u00e4, kun taas hotellioperaattorit hy\u00f6tyv\u00e4t parannetusta turvallisuudesta ja tehokkuudesta. Veden- ja s\u00e4\u00e4nkest\u00e4v\u00e4 RFID-kortti on suunniteltu kest\u00e4m\u00e4\u00e4n, mik\u00e4 takaa pitk\u00e4n k\u00e4ytt\u00f6i\u00e4n my\u00f6s kiireisimmiss\u00e4 ymp\u00e4rist\u00f6iss\u00e4. T\u00e4m\u00e4 kortti virtaviivaistaa sis\u00e4\u00e4nkirjautumisprosessia, mutta se toimii my\u00f6s luotettavana ty\u00f6kaluna kulunvalvontaan ja tarjoaa samalla personointivaihtoehtoja hotellisi br\u00e4ndi-identiteetin mukaan.<\/span><\/p>\n<hr \/>\n<h2><\/h2>\n<h2 style=\"text-align: center;\"><em><strong><span style=\"color: #000080;\">Tuotekuvaus<\/span><\/strong><\/em><\/h2>\n<h3><span style=\"color: #333399;\"> <strong>1. ISO14443A MIFARE RFID -hotellikortin t\u00e4rkeimm\u00e4t ominaisuudet<\/strong><\/span><\/h3>\n<p>The\u00a0<strong>ISO14443A MIFARE RFID -hotellikortti<\/strong>\u00a0tarjoaa valikoiman innovatiivisia ominaisuuksia, jotka palvelevat sek\u00e4 hotellioperaattoreita ett\u00e4 vieraita. Hy\u00f6dynn\u00e4 edistyneit\u00e4\u00a0<strong>MIFARE\u00ae Ultralight C<\/strong>\u00a0sirutekniikkaa, t\u00e4m\u00e4 kortti toimii taajuudella\u00a0<strong>13,56 MHz<\/strong>\u00a0alla\u00a0<strong>ISO14443A-protokolla<\/strong>. T\u00e4m\u00e4 spesifikaatio mahdollistaa nopean ja turvallisen k\u00e4yt\u00f6n minimaalisella vuorovaikutuksella, mik\u00e4 tarjoaa todellisen\u00a0<strong>kontaktiton kokemus<\/strong>.Sen kanssa\u00a0<strong>vedenpit\u00e4v\u00e4<\/strong>\u00a0ja\u00a0<strong>s\u00e4\u00e4nkest\u00e4v\u00e4<\/strong>\u00a0Suunnittelun ansiosta kortti pysyy toimivana erilaisissa ymp\u00e4rist\u00f6iss\u00e4 varmistaen, ett\u00e4 se kest\u00e4\u00e4 p\u00e4ivitt\u00e4ist\u00e4 kulumista. Lis\u00e4ksi a\u00a0<strong>magneettiraita<\/strong>\u00a0mahdollistaa kulunvalvontaj\u00e4rjestelmien monipuolisuuden. T\u00e4m\u00e4 kaksoistoiminto varmistaa, ett\u00e4 RFID-kortti tarjoaa saumattoman ja luotettavan palvelun riippumatta siit\u00e4, k\u00e4ytet\u00e4\u00e4nk\u00f6 sit\u00e4 hotellihuoneisiin tai muihin tiloihin.<\/p>\n<p>&nbsp;<\/p>\n<h3><span style=\"color: #333399;\"><strong>3. Tekniset tiedot<\/strong><\/span><\/h3>\n<p>Teknisten eritelmien ymm\u00e4rt\u00e4minen on ratkaisevan t\u00e4rke\u00e4\u00e4 oikean kulunvalvontaratkaisun valinnassa. Alla on yksityiskohtainen taulukko\u00a0<strong>ISO14443A MIFARE RFID -hotellikortti<\/strong> tekniset tiedot:<\/p>\n<div class=\"table-with-header rounded-lg border border-solid border-grey-line2-normal w-fit max-w-full mb-2\">\n<div class=\"h-8 items-center flex justify-between px-2 text-xs border-0 border-b border-solid border-grey-line2-normal\">\n<div class=\"h-[26px] w-[26px] text-text-primary-3 cursor-pointer hover:text-text-primary-2 flex-center\"><\/div>\n<\/div>\n<div class=\"overflow-x-auto custom-scrollbar custom-scrollbar-float max-w-full\">\n<table class=\"w-fit !mb-0 !max-w-none\">\n<thead>\n<tr>\n<th>Erittely<\/th>\n<th>Arvo<\/th>\n<\/tr>\n<\/thead>\n<tbody>\n<tr>\n<td>Siru<\/td>\n<td>MIFARE\u00ae Ultralight C<\/td>\n<\/tr>\n<tr>\n<td>Taajuus<\/td>\n<td>13,56 MHz<\/td>\n<\/tr>\n<tr>\n<td>Viestint\u00e4liittym\u00e4<\/td>\n<td>RFID, NFC<\/td>\n<\/tr>\n<tr>\n<td>Materiaali<\/td>\n<td>PVC<\/td>\n<\/tr>\n<tr>\n<td>Koko<\/td>\n<td>85,5 x 54 mm \/ r\u00e4\u00e4t\u00e4l\u00f6ity<\/td>\n<\/tr>\n<tr>\n<td>Magneettiraita<\/td>\n<td>Loco300 oe \/ Hico2750\/4000 oe<\/td>\n<\/tr>\n<tr>\n<td>Pintak\u00e4sittely<\/td>\n<td>Kiilt\u00e4v\u00e4, matta, himme\u00e4<\/td>\n<\/tr>\n<tr>\n<td>Koodata<\/td>\n<td>QR-koodin tulostus\/laserkoodi<\/td>\n<\/tr>\n<tr>\n<td>Tulostusasetukset<\/td>\n<td>Offsetpainatus CMYK\/silkkipaino\/digitaalinen<\/td>\n<\/tr>\n<\/tbody>\n<\/table>\n<\/div>\n<\/div>\n<p>N\u00e4m\u00e4 tekniset tiedot korostavat kortin monipuolisuutta ja kehittynytt\u00e4 tekniikkaa, ja muotoilu vastaa sek\u00e4 k\u00e4ytt\u00e4jien ett\u00e4 hotellijohdon tarpeita.<\/p>\n<p>&nbsp;<\/p>\n<h3><span style=\"color: #333399;\"><strong>4. RFID-hotellikorttien k\u00e4yt\u00f6n edut<\/strong><\/span><\/h3>\n<p><span style=\"color: #666699;\">Integroimalla\u00a0<strong>ISO14443A MIFARE RFID -hotellikortti<\/strong>\u00a0hotellin toimintaan tuo lukuisia etuja. Ensinn\u00e4kin,\u00a0<strong>kontaktiton<\/strong>\u00a0tekniikka parantaa vieraiden kokemusta mahdollistaen nopean ja helpon p\u00e4\u00e4syn huoneisiin ja tiloihin ilman perinteisten avaimien sekaisin. T\u00e4m\u00e4 nopeuttaa sis\u00e4\u00e4nkirjautumisprosesseja, mik\u00e4 lopulta parantaa asiakkaiden tyytyv\u00e4isyytt\u00e4.<\/span><\/p>\n<p><span style=\"color: #666699;\">Lis\u00e4ksi RFID-tekniikka mahdollistaa tehokkaan\u00a0<strong>kulunvalvonta<\/strong>\u00a0hallinta. Hotellin henkil\u00f6kunta voi helposti seurata k\u00e4ytt\u00f6tottumuksia, mik\u00e4 parantaa turvallisuutta ja minimoi luvattoman k\u00e4yt\u00f6n. Ominaisuuksilla, kuten\u00a0<strong>keskin\u00e4inen todennus<\/strong>, luvattomien kopioiden mahdollisuus on k\u00e4yt\u00e4nn\u00f6ss\u00e4 eliminoitu.<\/span><\/p>\n<p>&nbsp;<\/p>\n<h2 style=\"text-align: center;\"><span style=\"color: #000080;\"><em><strong>FAQ<\/strong><\/em><\/span><\/h2>\n<p><span style=\"color: #008080;\"><strong>1. Mik\u00e4 on RFID-hotellikortin k\u00e4ytt\u00f6ik\u00e4?<\/strong><\/span><\/p>\n<p>Kortti kest\u00e4\u00e4 normaalik\u00e4yt\u00f6ss\u00e4 useita vuosia kest\u00e4v\u00e4n PVC-materiaalin ja s\u00e4\u00e4nkest\u00e4v\u00e4n ominaisuuksien ansiosta.<\/p>\n<hr \/>\n<p><span style=\"color: #008080;\"><strong>2. Voidaanko korttia mukauttaa tuotemerkill\u00e4mme?<\/strong><\/span><\/p>\n<p>Kyll\u00e4, voit muokata korttia hotellisi logolla ja v\u00e4reill\u00e4 k\u00e4ytt\u00e4m\u00e4ll\u00e4 erilaisia tulostus- ja viimeistelyvaihtoehtoja.<\/p>\n<hr \/>\n<p><strong><span style=\"color: #008080;\">3. Onko kortti yhteensopiva olemassa olevien RFID-j\u00e4rjestelmien kanssa?<\/span><\/strong><\/p>\n<p>Kyll\u00e4, se on yhteensopiva useimpien RFID-kulunvalvontaj\u00e4rjestelmien kanssa, jotka k\u00e4ytt\u00e4v\u00e4t <strong>ISO14443A-protokolla<\/strong>.<\/p>","protected":false},"excerpt":{"rendered":"<p>ISO14443A MIFARE RFID Hotel Card tarjoaa kontaktittoman p\u00e4\u00e4syn, parannetun suojauksen ja mukautusvaihtoehdot, mik\u00e4 tekee siit\u00e4 ihanteellisen modernin vieraanvaraisuuden tarpeisiin.<\/p>","protected":false},"featured_media":3354,"template":"","meta":[],"product_brand":[],"product_cat":[46],"product_tag":[],"class_list":{"0":"post-3353","1":"product","2":"type-product","3":"status-publish","4":"has-post-thumbnail","6":"product_cat-nfc-cards","8":"first","9":"instock","10":"shipping-taxable","11":"product-type-simple"},"_links":{"self":[{"href":"https:\/\/nfc-readers.com\/fi\/wp-json\/wp\/v2\/product\/3353","targetHints":{"allow":["GET"]}}],"collection":[{"href":"https:\/\/nfc-readers.com\/fi\/wp-json\/wp\/v2\/product"}],"about":[{"href":"https:\/\/nfc-readers.com\/fi\/wp-json\/wp\/v2\/types\/product"}],"wp:featuredmedia":[{"embeddable":true,"href":"https:\/\/nfc-readers.com\/fi\/wp-json\/wp\/v2\/media\/3354"}],"wp:attachment":[{"href":"https:\/\/nfc-readers.com\/fi\/wp-json\/wp\/v2\/media?parent=3353"}],"wp:term":[{"taxonomy":"product_brand","embeddable":true,"href":"https:\/\/nfc-readers.com\/fi\/wp-json\/wp\/v2\/product_brand?post=3353"},{"taxonomy":"product_cat","embeddable":true,"href":"https:\/\/nfc-readers.com\/fi\/wp-json\/wp\/v2\/product_cat?post=3353"},{"taxonomy":"product_tag","embeddable":true,"href":"https:\/\/nfc-readers.com\/fi\/wp-json\/wp\/v2\/product_tag?post=3353"}],"curies":[{"name":"wp","href":"https:\/\/api.w.org\/{rel}","templated":true}]}}