{"id":3358,"date":"2024-11-01T12:11:45","date_gmt":"2024-11-01T12:11:45","guid":{"rendered":"https:\/\/nfc-readers.com\/?post_type=product&#038;p=3358"},"modified":"2024-11-04T08:58:59","modified_gmt":"2024-11-04T08:58:59","slug":"pvc-logo-printed-custom-nfc-business-card-ntag-213-215-216","status":"publish","type":"product","link":"https:\/\/nfc-readers.com\/fi\/ic-reader\/pvc-logo-printed-custom-nfc-business-card-ntag-213-215-216\/","title":{"rendered":"PVC-logolla painettu mukautettu NFC-k\u00e4yntikortti Ntag 213 215 216"},"content":{"rendered":"<h1><span style=\"color: #000080;\"><strong>PVC-logolla painettu mukautettu NFC-k\u00e4yntikortti Ntag 213 215 216<\/strong><\/span><\/h1>\n<div class=\"message-item-outer relative px-4 mb-2\" data-id=\"d4923133-af33-4007-ab47-519a94928ef7\">\n<div class=\"content-area pl-[0px]\">\n<div class=\"message-item select-text relative\">\n<div class=\"message-inner relative\">\n<div class=\"py-[2px]\">\n<div class=\"flex flex-col gap-2\">\n<div class=\"answer-markdown-box overflow-x-auto select-text custom-scrollbar\">\n<div class=\"markdown-body\">\n<p><span style=\"color: #666699;\">Nykyp\u00e4iv\u00e4n digitaaliaikana PVC-logolla painettu mukautettu NFC-k\u00e4yntikortti Ntag213215216 on vallankumouksellinen ratkaisu verkostoitumiseen ja yritysten vuorovaikutukseen. N\u00e4m\u00e4 \u00e4lykortit eiv\u00e4t ainoastaan tarjoa nykyaikaista ilmett\u00e4, vaan tarjoavat my\u00f6s mukavuutta ja tehokkuutta. Sis\u00e4\u00e4nrakennetun NFC-tekniikan ansiosta ne mahdollistavat saumattoman kontaktittoman viestinn\u00e4n laitteiden v\u00e4lill\u00e4. Olitpa sitten liike-el\u00e4m\u00e4n ammattilainen, joka haluaa j\u00e4tt\u00e4\u00e4 pysyv\u00e4n vaikutelman, tai yritys, joka haluaa lis\u00e4t\u00e4 br\u00e4ndin n\u00e4kyvyytt\u00e4, t\u00e4m\u00e4 innovatiivinen kortti t\u00e4ydent\u00e4\u00e4 tarpeitasi t\u00e4ydellisesti.<\/span><\/p>\n<p>&nbsp;<\/p>\n<h2 style=\"text-align: center;\"><span style=\"color: #000080;\"><strong>Tuotekuvaus<\/strong><\/span><\/h2>\n<h3><span style=\"color: #333399;\"><strong>1. NFC-k\u00e4yntikortin t\u00e4rkeimm\u00e4t tiedot<\/strong><\/span><\/h3>\n<div class=\"table-with-header rounded-lg border border-solid border-grey-line2-normal w-fit max-w-full mb-2\">\n<div class=\"overflow-x-auto custom-scrollbar custom-scrollbar-float max-w-full\">\n<table class=\"w-fit !mb-0 !max-w-none\">\n<thead>\n<tr>\n<th><strong>Erittely<\/strong><\/th>\n<th><strong>Arvo<\/strong><\/th>\n<\/tr>\n<\/thead>\n<tbody>\n<tr>\n<td>Siru<\/td>\n<td>Ntag213\/Custom<\/td>\n<\/tr>\n<tr>\n<td>Taajuus<\/td>\n<td>13,56 MHz<\/td>\n<\/tr>\n<tr>\n<td>Materiaali<\/td>\n<td>PVC\/muut materiaalit<\/td>\n<\/tr>\n<tr>\n<td>Koko<\/td>\n<td>85,5 x 54 mm \/ r\u00e4\u00e4t\u00e4l\u00f6ity<\/td>\n<\/tr>\n<tr>\n<td>Vedenpit\u00e4v\u00e4\/s\u00e4\u00e4nkest\u00e4v\u00e4<\/td>\n<td>Joo<\/td>\n<\/tr>\n<tr>\n<td>Tulostusasetukset<\/td>\n<td>CMYK4C-tulostus\/offset\/silkkipaino<\/td>\n<\/tr>\n<tr>\n<td>Pintak\u00e4sittely<\/td>\n<td>Kiilt\u00e4v\u00e4\/matta\/himme\u00e4<\/td>\n<\/tr>\n<tr>\n<td>Viestint\u00e4liittym\u00e4<\/td>\n<td>NFC<\/td>\n<\/tr>\n<tr>\n<td>Alkuper\u00e4paikka<\/td>\n<td>Guangdong, Kiina<\/td>\n<\/tr>\n<\/tbody>\n<\/table>\n<\/div>\n<\/div>\n<p>T\u00e4m\u00e4 yksityiskohtainen tekninen taulukko korostaa NFC-k\u00e4yntikortin vankkaa tekniikkaa ja monipuolisuutta, mik\u00e4 takaa kest\u00e4vyyden ja toimivuuden.<\/p>\n<p>&nbsp;<\/p>\n<h3><span style=\"color: #333399;\"><strong>2. Mukauttamisasetukset<\/strong><\/span><\/h3>\n<p>R\u00e4\u00e4t\u00e4l\u00f6im\u00e4ll\u00e4 <strong>NFC-k\u00e4yntikortti<\/strong>\u00a0on ratkaiseva br\u00e4ndi-identiteetin kannalta. T\u00e4m\u00e4 kortti tarjoaa:<\/p>\n<ul>\n<li><strong>Mukautetut logot ja v\u00e4rit:<\/strong>\u00a0Voit lis\u00e4t\u00e4 logoasi ja v\u00e4rej\u00e4 luodaksesi mieleenpainuvan suunnittelun, joka heijastaa br\u00e4ndi\u00e4si.<\/li>\n<li><strong>Erikoisviimeistelyt:<\/strong>\u00a0Valitse kiilt\u00e4v\u00e4, mattapintainen tai himme\u00e4 pinta parantaaksesi korttisi ulkon\u00e4k\u00f6\u00e4 ja tuntumaa.<\/li>\n<li><strong>Ainutlaatuiset tulostustekniikat:<\/strong>\u00a0Vaihtoehdot, kuten laserkoodaus, UV-muste ja kohokuviointi, mahdollistavat monimutkaisen suunnittelun, mik\u00e4 tekee kortistasi erottuvan joukosta.<\/li>\n<\/ul>\n<p>&nbsp;<\/p>\n<h3><span style=\"color: #333399;\"><strong>3. Tekniset ominaisuudet ja yhteensopivuus<\/strong><\/span><\/h3>\n<p>Teknisten n\u00e4k\u00f6kohtien ymm\u00e4rt\u00e4minen\u00a0<strong>PVC-logolla painettu mukautettu NFC-k\u00e4yntikortti<\/strong>\u00a0on elint\u00e4rke\u00e4\u00e4, jotta voit k\u00e4ytt\u00e4\u00e4 sit\u00e4 tehokkaasti liiketoiminnassasi:<\/p>\n<ul>\n<li><strong>Kontaktiton viestint\u00e4:<\/strong>\u00a0Kortti pit\u00e4\u00e4 kiinni\u00a0<strong>ISO14443A-protokolla<\/strong>, mik\u00e4 varmistaa yhteensopivuuden useimpien kortinlukijoiden ja \u00e4lypuhelimien kanssa.<\/li>\n<li><strong>Turvallinen tiedonvaihto:<\/strong>\u00a0Vahvojen salausalgoritmien ansiosta tietosi pysyv\u00e4t turvassa, kun ne jaetaan kortin kautta.<\/li>\n<li><strong>Kest\u00e4vyys:<\/strong>\u00a0Korkealaatuisesta PVC:st\u00e4 valmistettu kortti on veden- ja s\u00e4\u00e4nkest\u00e4v\u00e4, joten se kest\u00e4\u00e4 p\u00e4ivitt\u00e4ist\u00e4 k\u00e4sittely\u00e4.<\/li>\n<\/ul>\n<p>&nbsp;<\/p>\n<h2 style=\"text-align: center;\"><span style=\"color: #000080;\"><strong>Ymp\u00e4rist\u00f6vaikutus<\/strong><\/span><\/h2>\n<p>Vaihdetaan kohteeseen <strong>NFC-k\u00e4yntikortit<\/strong>\u00a0ei ainoastaan hy\u00f6dyt\u00e4 ammattikuvaasi, vaan tukee my\u00f6s kest\u00e4vi\u00e4 liiketoimintak\u00e4yt\u00e4nt\u00f6j\u00e4.<\/p>\n<ul>\n<li><strong>V\u00e4hentynyt paperin k\u00e4ytt\u00f6:<\/strong>\u00a0K\u00e4ytt\u00e4m\u00e4ll\u00e4 NFC-tekniikkaa pienenn\u00e4t hiilijalanj\u00e4lke\u00e4.<\/li>\n<li><strong>Pitk\u00e4ik\u00e4isyys:<\/strong>\u00a0Niiden elinkaari on pidempi kuin perinteisill\u00e4 korteilla, joten niiden hukka v\u00e4henee ajan my\u00f6t\u00e4.<\/li>\n<\/ul>\n<p>&nbsp;<\/p>\n<h2 style=\"text-align: center;\"><span style=\"color: #000080;\"><strong>Asiakkaiden arvostelut ja suosittelut<\/strong><\/span><\/h2>\n<p>Positiivinen asiakaspalaute osoittaa PVC-logolla painetun mukautetun NFC-k\u00e4yntikortin tehokkuuden ja luotettavuuden. Monet k\u00e4ytt\u00e4j\u00e4t huomauttavat:<\/p>\n<ul>\n<li><strong>Parannetut verkostoitumismahdollisuudet:<\/strong>\u00a0K\u00e4ytt\u00e4j\u00e4t ovat jakaneet tarinoita siit\u00e4, kuinka n\u00e4m\u00e4 kortit ovat helpottaneet yhteyksi\u00e4.<\/li>\n<li><strong>Vaikutuneet asiakkaat:<\/strong>\u00a0Yritykset ovat raportoineet, ett\u00e4 n\u00e4kym\u00e4t ovat usein h\u00e4mm\u00e4styneit\u00e4 NFC-tekniikan innovatiivisuudesta.<\/li>\n<\/ul>\n<p>&nbsp;<\/p>\n<h2 style=\"text-align: center;\"><span style=\"color: #000080;\"><strong>UKK<\/strong><\/span><\/h2>\n<p><span style=\"color: #008080;\"><strong>Q1: Ovatko n\u00e4m\u00e4 kortit yhteensopivia sek\u00e4 iOS- ett\u00e4 Android-laitteiden kanssa?<\/strong><\/span><\/p>\n<\/div>\n<\/div>\n<\/div>\n<\/div>\n<\/div>\n<\/div>\n<\/div>\n<\/div>\n<div class=\"message-item-outer relative px-4 mb-2\" data-id=\"a0d48a34-bc73-4dbc-bdef-014d374b33ed\">\n<div class=\"content-area pl-[0px]\">\n<div class=\"message-item select-text relative\">\n<div class=\"message-inner relative\">\n<div class=\"py-[2px]\">\n<div class=\"flex flex-col gap-2\">\n<div class=\"answer-markdown-box overflow-x-auto select-text custom-scrollbar\">\n<div class=\"markdown-body\">\n<p><strong>A1:<\/strong>\u00a0Kyll\u00e4, PVC-logolla painetut mukautetut NFC-k\u00e4yntikortit ovat yhteensopivia sek\u00e4 iOS- ett\u00e4 Android-laitteiden kanssa, jotka tukevat NFC-tekniikkaa. T\u00e4m\u00e4 varmistaa, ett\u00e4 voit muodostaa saumattomasti yhteyden monenlaisiin k\u00e4ytt\u00e4jiin heid\u00e4n \u00e4lypuhelimen merkist\u00e4 riippumatta.<\/p>\n<hr \/>\n<p><span style=\"color: #008080;\"><strong>Q2: Kuinka ohjelmoin tai ohjelmoin uudelleen NFC-kortin?<\/strong><\/span><\/p>\n<p><strong>A2:<\/strong>\u00a0NFC-kortin ohjelmointi ja uudelleenohjelmointi voidaan tehd\u00e4 k\u00e4ytt\u00e4m\u00e4ll\u00e4 NFC-yhteensopivia \u00e4lypuhelimia tai NFC-kirjoituslaitteita. Lataa vain NFC-kirjoitussovellus, pid\u00e4 NFC-korttia l\u00e4hell\u00e4 laitettasi ja seuraa sovelluksen ohjeita sy\u00f6tt\u00e4\u00e4ksesi haluamasi tiedot.<\/p>\n<hr \/>\n<p><strong><span style=\"color: #008080;\">Q3: Voinko k\u00e4ytt\u00e4\u00e4 n\u00e4it\u00e4 kortteja maksutarkoituksiin?<\/span><\/strong><\/p>\n<p><strong>A3:<\/strong>\u00a0Vaikka NFC-k\u00e4yntikortit on ensisijaisesti suunniteltu tietojen jakamiseen, ne voidaan m\u00e4\u00e4ritt\u00e4\u00e4 linkitt\u00e4m\u00e4\u00e4n mobiilimaksusovelluksiin. Niiss\u00e4 ei kuitenkaan ole luonnostaan maksunk\u00e4sittelyominaisuutta, kuten erilliset maksukortit.<\/p>\n<hr \/>\n<h3><\/h3>\n<h2 style=\"text-align: center;\"><span style=\"color: #000080;\"><strong>Oletko valmis parantamaan verkostoitumiskokemustasi?<\/strong><\/span><\/h2>\n<p>Muuta ammatillista vuorovaikutustasi kanssamme\u00a0<strong>PVC-logolla painetut mukautetut NFC-k\u00e4yntikortit<\/strong>. Jos haluat tutustua tuotteisiimme tai tehd\u00e4 tilauksesi,\u00a0<a href=\"\/\/dhoenijjpgpeimemopealfcbiecgceod\/sidepanel.html#\" target=\"_blank\" rel=\"noopener\">klikkaa t\u00e4st\u00e4<\/a>\u00a0t\u00e4ytt\u00e4\u00e4ksesi kyselylomakkeemme. Moderni verkkoratkaisusi odottaa! Saat lis\u00e4tietoja NFC-tekniikasta vierailemalla osoitteessa\u00a0<a href=\"\/\/dhoenijjpgpeimemopealfcbiecgceod\/sidepanel.html#\" target=\"_blank\" rel=\"noopener\">NFC-resurssit<\/a>\u00a0sivulta tai lue aiheesta\u00a0<strong>MIFARE-teknologian kehitys<\/strong>\u00a0liiketoiminnassa t\u00e4n\u00e4\u00e4n\u00a0<a href=\"\/\/dhoenijjpgpeimemopealfcbiecgceod\/sidepanel.html#\" target=\"_blank\" rel=\"noopener\">t\u00e4ss\u00e4<\/a>. Ota yhteytt\u00e4 viestinn\u00e4n tulevaisuuteen luottavaisin mielin!<\/p>\n<\/div>\n<\/div>\n<\/div>\n<\/div>\n<\/div>\n<\/div>\n<\/div>\n<\/div>","protected":false},"excerpt":{"rendered":"<p>Tutustu PVC-logolla painettuun mukautettuun NFC-k\u00e4yntikorttiin, joka on moderni ratkaisu saumattomaan verkkoon. Korosta br\u00e4ndi\u00e4si personoidulla, kontaktittomalla tekniikalla.<\/p>","protected":false},"featured_media":3350,"template":"","meta":[],"product_brand":[],"product_cat":[46],"product_tag":[],"class_list":{"0":"post-3358","1":"product","2":"type-product","3":"status-publish","4":"has-post-thumbnail","6":"product_cat-nfc-cards","8":"first","9":"instock","10":"shipping-taxable","11":"product-type-simple"},"_links":{"self":[{"href":"https:\/\/nfc-readers.com\/fi\/wp-json\/wp\/v2\/product\/3358","targetHints":{"allow":["GET"]}}],"collection":[{"href":"https:\/\/nfc-readers.com\/fi\/wp-json\/wp\/v2\/product"}],"about":[{"href":"https:\/\/nfc-readers.com\/fi\/wp-json\/wp\/v2\/types\/product"}],"wp:featuredmedia":[{"embeddable":true,"href":"https:\/\/nfc-readers.com\/fi\/wp-json\/wp\/v2\/media\/3350"}],"wp:attachment":[{"href":"https:\/\/nfc-readers.com\/fi\/wp-json\/wp\/v2\/media?parent=3358"}],"wp:term":[{"taxonomy":"product_brand","embeddable":true,"href":"https:\/\/nfc-readers.com\/fi\/wp-json\/wp\/v2\/product_brand?post=3358"},{"taxonomy":"product_cat","embeddable":true,"href":"https:\/\/nfc-readers.com\/fi\/wp-json\/wp\/v2\/product_cat?post=3358"},{"taxonomy":"product_tag","embeddable":true,"href":"https:\/\/nfc-readers.com\/fi\/wp-json\/wp\/v2\/product_tag?post=3358"}],"curies":[{"name":"wp","href":"https:\/\/api.w.org\/{rel}","templated":true}]}}