{"id":3365,"date":"2024-11-01T14:47:51","date_gmt":"2024-11-01T14:47:51","guid":{"rendered":"https:\/\/nfc-readers.com\/?post_type=product&#038;p=3365"},"modified":"2024-11-01T15:00:46","modified_gmt":"2024-11-01T15:00:46","slug":"custom-read-write-flexible-ntag213-215-216-epoxy-nfc-tag","status":"publish","type":"product","link":"https:\/\/nfc-readers.com\/fi\/ic-reader\/custom-read-write-flexible-ntag213-215-216-epoxy-nfc-tag\/","title":{"rendered":"Mukautettu luku-kirjoitettava joustava NTAG213 215 216 epoksi NFC -tunniste"},"content":{"rendered":"<h1 style=\"text-align: center;\"><strong>Mukautettu luku-kirjoitettava joustava NTAG213 215 216 epoksi NFC -tunniste<\/strong><\/h1>\n<p>&nbsp;<\/p>\n<p>Nykyp\u00e4iv\u00e4n nopeatempoisessa digitaalisessa maailmassa NFC (Near Field Communication) -tekniikka mullistaa tavan olla vuorovaikutuksessa laitteidemme kanssa, jakaa tietoa ja olla yhteydess\u00e4 kuluttajiin. The <strong>Mukautettu luku-kirjoitettava joustava NTAG213\/215\/216 epoksi NFC -tunniste<\/strong>\u00a0on innovatiivinen tuote, joka on suunniteltu parantamaan viestint\u00e4kyky\u00e4si samalla kun se on monipuolinen ja helppok\u00e4ytt\u00f6inen. Vedenpit\u00e4vill\u00e4 ominaisuuksilla, muokattavissa olevilla ominaisuuksilla ja lukuisilla sovelluksilla t\u00e4m\u00e4 NFC-tunniste erottuu parhaana valinnana niin yrityksille kuin yksityishenkil\u00f6illekin.<\/p>\n<p>Hy\u00f6dynt\u00e4m\u00e4ll\u00e4 NFC:n tehoa voit yksinkertaistaa vuorovaikutusta, parantaa tehokkuutta ja sitouttaa k\u00e4ytt\u00e4ji\u00e4 suoraan. Etsitp\u00e4 sitten NFC-tunnisteita sosiaalisen median jakamiseen tai \u00e4lykk\u00e4iden ratkaisujen luomiseen, t\u00e4m\u00e4 tuote tarjoaa t\u00e4ydellisen yhdistelm\u00e4n toimintoja ja mukavuutta. Paranna toiminnan tehokkuutta ja k\u00e4ytt\u00e4jien sitoutumista ottamalla n\u00e4m\u00e4 mukaan <strong>NFC-tunnisteet<\/strong>\u00a0strategiaasi t\u00e4n\u00e4\u00e4n!<\/p>\n<p>&nbsp;<\/p>\n<h3><strong>NTAG213\/215\/216 Epoksi NFC -tunnisteen erityisominaisuudet<\/strong><\/h3>\n<p>The\u00a0<strong>Mukautettu luku-kirjoitettava joustava NTAG213\/215\/216 epoksi NFC -tunniste<\/strong>\u00a0on varustettu monilla\u00a0<strong>erityispiirteit\u00e4<\/strong>\u00a0jotka erottavat sen tavallisista NFC-tunnisteista.<\/p>\n<ul>\n<li><strong>Vedenpit\u00e4v\u00e4\/s\u00e4\u00e4nkest\u00e4v\u00e4:<\/strong>\u00a0N\u00e4m\u00e4 NFC-tunnisteet on valmistettu materiaaleista, jotka takaavat kest\u00e4vyyden ja toimivuuden erilaisissa ymp\u00e4rist\u00f6olosuhteissa. K\u00e4ytet\u00e4\u00e4np\u00e4 niit\u00e4 sis\u00e4ll\u00e4 tai ulkona, ne kest\u00e4v\u00e4t kosteutta ja on rakennettu kest\u00e4m\u00e4\u00e4n eri ilmasto-olosuhteiden ankaruutta.<\/li>\n<li><strong>Mukautettava koko ja muototekij\u00e4:<\/strong>\u00a0Saatavana vakiokokoisena\u00a0<strong>25 mm<\/strong>, joissa on mukautusvaihtoehtoja, n\u00e4m\u00e4\u00a0<strong>NFC-tarrat<\/strong>\u00a0voidaan r\u00e4\u00e4t\u00e4l\u00f6id\u00e4 vastaamaan erityisi\u00e4 projektivaatimuksia tai br\u00e4nd\u00e4ystarpeita.<\/li>\n<li><strong>Uudelleenkirjoitettavan muistin vaihtoehdot:<\/strong>\u00a0Valitusta sirutyypist\u00e4 riippuen muisti voi vaihdella\u00a0<strong>144 - 888 tavua<\/strong>, jonka avulla k\u00e4ytt\u00e4j\u00e4t voivat tallentaa t\u00e4rkeit\u00e4 tietoja, kuten URL-osoitteita, yhteystietoja tai sovellustietoja. T\u00e4m\u00e4 mahdollistaa\u00a0<strong>uudelleenkirjoitettavat NFC-tunnisteet<\/strong>\u00a0voidaan tarvittaessa k\u00e4ytt\u00e4\u00e4 erilaisiin kampanjoihin ja sovelluksiin.<\/li>\n<\/ul>\n<p>Digitaalisessa ymp\u00e4rist\u00f6ss\u00e4, jossa tietoa p\u00e4ivitet\u00e4\u00e4n jatkuvasti, muokattavissa olevat ja joustavat vaihtoehdot ovat korvaamattomia yrityksille, jotka haluavat s\u00e4ilytt\u00e4\u00e4 osuvuuden.<\/p>\n<p>&nbsp;<\/p>\n<h3><strong>NTAG213-, NTAG215- ja NTAG216-sirujen k\u00e4yt\u00f6n edut<\/strong><\/h3>\n<p>Jokainen NTAG-sarjan siru tarjoaa ainutlaatuisia etuja, jotka vastaavat erilaisiin k\u00e4ytt\u00e4jien tarpeisiin:<\/p>\n<ul>\n<li><strong>NTAG213:<\/strong>\u00a0Yksinkertaisiin sovelluksiin suunniteltu siru tarjoaa runsaasti tallennustilaa ja perustoimintoja, jotka ovat ihanteellisia URL-osoitteiden tai yhteystietojen jakamiseen.<\/li>\n<li><strong>NTAG215:<\/strong>\u00a0Laajennetuilla muistiominaisuuksilla varustettu NTAG215 on t\u00e4ydellinen monimutkaisempiin sovelluksiin, kuten mobiilipelaamiseen, ja riitt\u00e4v\u00e4n interaktiivisten el\u00e4mysten luomiseen erottuakseen joukosta.<\/li>\n<li><strong>NTAG216:<\/strong>\u00a0Niille, jotka tarvitsevat viel\u00e4 enemm\u00e4n tallennustilaa, NTAG216 tarjoaa sarjan suurimman muistikapasiteetin, joten se sopii sovelluksiin, jotka vaativat laajempaa tiedonsiirtoa tai tallennusta.<\/li>\n<\/ul>\n<p>&nbsp;<\/p>\n<h3><strong>Usein kysytyt kysymykset (FAQ)<\/strong><\/h3>\n<h3>1.\u00a0<strong>Millaisia NFC-tunnisteita on saatavilla?<\/strong><\/h3>\n<p>NFC-tunnisteita on erilaisia, mukaan lukien NTAG213, NTAG215 ja NTAG216. Jokainen tarjoaa erilaisia muistikapasiteettia ja toimintoja. Lis\u00e4ksi on uudelleenkirjoitettavia tunnisteita, liimatarroja ja erityisi\u00e4 tunnisteita, jotka on suunniteltu tietyille pinnoille, mukaan lukien metalli- ja metallisovelluksiin.<\/p>\n<h3>2.\u00a0<strong>Mist\u00e4 tied\u00e4n, onko puhelimeni NFC-yhteensopiva?<\/strong><\/h3>\n<p>Suurin osa viime vuosina valmistetuista \u00e4lypuhelimista, sek\u00e4 Android- ett\u00e4 iOS-laitteista, on varustettu NFC-tekniikalla. Voit tarkistaa laitteesi tekniset tiedot tai asetukset selvitt\u00e4\u00e4ksesi, tuetaanko NFC:t\u00e4. Etsi NFC-vaihtoehto asetusvalikosta tai tutustu valmistajan verkkosivustoon.<\/p>\n<h3>3.\u00a0<strong>Voinko kirjoittaa tietoja uudelleen NFC-tunnisteisiin?<\/strong><\/h3>\n<p>Kyll\u00e4! Meid\u00e4n\u00a0<strong>NTAG213\/215\/216 NFC-tunnisteet<\/strong>\u00a0ovat uudelleenkirjoitettavia, mik\u00e4 tarkoittaa, ett\u00e4 voit p\u00e4ivitt\u00e4\u00e4 tai muuttaa niihin tallennettuja tietoja useita kertoja. T\u00e4m\u00e4 tekee niist\u00e4 monipuolisen ratkaisun niin yritysk\u00e4ytt\u00f6\u00f6n kuin henkil\u00f6kohtaiseen k\u00e4ytt\u00f6\u00f6n, mik\u00e4 mahdollistaa helpon p\u00e4ivityksen ilman, ett\u00e4 tunnistetta tarvitsee vaihtaa.<\/p>\n<h3>4.\u00a0<strong>Mik\u00e4 on NFC-tunnisteiden lukuet\u00e4isyys?<\/strong><\/h3>\n<p>Tyypillisesti NFC-tunnisteiden lukuet\u00e4isyys on\u00a0<strong>1-5 cm<\/strong>. T\u00e4m\u00e4 lyhyt kantama varmistaa turvallisen ja suoran viestinn\u00e4n NFC-tunnisteen ja NFC-yhteensopivan laitteen v\u00e4lill\u00e4.<\/p>\n<h3>5.\u00a0<strong>Ovatko NFC-tunnisteet vedenpit\u00e4vi\u00e4?<\/strong><\/h3>\n<p>Kyll\u00e4, meid\u00e4n\u00a0<strong>Mukautetut luku-kirjoitettavat joustavat NTAG213\/215\/216 epoksi-NFC-tunnisteet<\/strong>\u00a0on suunniteltu veden- ja s\u00e4\u00e4nkest\u00e4v\u00e4ksi, joten ne sopivat ulkok\u00e4ytt\u00f6\u00f6n ja vaihteleviin ymp\u00e4rist\u00f6olosuhteisiin.<\/p>","protected":false},"excerpt":{"rendered":"<p>Custom Read-Write Flexible NTAG213\/215\/216 Epoksi NFC Tag tarjoaa kest\u00e4vi\u00e4 ja vedenpit\u00e4vi\u00e4 ratkaisuja monipuolisiin sovelluksiin, mik\u00e4 mahdollistaa saumattoman tiedon jakamisen ja vuorovaikutuksen. T\u00e4ydellinen markkinointiin, sosiaaliseen mediaan ja muuhun!<\/p>","protected":false},"featured_media":3366,"template":"","meta":[],"product_brand":[],"product_cat":[47],"product_tag":[],"class_list":{"0":"post-3365","1":"product","2":"type-product","3":"status-publish","4":"has-post-thumbnail","6":"product_cat-nfc-tags","8":"first","9":"instock","10":"shipping-taxable","11":"product-type-simple"},"_links":{"self":[{"href":"https:\/\/nfc-readers.com\/fi\/wp-json\/wp\/v2\/product\/3365","targetHints":{"allow":["GET"]}}],"collection":[{"href":"https:\/\/nfc-readers.com\/fi\/wp-json\/wp\/v2\/product"}],"about":[{"href":"https:\/\/nfc-readers.com\/fi\/wp-json\/wp\/v2\/types\/product"}],"wp:featuredmedia":[{"embeddable":true,"href":"https:\/\/nfc-readers.com\/fi\/wp-json\/wp\/v2\/media\/3366"}],"wp:attachment":[{"href":"https:\/\/nfc-readers.com\/fi\/wp-json\/wp\/v2\/media?parent=3365"}],"wp:term":[{"taxonomy":"product_brand","embeddable":true,"href":"https:\/\/nfc-readers.com\/fi\/wp-json\/wp\/v2\/product_brand?post=3365"},{"taxonomy":"product_cat","embeddable":true,"href":"https:\/\/nfc-readers.com\/fi\/wp-json\/wp\/v2\/product_cat?post=3365"},{"taxonomy":"product_tag","embeddable":true,"href":"https:\/\/nfc-readers.com\/fi\/wp-json\/wp\/v2\/product_tag?post=3365"}],"curies":[{"name":"wp","href":"https:\/\/api.w.org\/{rel}","templated":true}]}}