{"id":3372,"date":"2024-11-01T14:57:52","date_gmt":"2024-11-01T14:57:52","guid":{"rendered":"https:\/\/nfc-readers.com\/?post_type=product&#038;p=3372"},"modified":"2024-11-01T14:57:52","modified_gmt":"2024-11-01T14:57:52","slug":"13-56mhz-iso14443a-anti-fake-ntag-424-tamper-nfc-sticker","status":"publish","type":"product","link":"https:\/\/nfc-readers.com\/fi\/ic-reader\/13-56mhz-iso14443a-anti-fake-ntag-424-tamper-nfc-sticker\/","title":{"rendered":"13,56 MHz ISO14443A v\u00e4\u00e4renn\u00f6sten est\u00e4v\u00e4 NTAG 424 peukaloitu NFC-tarra"},"content":{"rendered":"<h1 style=\"text-align: center;\"><strong>13,56 MHz ISO14443A v\u00e4\u00e4renn\u00f6sten est\u00e4v\u00e4 NTAG 424 peukaloitu NFC-tarra<\/strong><\/h1>\n<p>&nbsp;<\/p>\n<p>The\u00a0<strong>13,56 MHz ISO14443A v\u00e4\u00e4renn\u00f6sten est\u00e4v\u00e4 NTAG 424 peukaloitu NFC-tarra<\/strong>\u00a0edustaa digitaalisen autentikoinnin ja v\u00e4\u00e4renn\u00f6sten vastaisen tekniikan huippuluokan ratkaisua. T\u00e4m\u00e4 NFC-tarra, joka on suunniteltu edistyneill\u00e4 ominaisuuksilla, hy\u00f6dynt\u00e4\u00e4 RFID-viestinn\u00e4n tehoa ja on upotettu NTAG424 DNA-sirun kanssa, jonka avulla yritykset ja yksityishenkil\u00f6t voivat suojata tuotteita ja arkaluonteisia tietoja v\u00e4\u00e4rennetyilt\u00e4 uhilta.<\/p>\n<p>T\u00e4m\u00e4n p\u00e4iv\u00e4n markkinoilla tuotteiden aitouden varmistaminen on ratkaisevan t\u00e4rke\u00e4\u00e4, ja t\u00e4m\u00e4 NFC-tunniste tarjoaa yrityksille edullisen ja tehokkaan tavan tehd\u00e4 niin. Olitpa j\u00e4lleenmyyj\u00e4, joka haluaa parantaa tuotteiden turvallisuutta, tai henkil\u00f6, joka haluaa varmistaa tavaroiden aitouden, NTAG 424 NFC -tarroihimme sijoittaminen on fiksu valinta.<\/p>\n<p>&nbsp;<\/p>\n<h3><strong>Tuotteen ominaisuudet ja edut<\/strong><\/h3>\n<p>&nbsp;<\/p>\n<h3>1. Kehittynyt v\u00e4\u00e4renn\u00f6stentorjuntatekniikka<\/h3>\n<p>The\u00a0<strong>NTAG 424 DNA NFC -tunniste<\/strong>\u00a0hy\u00f6dynt\u00e4\u00e4 uusinta v\u00e4\u00e4rent\u00e4misenestotekniikkaa, jonka avulla k\u00e4ytt\u00e4j\u00e4t voivat varmistaa tuotteen aitouden saumattomasti. Sis\u00e4\u00e4nrakennettu salasanasuojaus ja suojattu salattu viestint\u00e4 varmistavat, ett\u00e4 vain valtuutetut k\u00e4ytt\u00e4j\u00e4t p\u00e4\u00e4sev\u00e4t k\u00e4siksi arkaluonteisiin tietoihin. K\u00e4yt\u00e4tp\u00e4 sit\u00e4 merkkituotteisiin, ker\u00e4ilytavaroihin tai jopa henkil\u00f6kohtaisiin tavaroisiin, t\u00e4m\u00e4 NFC-tarra tarjoaa mielenrauhaa, sill\u00e4 jokainen tarra on suojattu v\u00e4\u00e4rent\u00e4miselt\u00e4.<\/p>\n<ul>\n<li><strong>Sulautetut suojausominaisuudet:<\/strong>\u00a0NTAG 424 -siru sis\u00e4lt\u00e4\u00e4 useita salausvaihtoehtoja, jotka suojaavat tietosi tehokkaasti.<\/li>\n<li><strong>K\u00e4ytt\u00e4j\u00e4yst\u00e4v\u00e4llinen p\u00e4\u00e4sy:<\/strong>\u00a0Kuluttajat voivat varmistaa aitouden yksinkertaisella napautuksella, mik\u00e4 tekee siit\u00e4 vaivatonta.<\/li>\n<\/ul>\n<h3>2. Monipuolinen tiedonsiirtoliittym\u00e4<\/h3>\n<p>ISO 14443A -protokollalle rakennettu NFC-tarramme tukee molempia\u00a0<strong>RFID<\/strong>\u00a0ja NFC-viestint\u00e4liit\u00e4nn\u00e4t, joten se on yhteensopiva useiden laitteiden, kuten \u00e4lypuhelimien, tablettien ja NFC-lukijoiden kanssa. T\u00e4m\u00e4 monipuolisuus varmistaa, ett\u00e4 asiakkaat p\u00e4\u00e4sev\u00e4t helposti k\u00e4siksi tuotetietoihin, mik\u00e4 lis\u00e4\u00e4 sitoutumista ja asiakasuskollisuutta.<\/p>\n<ul>\n<li><strong>Yhteensopivat laitteet:<\/strong>\u00a0Toimii saumattomasti Androidin, iPhonen ja muiden NFC-laitteiden kanssa.<\/li>\n<li><strong>Parannettu k\u00e4ytt\u00f6kokemus:<\/strong>\u00a0Asiakkaat voivat olla vuorovaikutuksessa tuotteiden kanssa vaivattomasti.<\/li>\n<\/ul>\n<h3>3.Mukautetut kokoasetukset<\/h3>\n<p>Vaikka\u00a0<strong>NTAG 424 Tamper NFC -tarra<\/strong>\u00a0on saatavana vakiokokoisina, tarjoamme r\u00e4\u00e4t\u00e4l\u00f6innin erityistarpeiden mukaan. Vaihtoehtoja ovat:<\/p>\n<ul>\n<li><strong>Halkaisijavaihtoehdot:<\/strong>\u00a0Muokattavat koot, mukaan lukien 25mm ja 45mm x 30mm.<\/li>\n<li><strong>Erilaisia muotoja:<\/strong>\u00a0Suorakaiteen muotoiset, py\u00f6re\u00e4t tai mukautetut \u00e4\u00e4riviivat t\u00e4ydent\u00e4m\u00e4\u00e4n br\u00e4ndisi estetiikkaa.<\/li>\n<\/ul>\n<p>N\u00e4m\u00e4 monipuoliset koko- ja muotovaihtoehdot antavat yrityksille mahdollisuuden luoda ainutlaatuisia br\u00e4nd\u00e4yskokemuksia ja varmistaa, ett\u00e4 niiden tuotteet erottuvat hyllyilt\u00e4.<\/p>\n<h3>4. Kest\u00e4v\u00e4 ja luotettava materiaali<\/h3>\n<p>N\u00e4m\u00e4 p\u00e4\u00e4llystetyst\u00e4 paperista ja PET:st\u00e4 valmistetut NFC-tarrat on suunniteltu kest\u00e4m\u00e4\u00e4n ja luotettaviksi erilaisissa ymp\u00e4rist\u00f6olosuhteissa. Niiden kest\u00e4v\u00e4 materiaali kest\u00e4\u00e4 kulutusta ja repeytymist\u00e4, joten ne sopivat sis\u00e4- ja ulkok\u00e4ytt\u00f6\u00f6n.<\/p>\n<ul>\n<li><strong>Vedenpit\u00e4v\u00e4t vaihtoehdot:<\/strong>\u00a0Parantaa kest\u00e4vyytt\u00e4 ja pitk\u00e4ik\u00e4isyytt\u00e4, t\u00e4ydellinen kosteudelle alttiina oleville tuotteille.<\/li>\n<li><strong>Liiman laatu:<\/strong>\u00a0Vahva tartunta varmistaa, ett\u00e4 tarrat pysyv\u00e4t ehjin\u00e4 eri pinnoilla.<\/li>\n<\/ul>\n<p>&nbsp;<\/p>\n<h3><strong>Tekniset tiedot<\/strong><\/h3>\n<p>&nbsp;<\/p>\n<table class=\"w-fit !mb-0 !max-w-none\" style=\"height: 373px;\" width=\"446\">\n<thead>\n<tr>\n<th>Ominaisuus<\/th>\n<th>Erittely<\/th>\n<\/tr>\n<\/thead>\n<tbody>\n<tr>\n<td>Taajuus<\/td>\n<td>13,56 MHz<\/td>\n<\/tr>\n<tr>\n<td>p\u00f6yt\u00e4kirja<\/td>\n<td>ISO 14443A<\/td>\n<\/tr>\n<tr>\n<td>Siru<\/td>\n<td>NTAG424 DNA<\/td>\n<\/tr>\n<tr>\n<td>Materiaali<\/td>\n<td>P\u00e4\u00e4llystetty paperi, PET<\/td>\n<\/tr>\n<tr>\n<td>Kokovaihtoehdot<\/td>\n<td>Halkaisija 25 mm, 45 mm x 30 mm (muokattu)<\/td>\n<\/tr>\n<tr>\n<td>Lukuet\u00e4isyys<\/td>\n<td>1-10 cm<\/td>\n<\/tr>\n<tr>\n<td>Tulostusasetukset<\/td>\n<td>CMYK, Offset, Silkkipaino<\/td>\n<\/tr>\n<tr>\n<td>Alkuper\u00e4paikka<\/td>\n<td>Guangdong, Kiina<\/td>\n<\/tr>\n<tr>\n<td>Tuotemerkki<\/td>\n<td>SHUNXIN<\/td>\n<\/tr>\n<tr>\n<td>Mallinumero<\/td>\n<td>SX-NFC<\/td>\n<\/tr>\n<tr>\n<td>Yksik\u00f6iden myynti<\/td>\n<td>Yksitt\u00e4inen esine<\/td>\n<\/tr>\n<tr>\n<td>Paketin koko<\/td>\n<td>0,3 x 0,3 x 0,02 cm<\/td>\n<\/tr>\n<tr>\n<td>Bruttopaino<\/td>\n<td>0,001 kg<\/td>\n<\/tr>\n<\/tbody>\n<\/table>\n<h3><\/h3>\n<h3><strong>Usein kysytyt kysymykset (FAQ)<\/strong><\/h3>\n<p><strong>K: Voinko mukauttaa NFC-tarran kokoa?<\/strong><br \/>\n<strong>V:<\/strong>\u00a0Kyll\u00e4, tarjoamme mukautuksen NFC-tarrojen kokoon. Vaikka vakiokoot sis\u00e4lt\u00e4v\u00e4t halkaisijat 25 mm ja 45 mm x 30 mm, voit pyyt\u00e4\u00e4 erityisi\u00e4 mittoja tarpeidesi mukaan.<\/p>\n<hr \/>\n<p><strong>K: Kuinka v\u00e4\u00e4rent\u00e4misenestotoiminto toimii?<\/strong><br \/>\n<strong>V:<\/strong>\u00a0NTAG 424 DNA -siru sis\u00e4lt\u00e4\u00e4 edistyneit\u00e4 salaus- ja todennusprotokollia. Kun k\u00e4ytt\u00e4j\u00e4 skannaa NFC-tarran NFC-yhteensopivalla laitteella, se varmistaa tietojen eheyden, jolloin k\u00e4ytt\u00e4j\u00e4t voivat vahvistaa tuotteen aitouden.<\/p>\n<hr \/>\n<p><strong>K: Mitk\u00e4 laitteet ovat yhteensopivia NTAG 424 NFC -tarran kanssa?<\/strong><br \/>\n<strong>V:<\/strong>\u00a0NFC-tarramme ovat yhteensopivia kaikkien NFC-yhteensopivien laitteiden kanssa, mukaan lukien useimmat nykyaikaiset \u00e4lypuhelimet ja tabletit, joissa on Android ja iOS. Varmista vain, ett\u00e4 laitteessasi on NFC-ominaisuudet k\u00e4yt\u00f6ss\u00e4.<\/p>\n<hr \/>\n<p><strong>K: Mit\u00e4 materiaaleja k\u00e4ytet\u00e4\u00e4n NFC-tarrojen valmistukseen?<\/strong><br \/>\n<strong>V:<\/strong>\u00a0Tarrat on valmistettu p\u00e4\u00e4llystetyst\u00e4 paperista ja PET:st\u00e4, mik\u00e4 takaa kest\u00e4vyyden ja kulutuskest\u00e4vyyden. Ne on suunniteltu s\u00e4ilytt\u00e4m\u00e4\u00e4n laatu my\u00f6s erilaisissa ymp\u00e4rist\u00f6olosuhteissa.<\/p>\n<p>&nbsp;<\/p>","protected":false},"excerpt":{"rendered":"<p>13,56 MHz:n ISO14443A Anti-Fake NTAG 424 Tamper NFC -tarra tarjoaa edistyneit\u00e4 v\u00e4\u00e4rent\u00e4misen estoominaisuuksia, jotka takaavat tuotteen aitouden ja turvallisuuden. Sen kompakti muotoilu mahdollistaa helpon integroinnin erilaisiin sovelluksiin ja tarjoaa luotettavan NFC-toiminnallisuuden turvalliseen k\u00e4ytt\u00f6\u00f6n ja tiedonsiirtoon.<\/p>","protected":false},"featured_media":3373,"template":"","meta":[],"product_brand":[],"product_cat":[48],"product_tag":[],"class_list":{"0":"post-3372","1":"product","2":"type-product","3":"status-publish","4":"has-post-thumbnail","6":"product_cat-nfc-stickers","8":"first","9":"instock","10":"shipping-taxable","11":"product-type-simple"},"_links":{"self":[{"href":"https:\/\/nfc-readers.com\/fi\/wp-json\/wp\/v2\/product\/3372","targetHints":{"allow":["GET"]}}],"collection":[{"href":"https:\/\/nfc-readers.com\/fi\/wp-json\/wp\/v2\/product"}],"about":[{"href":"https:\/\/nfc-readers.com\/fi\/wp-json\/wp\/v2\/types\/product"}],"wp:featuredmedia":[{"embeddable":true,"href":"https:\/\/nfc-readers.com\/fi\/wp-json\/wp\/v2\/media\/3373"}],"wp:attachment":[{"href":"https:\/\/nfc-readers.com\/fi\/wp-json\/wp\/v2\/media?parent=3372"}],"wp:term":[{"taxonomy":"product_brand","embeddable":true,"href":"https:\/\/nfc-readers.com\/fi\/wp-json\/wp\/v2\/product_brand?post=3372"},{"taxonomy":"product_cat","embeddable":true,"href":"https:\/\/nfc-readers.com\/fi\/wp-json\/wp\/v2\/product_cat?post=3372"},{"taxonomy":"product_tag","embeddable":true,"href":"https:\/\/nfc-readers.com\/fi\/wp-json\/wp\/v2\/product_tag?post=3372"}],"curies":[{"name":"wp","href":"https:\/\/api.w.org\/{rel}","templated":true}]}}