{"id":3379,"date":"2024-11-02T11:48:42","date_gmt":"2024-11-02T11:48:42","guid":{"rendered":"https:\/\/nfc-readers.com\/?post_type=product&#038;p=3379"},"modified":"2024-11-04T08:54:15","modified_gmt":"2024-11-04T08:54:15","slug":"custom-ntag-215-digital-smart-nfc-business-card","status":"publish","type":"product","link":"https:\/\/nfc-readers.com\/fi\/ic-reader\/custom-ntag-215-digital-smart-nfc-business-card\/","title":{"rendered":"Mukautettu NTAG 215 Digital Smart NFC -k\u00e4yntikortti"},"content":{"rendered":"<h1><span style=\"color: #000080;\"><strong>Mukautettu NTAG 215 Digital Smart NFC -k\u00e4yntikortti<\/strong><\/span><\/h1>\n<p><span style=\"color: #666699;\">Mullistava verkostoituminen Nykyp\u00e4iv\u00e4n nopeatempoisessa digitaalisessa maailmassa ikimuistoisen vaikutelman tekeminen on eritt\u00e4in t\u00e4rke\u00e4\u00e4. The <strong>Mukautettu NTAG215 Digital Smart NFC -k\u00e4yntikortti<\/strong>\u00a0tarjoaa innovatiivisen ratkaisun ammattilaisille, jotka haluavat erottua joukosta ja jakaa yhteystietonsa tehokkaasti nykyaikaisella tavalla. T\u00e4m\u00e4 kortti on suunniteltu toimimaan saumattomasti eri laitteiden kanssa, ja se muuttaa perinteisen verkkol\u00e4hestymistavan tyylikk\u00e4\u00e4ksi, tekniikkaa ymm\u00e4rt\u00e4v\u00e4ksi kokemukseksi.<\/span><\/p>\n<p>&nbsp;<\/p>\n<h2 style=\"text-align: center;\"><span style=\"color: #000080;\"><em><strong>Mukautetun NTAG215 NFC -k\u00e4yntikortin edut<\/strong><\/em><\/span><\/h2>\n<p><span style=\"color: #666699;\">The\u00a0<strong>Mukautettu NTAG215 Digital Smart NFC -k\u00e4yntikortti<\/strong>\u00a0tarjoaa ainutlaatuisen sekoituksen mukavuutta, kest\u00e4vyytt\u00e4 ja toimivuutta. Joitakin t\u00e4rkeit\u00e4 etuja ovat:<\/span><\/p>\n<ol>\n<li><strong>V\u00e4lit\u00f6n yhteys<\/strong>: Kun napautat korttia NFC-yhteensopivaa laitetta vasten, mahdolliset asiakkaat tai yhteyshenkil\u00f6si p\u00e4\u00e4sev\u00e4t v\u00e4litt\u00f6m\u00e4sti k\u00e4siksi yhteystietoihisi, sosiaalisen median profiileihin tai mainosmateriaaliin. Ei en\u00e4\u00e4 lompakossa tai kukkarossa haukkumista.<\/li>\n<li><strong>Kest\u00e4v\u00e4 ja vedenpit\u00e4v\u00e4<\/strong>: T\u00e4m\u00e4 kortti on valmistettu korkealaatuisesta PVC:st\u00e4, ja siin\u00e4 on vedenpit\u00e4v\u00e4t ja s\u00e4\u00e4nkest\u00e4v\u00e4t ominaisuudet, mik\u00e4 varmistaa, ett\u00e4 se kest\u00e4\u00e4 p\u00e4ivitt\u00e4ist\u00e4 kulumista.<\/li>\n<li><strong>Muokattava muotoilu<\/strong>: Personointivaihtoehdot, kuten ainutlaatuiset tulostustyylit ja viimeistelyt, kuten matta, kiilt\u00e4v\u00e4 tai himme\u00e4 l\u00e4pin\u00e4kyvyys, antavat sinun ilmaista br\u00e4ndi-identiteettisi t\u00e4ysin.<\/li>\n<\/ol>\n<hr \/>\n<h2 style=\"text-align: center;\"><em><span style=\"color: #000080;\"><strong>Tuotekuvaus<\/strong><\/span><\/em><\/h2>\n<h3><span style=\"color: #333399;\"><strong>1. Mik\u00e4 on mukautettu NTAG215 NFC -k\u00e4yntikortti?<\/strong><\/span><\/h3>\n<p><span style=\"color: #666699;\">The\u00a0<strong>Mukautettu NTAG215 Digital Smart NFC -k\u00e4yntikortti<\/strong>\u00a0on moderni verkkoty\u00f6kalu, joka on upotettu edistyneeseen NFC-tekniikkaan. T\u00e4m\u00e4 kortti on t\u00e4ysin toimiva\u00a0<strong>RFID<\/strong>\u00a0laite toimii taajuudella\u00a0<strong>13,56 MHz<\/strong>. K\u00e4ytt\u00e4j\u00e4t voivat luoda mukautetun digitaalisen kokemuksen ohjelmoimalla t\u00e4m\u00e4n kortin erilaisiin toimiin, kuten linkitt\u00e4miseen verkkosivustolle tai tallentamalla yhteystietoja.<\/span><\/p>\n<p>&nbsp;<\/p>\n<h3><span style=\"color: #333399;\"><strong>2. NTAG215 NFC -kortin t\u00e4rkeimm\u00e4t ominaisuudet<\/strong><\/span><\/h3>\n<h3><strong>T\u00e4m\u00e4 NFC-k\u00e4yntikortti sis\u00e4lt\u00e4\u00e4 useita merkitt\u00e4vi\u00e4 keskeisi\u00e4 ominaisuuksia:<\/strong><\/h3>\n<ul>\n<li><strong>Sirutekniikka<\/strong>: T\u00e4m\u00e4 kortti on varustettu NTAG215-sirulla, joka on NXP:n rekister\u00f6ity tavaramerkki, ja se tukee luku- ja kirjoitustoimintoja.<\/li>\n<li><strong>Lukuet\u00e4isyys<\/strong>: Kortti voidaan lukea tehokkaasti kaukaa\u00a0<strong>1-20 cm<\/strong>, joka tarjoaa joustavuutta k\u00e4ytt\u00f6\u00f6n.<\/li>\n<li><strong>Koko ja paksuus<\/strong>: Kortin mitat ovat\u00a0<strong>85,5 x 54 x 0,84 mm<\/strong>, joten se on vakiokokoinen kuljettamisen helpottamiseksi.<\/li>\n<\/ul>\n<p>&nbsp;<\/p>\n<h3 style=\"text-align: left;\"><span style=\"color: #333399;\"><strong>3. Tekniset tiedot<\/strong><\/span><\/h3>\n<div class=\"table-with-header rounded-lg border border-solid border-grey-line2-normal w-fit max-w-full mb-2\">\n<div class=\"table-with-header rounded-lg border border-solid border-grey-line2-normal w-fit max-w-full mb-2\">\n<div class=\"overflow-x-auto custom-scrollbar custom-scrollbar-float max-w-full\">\n<table class=\"w-fit !mb-0 !max-w-none\">\n<thead>\n<tr>\n<th><strong>Erittely<\/strong><\/th>\n<th><strong>Yksityiskohdat<\/strong><\/th>\n<\/tr>\n<\/thead>\n<tbody>\n<tr>\n<td><strong>Sirun tyyppi<\/strong><\/td>\n<td>NTAG\u00ae215<\/td>\n<\/tr>\n<tr>\n<td><strong>Toimintataajuus<\/strong><\/td>\n<td>13,56 MHz<\/td>\n<\/tr>\n<tr>\n<td><strong>Viestint\u00e4liittym\u00e4<\/strong><\/td>\n<td>RFID<\/td>\n<\/tr>\n<tr>\n<td><strong>Materiaali<\/strong><\/td>\n<td>PVC<\/td>\n<\/tr>\n<tr>\n<td><strong>Kortin koko<\/strong><\/td>\n<td>85,5 x 54 x 0,84 mm<\/td>\n<\/tr>\n<tr>\n<td><strong>Lukuet\u00e4isyys<\/strong><\/td>\n<td>2-10 cm<\/td>\n<\/tr>\n<tr>\n<td><strong>Tallennuskapasiteetti<\/strong><\/td>\n<td>540 tavua (noin 120 tavua k\u00e4ytett\u00e4viss\u00e4 k\u00e4ytt\u00e4j\u00e4tiedoille)<\/td>\n<\/tr>\n<tr>\n<td><strong>K\u00e4ytt\u00f6l\u00e4mp\u00f6tila<\/strong><\/td>\n<td>+20\u00b0C - +80\u00b0C<\/td>\n<\/tr>\n<tr>\n<td><strong>Varastointil\u00e4mp\u00f6tila<\/strong><\/td>\n<td>-25\u00b0C - +70\u00b0C<\/td>\n<\/tr>\n<tr>\n<td><strong>Paksuus<\/strong><\/td>\n<td>0,84 mm<\/td>\n<\/tr>\n<tr>\n<td><strong>Pinnan viimeistely<\/strong><\/td>\n<td>Matta, kiilt\u00e4v\u00e4, himme\u00e4, l\u00e4pin\u00e4kyv\u00e4 (muokattavissa olevat vaihtoehdot)<\/td>\n<\/tr>\n<tr>\n<td><strong>p\u00f6yt\u00e4kirja<\/strong><\/td>\n<td>ISO\/IEC14443A<\/td>\n<\/tr>\n<tr>\n<td><strong>Vedenkest\u00e4vyysluokitus<\/strong><\/td>\n<td>IP68 (veden- ja p\u00f6lytiivis)<\/td>\n<\/tr>\n<tr>\n<td><strong>Yhteensopivuus<\/strong><\/td>\n<td>Yhteensopiva kaikkien NFC-yhteensopivien laitteiden kanssa<\/td>\n<\/tr>\n<tr>\n<td><strong>R\u00e4\u00e4t\u00e4l\u00f6intiasetukset<\/strong><\/td>\n<td>Saatavilla erilaisia tulostusvaihtoehtoja (t\u00e4ysv\u00e4rinen, yksiv\u00e4rinen).<\/td>\n<\/tr>\n<tr>\n<td><strong>Ymp\u00e4rist\u00f6vaikutus<\/strong><\/td>\n<td>Valmistettu ymp\u00e4rist\u00f6yst\u00e4v\u00e4llisill\u00e4 prosesseilla, noudattaen kest\u00e4vyysstandardeja<\/td>\n<\/tr>\n<tr>\n<td><strong>Sovellukset<\/strong><\/td>\n<td>Ihanteellinen ammattilaisille eri toimialoilla (myynti, kiinteist\u00f6t, tapahtumat jne.)<\/td>\n<\/tr>\n<tr>\n<td><strong>Lis\u00e4ominaisuudet<\/strong><\/td>\n<td>Helposti ohjelmoitavissa NFC:n kautta tietojen muuttamista varten, tukee sosiaalisen median linkkej\u00e4<\/td>\n<\/tr>\n<tr>\n<td><strong>Elinik\u00e4<\/strong><\/td>\n<td>5 vuotta<\/td>\n<\/tr>\n<\/tbody>\n<\/table>\n<\/div>\n<\/div>\n<p><span style=\"color: #282828;\">T\u00e4m\u00e4 taulukko tarjoaa kattavan yleiskatsauksen\u00a0<strong>Mukautettu NTAG215 Digital Smart NFC -k\u00e4yntikortti<\/strong>, auttaa asiakkaita ymm\u00e4rt\u00e4m\u00e4\u00e4n tuotteen ominaisuuksia ja etuja yksityiskohtaisesti.<\/span><\/p>\n<p>&nbsp;<\/p>\n<\/div>\n<h2 style=\"text-align: center;\"><em><span style=\"color: #000080;\"><strong>Ymp\u00e4rist\u00f6yst\u00e4v\u00e4lliset k\u00e4yt\u00e4nn\u00f6t<\/strong><\/span><\/em><\/h2>\n<p style=\"text-align: left;\"><span style=\"color: #666699;\"><strong>Vaikka teknologia on olennaista, niin on my\u00f6s sitoutuminen ymp\u00e4rist\u00f6\u00f6n. Mukautettu NTAG215 Digital Smart NFC -k\u00e4yntikortti on valmistettu k\u00e4ytt\u00e4m\u00e4ll\u00e4 ymp\u00e4rist\u00f6yst\u00e4v\u00e4llisi\u00e4 prosesseja, mik\u00e4 minimoi sen ymp\u00e4rist\u00f6vaikutukset.<\/strong><\/span><\/p>\n<p>&nbsp;<\/p>\n<h2 style=\"text-align: center;\"><em><span style=\"color: #000080;\"><strong>Reaalimaailman sovellukset<\/strong><\/span><\/em><\/h2>\n<p style=\"text-align: left;\"><span style=\"color: #666699;\"><strong>Eri alojen ammattilaiset voivat k\u00e4ytt\u00e4\u00e4 n\u00e4it\u00e4 NFC-k\u00e4yntikortteja. Olitpa myynti-, kiinteist\u00f6- tai asiakasl\u00e4ht\u00f6isess\u00e4 roolissa, \u00e4lykortti voi parantaa verkkopeli\u00e4si.<\/strong><\/span><\/p>\n<p>&nbsp;<\/p>\n<h2 style=\"text-align: center;\"><em><span style=\"color: #000080;\"><strong>Asiakkaiden arvostelut ja suosittelut<\/strong><\/span><\/em><\/h2>\n<p>Asiakkaat arvostavat sen mukavuutta ja modernia vetovoimaa\u00a0<strong>Mukautettu NTAG215 Digital Smart NFC -k\u00e4yntikortti<\/strong>. Arvostelut korostavat helppok\u00e4ytt\u00f6isyytt\u00e4 ja vaikuttavaa muotoilua, jotka ovat avaintekij\u00f6it\u00e4 heid\u00e4n verkkomenestyksens\u00e4.<\/p>\n<blockquote><p>\u201dRakastan kuinka voin helposti jakaa tietoni! Joka kerta kun jaan korttini, saan kohteliaisuuksia. Se on tehnyt verkostoitumisesta niin paljon helpompaa!\u201d \u2013 Jessica H.<\/p>\n<p>&nbsp;<\/p><\/blockquote>\n<h2 style=\"text-align: center;\"><span style=\"color: #000080;\"><em><strong>UKK<\/strong><\/em><\/span><\/h2>\n<p><span style=\"color: #008080;\"><strong>K: Onko kortti yhteensopiva kaikkien \u00e4lypuhelimien kanssa?<\/strong><\/span><\/p>\n<p>V: Kyll\u00e4, <strong>Mukautettu NTAG215 NFC-k\u00e4yntikortti<\/strong>\u00a0on yhteensopiva kaikkien NFC-yhteensopivien \u00e4lypuhelimien ja laitteiden kanssa, mik\u00e4 tekee siit\u00e4 monipuolisen nykyaikaiseen verkkok\u00e4ytt\u00f6\u00f6n.<\/p>\n<p><span style=\"color: #008080;\"><strong>K: Voinko muokata kortin suunnittelua?<\/strong><\/span><\/p>\n<p>V: Ehdottomasti! Voit muokata kortin ulkoasua erilaisilla painovaihtoehdoilla, v\u00e4reill\u00e4 ja viimeistelyill\u00e4 vastaamaan henkil\u00f6kohtaista tai br\u00e4ndi-identiteetti\u00e4si.<\/p>","protected":false},"excerpt":{"rendered":"<p>Muuta verkottumista Custom NTAG215 NFC -k\u00e4yntikortilla, joka mahdollistaa yhteystietojen v\u00e4litt\u00f6m\u00e4n jakamisen yksinkertaisella napautuksella, kaikki kest\u00e4v\u00e4ss\u00e4, muokattavassa suunnittelussa.<\/p>","protected":false},"featured_media":3380,"template":"","meta":[],"product_brand":[],"product_cat":[46],"product_tag":[],"class_list":{"0":"post-3379","1":"product","2":"type-product","3":"status-publish","4":"has-post-thumbnail","6":"product_cat-nfc-cards","8":"first","9":"instock","10":"shipping-taxable","11":"product-type-simple"},"_links":{"self":[{"href":"https:\/\/nfc-readers.com\/fi\/wp-json\/wp\/v2\/product\/3379","targetHints":{"allow":["GET"]}}],"collection":[{"href":"https:\/\/nfc-readers.com\/fi\/wp-json\/wp\/v2\/product"}],"about":[{"href":"https:\/\/nfc-readers.com\/fi\/wp-json\/wp\/v2\/types\/product"}],"wp:featuredmedia":[{"embeddable":true,"href":"https:\/\/nfc-readers.com\/fi\/wp-json\/wp\/v2\/media\/3380"}],"wp:attachment":[{"href":"https:\/\/nfc-readers.com\/fi\/wp-json\/wp\/v2\/media?parent=3379"}],"wp:term":[{"taxonomy":"product_brand","embeddable":true,"href":"https:\/\/nfc-readers.com\/fi\/wp-json\/wp\/v2\/product_brand?post=3379"},{"taxonomy":"product_cat","embeddable":true,"href":"https:\/\/nfc-readers.com\/fi\/wp-json\/wp\/v2\/product_cat?post=3379"},{"taxonomy":"product_tag","embeddable":true,"href":"https:\/\/nfc-readers.com\/fi\/wp-json\/wp\/v2\/product_tag?post=3379"}],"curies":[{"name":"wp","href":"https:\/\/api.w.org\/{rel}","templated":true}]}}