{"id":3386,"date":"2024-11-02T12:57:27","date_gmt":"2024-11-02T12:57:27","guid":{"rendered":"https:\/\/nfc-readers.com\/?post_type=product&#038;p=3386"},"modified":"2024-11-04T08:53:34","modified_gmt":"2024-11-04T08:53:34","slug":"rfid-design-music-event-event-staff-pvc-nfc-card","status":"publish","type":"product","link":"https:\/\/nfc-readers.com\/fi\/ic-reader\/rfid-design-music-event-event-staff-pvc-nfc-card\/","title":{"rendered":"PVC NFC-kortti musiikkitapahtumaan"},"content":{"rendered":"<h1 style=\"text-align: left;\"><span style=\"color: #000080;\"><strong>PVC NFC-kortti musiikkitapahtumaan<\/strong><\/span><\/h1>\n<div class=\"table-with-header rounded-lg border border-solid border-grey-line2-normal w-fit max-w-full mb-2\">\n<div class=\"h-8 items-center flex justify-between px-2 text-xs border-0 border-b border-solid border-grey-line2-normal\">\n<div class=\"text-text-primary-3 flex items-center gap-1\">\n<h3 style=\"text-align: left;\"><span style=\"color: #008080;\"><strong>Ota k\u00e4ytt\u00f6\u00f6n saumattoman tapahtumahallinnan teho<\/strong><\/span><\/h3>\n<p style=\"text-align: left;\"><strong><span style=\"color: #666699;\">Tapahtuman j\u00e4rjest\u00e4j\u00e4n\u00e4 tied\u00e4t, ett\u00e4 saumaton kulunvalvonta ja tehokas yleis\u00f6n hallinta ovat avaimet onnistuneeseen tapahtumaan. PVC NFC Card for Music Event on etsim\u00e4si ratkaisu, joka mullistaa tavan hallita musiikkifestivaaleja, n\u00e4yttelyit\u00e4 ja foorumeita.<\/span><\/strong><\/p>\n<p style=\"text-align: left;\"><strong><span style=\"color: #666699;\">Alan johtavalla tekniikalla ja ennenn\u00e4kem\u00e4tt\u00f6m\u00e4ll\u00e4 kest\u00e4vyydell\u00e4 valmistetut NFC-kortit tarjoavat kattavan paketin ominaisuuksia, jotka parantavat tapahtumakokemustasi. Luotettavasta henkil\u00f6llisyyden todentamisesta sujuvaan p\u00e4ivitt\u00e4iseen vierailijoiden hallintaan, PVC NFC Card for Music Event on olennainen ty\u00f6kalu, jonka tarvitset vied\u00e4ksesi tapahtumanhallinnan uudelle tasolle.<\/span><\/strong><\/p>\n<h2 style=\"text-align: left;\"><span style=\"color: #000080;\"><em><strong>Tuotekuvaus<\/strong><\/em><\/span><\/h2>\n<h3 style=\"text-align: left;\"><span style=\"color: #333399;\"><strong>1. T\u00e4rkeimm\u00e4t attribuutit: <\/strong><\/span><\/h3>\n<h3 style=\"text-align: left;\"><span style=\"color: #333399;\"><strong>Tinkim\u00e4t\u00f6n laatu ja turvallisuus<\/strong><\/span><\/h3>\n<p style=\"text-align: left;\">PVC NFC Card for Music Event on rakennettu kest\u00e4m\u00e4\u00e4n paljon liikennett\u00e4. Valmistettu kest\u00e4v\u00e4st\u00e4 materiaalista\u00a0<strong>PVC<\/strong>, n\u00e4m\u00e4 kortit on suunniteltu kest\u00e4m\u00e4\u00e4n kulumista ja takaavat pitk\u00e4n aikav\u00e4lin luotettavuuden vaativimmissakin olosuhteissa.<\/p>\n<h3 style=\"text-align: left;\"><strong><span style=\"color: #333399;\">2. Toimialakohtaiset edut: <\/span><\/strong><\/h3>\n<h3 style=\"text-align: left;\"><strong><span style=\"color: #333399;\">R\u00e4\u00e4t\u00e4l\u00f6ity tapahtumaj\u00e4rjest\u00e4jille<\/span><\/strong><\/h3>\n<p style=\"text-align: left;\">Suunniteltu tapahtumaj\u00e4rjest\u00e4jien ainutlaatuisia tarpeita ajatellen, <strong>PVC NFC-kortti musiikkitapahtumaan<\/strong>\u00a0tarjoaa joukon ominaisuuksia, jotka integroituvat saumattomasti kulunvalvontaj\u00e4rjestelmiin ja virtaviivaistavat yleis\u00f6n hallintaa.<\/p>\n<p>&nbsp;<\/p>\n<h3><span style=\"color: #333399;\"><strong>3. Ominaisuudet<\/strong><\/span><\/h3>\n<\/div>\n<\/div>\n<\/div>\n<div class=\"table-with-header rounded-lg border border-solid border-grey-line2-normal w-fit max-w-full mb-2\">\n<div class=\"overflow-x-auto custom-scrollbar custom-scrollbar-float max-w-full\">\n<table class=\"w-fit !mb-0 !max-w-none\">\n<thead>\n<tr>\n<th><strong>Luokka<\/strong><\/th>\n<th><strong>Yksityiskohdat<\/strong><\/th>\n<\/tr>\n<\/thead>\n<tbody>\n<tr>\n<td><strong>Materiaali<\/strong><\/td>\n<td>Laadukas PVC, kest\u00e4v\u00e4 pitk\u00e4aikaiseen k\u00e4ytt\u00f6\u00f6n.<\/td>\n<\/tr>\n<tr>\n<td><strong>Sirutekniikka<\/strong><\/td>\n<td>NFC-yhteensopivat sirut (Ntag213, Ntag215, Ntag216) parantavat turvallisuutta.<\/td>\n<\/tr>\n<tr>\n<td><strong>Kest\u00e4vyys<\/strong><\/td>\n<td>Veden- ja s\u00e4\u00e4nkest\u00e4v\u00e4 ulkotapahtumiin.<\/td>\n<\/tr>\n<tr>\n<td><strong>Taajuus<\/strong><\/td>\n<td>13,56 MHz<\/td>\n<\/tr>\n<tr>\n<td><strong>Lukuet\u00e4isyys<\/strong><\/td>\n<td>0-10 cm<\/td>\n<\/tr>\n<tr>\n<td><strong>Kokovaihtoehdot<\/strong><\/td>\n<td>Mukautetut koot: 70x100mm, 80x120mm, 85,5x54mm<\/td>\n<\/tr>\n<tr>\n<td><strong>Paksuusvaihtoehdot<\/strong><\/td>\n<td>0,76-0,85 mm<\/td>\n<\/tr>\n<tr>\n<td><strong>Tulostusmenetelm\u00e4<\/strong><\/td>\n<td>CMYK-neliv\u00e4ripainatus, offset- ja silkkipainatus.<\/td>\n<\/tr>\n<tr>\n<td><strong>Pintak\u00e4sittely<\/strong><\/td>\n<td>Saatavilla kiilt\u00e4v\u00e4, mattapintainen tai himme\u00e4 vaihtoehto.<\/td>\n<\/tr>\n<tr>\n<td><strong>Henkil\u00f6llisyyden vahvistaminen<\/strong><\/td>\n<td>Tukee kulunvalvontaj\u00e4rjestelmi\u00e4 luvattoman p\u00e4\u00e4syn est\u00e4miseksi.<\/td>\n<\/tr>\n<tr>\n<td><strong>Vierailijoiden valvonta<\/strong><\/td>\n<td>Tehokas osallistujavirran hallinta monip\u00e4iv\u00e4isiin tapahtumiin.<\/td>\n<\/tr>\n<tr>\n<td><strong>Crowd Management<\/strong><\/td>\n<td>Helpottaa sujuvaa sis\u00e4\u00e4np\u00e4\u00e4sy\u00e4 ja lyhent\u00e4\u00e4 odotusaikoja.<\/td>\n<\/tr>\n<tr>\n<td><strong>R\u00e4\u00e4t\u00e4l\u00f6inti<\/strong><\/td>\n<td>Henkil\u00f6kohtaiset mallit br\u00e4nd\u00e4yst\u00e4 ja tapahtumateemoja varten.<\/td>\n<\/tr>\n<tr>\n<td><strong>Ymp\u00e4rist\u00f6vaikutus<\/strong><\/td>\n<td>Ymp\u00e4rist\u00f6yst\u00e4v\u00e4lliset materiaalit kierr\u00e4tysmahdollisuuksilla.<\/td>\n<\/tr>\n<tr>\n<td><strong>Asiakaspalaute<\/strong><\/td>\n<td>K\u00e4ytt\u00e4j\u00e4arviot, jotka korostavat tehokkuutta ja luotettavuutta.<\/td>\n<\/tr>\n<tr>\n<td><\/td>\n<td><\/td>\n<\/tr>\n<\/tbody>\n<\/table>\n<\/div>\n<\/div>\n<div class=\"chat-list relative custom-scrollbar-reset-margin custom-scrollbar custom-scrollbar-hidden custom-scrollbar-float pb-9 flex-1 overflow-y-auto\">\n<div class=\"mx-auto max-w-[790px]\">\n<div class=\"message-item-outer relative px-4 mb-2\" data-id=\"d48d37b0-da1a-4c85-9917-d0c1a6993b41\">\n<div class=\"content-area pl-[0px]\">\n<div class=\"message-item select-text relative\">\n<div class=\"message-inner relative\">\n<div class=\"py-[2px]\">\n<div class=\"flex flex-col gap-2\">\n<div class=\"answer-markdown-box overflow-x-auto select-text custom-scrollbar\">\n<div class=\"markdown-body\">\n<h3><strong><span style=\"color: #333399;\">4. Yhteysliittym\u00e4: <\/span><\/strong><\/h3>\n<h3><strong><span style=\"color: #333399;\">Hy\u00f6dynn\u00e4 RFID- ja NFC-teknologiaa<\/span><\/strong><\/h3>\n<p>Hy\u00f6dynt\u00e4m\u00e4ll\u00e4\u00a0<strong>RFID- ja NFC-tietoliikennerajapinnat<\/strong>, PVC NFC Card for Music Event mahdollistaa nopean ja luotettavan tiedonvaihdon kortin ja lukijoiden v\u00e4lill\u00e4, mik\u00e4 mahdollistaa sujuvan kulunvalvonnan ja tehokkaan yleis\u00f6nhallinnan.<\/p>\n<p>&nbsp;<\/p>\n<h3><span style=\"color: #333399;\"><strong>5. Taajuus ja lukuet\u00e4isyys: <\/strong><\/span><\/h3>\n<h3><span style=\"color: #333399;\"><strong>Optimoitu saumattomaan suorituskykyyn<\/strong><\/span><\/h3>\n<p>Toimii osoitteessa a\u00a0<strong>13,56 MHz taajuus<\/strong>\u00a0ja kehua a\u00a0<strong>0-10 cm lukuet\u00e4isyys<\/strong>, n\u00e4m\u00e4 NFC-kortit tarjoavat luotettavan suorituskyvyn ja varmistavat vaivattoman kokemuksen sek\u00e4 tapahtuman j\u00e4rjest\u00e4jille ett\u00e4 osallistujille.<\/p>\n<p>&nbsp;<\/p>\n<h3><strong><span style=\"color: #333399;\">6. R\u00e4\u00e4t\u00e4l\u00f6intivaihtoehdot: <\/span><\/strong><\/h3>\n<h3><strong><span style=\"color: #333399;\">R\u00e4\u00e4t\u00e4l\u00f6ity tarpeidesi mukaan<\/span><\/strong><\/h3>\n<p>Tarjoaa valikoiman\u00a0<strong>koko- ja paksuusvaihtoehdot<\/strong>, PVC NFC Card for Music Event voidaan r\u00e4\u00e4t\u00e4l\u00f6id\u00e4 vastaamaan tapahtumasi erityisvaatimuksia, olipa kyseess\u00e4 sitten suuri musiikkifestivaali tai intiimi alan foorumi.<\/p>\n<p>&nbsp;<\/p>\n<h3><strong><span style=\"color: #333399;\">7. Tulostus ja pintak\u00e4sittelyt: <\/span><\/strong><\/h3>\n<h3><strong><span style=\"color: #333399;\">Nosta br\u00e4nd\u00e4yst\u00e4si<\/span><\/strong><\/h3>\n<p>Kanssa\u00a0<strong>CMYK 4C -tulostus, offsetti- ja silkkipainatus<\/strong>\u00a0ominaisuuksia, n\u00e4m\u00e4 NFC-kortit voidaan koristella eloisilla grafiikoilla ja logoilla, joita t\u00e4ydent\u00e4\u00e4 valikoima\u00a0<strong>kiilt\u00e4v\u00e4, mattapintainen tai himme\u00e4 pinta<\/strong>\u00a0mukautuaksesi br\u00e4ndisi estetiikkaan.<\/p>\n<p>&nbsp;<\/p>\n<h3><strong><span style=\"color: #333399;\">8. Ymp\u00e4rist\u00f6vaikutukset: <\/span><\/strong><\/h3>\n<h3><strong><span style=\"color: #333399;\">Kest\u00e4vi\u00e4 ratkaisuja tapahtumiin<\/span><\/strong><\/h3>\n<p>Tapahtuman j\u00e4rjest\u00e4jin\u00e4 ymm\u00e4rr\u00e4mme ymp\u00e4rist\u00f6vastuun t\u00e4rkeyden. Siksi PVC NFC Card for Music Event on suunniteltu ymp\u00e4rist\u00f6yst\u00e4v\u00e4llisill\u00e4 materiaaleilla ja kierr\u00e4tysvaihtoehdoilla, mik\u00e4 mahdollistaa tapahtumien is\u00e4nn\u00f6innin kest\u00e4v\u00e4\u00e4n kehitykseen keskittyen.<\/p>\n<p>&nbsp;<\/p>\n<\/div>\n<\/div>\n<\/div>\n<\/div>\n<\/div>\n<\/div>\n<\/div>\n<\/div>\n<\/div>\n<\/div>\n<p>&nbsp;<\/p>\n<p><strong><span style=\"color: #008080;\">T\u00e4m\u00e4 taulukko korostaa musiikkitapahtuman PVC NFC -kortin t\u00e4rkeimm\u00e4t ominaisuudet ja edut, mik\u00e4 tekee siit\u00e4 olennaisen ty\u00f6kalun tehokkaassa tapahtumien hallinnassa. <\/span><\/strong><\/p>\n<h3><span style=\"color: #008000;\"><em><strong>Jos haluat lis\u00e4tietoja tai pyyd\u00e4 ilmaisia n\u00e4ytteit\u00e4, t\u00e4yt\u00e4 kyselylomake, niin autamme sinua mielell\u00e4mme!<\/strong><\/em><\/span><\/h3>","protected":false},"excerpt":{"rendered":"<p>Paranna tapahtumakokemustasi PVC NFC Card for Music Event -kortilla \u2013 paras ratkaisu saumattomaan kulunvalvontaan ja tehokkaaseen yleis\u00f6nhallintaan.<\/p>","protected":false},"featured_media":3387,"template":"","meta":[],"product_brand":[],"product_cat":[46],"product_tag":[],"class_list":{"0":"post-3386","1":"product","2":"type-product","3":"status-publish","4":"has-post-thumbnail","6":"product_cat-nfc-cards","8":"first","9":"instock","10":"shipping-taxable","11":"product-type-simple"},"_links":{"self":[{"href":"https:\/\/nfc-readers.com\/fi\/wp-json\/wp\/v2\/product\/3386","targetHints":{"allow":["GET"]}}],"collection":[{"href":"https:\/\/nfc-readers.com\/fi\/wp-json\/wp\/v2\/product"}],"about":[{"href":"https:\/\/nfc-readers.com\/fi\/wp-json\/wp\/v2\/types\/product"}],"wp:featuredmedia":[{"embeddable":true,"href":"https:\/\/nfc-readers.com\/fi\/wp-json\/wp\/v2\/media\/3387"}],"wp:attachment":[{"href":"https:\/\/nfc-readers.com\/fi\/wp-json\/wp\/v2\/media?parent=3386"}],"wp:term":[{"taxonomy":"product_brand","embeddable":true,"href":"https:\/\/nfc-readers.com\/fi\/wp-json\/wp\/v2\/product_brand?post=3386"},{"taxonomy":"product_cat","embeddable":true,"href":"https:\/\/nfc-readers.com\/fi\/wp-json\/wp\/v2\/product_cat?post=3386"},{"taxonomy":"product_tag","embeddable":true,"href":"https:\/\/nfc-readers.com\/fi\/wp-json\/wp\/v2\/product_tag?post=3386"}],"curies":[{"name":"wp","href":"https:\/\/api.w.org\/{rel}","templated":true}]}}