{"id":3396,"date":"2024-11-03T02:56:29","date_gmt":"2024-11-03T02:56:29","guid":{"rendered":"https:\/\/nfc-readers.com\/?post_type=product&#038;p=3396"},"modified":"2024-11-03T02:56:30","modified_gmt":"2024-11-03T02:56:30","slug":"fast-read-encrypted-rfid-nfc-event-wristband-ntag215-mifare","status":"publish","type":"product","link":"https:\/\/nfc-readers.com\/fi\/ic-reader\/fast-read-encrypted-rfid-nfc-event-wristband-ntag215-mifare\/","title":{"rendered":"Nopeasti luettava salattu RFID NFC -tapahtumaranneke Ntag215 MIFARE"},"content":{"rendered":"<h1 style=\"text-align: center;\">Nopeasti luettava salattu RFID NFC -tapahtumaranneke Ntag215 MIFARE<\/h1>\n<p>&nbsp;<\/p>\n<p>Digitaalisella aikakaudella saumattomat kulunvalvonta- ja k\u00e4teismaksut ovat tulleet v\u00e4ltt\u00e4m\u00e4tt\u00f6miksi kaikenkokoisille tapahtumille. Esittelyss\u00e4 <strong>Nopeasti luettava salattu RFID NFC -tapahtumaranneke Ntag215 MIFARE<\/strong>\u00a0alkaen\u00a0<em>SXNFC<\/em>, paras ratkaisu vierailijakokemuksen parantamiseen ja tehokkaan tapahtumien hallinnan varmistamiseen. Erityisesti erilaisiin tapahtumiin \u2013 musiikkifestivaaleista ja urheilutapahtumista konferensseihin ja kulunvalvontaan \u2013 suunniteltu ranneke yhdist\u00e4\u00e4 huipputeknologian k\u00e4ytt\u00e4j\u00e4yst\u00e4v\u00e4llisiin ominaisuuksiin.<\/p>\n<p>&nbsp;<\/p>\n<h3>Miksi ostaa nopeasti luettava salattu RFID NFC -tapahtumaranneke?<\/h3>\n<p>The\u00a0<strong>Ntag215 MIFARE<\/strong>\u00a0RFID\/NFC-ranneke on innovatiivinen tuote, joka tarjoaa lukuisia etuja. Kest\u00e4v\u00e4st\u00e4 PVC:st\u00e4 ja kudotusta materiaaleista valmistettu se lupaa pitk\u00e4ik\u00e4isyytt\u00e4 ja luotettavuutta. Sen nopea lukutoiminto varmistaa lyhyemm\u00e4t odotusajat ja parantaa vieraiden kulkua sis\u00e4\u00e4ntulopisteiss\u00e4. Lis\u00e4ksi sen vedenpit\u00e4v\u00e4n suunnittelun ansiosta voit k\u00e4ytt\u00e4\u00e4 n\u00e4it\u00e4 rannekkeita luottavaisin mielin ulkotapahtumissa, vesipuistoissa ja muissa tiloissa, joissa altistuminen kosteudelle on huolenaihe.<\/p>\n<p>kanssa\u00a0<strong>NFC ranneke<\/strong>, et ole vain ostamassa tuotetta; sijoitat parempaan osallistujakokemukseen. N\u00e4m\u00e4 rannekkeet sopivat ihanteellisesti k\u00e4teisvapaisiin asioihin ja virtaviivaistavat ostoksia l\u00e4himaksuratkaisuilla. Sinun ei en\u00e4\u00e4 tarvitse huolehtia k\u00e4teisen tai fyysisten lippujen k\u00e4sittelyst\u00e4 \u2013 kaikkea voidaan hallita k\u00e4tev\u00e4sti rannekkeen kautta.<\/p>\n<p>&nbsp;<\/p>\n<h2>RFID NFC -tapahtumarannekkeen erikoisominaisuudet<\/h2>\n<p>The\u00a0<strong>Nopeasti luettava salattu RFID NFC -tapahtumaranneke Ntag215 MIFARE<\/strong>\u00a0on t\u00e4ynn\u00e4 ominaisuuksia, jotka tekev\u00e4t siit\u00e4 \u00e4lykk\u00e4\u00e4n valinnan kaikkiin tilaisuuksiin.<\/p>\n<ul>\n<li><strong>Peukaloinnin est\u00e4v\u00e4 suojaus:<\/strong>\u00a0Jokaisessa rannekkeessa on salattu tekniikka arkaluontoisten tietojen suojaamiseksi, mik\u00e4 tarjoaa mielenrauhaa sek\u00e4 tapahtuman j\u00e4rjest\u00e4jille ett\u00e4 osallistujille.<\/li>\n<li><strong>K\u00e4ytt\u00e4j\u00e4yst\u00e4v\u00e4llinen:<\/strong>\u00a0Rannekkeet ovat helppok\u00e4ytt\u00f6isi\u00e4; napauta niit\u00e4 vain NFC-yhteensopivassa lukijassa, niin saat k\u00e4ytt\u00f6oikeuden tai suoritat k\u00e4teismaksun.<\/li>\n<li><strong>Lukualue:<\/strong>\u00a0Jopa 10 cm:n lukuet\u00e4isyydell\u00e4 n\u00e4m\u00e4 rannekkeet toimivat tehokkaasti ilman, ett\u00e4 ne tarvitsevat suoraa kosketusta lukijaan.<\/li>\n<\/ul>\n<p>N\u00e4iden erikoisominaisuuksien yhdistelm\u00e4 ei takaa vain parempaa turvallisuutta, vaan my\u00f6s parantaa yleist\u00e4 k\u00e4ytt\u00f6kokemusta.<\/p>\n<p>&nbsp;<\/p>\n<h2>NFC-rannekkeilla suoritettavien k\u00e4teismaksujen edut<\/h2>\n<p>K\u00e4teisvapaiden maksujen nousu muuttaa tapahtumaalaa nopeasti. T\u00e4ss\u00e4 ovat t\u00e4rkeimm\u00e4t k\u00e4yt\u00f6n edut\u00a0<strong>NFC rannekkeet<\/strong>\u00a0k\u00e4teisvapaille tapahtumille:<\/p>\n<ul>\n<li><strong>Lis\u00e4\u00e4 mukavuutta:<\/strong>\u00a0Vieraat voivat tehd\u00e4 ostoksia napauttamalla ranneketta, mik\u00e4 tekee asioinnista nopeaa ja helppoa.<\/li>\n<li><strong>Lyhennetyt odotusajat:<\/strong>\u00a0V\u00e4hemm\u00e4n jonoissa vietetty\u00e4 aikaa tarkoittaa parempaa<\/li>\n<\/ul>\n<h2>NFC-rannekkeilla suoritettavien k\u00e4teismaksujen edut<\/h2>\n<p>K\u00e4teisvapaiden maksujen nousu muuttaa tapahtumaalaa nopeasti. T\u00e4ss\u00e4 ovat t\u00e4rkeimm\u00e4t k\u00e4yt\u00f6n edut\u00a0<strong>NFC rannekkeet<\/strong>\u00a0k\u00e4teisvapaille tapahtumille:<\/p>\n<ul>\n<li><strong>Lis\u00e4\u00e4 mukavuutta:<\/strong>\u00a0Vieraat voivat tehd\u00e4 ostoksia napauttamalla ranneketta, mik\u00e4 tekee asioinnista nopeaa ja helppoa.<\/li>\n<li><strong>Lyhennetyt odotusajat:<\/strong>\u00a0V\u00e4hemm\u00e4n jonoissa vietetty\u00e4 aikaa tarkoittaa parempaa<\/li>\n<\/ul>\n<p>&nbsp;<\/p>\n<h3>Usein kysytyt kysymykset RFID NFC -tapahtumarannekkeista<\/h3>\n<h4>1.\u00a0<strong>Mit\u00e4 ovat RFID NFC -tapahtumarannekkeet?<\/strong><\/h4>\n<p>RFID NFC -tapahtumarannekkeet ovat puettavia laitteita, jotka on varustettu radiotaajuustunnistus (RFID) ja Near Field Communication (NFC) -tekniikalla. Ne helpottavat turvallista kulunvalvontaa, k\u00e4teisvapaata maksutapahtumia ja tietojen ker\u00e4\u00e4mist\u00e4 tapahtumia varten.<\/p>\n<h4>2.\u00a0<strong>Kuinka RFID-rannekkeet toimivat?<\/strong><\/h4>\n<p>RFID-rannekkeet toimivat l\u00e4hett\u00e4m\u00e4ll\u00e4 tietoa langattomasti radioaaltojen kautta RFID-lukijaan. Kun osallistuja napauttaa rannekettaan lukijan l\u00e4hell\u00e4, se l\u00e4hett\u00e4\u00e4 tietoja kulunvalvontaa tai maksujen k\u00e4sittely\u00e4 varten.<\/p>\n<h4>3.\u00a0<strong>Mist\u00e4 materiaaleista RFID NFC -rannekkeet on valmistettu?<\/strong><\/h4>\n<p>RFID-rannekkeet on valmistettu p\u00e4\u00e4asiassa kest\u00e4vist\u00e4 PVC- ja kudotuista materiaaleista, jotka on suunniteltu sek\u00e4 veden- ett\u00e4 s\u00e4\u00e4nkest\u00e4v\u00e4ksi kest\u00e4m\u00e4\u00e4n erilaisia tapahtumaolosuhteita.<\/p>\n<h4>4.\u00a0<strong>Mit\u00e4 hy\u00f6ty\u00e4 on NFC-tekniikan k\u00e4ytt\u00e4misest\u00e4 rannekkeissa?<\/strong><\/h4>\n<p>NFC-teknologia mahdollistaa nopeat ja turvalliset kontaktittomat tapahtumat, mik\u00e4 parantaa vieraiden kokemusta v\u00e4hent\u00e4m\u00e4ll\u00e4 odotusaikoja ja minimoimalla fyysisen k\u00e4teisen tai lippujen tarpeen.<\/p>\n<h4>5.\u00a0<strong>Ovatko rannekkeet muokattavissa?<\/strong><\/h4>\n<p>Kyll\u00e4! RFID-rannekkeemme voidaan r\u00e4\u00e4t\u00e4l\u00f6id\u00e4 tapahtumasi br\u00e4nd\u00e4yksell\u00e4, logoilla ja v\u00e4reill\u00e4 osallistujien sitoutumisen lis\u00e4\u00e4miseksi ja tapahtumasi mainostamiseksi.<\/p>","protected":false},"excerpt":{"rendered":"<p>Nopeasti luettava salattu RFID NFC -tapahtumaranneke Ntag215 MIFARE mahdollistaa turvallisen kulunvalvonnan ja k\u00e4teisvapaan maksun, mik\u00e4 parantaa vieraiden kokemusta tapahtumissa. Vesitiivis ja muokattavissa, se takaa luotettavuuden ja mukavuuden kaikkiin tilaisuuksiin.<\/p>","protected":false},"featured_media":3397,"template":"","meta":[],"product_brand":[],"product_cat":[50],"product_tag":[],"class_list":{"0":"post-3396","1":"product","2":"type-product","3":"status-publish","4":"has-post-thumbnail","6":"product_cat-silicone-rfid-nfc-wristbands","8":"first","9":"instock","10":"shipping-taxable","11":"product-type-simple"},"_links":{"self":[{"href":"https:\/\/nfc-readers.com\/fi\/wp-json\/wp\/v2\/product\/3396","targetHints":{"allow":["GET"]}}],"collection":[{"href":"https:\/\/nfc-readers.com\/fi\/wp-json\/wp\/v2\/product"}],"about":[{"href":"https:\/\/nfc-readers.com\/fi\/wp-json\/wp\/v2\/types\/product"}],"wp:featuredmedia":[{"embeddable":true,"href":"https:\/\/nfc-readers.com\/fi\/wp-json\/wp\/v2\/media\/3397"}],"wp:attachment":[{"href":"https:\/\/nfc-readers.com\/fi\/wp-json\/wp\/v2\/media?parent=3396"}],"wp:term":[{"taxonomy":"product_brand","embeddable":true,"href":"https:\/\/nfc-readers.com\/fi\/wp-json\/wp\/v2\/product_brand?post=3396"},{"taxonomy":"product_cat","embeddable":true,"href":"https:\/\/nfc-readers.com\/fi\/wp-json\/wp\/v2\/product_cat?post=3396"},{"taxonomy":"product_tag","embeddable":true,"href":"https:\/\/nfc-readers.com\/fi\/wp-json\/wp\/v2\/product_tag?post=3396"}],"curies":[{"name":"wp","href":"https:\/\/api.w.org\/{rel}","templated":true}]}}