{"id":3403,"date":"2024-11-03T03:04:22","date_gmt":"2024-11-03T03:04:22","guid":{"rendered":"https:\/\/nfc-readers.com\/?post_type=product&#038;p=3403"},"modified":"2024-11-04T03:10:35","modified_gmt":"2024-11-04T03:10:35","slug":"silicone-wristband-smart-nfc-rfidtag-wristband-silicone-b","status":"publish","type":"product","link":"https:\/\/nfc-readers.com\/fi\/ic-reader\/silicone-wristband-smart-nfc-rfidtag-wristband-silicone-b\/","title":{"rendered":"Silikoniranneke Smart NFC RFIDTag Ranneke Silikoni B"},"content":{"rendered":"<h1 style=\"text-align: center;\"><strong>Silikoniranneke Smart NFC RFIDTag Ranneke Silikoni B<\/strong><\/h1>\n<p>&nbsp;<\/p>\n<p>The <strong>Silikoniranneke Smart NFC RFID Tag Ranneke Silikoni B<\/strong>\u00a0on muutostuote, joka on suunniteltu erilaisiin sovelluksiin, kuten tapahtumien hallintaan, kulunvalvontaan ja k\u00e4teisvapaisiin maksuratkaisuihin. Innovatiivisuutta ja k\u00e4yt\u00e4nn\u00f6llisyytt\u00e4 yhdist\u00e4v\u00e4 ranneke yhdist\u00e4\u00e4 RFID- ja NFC-tekniikat ja tarjoaa saumattoman kokemuksen sek\u00e4 k\u00e4ytt\u00e4jille ett\u00e4 tapahtumien j\u00e4rjest\u00e4jille. Vedenpit\u00e4vyytens\u00e4 ja muokattavan muotoilunsa ansiosta RFID-ranneke on ajoitettu t\u00e4ydellisesti erilaisiin olosuhteisiin, olipa kyseess\u00e4 sitten musiikkifestivaali, yritystapahtuma tai jopa vesipuistovierailu. T\u00e4m\u00e4n huippuluokan rannekkeen valitseminen ei vain lis\u00e4\u00e4 toiminnan tehokkuutta, vaan my\u00f6s parantaa merkitt\u00e4v\u00e4sti yleist\u00e4 vieraskokemusta.<\/p>\n<p>&nbsp;<\/p>\n<h2>Yleiskatsaus RFID-rannekkeesta<\/h2>\n<p>The\u00a0<strong>RFID ranneke<\/strong>\u00a0on suunniteltu nopeaa kulunvalvontaa varten, jolloin tapahtumaj\u00e4rjest\u00e4j\u00e4t voivat virtaviivaistaa toimintaansa. Hy\u00f6dynnet\u00e4\u00e4n edistynytt\u00e4 RFID-teknologiaa taajuudella\u00a0<strong>13,56 MHz<\/strong>, n\u00e4m\u00e4\u00a0<strong>silikoniset RFID-rannekkeet<\/strong>\u00a0tarjoavat sek\u00e4 turvallisuutta ett\u00e4 mukavuutta. Suunniteltu luettavaksi a\u00a0<strong>2-5 cm<\/strong>\u00a0Ne tarjoavat nopean tiedonsiirron erilaisiin tapahtumasovelluksiin musiikkifestivaaleista yritystapaamisiin.<\/p>\n<p>Parannetuilla ominaisuuksilla, kuten\u00a0<strong>vedenpit\u00e4v\u00e4 ja s\u00e4\u00e4nkest\u00e4v\u00e4<\/strong>\u00a0Materiaalit, t\u00e4m\u00e4 ranneke takaa kest\u00e4vyyden ja luotettavuuden my\u00f6s ulkotiloissa. K\u00e4ytt\u00e4j\u00e4t voivat nauttia k\u00e4teisvapaista maksuvaihtoehdoista, mik\u00e4 lis\u00e4\u00e4 tehokkuutta ja lyhent\u00e4\u00e4 saapumisen ja tapahtumien odotusaikoja.<\/p>\n<p>&nbsp;<\/p>\n<hr \/>\n<h2>Silikoni-RFID-rannekkeen t\u00e4rkeimm\u00e4t ominaisuudet<\/h2>\n<p>The\u00a0<strong>Silikoninen RFID-ranneke<\/strong>\u00a0sis\u00e4lt\u00e4\u00e4 useita ominaisuuksia, jotka tekev\u00e4t siit\u00e4 erottuvan valinnan tapahtumien j\u00e4rjest\u00e4jille ja k\u00e4ytt\u00e4jille.<\/p>\n<ul>\n<li><strong>Vedenpit\u00e4v\u00e4\/s\u00e4\u00e4nkest\u00e4v\u00e4:<\/strong>\u00a0Toisin kuin tavalliset rannekkeet, t\u00e4m\u00e4 malli on suunniteltu kest\u00e4m\u00e4\u00e4n kosteutta ja erilaisia s\u00e4\u00e4olosuhteita, joten se sopii erinomaisesti ulkotapahtumiin, kuten konsertteihin ja vesipuistoihin.<\/li>\n<li><strong>Viestint\u00e4liittym\u00e4:<\/strong>\u00a0Integroidulla\u00a0<strong>NFC ja RFID<\/strong>\u00a0T\u00e4m\u00e4 ranneke mahdollistaa saumattomien tapahtumien ja tiedonvaihdon. K\u00e4ytt\u00e4j\u00e4t voivat k\u00e4ytt\u00e4\u00e4 k\u00e4teismaksuja, avata ovien lukituksia ja p\u00e4\u00e4st\u00e4 rajoitetuille alueille ilman fyysisten lippujen tai henkil\u00f6llisyyden vaivaa.<\/li>\n<li><strong>R\u00e4\u00e4t\u00e4l\u00f6inti:<\/strong>\u00a0Saatavilla on r\u00e4\u00e4t\u00e4l\u00f6ityj\u00e4 vaihtoehtoja kokoja, v\u00e4rej\u00e4 ja tulostustyylej\u00e4 varten. T\u00e4m\u00e4n mukautuvuuden ansiosta br\u00e4ndit voivat parantaa n\u00e4kyvyytt\u00e4\u00e4n\u00a0<strong>silkkipainatus<\/strong>\u00a0ja muita edistyneit\u00e4 askartelutekniikoita, kuten\u00a0<strong>laserkoodaus ja l\u00e4mp\u00f6tulostus<\/strong>.<\/li>\n<\/ul>\n<p>N\u00e4m\u00e4 erikoisominaisuudet korostavat paitsi toiminnallisuutta my\u00f6s mukaansatempaavaa k\u00e4ytt\u00f6kokemusta.<\/p>\n<p>&nbsp;<\/p>\n<hr \/>\n<h2>RFID-rannekkeiden k\u00e4yt\u00f6n edut tapahtumissa<\/h2>\n<p>Adoptio\u00a0<strong>RFID-rannekkeet tapahtumiin<\/strong>\u00a0voi parantaa merkitt\u00e4v\u00e4sti yleist\u00e4 tapahtumanhallintaa:<\/p>\n<ol>\n<li><strong>Lis\u00e4\u00e4ntynyt turvallisuus:<\/strong>\u00a0Sis\u00e4llytetty v\u00e4\u00e4rent\u00e4misen est\u00e4v\u00e4 rakenne varmistaa, ett\u00e4 rannekkeen sis\u00e4lt\u00e4m\u00e4t tiedot pysyv\u00e4t turvassa. Luvaton kopioiminen tai p\u00e4\u00e4sy on k\u00e4yt\u00e4nn\u00f6ss\u00e4 mahdotonta, joten n\u00e4m\u00e4 rannekkeet ovat erinomainen valinta korkean profiilin tapahtumiin, jotka vaativat tehostettuja turvatoimia.<\/li>\n<li><strong>Tiedonkeruu:<\/strong>\u00a0Ker\u00e4\u00e4 olennaisia n\u00e4kemyksi\u00e4 osallistujien k\u00e4ytt\u00e4ytymisest\u00e4, joita voidaan hy\u00f6dynt\u00e4\u00e4 tulevissa tapahtumissa. Hy\u00f6dynt\u00e4m\u00e4ll\u00e4\u00a0<strong>RFID-tekniikka<\/strong>, tapahtumaj\u00e4rjest\u00e4j\u00e4t voivat analysoida osallistumismalleja ja mieltymyksi\u00e4, mik\u00e4 auttaa heit\u00e4 mukauttamaan tulevia tarjouksia.<\/li>\n<li><strong>Lyhennetyt odotusajat:<\/strong>\u00a0RFID-rannekkeiden tarjoama tehokkuus merkitsee lyhyempi\u00e4 jonoja. Osallistujat voivat siirty\u00e4 nopeasti sis\u00e4\u00e4nk\u00e4ynnist\u00e4 festivaalialueelle, mik\u00e4 parantaa kokemustaan ja v\u00e4hent\u00e4\u00e4 mahdollista turhautumista.<\/li>\n<\/ol>\n<p>N\u00e4ill\u00e4 merkitt\u00e4vill\u00e4 eduilla se on selv\u00e4\u00e4\u00a0<strong>silikoniset RFID-rannekkeet<\/strong>\u00a0eiv\u00e4t ole vain trendi \u2013 ne ovat \u00e4lyk\u00e4s sijoitus.<\/p>\n<p>&nbsp;<\/p>\n<h2>NFC-rannekkeen tekniset tiedot<\/h2>\n<table class=\"w-fit !mb-0 !max-w-none\" style=\"height: 260px;\" width=\"451\">\n<thead>\n<tr>\n<th>Ominaisuus<\/th>\n<th>Erittely<\/th>\n<\/tr>\n<\/thead>\n<tbody>\n<tr>\n<td>Taajuus<\/td>\n<td>13,56 MHz<\/td>\n<\/tr>\n<tr>\n<td>Sirun tyyppi<\/td>\n<td>FO8<\/td>\n<\/tr>\n<tr>\n<td>Lukuet\u00e4isyys<\/td>\n<td>2-5 cm<\/td>\n<\/tr>\n<tr>\n<td>Vakio<\/td>\n<td>ISO\/IEC14443A<\/td>\n<\/tr>\n<tr>\n<td>Materiaali<\/td>\n<td>Kumi<\/td>\n<\/tr>\n<tr>\n<td>Koko<\/td>\n<td>Mukautettu koko<\/td>\n<\/tr>\n<tr>\n<td>Tulostustekniikat<\/td>\n<td>Silkkipainatus<\/td>\n<\/tr>\n<tr>\n<td>Pakkaus<\/td>\n<td>Yksitt\u00e4inen esine<\/td>\n<\/tr>\n<tr>\n<td>Bruttopaino<\/td>\n<td>0,500 kg<\/td>\n<\/tr>\n<\/tbody>\n<\/table>\n<h2><\/h2>\n<h2>Silikoni-RFID-ranneketta koskevat usein kysytyt kysymykset<\/h2>\n<h3>1.\u00a0<strong>Mik\u00e4 on RFID-ranneke?<\/strong><\/h3>\n<p>RFID (Radio Frequency Identification) -ranneke k\u00e4ytt\u00e4\u00e4 radiotaajuustekniikkaa tiedon siirt\u00e4miseen langattomasti. Se mahdollistaa nopean p\u00e4\u00e4syn suojatuille alueille, helpottaa k\u00e4teismaksua ja parantaa tapahtuman osallistujien yleist\u00e4 kokemusta.<\/p>\n<h3>2.\u00a0<strong>Miten RFID-ranneke toimii?<\/strong><\/h3>\n<p>Ranneke sis\u00e4lt\u00e4\u00e4 passiivisen RFID-sirun, joka kommunikoi RFID-lukijoiden kanssa. Kun k\u00e4ytt\u00e4j\u00e4 l\u00e4hestyy lukijaa, ranneke l\u00e4hett\u00e4\u00e4 tietoja radioaaltojen v\u00e4lityksell\u00e4, mik\u00e4 mahdollistaa nopean tunnistamisen ja kulunvalvonnan.<\/p>\n<h3>3.\u00a0<strong>Onko ranneke vedenpit\u00e4v\u00e4?<\/strong><\/h3>\n<p>Kyll\u00e4,\u00a0<strong>Silikoninen RFID-ranneke<\/strong>\u00a0on suunniteltu veden- ja s\u00e4\u00e4nkest\u00e4v\u00e4ksi, joten se sopii ulkotapahtumiin ja ymp\u00e4rist\u00f6ihin, kuten vesipuistoihin ja konsertteihin.<\/p>\n<h3>4.\u00a0<strong>Voiko ranneketta mukauttaa?<\/strong><\/h3>\n<p>T\u00e4ysin! Ranneke voidaan r\u00e4\u00e4t\u00e4l\u00f6id\u00e4 eri kokoihin, v\u00e4reihin ja malleihin. Organisaatiot voivat my\u00f6s valita eri painomenetelmien v\u00e4lill\u00e4, mukaan lukien silkkipainatus, laserkoodaus ja l\u00e4mp\u00f6painatus.<\/p>\n<h3>5.\u00a0<strong>Mik\u00e4 on RFID-rannekkeen lukuet\u00e4isyys?<\/strong><\/h3>\n<p>Rannekeessa on lukuet\u00e4isyys\u00a0<strong>2-5 cm<\/strong>varmistaa nopean ja luotettavan tiedonsiirron ja p\u00e4\u00e4synhallinnan.<\/p>","protected":false},"excerpt":{"rendered":"<p>The\u00a0<strong>Silikoniranneke Smart NFC RFID Tag Ranneke Silikoni B<\/strong>\u00a0on monipuolinen tapahtumiin suunniteltu kulunvalvontaratkaisu, joka tarjoaa saumattoman RFID- ja NFC-tekniikoiden integroinnin. Vedenpit\u00e4v\u00e4 ja muokattavissa, se parantaa k\u00e4ytt\u00f6kokemusta samalla, kun se tarjoaa turvalliset, k\u00e4teisvapaat tapahtumat ja helpon p\u00e4\u00e4synhallinnan.<\/p>","protected":false},"featured_media":3404,"template":"","meta":[],"product_brand":[],"product_cat":[50],"product_tag":[],"class_list":{"0":"post-3403","1":"product","2":"type-product","3":"status-publish","4":"has-post-thumbnail","6":"product_cat-silicone-rfid-nfc-wristbands","8":"first","9":"instock","10":"shipping-taxable","11":"product-type-simple"},"_links":{"self":[{"href":"https:\/\/nfc-readers.com\/fi\/wp-json\/wp\/v2\/product\/3403","targetHints":{"allow":["GET"]}}],"collection":[{"href":"https:\/\/nfc-readers.com\/fi\/wp-json\/wp\/v2\/product"}],"about":[{"href":"https:\/\/nfc-readers.com\/fi\/wp-json\/wp\/v2\/types\/product"}],"wp:featuredmedia":[{"embeddable":true,"href":"https:\/\/nfc-readers.com\/fi\/wp-json\/wp\/v2\/media\/3404"}],"wp:attachment":[{"href":"https:\/\/nfc-readers.com\/fi\/wp-json\/wp\/v2\/media?parent=3403"}],"wp:term":[{"taxonomy":"product_brand","embeddable":true,"href":"https:\/\/nfc-readers.com\/fi\/wp-json\/wp\/v2\/product_brand?post=3403"},{"taxonomy":"product_cat","embeddable":true,"href":"https:\/\/nfc-readers.com\/fi\/wp-json\/wp\/v2\/product_cat?post=3403"},{"taxonomy":"product_tag","embeddable":true,"href":"https:\/\/nfc-readers.com\/fi\/wp-json\/wp\/v2\/product_tag?post=3403"}],"curies":[{"name":"wp","href":"https:\/\/api.w.org\/{rel}","templated":true}]}}