{"id":3410,"date":"2024-11-03T03:16:05","date_gmt":"2024-11-03T03:16:05","guid":{"rendered":"https:\/\/nfc-readers.com\/?post_type=product&#038;p=3410"},"modified":"2024-11-04T03:17:59","modified_gmt":"2024-11-04T03:17:59","slug":"custom-logo-waterproof-polyester-woven-rfid-nfc-wristbands","status":"publish","type":"product","link":"https:\/\/nfc-readers.com\/fi\/ic-reader\/custom-logo-waterproof-polyester-woven-rfid-nfc-wristbands\/","title":{"rendered":"Mukautettu logo Vedenpit\u00e4v\u00e4t polyesterikudotut RFID NFC -rannekkeet"},"content":{"rendered":"<h1 style=\"text-align: center;\"><strong>Mukautettu logo Vedenpit\u00e4v\u00e4t polyesterikudotut RFID NFC -rannekkeet<\/strong><\/h1>\n<p>&nbsp;<\/p>\n<p>Maailmassa, joka arvostaa yh\u00e4 enemm\u00e4n mukavuutta ja yhteyksi\u00e4, <strong>Custom Logo Vedenpit\u00e4v\u00e4t polyesterikudotut RFID NFC -rannekkeet<\/strong>\u00a0erottuu erinomaisesta valinnasta niin yrityksille kuin tapahtumaj\u00e4rjest\u00e4jillekin. N\u00e4iss\u00e4 innovatiivisissa rannekkeissa yhdistyv\u00e4t viimeisin\u00a0<strong>RFID-tekniikka<\/strong>\u00a0Tyylikk\u00e4\u00e4n muotoilun ja kest\u00e4vien materiaalien ansiosta ne sopivat ihanteellisesti erilaisiin sovelluksiin festivaaleista ja vesipuistoista yritystapahtumiin ja k\u00e4teisvapaisiin maksuratkaisuihin. Heid\u00e4n kanssaan\u00a0<strong>vedenpit\u00e4v\u00e4<\/strong>\u00a0Ominaisuuksien ja muokattavuuden ansiosta n\u00e4m\u00e4 rannekkeet eiv\u00e4t vain lis\u00e4\u00e4 tuotemerkin n\u00e4kyvyytt\u00e4, vaan my\u00f6s parantavat k\u00e4ytt\u00f6kokemusta varmistaen, ett\u00e4 saat parhaan vastineen sijoituksellesi.<\/p>\n<p>&nbsp;<\/p>\n<h2>Miksi valita mukautetut kudotut RFID NFC -rannekkeet?<\/h2>\n<p>Tapahtuman j\u00e4rjest\u00e4j\u00e4n\u00e4 ymm\u00e4rr\u00e4t saumattoman kulunvalvonnan, tehokkaan br\u00e4nd\u00e4yksen ja vierailijakokemuksen maksimoimisen t\u00e4rkeyden. N\u00e4m\u00e4 rannekkeet tarjoavat kaiken t\u00e4m\u00e4n ja enemm\u00e4n. Mukana\u00a0<strong>RFID-tekniikka<\/strong>\u00a0toimii taajuudella\u00a0<strong>13,56 MHz<\/strong>, ne virtaviivaistavat toimintaa, lyhent\u00e4v\u00e4t odotusaikoja ja parantavat kaikenkokoisten tapahtumien turvallisuutta. Lis\u00e4ksi mahdollisuus sis\u00e4llytt\u00e4\u00e4 mukautettuja logoja edistyneiden kautta\u00a0<strong>CMYK-tulostus<\/strong>, n\u00e4m\u00e4 rannekkeet toimivat my\u00f6s mainosv\u00e4lineen\u00e4. Ne eiv\u00e4t ole vain toimivia, vaan my\u00f6s muodikkaita, mik\u00e4 tekee niist\u00e4 hitin osallistujien keskuudessa!<\/p>\n<p>&nbsp;<\/p>\n<h2>RFID NFC -rannekkeiden ominaisuudet<\/h2>\n<h3>Kehittyneet kulunvalvontaratkaisut<\/h3>\n<p>RFID NFC -rannekkeet toimivat tehokkaana ty\u00f6kaluna\u00a0<strong>kulunvalvonta<\/strong>, jolloin tapahtumaj\u00e4rjest\u00e4j\u00e4t voivat tarjota VIP-alueita ja erityisi\u00e4 p\u00e4\u00e4sy\u00e4 helposti. Hy\u00f6dynt\u00e4m\u00e4ll\u00e4\u00a0<strong>MIFARE Classic 1K-siru<\/strong>, n\u00e4m\u00e4 rannekkeet voivat tallentaa t\u00e4rkeimm\u00e4t tiedot ja l\u00e4hett\u00e4\u00e4 ne suojatun kautta\u00a0<strong>NFC-viestint\u00e4liit\u00e4nt\u00e4<\/strong>. T\u00e4m\u00e4n seurauksena ne sopivat t\u00e4ydellisesti paikkoihin, joissa on jaettava alueita vieraille tai tarjotaan porrastettu p\u00e4\u00e4sy tapahtumien aikana.<\/p>\n<h3>K\u00e4teinen maksutoiminto<\/h3>\n<p>Sano hyv\u00e4stit pitkille jonoille ja tarpeettomalle rahank\u00e4sittelylle\u00a0<strong>k\u00e4teisvapaa maksu<\/strong>\u00a0j\u00e4rjestelm\u00e4t. RFID-rannekkeemme mahdollistavat saumattomien tapahtumien suorittamisen, jolloin k\u00e4ytt\u00e4j\u00e4t voivat suorittaa maksuja nopeasti ja helposti messuilla, baareissa ja n\u00e4ht\u00e4vyyksiss\u00e4. T\u00e4m\u00e4 ei vain lis\u00e4\u00e4\u00a0<strong>vieraskokemus<\/strong>\u00a0mutta lyhent\u00e4\u00e4 huomattavasti odotusaikoja, jolloin osallistujat voivat keskitty\u00e4 nauttimaan tapahtumasta rahasta huolehtimisen sijaan.<\/p>\n<h2>Materiaalit ja kest\u00e4vyys<\/h2>\n<h3>Vankka muotoilu kaikkiin ymp\u00e4rist\u00f6ihin<\/h3>\n<p>Rakennettu ainutlaatuisesta sekoituksesta\u00a0<strong>kudottu polyesteri<\/strong>\u00a0ja\u00a0<strong>PVC<\/strong>, n\u00e4m\u00e4 rannekkeet tarjoavat vaikuttavan kest\u00e4vyyden ja\u00a0<strong>vedenpit\u00e4v\u00e4<\/strong>\u00a0kykyj\u00e4. Olipa kyseess\u00e4 aurinkoinen p\u00e4iv\u00e4 festivaaleilla tai p\u00e4iv\u00e4 vesipuistossa roiskuen, n\u00e4m\u00e4 rannekkeet on suunniteltu kest\u00e4m\u00e4\u00e4n s\u00e4\u00e4olosuhteita. Niiden s\u00e4\u00e4nkest\u00e4v\u00e4t ominaisuudet varmistavat, ett\u00e4 ne eiv\u00e4t hajoa joutuessaan alttiiksi sateelle tai vedelle, mik\u00e4 s\u00e4ilytt\u00e4\u00e4 laitteen k\u00e4ytett\u00e4vyyden ja luotettavuuden.\u00a0<strong>RFID-tekniikka<\/strong>\u00a0sis\u00e4\u00e4n upotettuna.<\/p>\n<h3>L\u00e4mp\u00f6tilan sietokyky<\/h3>\n<p>The\u00a0<strong>ty\u00f6l\u00e4mp\u00f6tila<\/strong>\u00a0rannekkeistamme vaihtelee\u00a0<strong>-20\u00b0C - +80\u00b0C<\/strong>varmistaen niiden toimivuuden sek\u00e4 kuumissa kes\u00e4tapahtumissa ett\u00e4 kylmiss\u00e4 ulkoilmatapaamisissa. T\u00e4m\u00e4 l\u00e4mp\u00f6tilansietokyky turvaa laitteen suorituskyvyn\u00a0<strong>RFID-siru<\/strong>\u00a0ja auttaa s\u00e4ilytt\u00e4m\u00e4\u00e4n eheyden, joten voit olla varma, ett\u00e4 ranneke toimii tehokkaasti kaikissa olosuhteissa.<\/p>\n<p>&nbsp;<\/p>\n<h2>Tekniset tiedot<\/h2>\n<table class=\"w-fit !mb-0 !max-w-none\" style=\"height: 303px;\" width=\"424\">\n<thead>\n<tr>\n<th><strong>Erittely<\/strong><\/th>\n<th><strong>Yksityiskohdat<\/strong><\/th>\n<\/tr>\n<\/thead>\n<tbody>\n<tr>\n<td><strong>Mallinumero<\/strong><\/td>\n<td>SX-NW<\/td>\n<\/tr>\n<tr>\n<td><strong>Sirun tyyppi<\/strong><\/td>\n<td>MIFARE Classic 1K<\/td>\n<\/tr>\n<tr>\n<td><strong>Taajuus<\/strong><\/td>\n<td>13,56 MHz<\/td>\n<\/tr>\n<tr>\n<td><strong>Lukualue<\/strong><\/td>\n<td>2-5 cm<\/td>\n<\/tr>\n<tr>\n<td><strong>Materiaali<\/strong><\/td>\n<td>Kudottu + PVC<\/td>\n<\/tr>\n<tr>\n<td><strong>Kokovaihtoehdot<\/strong><\/td>\n<td>30<em>26mm, 40<\/em>25mm tai mukautettu<\/td>\n<\/tr>\n<tr>\n<td><strong>Tulostustyyppi<\/strong><\/td>\n<td>CMYK 4C -tulostus, silkkipainatus<\/td>\n<\/tr>\n<tr>\n<td><strong>Pintak\u00e4sittely<\/strong><\/td>\n<td>Kiilt\u00e4v\u00e4, himme\u00e4, matta<\/td>\n<\/tr>\n<tr>\n<td><strong>L\u00e4mp\u00f6tila-alue<\/strong><\/td>\n<td>-20\u00b0C - +80\u00b0C<\/td>\n<\/tr>\n<tr>\n<td><strong>p\u00f6yt\u00e4kirja<\/strong><\/td>\n<td>ISO 14443A<\/td>\n<\/tr>\n<\/tbody>\n<\/table>\n<h2><\/h2>\n<h2>Usein kysytyt kysymykset (FAQ)<\/h2>\n<h3>1. Mit\u00e4 ovat RFID-rannekkeet?<\/h3>\n<p><strong>RFID rannekkeet<\/strong>\u00a0ovat puettavia nauhoja, joissa on radiotaajuustunnistus (RFID) -tekniikka. Ne tallentavat dataa, joka voidaan siirt\u00e4\u00e4 langattomasti NFC:n (Near Field Communication) avulla, mik\u00e4 mahdollistaa tehokkaan kulunvalvonnan, k\u00e4teisvapaan tapahtuman ja tiedonkeruun tapahtumissa.<\/p>\n<h3>2. Miten RFID-rannekkeet toimivat?<\/h3>\n<p>RFID-rannekkeet sis\u00e4lt\u00e4v\u00e4t pienen RFID-sirun, joka kommunikoi lukijan kanssa radioaaltojen kautta. Kun ranneke skannaa RFID-lukijalla, se l\u00e4hett\u00e4\u00e4 tallennettuja tietoja, my\u00f6nt\u00e4\u00e4 p\u00e4\u00e4syn tai k\u00e4sittelee tapahtumia ilman fyysist\u00e4 kosketusta.<\/p>\n<h3>3. Ovatko n\u00e4m\u00e4 rannekkeet vedenpit\u00e4vi\u00e4?<\/h3>\n<p>Kyll\u00e4! Meid\u00e4n\u00a0<strong>mittatilausty\u00f6n\u00e4 kudotut RFID-rannekkeet<\/strong>\u00a0on suunniteltu olemaan\u00a0<strong>vedenpit\u00e4v\u00e4<\/strong>, joten ne sopivat erilaisiin tapahtumiin, mukaan lukien vesipuistoissa ja ulkoilmafestivaaleilla j\u00e4rjestett\u00e4viin. Niiden kest\u00e4v\u00e4t materiaalit varmistavat, ett\u00e4 ne s\u00e4ilytt\u00e4v\u00e4t toimivuuden my\u00f6s altistuessaan vedelle.<\/p>\n<h3>4. Voiko rannekkeita r\u00e4\u00e4t\u00e4l\u00f6id\u00e4?<\/h3>\n<p>T\u00e4ysin! RFID-rannekkeet voidaan r\u00e4\u00e4t\u00e4l\u00f6id\u00e4 t\u00e4ysin vastaamaan tuotemerkkitarpeitasi. Voit valita eri kokoja, v\u00e4rej\u00e4 ja painotekniikoita, kuten\u00a0<strong>CMYK-v\u00e4ripainatus<\/strong>,\u00a0<strong>UV-pistepainatus<\/strong>, ja metalliset viimeistelyt, kuten\u00a0<strong>hopea- tai kultafolio<\/strong>.<\/p>\n<h3>5. Kuinka kest\u00e4vi\u00e4 rannekkeet ovat?<\/h3>\n<p>Valmistettu yhdistelm\u00e4st\u00e4\u00a0<strong>kudottu polyesteri<\/strong>\u00a0ja\u00a0<strong>PVC<\/strong>, rannekkeet ovat kest\u00e4vi\u00e4 ja suunniteltu kest\u00e4m\u00e4\u00e4n vaihtelevia ymp\u00e4rist\u00f6olosuhteita, mukaan lukien l\u00e4mp\u00f6tila-alueet\u00a0<strong>-20\u00b0C - +80\u00b0C<\/strong>. Ne ovat my\u00f6s turvallisia, mik\u00e4 varmistaa, ett\u00e4 ne pysyv\u00e4t turvassa tapahtumien aikana.<\/p>","protected":false},"excerpt":{"rendered":"<p>Mukautetun logon vedenpit\u00e4v\u00e4t polyesterikudotut RFID NFC -rannekkeet yhdist\u00e4v\u00e4t kest\u00e4vyyden ja tyylikk\u00e4\u00e4n tuotemerkin, mik\u00e4 tekee niist\u00e4 ihanteellisia tapahtumiin ja turvalliseen kulunvalvontaan. Ne sopivat t\u00e4ydellisesti k\u00e4teismaksuttomiin tapahtumiin, sill\u00e4 ne parantavat k\u00e4ytt\u00f6kokemusta samalla kun mainostavat br\u00e4ndi\u00e4si.<\/p>","protected":false},"featured_media":3411,"template":"","meta":[],"product_brand":[],"product_cat":[50],"product_tag":[],"class_list":{"0":"post-3410","1":"product","2":"type-product","3":"status-publish","4":"has-post-thumbnail","6":"product_cat-silicone-rfid-nfc-wristbands","8":"first","9":"instock","10":"shipping-taxable","11":"product-type-simple"},"_links":{"self":[{"href":"https:\/\/nfc-readers.com\/fi\/wp-json\/wp\/v2\/product\/3410","targetHints":{"allow":["GET"]}}],"collection":[{"href":"https:\/\/nfc-readers.com\/fi\/wp-json\/wp\/v2\/product"}],"about":[{"href":"https:\/\/nfc-readers.com\/fi\/wp-json\/wp\/v2\/types\/product"}],"wp:featuredmedia":[{"embeddable":true,"href":"https:\/\/nfc-readers.com\/fi\/wp-json\/wp\/v2\/media\/3411"}],"wp:attachment":[{"href":"https:\/\/nfc-readers.com\/fi\/wp-json\/wp\/v2\/media?parent=3410"}],"wp:term":[{"taxonomy":"product_brand","embeddable":true,"href":"https:\/\/nfc-readers.com\/fi\/wp-json\/wp\/v2\/product_brand?post=3410"},{"taxonomy":"product_cat","embeddable":true,"href":"https:\/\/nfc-readers.com\/fi\/wp-json\/wp\/v2\/product_cat?post=3410"},{"taxonomy":"product_tag","embeddable":true,"href":"https:\/\/nfc-readers.com\/fi\/wp-json\/wp\/v2\/product_tag?post=3410"}],"curies":[{"name":"wp","href":"https:\/\/api.w.org\/{rel}","templated":true}]}}