{"id":3417,"date":"2024-11-03T03:26:02","date_gmt":"2024-11-03T03:26:02","guid":{"rendered":"https:\/\/nfc-readers.com\/?post_type=product&#038;p=3417"},"modified":"2024-11-03T03:26:03","modified_gmt":"2024-11-03T03:26:03","slug":"fabric-wrist-band-13-56mhz-nfc-bracelet-dispose-wristbands","status":"publish","type":"product","link":"https:\/\/nfc-readers.com\/fi\/ic-reader\/fabric-wrist-band-13-56mhz-nfc-bracelet-dispose-wristbands\/","title":{"rendered":"Kangas ranneke 13,56 MHz NFC rannekoru H\u00e4vit\u00e4 rannekkeet"},"content":{"rendered":"<h1 style=\"text-align: center;\"><strong>Kangas ranneke 13,56 MHz NFC rannekoru H\u00e4vit\u00e4 rannekkeet<\/strong><\/h1>\n<p>&nbsp;<\/p>\n<p>Nykyp\u00e4iv\u00e4n nopeatempoisessa maailmassa saumattoman hallinnan ja parannetun k\u00e4ytt\u00f6kokemuksen tarve on ensiarvoisen t\u00e4rke\u00e4\u00e4 erityisesti tapahtumissa, festivaaleissa ja paikoissa, joissa tehokas kulunvalvonta on ratkaisevan t\u00e4rke\u00e4\u00e4. Meid\u00e4n <strong>Kangas ranneke 13,56 MHz NFC rannekoru H\u00e4vit\u00e4 rannekkeet<\/strong>\u00a0tarjoavat ainutlaatuisen yhdistelm\u00e4n toimivuutta ja estetiikkaa, mik\u00e4 varmistaa, ett\u00e4 toimintasi sujuu sujuvasti ja tarjoaa vieraille ikimuistoisen kokemuksen. Ominaisuuksilla, kuten\u00a0<strong>kertak\u00e4ytt\u00f6inen<\/strong>,\u00a0<strong>v\u00e4rikk\u00e4it\u00e4 kuvioita<\/strong>, ja edistynyt\u00a0<strong>NFC<\/strong>\u00a0teknologian ansiosta n\u00e4m\u00e4 rannekkeet muuttavat pelin jokaiselle tapahtuman j\u00e4rjest\u00e4j\u00e4lle.<\/p>\n<p>&nbsp;<\/p>\n<h2>Miksi valita kangasrannekkeen NFC-rannekorut?<\/h2>\n<p>Mit\u00e4 tulee RFID- ja NFC-tuotteiden kirjossa navigointiin, kangasranneke 13,56 MHz NFC-rannekkeen hylk\u00e4ysranneke erottuu edukseen innovatiivisen suunnittelunsa ja kest\u00e4vien ominaisuuksiensa ansiosta.<\/p>\n<h3>Tuotteen kohokohdat:<\/h3>\n<ul>\n<li><strong>Helposti muokattavissa<\/strong>\u00a0vaihtoehdoilla logotulostus, viivakoodit ja QR-koodit.<\/li>\n<li><strong>Nopea kulunvalvonta<\/strong>\u00a0ja virtaviivaistetut toiminnot, jotka parantavat vieraiden kokemusta ja turvallisuutta.<\/li>\n<li><strong>Kest\u00e4v\u00e4 mutta mukava kangas<\/strong>\u00a0joka sopii t\u00e4ydellisesti koko p\u00e4iv\u00e4n k\u00e4ytett\u00e4v\u00e4ksi musiikkifestivaaleilla, vesipuistoissa tai yritystapahtumissa.<\/li>\n<\/ul>\n<p>N\u00e4m\u00e4 rannekkeet on suunniteltu tarjoamaan a\u00a0<strong>k\u00e4teisvapaa maksu<\/strong>\u00a0ratkaisu ja samalla varmistaa, ett\u00e4 tapahtumaj\u00e4rjest\u00e4j\u00e4t nauttivat mielenrauhasta tiet\u00e4en, ett\u00e4 heill\u00e4 on luotettavat keinot hallita kulunvalvontaa tehokkaasti.<\/p>\n<p>&nbsp;<\/p>\n<h2>Kangas-NFC-rannerenkaiden erikoisominaisuudet<\/h2>\n<p>Kun harkitaan\u00a0<strong>rfid-rannekkeet tapahtumiin<\/strong>,\u00a0<em>Kangas ranneke 13.56MHz NFC rannekoru<\/em>\u00a0tarjoaa monia erikoisominaisuuksia, jotka on suunniteltu parantamaan tehokkuutta ja parantamaan vieraiden kokemuksia.<\/p>\n<h3>V\u00e4rik\u00e4s, kertak\u00e4ytt\u00f6inen muotoilu<\/h3>\n<p>N\u00e4it\u00e4 rannekkeita on saatavilla useissa eloisissa v\u00e4reiss\u00e4, mik\u00e4 varmistaa, ett\u00e4 ne eiv\u00e4t vain palvele toiminnallista tarkoitusta, vaan my\u00f6s vastaavat br\u00e4ndisi esteettisi\u00e4 vaatimuksia. The\u00a0<strong>kertak\u00e4ytt\u00f6inen<\/strong>\u00a0ominaisuus lis\u00e4\u00e4 suojaustasoa, koska jokainen rannenauha on koodattu yksil\u00f6llisesti yht\u00e4 tapahtumaa varten, mik\u00e4 minimoi luvattoman k\u00e4yt\u00f6n riskin.<\/p>\n<h3>RFID- ja NFC-tiedonsiirtoliit\u00e4nn\u00e4t<\/h3>\n<p>N\u00e4m\u00e4 rannekkeet on suunniteltu uusimmalla tekniikalla\u00a0<strong>RFID<\/strong>\u00a0ja\u00a0<strong>NFC<\/strong>\u00a0viestint\u00e4rajapinnat nopean ja luotettavan vuorovaikutuksen varmistamiseksi RFID-lukijoiden kanssa. T\u00e4m\u00e4 ominaisuus helpottaa\u00a0<strong>l\u00e4himaksu<\/strong>\u00a0ja p\u00e4\u00e4synhallinta, mik\u00e4 virtaviivaistaa sis\u00e4\u00e4np\u00e4\u00e4syprosessia vieraille ja ty\u00f6ntekij\u00f6ille.<\/p>\n<p>&nbsp;<\/p>\n<h2>Usein kysyttyj\u00e4 kysymyksi\u00e4 NFC-tekniikasta<\/h2>\n<h3>Mik\u00e4 on NFC-tekniikka?<\/h3>\n<p>NFC tai Near Field Communication mahdollistaa laitteiden viestinn\u00e4n toistensa kanssa radioaaltojen kautta. Se mahdollistaa saumattoman tapahtuman ja tiedon jakamisen vain napauttamalla laitteita yhteen.<\/p>\n<h3>Ovatko n\u00e4m\u00e4 rannekkeet vedenpit\u00e4vi\u00e4?<\/h3>\n<p>NFC-rannekkeemme on suunniteltu vedenpit\u00e4viksi, joten ne sopivat vesipuistojen tapahtumiin tai ulkoilmafestivaaleihin.<\/p>\n<h3>Voinko mukauttaa rannekkeita?<\/h3>\n<p>Kyll\u00e4, r\u00e4\u00e4t\u00e4l\u00f6intivaihtoehtoja on saatavilla, mukaan lukien logotulostus, viivakoodit ja QR-kooditulostus sek\u00e4 rannekkeeseen ett\u00e4 korttiin.<\/p>","protected":false},"excerpt":{"rendered":"<p>The\u00a0<strong>Kangas ranneke 13.56MHz NFC rannekoru<\/strong>\u00a0on tyylik\u00e4s ja k\u00e4yt\u00e4nn\u00f6llinen ratkaisu tapahtumanhallintaan, joka tarjoaa saumattoman kulunvalvonnan ja k\u00e4teisvapaan maksukyvyn. N\u00e4m\u00e4 kertak\u00e4ytt\u00f6\u00f6n suunnitellut eloisat rannekkeet parantavat vieraiden kokemusta ja varmistavat turvallisuuden ja tehokkuuden kaikissa tapahtumissa.<\/p>","protected":false},"featured_media":3424,"template":"","meta":[],"product_brand":[],"product_cat":[50],"product_tag":[],"class_list":{"0":"post-3417","1":"product","2":"type-product","3":"status-publish","4":"has-post-thumbnail","6":"product_cat-silicone-rfid-nfc-wristbands","8":"first","9":"instock","10":"shipping-taxable","11":"product-type-simple"},"_links":{"self":[{"href":"https:\/\/nfc-readers.com\/fi\/wp-json\/wp\/v2\/product\/3417","targetHints":{"allow":["GET"]}}],"collection":[{"href":"https:\/\/nfc-readers.com\/fi\/wp-json\/wp\/v2\/product"}],"about":[{"href":"https:\/\/nfc-readers.com\/fi\/wp-json\/wp\/v2\/types\/product"}],"wp:featuredmedia":[{"embeddable":true,"href":"https:\/\/nfc-readers.com\/fi\/wp-json\/wp\/v2\/media\/3424"}],"wp:attachment":[{"href":"https:\/\/nfc-readers.com\/fi\/wp-json\/wp\/v2\/media?parent=3417"}],"wp:term":[{"taxonomy":"product_brand","embeddable":true,"href":"https:\/\/nfc-readers.com\/fi\/wp-json\/wp\/v2\/product_brand?post=3417"},{"taxonomy":"product_cat","embeddable":true,"href":"https:\/\/nfc-readers.com\/fi\/wp-json\/wp\/v2\/product_cat?post=3417"},{"taxonomy":"product_tag","embeddable":true,"href":"https:\/\/nfc-readers.com\/fi\/wp-json\/wp\/v2\/product_tag?post=3417"}],"curies":[{"name":"wp","href":"https:\/\/api.w.org\/{rel}","templated":true}]}}