{"id":3430,"date":"2024-11-03T03:39:41","date_gmt":"2024-11-03T03:39:41","guid":{"rendered":"https:\/\/nfc-readers.com\/?post_type=product&#038;p=3430"},"modified":"2024-11-03T03:39:42","modified_gmt":"2024-11-03T03:39:42","slug":"waterproof-passive-nfc-rfid-silicone-wristband","status":"publish","type":"product","link":"https:\/\/nfc-readers.com\/fi\/ic-reader\/waterproof-passive-nfc-rfid-silicone-wristband\/","title":{"rendered":"Vedenpit\u00e4v\u00e4 passiivinen NFC RFID silikoniranneke"},"content":{"rendered":"<h1 style=\"text-align: center;\"><strong>Vedenpit\u00e4v\u00e4 passiivinen NFC RFID silikoniranneke<\/strong><\/h1>\n<p>&nbsp;<\/p>\n<p>Aikakaudella, jolloin teknologia ja k\u00e4yt\u00e4nn\u00f6llisyys kietoutuvat saumattomasti yhteen <strong>Vedenpit\u00e4v\u00e4 passiivinen NFC RFID silikoniranneke<\/strong>\u00a0erottuu poikkeuksellisesta lis\u00e4varusteesta. T\u00e4m\u00e4 innovatiivinen ranneke on suunniteltu vastaamaan k\u00e4ytt\u00e4jien dynaamisiin tarpeisiin tarjoamalla vertaansa vailla olevaa mukavuutta ja turvallisuutta erilaisiin sovelluksiin, kuten tapahtumiin, kulunvalvontaan ja k\u00e4teisvapaisiin tapahtumiin. J\u00e4rjest\u00e4tk\u00f6 vaikuttavan festivaalin, py\u00f6rit\u00e4t kuntosalia tai vesipuistoa, t\u00e4m\u00e4 ranneke tarjoaa vedenpit\u00e4v\u00e4n ratkaisun toimintojen virtaviivaistamiseen ja k\u00e4ytt\u00f6kokemuksen parantamiseen.<\/p>\n<p>Mutta mik\u00e4 tekee vedenpit\u00e4v\u00e4st\u00e4 passiivisesta NFC RFID -silikonirannekkeesta investoinnin arvoisen? No, se tarjoaa paitsi k\u00e4yt\u00e4nn\u00f6llisi\u00e4 etuja, kuten vedenkest\u00e4vyyden ja kest\u00e4vyyden, my\u00f6s muokattavan muotoilun, joka varmistaa, ett\u00e4 br\u00e4ndisi erottuu joukosta. Se pystyy tukemaan k\u00e4teismaksuja ja kulunvalvontaa, joten se on tehokas ty\u00f6kalu niin tapahtumien j\u00e4rjest\u00e4jille kuin yrityksillekin. Tutustutaanpa syvemm\u00e4lle t\u00e4m\u00e4n merkitt\u00e4v\u00e4n tuotteen ominaisuuksiin ja etuihin.<\/p>\n<p>&nbsp;<\/p>\n<h2>Verraton kest\u00e4vyys ja vedenpit\u00e4v\u00e4t ominaisuudet<\/h2>\n<p>Yksi erottuvista ominaisuuksista\u00a0<strong>Vedenpit\u00e4v\u00e4 passiivinen NFC RFID silikoniranneke<\/strong>\u00a0on sen huomattava kest\u00e4vyys. T\u00e4m\u00e4 korkealaatuisesta silikonista valmistettu ranneke on\u00a0<strong>vedenpit\u00e4v\u00e4<\/strong>,\u00a0<strong>s\u00e4\u00e4nkest\u00e4v\u00e4<\/strong>, ja\u00a0<strong>kosteudenkest\u00e4v\u00e4<\/strong>, joten se sopii erilaisiin ymp\u00e4rist\u00f6ihin ja olosuhteisiin. Satoi tai paistoi, t\u00e4m\u00e4 ranneke ei vaurioidu helposti, joten vieraasi tai osallistujasi voivat nauttia kokemuksestaan murehtimatta kulumisesta.<\/p>\n<p>The\u00a0<strong>silikoni<\/strong>\u00a0materiaali ei vain takaa pitk\u00e4ik\u00e4isyytt\u00e4, vaan on my\u00f6s mukava ihoa vasten, joten se sopii t\u00e4ydellisesti sek\u00e4 arkivaatteisiin ett\u00e4 aktiivisiin tilanteisiin, kuten festivaaleihin tai urheilutapahtumiin. T\u00e4m\u00e4 kest\u00e4vyys tarkoittaa, ett\u00e4 sinun ei tarvitse vaihtaa rannekkeita usein, mik\u00e4 merkitsee merkitt\u00e4vi\u00e4 kustannuss\u00e4\u00e4st\u00f6j\u00e4 ajan my\u00f6t\u00e4.<\/p>\n<p>Lis\u00e4ksi silikonin ominaisuudet tekev\u00e4t siit\u00e4 kest\u00e4v\u00e4n kovia elementtej\u00e4, mik\u00e4 mahdollistaa sen altistumisen vesipuistoille, kylpyl\u00f6ille, kuntosaleille ja erilaisille ulkoilmatapahtumille. Siksi k\u00e4ytt\u00e4j\u00e4t voivat itsevarmasti k\u00e4ytt\u00e4\u00e4 t\u00e4t\u00e4 rannenauhaa tiet\u00e4en, ett\u00e4 se selvi\u00e4\u00e4 vaativista toiminnoista tinkim\u00e4tt\u00e4 toimivuudesta.<\/p>\n<h2>Monipuolinen tiedonsiirtoliittym\u00e4<\/h2>\n<p>Hy\u00f6dynt\u00e4m\u00e4ll\u00e4\u00a0<strong>NFC-tekniikka<\/strong>, Waterproof Passive NFC RFID Silicone Wristband tarjoaa saumattoman tiedonsiirtoliittym\u00e4n, joka parantaa k\u00e4ytt\u00f6kokemusta. Toimii taajuudella\u00a0<strong>13,56 MHz<\/strong>, t\u00e4m\u00e4 ranneke on optimoitu nopeaa ja luotettavaa vuorovaikutusta varten.<\/p>\n<p>NFC-tekniikka mahdollistaa\u00a0<strong>l\u00e4himaksut<\/strong>, joten se on t\u00e4ydellinen ratkaisu tapahtumaj\u00e4rjest\u00e4jille, jotka haluavat virtaviivaistaa prosesseja. Vieraat voivat helposti napauttaa rannekettaan myyntipisteiss\u00e4 ilman k\u00e4teist\u00e4 tai kortteja sekaisin, mik\u00e4 lyhent\u00e4\u00e4 odotusaikoja ja parantaa tapahtumien kokonaiskulkua. T\u00e4m\u00e4\u00a0<strong>l\u00e4himaksu<\/strong>\u00a0toiminto ei vain lis\u00e4\u00e4 k\u00e4ytt\u00e4jien mukavuutta, vaan my\u00f6s parantaa myyjien ja tapahtumahenkil\u00f6kunnan tehokkuutta.<\/p>\n<p>Lis\u00e4ksi NFC-yhteensopivat rannekkeet ovat siunaus kulunvalvonnassa. Voit my\u00f6nt\u00e4\u00e4 tai rajoittaa p\u00e4\u00e4sy\u00e4 tietyille alueille skannaamalla ranneke RFID-lukijalla, mik\u00e4 varmistaa sujuvan ja turvallisen p\u00e4\u00e4syn VIP-alueille, kulissien taakse tai muille rajoitetuille alueille.<\/p>\n<h2>Innovatiiviset mukautusvaihtoehdot<\/h2>\n<p>Muokattavuus on vedenpit\u00e4v\u00e4n passiivisen NFC RFID -silikonirannekkeen t\u00e4rke\u00e4 ominaisuus. Vaihtoehtoineen\u00a0<strong>mukautettuja logoja<\/strong>\u00a0ja erilaisia painotekniikoita, kuten\u00a0<strong>silkkipainatus<\/strong>,\u00a0<strong>kohokuviointi<\/strong>, ja\u00a0<strong>laserkaiverrus<\/strong>, yritykset voivat luoda ainutlaatuisen identiteetin, joka resonoi heid\u00e4n br\u00e4ndins\u00e4 kanssa.<\/p>\n<p>R\u00e4\u00e4t\u00e4l\u00f6inti ulottuu kokoon, v\u00e4reihin ja malleihin, jolloin yritykset voivat r\u00e4\u00e4t\u00e4l\u00f6id\u00e4 rannekkeet tapahtumateemoja tai br\u00e4ndin estetiikkaa vastaaviksi. T\u00e4m\u00e4 henkil\u00f6kohtainen kosketus ei ainoastaan lis\u00e4\u00e4 br\u00e4ndin n\u00e4kyvyytt\u00e4, vaan voi my\u00f6s lis\u00e4t\u00e4 osallistujien sitoutumista ikimuistoisten kokemusten kautta. Kuvittele saapuvasi festivaaleille, joissa jokaisessa rannekkeessa on ainutlaatuinen logo tai kuvio, joka edustaa tapahtuman teemaa \u2013 t\u00e4m\u00e4 n\u00e4k\u00f6kohta edist\u00e4\u00e4 merkitt\u00e4v\u00e4sti yleist\u00e4 tunnelmaa ja nautintoa.<\/p>\n<p>Lis\u00e4ksi kyky sis\u00e4llytt\u00e4\u00e4 QR-koodeja voi my\u00f6s avata mahdollisuuksia parempaan vuorovaikutukseen. Osallistujat voivat skannata rannekkeensa n\u00e4hd\u00e4kseen aikataulut, osallistuakseen kilpailuihin tai jopa hakeakseen yhteystietoja, mik\u00e4 parantaa heid\u00e4n yleist\u00e4 kokemustaan tapahtumasta.<\/p>\n<h2>Turvallisuus ja kulunvalvontaominaisuudet<\/h2>\n<p>Turvallisuus on ensiarvoisen t\u00e4rke\u00e4\u00e4 kaikissa tapahtumissa tai liiketoimissa, ja vedenpit\u00e4v\u00e4 passiivinen NFC RFID -silikoninen ranneke vastaa t\u00e4h\u00e4n tarpeeseen tehokkaasti. Sis\u00e4llytt\u00e4m\u00e4ll\u00e4 edistyneet\u00a0<strong>RFID-tekniikka<\/strong>, n\u00e4m\u00e4 rannekkeet tarjoavat a\u00a0<strong>peukaloinnin kest\u00e4v\u00e4<\/strong>\u00a0kulunvalvontakeino, joka lis\u00e4\u00e4 merkitt\u00e4v\u00e4sti tapahtumien turvatasoa.<\/p>\n<p>Integroidulla\u00a0<strong>MIFARE DESfire EV3 -sirutekniikka<\/strong>, k\u00e4ytt\u00e4j\u00e4t hy\u00f6tyv\u00e4t suojatusta tiedonsiirrosta, mik\u00e4 varmistaa, ett\u00e4 rannekkeen sis\u00e4lt\u00e4m\u00e4t tiedot pysyv\u00e4t suojattuna. T\u00e4m\u00e4 siru ei tue vain salaustekniikoita, mik\u00e4 tarjoaa useita suojauskerroksia, vaan takaa my\u00f6s nopean tiedonsiirron, parantaa k\u00e4ytt\u00f6kokemusta ja v\u00e4hent\u00e4\u00e4 viiveit\u00e4.<\/p>\n<p>Lis\u00e4ksi RFID-rannekkeet voidaan ohjelmoida erityisi\u00e4 k\u00e4ytt\u00f6oikeuksia varten, mik\u00e4 varmistaa, ett\u00e4 vain valtuutetut henkil\u00f6t p\u00e4\u00e4sev\u00e4t tietyille alueille. T\u00e4m\u00e4 ominaisuus on erityisen hy\u00f6dyllinen suurissa tapahtumissa, joissa yleis\u00f6n hallinta on kriittist\u00e4 sek\u00e4 turvallisuuden ett\u00e4 toiminnan tehokkuuden kannalta.<\/p>\n<p>&nbsp;<\/p>\n<h2>Tekniset tiedot ja mitat<\/h2>\n<table class=\"w-fit !mb-0 !max-w-none\" style=\"height: 133px;\" width=\"407\">\n<thead>\n<tr>\n<th>Erittely<\/th>\n<th>Yksityiskohdat<\/th>\n<\/tr>\n<\/thead>\n<tbody>\n<tr>\n<td><strong>Materiaali<\/strong><\/td>\n<td>Silikoni<\/td>\n<\/tr>\n<tr>\n<td><strong>Koko<\/strong><\/td>\n<td>238 x 13 mm<\/td>\n<\/tr>\n<tr>\n<td><strong>Paksuus<\/strong><\/td>\n<td>3 mm<\/td>\n<\/tr>\n<tr>\n<td><strong>Sirun tyyppi<\/strong><\/td>\n<td>MIFARE DESfire EV3<\/td>\n<\/tr>\n<\/tbody>\n<\/table>\n<p>&nbsp;<\/p>\n<h2>Usein kysytyt kysymykset (FAQ)<\/h2>\n<p>T\u00e4ss\u00e4 on joitain yleisi\u00e4 kysymyksi\u00e4 liittyen\u00a0<strong>Vedenpit\u00e4v\u00e4 passiivinen NFC RFID silikoniranneke<\/strong>ja heid\u00e4n vastauksensa, jotka auttavat sinua tekem\u00e4\u00e4n tietoon perustuvan p\u00e4\u00e4t\u00f6ksen.<\/p>\n<h3>1.\u00a0<strong>Mik\u00e4 on NFC-tekniikka ja miten se toimii rannekkeen kanssa?<\/strong><\/h3>\n<p>NFC (Near Field Communication) on joukko viestint\u00e4protokollia, jonka avulla kaksi elektronista laitetta, tyypillisesti \u00e4lypuhelin ja lukija, voivat kommunikoida lyhyill\u00e4 et\u00e4isyyksill\u00e4 \u2013 yleens\u00e4 alle 4 tuumaa. Ranneke sis\u00e4lt\u00e4\u00e4 upotetun NFC-sirun, joka voi v\u00e4litt\u00e4\u00e4 tietoa, kun se asetetaan l\u00e4helle NFC-lukijaa, mik\u00e4 mahdollistaa toiminnot, kuten l\u00e4himaksut, kulunvalvonnan ja tietojen jakamisen.<\/p>\n<h3>2.\u00a0<strong>Sopiiko ranneke veteen liittyviin aktiviteetteihin?<\/strong><\/h3>\n<p>T\u00e4ysin! Vedenpit\u00e4v\u00e4 Passiivinen NFC RFID silikoniranneke on suunniteltu\u00a0<strong>vedenpit\u00e4v\u00e4<\/strong>\u00a0ja\u00a0<strong>s\u00e4\u00e4nkest\u00e4v\u00e4<\/strong>. T\u00e4m\u00e4 tekee siit\u00e4 ihanteellisen k\u00e4ytett\u00e4v\u00e4ksi erilaisissa veteen liittyviss\u00e4 ymp\u00e4rist\u00f6iss\u00e4, kuten vesipuistoissa, uima-altaissa ja kylpyl\u00f6iss\u00e4.<\/p>\n<h3>3.\u00a0<strong>Voinko mukauttaa rannekkeita logollani tai kuviollani?<\/strong><\/h3>\n<p>Kyll\u00e4, mukautusvaihtoehtoja on saatavilla! Voit tilata rannekkeita yrityksesi logolla ja valita useista painotekniikoista, kuten silkkipainatuksen, kohokuvioinnin tai laserkaiverruksen, luodaksesi br\u00e4ndi-identiteetti\u00e4si t\u00e4ydent\u00e4v\u00e4n rannekkeen.<\/p>\n<h3>4.\u00a0<strong>Kauanko ranneke kest\u00e4\u00e4?<\/strong><\/h3>\n<p>Ranneke on valmistettu korkealaatuisesta silikonista, joka tarjoaa erinomaisen kest\u00e4vyyden ja kulutuskest\u00e4vyyden my\u00f6s vaikeissa olosuhteissa. Asianmukaisella hoidolla ne voivat kest\u00e4\u00e4 useaan k\u00e4ytt\u00f6\u00f6n, varsinkin jos niit\u00e4 k\u00e4ytet\u00e4\u00e4n valvotuissa ymp\u00e4rist\u00f6iss\u00e4.<\/p>\n<h3>5.\u00a0<strong>Voiko ranneketta k\u00e4ytt\u00e4\u00e4 uudelleen?<\/strong><\/h3>\n<p>Ranneke on kest\u00e4v\u00e4, mutta se on tarkoitettu ensisijaisesti yksitt\u00e4isiin tapahtumiin, kuten festivaaleihin tai konsertteihin. Niit\u00e4 voidaan kuitenkin k\u00e4ytt\u00e4\u00e4 uudelleen eri skenaarioissa, kunhan ne eiv\u00e4t ole vaurioituneet tai merkitty k\u00e4ytetyiksi.<\/p>","protected":false},"excerpt":{"rendered":"<div class=\"chat-list relative custom-scrollbar-reset-margin custom-scrollbar custom-scrollbar-hidden custom-scrollbar-float pb-9 flex-1 overflow-y-auto\">\n<div class=\"mx-auto max-w-[790px]\">\n<div class=\"message-item-outer relative px-4 mb-2\" data-id=\"d5e57210-2b0a-4a51-8aa4-f3908258a790\">\n<div class=\"content-area pl-[0px]\">\n<div class=\"message-item select-text relative\">\n<div class=\"message-inner relative\">\n<div class=\"py-[2px]\">\n<div class=\"flex flex-col gap-2\">\n<div class=\"answer-markdown-box overflow-x-auto select-text custom-scrollbar\">\n<div class=\"markdown-body\"><\/div>\n<\/div>\n<\/div>\n<\/div>\n<\/div>\n<\/div>\n<\/div>\n<\/div>\n<\/div>\n<\/div>\n<div>\n<div class=\"input-box relative max-w-[790px] mx-auto\">\n<div class=\"chat-input-box relative bg-grey-layer2-normal px-3 max-w-[790px] mx-auto pb-1\">\n<div class=\"main-input-area\">\n<div class=\"chat-input-top-bar gap-2 py-2 flex justify-start items-center\">\n<div class=\"flex gap-[6px] min-w-[90px] max-w-[calc(100%-40px)]\">\n<div class=\"flex gap-0\">\n<div class=\"relative\">\n<div class=\"topbar-btn h-[30px] w-[30px] flex overflow-hidden text-text-primary-1 items-center justify-center text-xs leading-4 rounded-lg model-btn model-btn-no-bg\" role=\"button\">Vedenpit\u00e4v\u00e4 passiivinen NFC RFID -silikoninen ranneke tarjoaa luotettavan, kest\u00e4v\u00e4n ratkaisun turvalliseen kulunvalvontaan ja k\u00e4teisvapaisiin asioihin kaikissa tapahtumissa. Ihanteellinen festivaaleille, kuntosaleille ja vesipuistoille, se tarjoaa mukavuutta ja mukavuutta tyylikk\u00e4\u00e4ll\u00e4 muotoilulla.<\/div>\n<\/div>\n<\/div>\n<\/div>\n<\/div>\n<\/div>\n<\/div>\n<\/div>\n<\/div>","protected":false},"featured_media":3431,"template":"","meta":[],"product_brand":[],"product_cat":[50],"product_tag":[],"class_list":{"0":"post-3430","1":"product","2":"type-product","3":"status-publish","4":"has-post-thumbnail","6":"product_cat-silicone-rfid-nfc-wristbands","8":"first","9":"instock","10":"shipping-taxable","11":"product-type-simple"},"_links":{"self":[{"href":"https:\/\/nfc-readers.com\/fi\/wp-json\/wp\/v2\/product\/3430","targetHints":{"allow":["GET"]}}],"collection":[{"href":"https:\/\/nfc-readers.com\/fi\/wp-json\/wp\/v2\/product"}],"about":[{"href":"https:\/\/nfc-readers.com\/fi\/wp-json\/wp\/v2\/types\/product"}],"wp:featuredmedia":[{"embeddable":true,"href":"https:\/\/nfc-readers.com\/fi\/wp-json\/wp\/v2\/media\/3431"}],"wp:attachment":[{"href":"https:\/\/nfc-readers.com\/fi\/wp-json\/wp\/v2\/media?parent=3430"}],"wp:term":[{"taxonomy":"product_brand","embeddable":true,"href":"https:\/\/nfc-readers.com\/fi\/wp-json\/wp\/v2\/product_brand?post=3430"},{"taxonomy":"product_cat","embeddable":true,"href":"https:\/\/nfc-readers.com\/fi\/wp-json\/wp\/v2\/product_cat?post=3430"},{"taxonomy":"product_tag","embeddable":true,"href":"https:\/\/nfc-readers.com\/fi\/wp-json\/wp\/v2\/product_tag?post=3430"}],"curies":[{"name":"wp","href":"https:\/\/api.w.org\/{rel}","templated":true}]}}