{"id":3437,"date":"2024-11-03T04:49:53","date_gmt":"2024-11-03T04:49:53","guid":{"rendered":"https:\/\/nfc-readers.com\/?post_type=product&#038;p=3437"},"modified":"2024-11-05T10:39:50","modified_gmt":"2024-11-05T10:39:50","slug":"disposable-hf-uhf-rfid-nfc-wristband-for-event-ticket","status":"publish","type":"product","link":"https:\/\/nfc-readers.com\/fi\/ic-reader\/disposable-hf-uhf-rfid-nfc-wristband-for-event-ticket\/","title":{"rendered":"Kertak\u00e4ytt\u00f6inen HF rfid NFC -ranneke tapahtumalippua varten"},"content":{"rendered":"<h1 style=\"text-align: center;\"><strong>Kertak\u00e4ytt\u00f6inen HF rfid NFC -ranneke tapahtumalippua varten<\/strong><\/h1>\n<p>&nbsp;<\/p>\n<p>Nykyp\u00e4iv\u00e4n nopeatempoisessa maailmassa tapahtumien j\u00e4rjest\u00e4jien on pysytt\u00e4v\u00e4 viimeisimm\u00e4n teknologian mukana tarjotakseen osallistujilleen unohtumattoman kokemuksen. Yksi tehokkaimmista tavoista saavuttaa t\u00e4m\u00e4 on l\u00e4pi <strong>Kertak\u00e4ytt\u00f6iset HF RFID NFC -rannekkeet<\/strong>. N\u00e4m\u00e4 innovatiiviset rannekkeet mullistavat tapahtumien hallinnan, parantavat turvallisuutta, yksinkertaistavat kulunvalvontaa ja edist\u00e4v\u00e4t k\u00e4teismaksuja. Olipa kyseess\u00e4 musiikkifestivaali, vesipuisto tai yritystapahtuma, n\u00e4m\u00e4 rannekkeet takaavat saumattoman kokemuksen sek\u00e4 vieraille ett\u00e4 j\u00e4rjest\u00e4jille.<\/p>\n<p>&nbsp;<\/p>\n<h3><strong>Miksi valita kertak\u00e4ytt\u00f6iset RFID\/NFC-rannekkeet?<\/strong><\/h3>\n<p>The\u00a0<strong>Kertak\u00e4ytt\u00f6inen HF RFID NFC -ranneke<\/strong>\u00a0on suunniteltu erityisesti tapahtumia varten, ja siin\u00e4 yhdistyv\u00e4t mukavuus ja huipputeknologia. T\u00e4st\u00e4 syyst\u00e4 n\u00e4ihin rannekkeisiin sijoittaminen on jokaisen pennin arvoinen:<\/p>\n<ol>\n<li><strong>Parannettu suojaus:<\/strong>\u00a0Rannekkeet hy\u00f6dynt\u00e4v\u00e4t RFID-tekniikkaa turvallisten sis\u00e4\u00e4np\u00e4\u00e4syratkaisujen tarjoamiseksi, mik\u00e4 v\u00e4hent\u00e4\u00e4 merkitt\u00e4v\u00e4sti luvattoman k\u00e4yt\u00f6n riski\u00e4. Kest\u00e4v\u00e4 materiaali ja muotoilu takaavat, ett\u00e4 ne ovat turvallisia.<\/li>\n<li><strong>Rahattomat ratkaisut:<\/strong>\u00a0Kuluttajien kasvavat mieltymykset k\u00e4teismaksuihin, joten n\u00e4m\u00e4 rannekkeet voidaan integroida maksunk\u00e4sittelyj\u00e4rjestelmiin, jolloin osallistujat voivat tehd\u00e4 ostoksia nopeasti ja vaivattomasti. T\u00e4m\u00e4 virtaviivaistaa kaupank\u00e4ynti\u00e4 tapahtumien aikana ja parantaa vieraiden kokemusta.<\/li>\n<li><strong>Mukavuus ja k\u00e4ytt\u00e4j\u00e4yst\u00e4v\u00e4llinen:<\/strong>\u00a0Osallistujat voivat yksinkertaisesti skannata rannekkeita sis\u00e4\u00e4np\u00e4\u00e4sy\u00e4 ja ostoksia varten, mik\u00e4 lyhent\u00e4\u00e4 odotusaikoja ja tekee kokemuksestaan nautinnollisempaa.<\/li>\n<li><strong>R\u00e4\u00e4t\u00e4l\u00f6inti:<\/strong>\u00a0Br\u00e4ndeill\u00e4 on mahdollisuus muokata jokaista ranneketta logoilla, tapahtumatiedoilla ja QR-koodeilla, mik\u00e4 mahdollistaa tehokkaan br\u00e4nd\u00e4yksen ja markkinoinnin.<\/li>\n<li><strong>Kustannustehokas:<\/strong>\u00a0Koska n\u00e4m\u00e4 rannekkeet ovat kertak\u00e4ytt\u00f6isi\u00e4, ne tarjoavat taloudellisen valinnan tinkim\u00e4tt\u00e4 laadusta tai turvallisuudesta.<\/li>\n<\/ol>\n<p>Tutustutaanpa nyt syvemm\u00e4lle laitteidemme ominaisuuksiin\u00a0<strong>Kertak\u00e4ytt\u00f6inen HF RFID NFC -ranneke tapahtumalippuihin<\/strong>.<\/p>\n<p>&nbsp;<\/p>\n<h3><strong>Tekniset tiedot<\/strong><\/h3>\n<table class=\"w-fit !mb-0 !max-w-none\">\n<thead>\n<tr>\n<th>Ominaisuus<\/th>\n<th>Erittely<\/th>\n<\/tr>\n<\/thead>\n<tbody>\n<tr>\n<td>Tuotemerkki<\/td>\n<td>SXNFC<\/td>\n<\/tr>\n<tr>\n<td>Alkuper\u00e4paikka<\/td>\n<td>Guangdong, Kiina<\/td>\n<\/tr>\n<tr>\n<td>Taajuus<\/td>\n<td>13,56 MHz<\/td>\n<\/tr>\n<tr>\n<td>p\u00f6yt\u00e4kirja<\/td>\n<td>ISO14443A<\/td>\n<\/tr>\n<tr>\n<td>Sirun tyyppi<\/td>\n<td>NFC-siru\/HF<\/td>\n<\/tr>\n<tr>\n<td>K\u00e4ytt\u00f6<\/td>\n<td>Tapahtumaliput, kulunvalvonta, k\u00e4teismaksu<\/td>\n<\/tr>\n<tr>\n<td>Materiaali<\/td>\n<td>Dupont paperi<\/td>\n<\/tr>\n<tr>\n<td>Koko<\/td>\n<td>250 * 19,5 mm<\/td>\n<\/tr>\n<tr>\n<td>Tulostus<\/td>\n<td>T\u00e4ysv\u00e4rinen offsetpainatus<\/td>\n<\/tr>\n<\/tbody>\n<\/table>\n<p>&nbsp;<\/p>\n<h3><strong>Usein kysytyt kysymykset (FAQ)<\/strong><\/h3>\n<p><strong>Q1: Kuinka voin mukauttaa rannekkeet?<\/strong><br \/>\nV: Mukautuksia voidaan pyyt\u00e4\u00e4 tilausprosessin aikana. Voit m\u00e4\u00e4ritt\u00e4\u00e4 mallin, logon, QR-koodit tai sarjanumerot.<\/p>\n<p><strong>Q2: Ovatko rannekkeet vedenpit\u00e4vi\u00e4?<\/strong><br \/>\nV: Kyll\u00e4,\u00a0<strong>Dupont paperi<\/strong>\u00a0valmistuksessa k\u00e4ytetty materiaali on vedenkest\u00e4v\u00e4\u00e4, mik\u00e4 varmistaa, ett\u00e4 ne kest\u00e4v\u00e4t erilaisia tapahtumaolosuhteita.<\/p>\n<p><strong>Q3: Voidaanko rannekkeita k\u00e4ytt\u00e4\u00e4 uudelleen?<\/strong><br \/>\nV: N\u00e4m\u00e4 rannekkeet on suunniteltu vain kertak\u00e4ytt\u00f6isiksi; ne takaavat maksimaalisen turvallisuuden ja peukaloinnin eston koko tapahtuman ajan.<\/p>\n<p>&nbsp;<\/p>\n<h3><strong>V\u00e4hent\u00e4m\u00e4ll\u00e4 j\u00e4tett\u00e4: ymp\u00e4rist\u00f6vastuullisia ratkaisuja<\/strong><\/h3>\n<p>Etsiess\u00e4mme innovatiivisia ratkaisuja olemme tietoisia my\u00f6s ymp\u00e4rist\u00f6vaikutuksistamme. The\u00a0<strong>Kertak\u00e4ytt\u00f6inen HF UHF RFID NFC -ranneke<\/strong>\u00a0tukee ekologista kest\u00e4vyytt\u00e4 seuraavilla tavoilla:<\/p>\n<ul>\n<li><strong>Kertak\u00e4ytt\u00f6inen muotoilu:<\/strong>\u00a0Kuten a\u00a0<strong>kertak\u00e4ytt\u00f6inen ranneke<\/strong>, poistat palautusprosessien ja pesun tarpeen, mik\u00e4 s\u00e4\u00e4st\u00e4\u00e4 resursseja ja energiaa.<\/li>\n<li><strong>Materiaalin huomioiminen:<\/strong>\u00a0K\u00e4ytt\u00e4m\u00e4ll\u00e4\u00a0<strong>Dupont paperi<\/strong>, joka tunnetaan kierr\u00e4tett\u00e4vyydest\u00e4\u00e4n, v\u00e4hent\u00e4\u00e4 osaltaan tapahtumatarvikkeisiin liittyv\u00e4\u00e4 hiilijalanj\u00e4lke\u00e4.<\/li>\n<\/ul>","protected":false},"excerpt":{"rendered":"<p>Tapahtumalippujen kertak\u00e4ytt\u00f6inen HF RFID NFC -ranneke tarjoaa turvallisen ja tehokkaan tavan hallita kulunvalvontaa miss\u00e4 tahansa tapahtumassa. Sen muokattavissa oleva muotoilu varmistaa saumattoman osallistujakokemuksen samalla kun mahdollistaa k\u00e4teisvapaan maksun ja parannetut turvatoimenpiteet.<\/p>","protected":false},"featured_media":3438,"template":"","meta":[],"product_brand":[],"product_cat":[50],"product_tag":[],"class_list":{"0":"post-3437","1":"product","2":"type-product","3":"status-publish","4":"has-post-thumbnail","6":"product_cat-silicone-rfid-nfc-wristbands","8":"first","9":"instock","10":"shipping-taxable","11":"product-type-simple"},"_links":{"self":[{"href":"https:\/\/nfc-readers.com\/fi\/wp-json\/wp\/v2\/product\/3437","targetHints":{"allow":["GET"]}}],"collection":[{"href":"https:\/\/nfc-readers.com\/fi\/wp-json\/wp\/v2\/product"}],"about":[{"href":"https:\/\/nfc-readers.com\/fi\/wp-json\/wp\/v2\/types\/product"}],"wp:featuredmedia":[{"embeddable":true,"href":"https:\/\/nfc-readers.com\/fi\/wp-json\/wp\/v2\/media\/3438"}],"wp:attachment":[{"href":"https:\/\/nfc-readers.com\/fi\/wp-json\/wp\/v2\/media?parent=3437"}],"wp:term":[{"taxonomy":"product_brand","embeddable":true,"href":"https:\/\/nfc-readers.com\/fi\/wp-json\/wp\/v2\/product_brand?post=3437"},{"taxonomy":"product_cat","embeddable":true,"href":"https:\/\/nfc-readers.com\/fi\/wp-json\/wp\/v2\/product_cat?post=3437"},{"taxonomy":"product_tag","embeddable":true,"href":"https:\/\/nfc-readers.com\/fi\/wp-json\/wp\/v2\/product_tag?post=3437"}],"curies":[{"name":"wp","href":"https:\/\/api.w.org\/{rel}","templated":true}]}}