{"id":3444,"date":"2024-11-03T06:44:10","date_gmt":"2024-11-03T06:44:10","guid":{"rendered":"https:\/\/nfc-readers.com\/?post_type=product&#038;p=3444"},"modified":"2024-11-04T08:51:14","modified_gmt":"2024-11-04T08:51:14","slug":"custom-fm1208-8k-memory-smart-campus-card","status":"publish","type":"product","link":"https:\/\/nfc-readers.com\/fi\/ic-reader\/custom-fm1208-8k-memory-smart-campus-card\/","title":{"rendered":"Mukautettu FM1208 8k muisti \u00e4lyk\u00e4s kampuskortti"},"content":{"rendered":"<h1><span style=\"color: #000080;\"><strong>Mukautettu FM1208 8k muisti \u00e4lyk\u00e4s kampuskortti<\/strong><\/span><\/h1>\n<p><span style=\"color: #666699;\">Kulunvalvontaratkaisujen tulevaisuus Yh\u00e4 digitaalisemmassa maailmassa saumaton kulunvalvonta on t\u00e4rke\u00e4mp\u00e4\u00e4 kuin koskaan. The <strong>Mukautettu FM12088K-muisti Smart Campus -kortti<\/strong>\u00a0on suunniteltu nykyaikaisille oppilaitoksille, jotka etsiv\u00e4t turvallisia ja tehokkaita tapoja hallita p\u00e4\u00e4sy\u00e4, tunnistamista ja tapahtumia kampuksella. 8K-muistin, RFID- ja NFC-viestint\u00e4ominaisuuksien ja vankan rakenteen ansiosta t\u00e4m\u00e4 kortti erottuu keskeisest\u00e4 ratkaisusta oppilaitoksille, yrityksille ja organisaatioille. T\u00e4m\u00e4 tuote tarjoaa lukuisia etuja, jotka tekev\u00e4t siit\u00e4 arvokkaan sijoituksen mille tahansa yksik\u00f6lle, joka keskittyy parempaan tietoturvaan ja virtaviivaistettuun toimintaan.<\/span><\/p>\n<p>&nbsp;<\/p>\n<h2 style=\"text-align: center;\"><em><strong><span style=\"color: #000080;\">Miksi valita mukautettu FM12088K-muisti Smart Campus -kortti?<\/span><\/strong><\/em><\/h2>\n<p>Mukautettu FM12088K Memory Smart Campus -kortti on enemm\u00e4n kuin pelkk\u00e4 muovipala; se on innovatiivinen ty\u00f6kalu, joka yhdist\u00e4\u00e4 edistyneen teknologian k\u00e4yt\u00e4nn\u00f6n sovelluksiin. Keskeisi\u00e4 etuja ovat:<\/p>\n<ul>\n<li><strong>Lis\u00e4\u00e4ntynyt turvallisuus<\/strong>: Edistyneell\u00e4\u00a0<strong>Mifare Desfire<\/strong>\u00a0kyvyt ja\u00a0<strong>keskin\u00e4inen todennus<\/strong>, kulunvalvontaj\u00e4rjestelm\u00e4st\u00e4si tulee huomattavasti turvallisempi.<\/li>\n<li><strong>Parannettu k\u00e4ytt\u00f6kokemus<\/strong>: Suunniteltu helppok\u00e4ytt\u00f6iseksi, kortin\u00a0<strong>kontaktiton muotoilu<\/strong>\u00a0mahdollistaa nopean ja k\u00e4tev\u00e4n p\u00e4\u00e4syn \u2013 ihanteellinen kiireisiin kampusymp\u00e4rist\u00f6ihin.<\/li>\n<li><strong>Monipuoliset sovellukset<\/strong>: Ei rajoitu kulunvalvontaan, vaan n\u00e4it\u00e4 kortteja voidaan k\u00e4ytt\u00e4\u00e4 my\u00f6s rahoitustapahtumiin, lipunmyyntiin ja kanta-asiakasohjelmiin.<\/li>\n<li><strong>Kest\u00e4vyys ja pitk\u00e4ik\u00e4isyys<\/strong>: Valmistettu\u00a0<strong>PVC<\/strong>, n\u00e4m\u00e4 kortit ovat\u00a0<strong>vedenpit\u00e4v\u00e4\/s\u00e4\u00e4nkest\u00e4v\u00e4<\/strong>takaavat pitk\u00e4n k\u00e4ytt\u00f6i\u00e4n haastavissakin olosuhteissa.<\/li>\n<\/ul>\n<hr \/>\n<h2><\/h2>\n<h2 style=\"text-align: center;\"><span style=\"color: #000080;\"><em><strong>Mifare-teknologian kehitys<\/strong><\/em><\/span><\/h2>\n<p><span style=\"color: #008080;\">Mifare-tekniikka on kehittynyt vuosien varrella siirtyen alkuper\u00e4isest\u00e4 <strong>Mifare Classic<\/strong>\u00a0perhe edistyneisiin iteraatioihin, kuten\u00a0<strong>Mifare Desfire<\/strong>\u00a0sarja. <\/span><\/p>\n<p><span style=\"color: #008080;\">N\u00e4m\u00e4 edistysaskeleet mahdollistavat suuremman muistikapasiteetin, paremmat suojausominaisuudet ja monipuoliset sovellukset. FM1208\u00a0<strong>8K muistia<\/strong>\u00a0vahvistaa kykyns\u00e4 k\u00e4sitell\u00e4 monimutkaisia tietotapahtumia turvallisesti ja tehokkaasti.<\/span><\/p>\n<p>&nbsp;<\/p>\n<h2 style=\"text-align: center;\"><em><strong><span style=\"color: #000080;\">\u00c4lykorttien t\u00e4rkeimm\u00e4t ominaisuudet<\/span><\/strong><\/em><\/h2>\n<h3>\u00c4lykortit, kuten FM1208, tarjoavat useita t\u00e4rkeit\u00e4 ominaisuuksia, kuten:<\/h3>\n<ul>\n<li><strong>Kontaktiton viestint\u00e4<\/strong>: Hy\u00f6dynnet\u00e4\u00e4n\u00a0<strong>RFID\/NFC<\/strong>\u00a0teknologian ansiosta kortti voidaan skannata nopeasti ilman fyysist\u00e4 kosketusta, mik\u00e4 tarjoaa nopean p\u00e4\u00e4syn.<\/li>\n<li><strong>Korkea turvallisuus<\/strong>: kanssa\u00a0<strong>salausavaimet<\/strong>\u00a0ja keskin\u00e4iset todennusominaisuudet, k\u00e4ytt\u00e4j\u00e4t voivat olla varmoja siit\u00e4, ett\u00e4 heid\u00e4n kirjautumistietonsa ovat turvassa.<\/li>\n<li><strong>Skaalautuvuus<\/strong>: FM1208 voidaan helposti integroida olemassa oleviin j\u00e4rjestelmiin tai skaalata vastaamaan kampuksen kasvaviin tarpeisiin, mik\u00e4 parantaa yleist\u00e4 toiminnan tehokkuutta.<\/li>\n<\/ul>\n<hr \/>\n<h2><\/h2>\n<h2 style=\"text-align: center;\"><em><span style=\"color: #000080;\"><strong>Ainutlaatuisia ominaisuuksia<\/strong><\/span><\/em><\/h2>\n<p><span style=\"color: #666699;\">Mukautettu FM1208 Smart Campus Card on t\u00e4ynn\u00e4 ainutlaatuisia ominaisuuksia, jotka on suunniteltu nykyp\u00e4iv\u00e4n teknologiseen maisemaan.<\/span><\/p>\n<h3><span style=\"color: #333399;\"><strong>Vedenpit\u00e4v\u00e4 ja s\u00e4\u00e4nkest\u00e4v\u00e4<\/strong><\/span><\/h3>\n<p>T\u00e4m\u00e4 \u00e4lykortti on suunniteltu kest\u00e4m\u00e4\u00e4n ankaria olosuhteita, joten se sopii sek\u00e4 sis\u00e4- ett\u00e4 ulkok\u00e4ytt\u00f6\u00f6n. The\u00a0<strong>PVC<\/strong>\u00a0k\u00e4ytetty materiaali varmistaa, ett\u00e4 se pysyy ehj\u00e4n\u00e4 ja t\u00e4ysin toimivana erilaisissa ymp\u00e4rist\u00f6n paineissa.<\/p>\n<p>&nbsp;<\/p>\n<h3><span style=\"color: #333399;\"><strong>Mini Tag -yhteensopivuus<\/strong><\/span><\/h3>\n<p>FM1208 voi toimia my\u00f6s a\u00a0<strong>mini tag<\/strong>, mik\u00e4 mahdollistaa erilaiset k\u00e4ytt\u00f6skenaariot. Se tarjoaa joustavuutta sek\u00e4 opiskelijoille ett\u00e4 henkil\u00f6kunnalle riippumatta siit\u00e4, onko se integroitu vaatteisiin, reppuihin tai lompakoihin.<\/p>\n<hr \/>\n<h3><span style=\"color: #333399;\"><strong>Tekniset tiedot<\/strong><\/span><\/h3>\n<p><strong>T\u00e4ss\u00e4 on yksityiskohtainen katsaus mukautetun FM12088K Memory Smart Campus Cardin teknisiin tietoihin:<\/strong><\/p>\n<div class=\"table-with-header rounded-lg border border-solid border-grey-line2-normal w-fit max-w-full mb-2\">\n<div class=\"overflow-x-auto custom-scrollbar custom-scrollbar-float max-w-full\">\n<table class=\"w-fit !mb-0 !max-w-none\">\n<thead>\n<tr>\n<th>Ominaisuus<\/th>\n<th>Erittely<\/th>\n<\/tr>\n<\/thead>\n<tbody>\n<tr>\n<td><strong>Tuotteen nimi<\/strong><\/td>\n<td>RFID-kortti<\/td>\n<\/tr>\n<tr>\n<td><strong>Siru<\/strong><\/td>\n<td>FM1208<\/td>\n<\/tr>\n<tr>\n<td><strong>Muisti<\/strong><\/td>\n<td>8K<\/td>\n<\/tr>\n<tr>\n<td><strong>Materiaali<\/strong><\/td>\n<td>PVC<\/td>\n<\/tr>\n<tr>\n<td><strong>Koko<\/strong><\/td>\n<td>85,5 x 54 mm<\/td>\n<\/tr>\n<tr>\n<td><strong>Taajuus<\/strong><\/td>\n<td>13,56 MHz<\/td>\n<\/tr>\n<tr>\n<td><strong>Lukuet\u00e4isyys<\/strong><\/td>\n<td>1-10 cm<\/td>\n<\/tr>\n<tr>\n<td><strong>MOQ (minimitilausm\u00e4\u00e4r\u00e4)<\/strong><\/td>\n<td>500<\/td>\n<\/tr>\n<tr>\n<td><strong>Tulostus<\/strong><\/td>\n<td>Offsetpainatus<\/td>\n<\/tr>\n<tr>\n<td><strong>Alkuper\u00e4paikka<\/strong><\/td>\n<td>Guangdong, Kiina<\/td>\n<\/tr>\n<tr>\n<td><strong>Sovellus<\/strong><\/td>\n<td>Kulunvalvonta, Tapahtumat<\/td>\n<\/tr>\n<\/tbody>\n<\/table>\n<\/div>\n<\/div>\n<p><strong>N\u00e4m\u00e4 tekniset tiedot esittelev\u00e4t kortin, joka korostaa turvallisuutta, kest\u00e4vyytt\u00e4 ja tehokkuutta.<\/strong><\/p>\n<hr \/>\n<h2><\/h2>\n<h2 style=\"text-align: center;\"><em><span style=\"color: #000080;\"><strong>Ymp\u00e4rist\u00f6vaikutukset ja kest\u00e4vyys<\/strong><\/span><\/em><\/h2>\n<p><span style=\"color: #666699;\">Custom FM1208 -kortti tunnistaa teknologian ymp\u00e4rist\u00f6jalanj\u00e4ljen ja noudattaa kest\u00e4v\u00e4\u00e4 l\u00e4hestymistapaa. Siit\u00e4 rakennetaan\u00a0<strong>PVC<\/strong>, se tarjoaa kest\u00e4vyytt\u00e4 tinkim\u00e4tt\u00e4 ymp\u00e4rist\u00f6n\u00e4k\u00f6kohdista. Kest\u00e4v\u00e4t k\u00e4yt\u00e4nn\u00f6t- <strong>Kierr\u00e4tett\u00e4vyys<\/strong>: K\u00e4ytetyt materiaalit voidaan kierr\u00e4tt\u00e4\u00e4, mik\u00e4 korostaa sitoutumista ymp\u00e4rist\u00f6nsuojeluun.<\/span><\/p>\n<ul>\n<li><strong>Pitk\u00e4 k\u00e4ytt\u00f6ik\u00e4<\/strong>: Kest\u00e4v\u00e4n rakenteensa ansiosta kortti v\u00e4hent\u00e4\u00e4 toistuvaa vaihtotarvetta, mik\u00e4 v\u00e4hent\u00e4\u00e4 lopulta j\u00e4tett\u00e4.<\/li>\n<\/ul>\n<hr \/>\n<h2><\/h2>\n<h2 style=\"text-align: center;\"><em><span style=\"color: #000080;\"><strong>Sovellukset koulutuksessa ja sen ulkopuolella<\/strong><\/span><\/em><\/h2>\n<p><span style=\"color: #666699;\">Custom FM1208 Smart Campus Card palvelee erilaisia sovelluksia, erityisesti oppilaitoksissa, tehostaen kampuksen kokonaiskokemusta.<\/span><\/p>\n<p>&nbsp;<\/p>\n<h2 style=\"text-align: center;\"><em><strong><span style=\"color: #000080;\">Oppilaitoksissa<\/span><\/strong><\/em><\/h2>\n<p style=\"text-align: left;\">1.\u00a0<strong>Kulunvalvonta<\/strong>: Suojattu sis\u00e4\u00e4nk\u00e4ynti rakennuksiin, kirjastoihin tai laboratorioihin.<\/p>\n<ol start=\"2\">\n<li><strong>Kampustunnus<\/strong>: Opiskelijakortteina toimivat kortit yksinkertaistavat tunnistamisprosesseja.<\/li>\n<li><strong>Maksuj\u00e4rjestelm\u00e4t<\/strong>: Integrointi koulujen tileihin kahviloiden ja myyntiautomaattien k\u00e4teisvapaille tapahtumille.<\/li>\n<\/ol>","protected":false},"excerpt":{"rendered":"<p>Mukautettu FM12088K Memory Smart Campus Card -kortti tarjoaa turvallisen, kontaktittoman kulunvalvonnan, joka on ihanteellinen oppilaitoksille ja yrityksille. Kest\u00e4v\u00e4 ja monipuolinen!<\/p>","protected":false},"featured_media":3449,"template":"","meta":[],"product_brand":[],"product_cat":[46],"product_tag":[],"class_list":{"0":"post-3444","1":"product","2":"type-product","3":"status-publish","4":"has-post-thumbnail","6":"product_cat-nfc-cards","8":"first","9":"instock","10":"shipping-taxable","11":"product-type-simple"},"_links":{"self":[{"href":"https:\/\/nfc-readers.com\/fi\/wp-json\/wp\/v2\/product\/3444","targetHints":{"allow":["GET"]}}],"collection":[{"href":"https:\/\/nfc-readers.com\/fi\/wp-json\/wp\/v2\/product"}],"about":[{"href":"https:\/\/nfc-readers.com\/fi\/wp-json\/wp\/v2\/types\/product"}],"wp:featuredmedia":[{"embeddable":true,"href":"https:\/\/nfc-readers.com\/fi\/wp-json\/wp\/v2\/media\/3449"}],"wp:attachment":[{"href":"https:\/\/nfc-readers.com\/fi\/wp-json\/wp\/v2\/media?parent=3444"}],"wp:term":[{"taxonomy":"product_brand","embeddable":true,"href":"https:\/\/nfc-readers.com\/fi\/wp-json\/wp\/v2\/product_brand?post=3444"},{"taxonomy":"product_cat","embeddable":true,"href":"https:\/\/nfc-readers.com\/fi\/wp-json\/wp\/v2\/product_cat?post=3444"},{"taxonomy":"product_tag","embeddable":true,"href":"https:\/\/nfc-readers.com\/fi\/wp-json\/wp\/v2\/product_tag?post=3444"}],"curies":[{"name":"wp","href":"https:\/\/api.w.org\/{rel}","templated":true}]}}