{"id":3450,"date":"2024-11-03T08:01:44","date_gmt":"2024-11-03T08:01:44","guid":{"rendered":"https:\/\/nfc-readers.com\/?post_type=product&#038;p=3450"},"modified":"2024-11-04T08:45:59","modified_gmt":"2024-11-04T08:45:59","slug":"nfc-with-qr-code-stainless-contactless-business-card","status":"publish","type":"product","link":"https:\/\/nfc-readers.com\/fi\/ic-reader\/nfc-with-qr-code-stainless-contactless-business-card\/","title":{"rendered":"NFC QR-koodilla Ruostumaton kontaktiton K\u00e4yntikortti"},"content":{"rendered":"<h1><span style=\"color: #000080;\"><strong>NFC QR-koodilla Ruostumaton kontaktiton K\u00e4yntikortti<\/strong><\/span><\/h1>\n<p><span style=\"color: #666699;\">Nykyp\u00e4iv\u00e4n nopeatempoisessa digitaalisessa maailmassa tarve innovatiivisille ja tehokkaille verkkoratkaisuille on t\u00e4rke\u00e4mp\u00e4\u00e4 kuin koskaan. Sy\u00f6t\u00e4 <strong>NFC QR-koodilla ruostumaton kontaktiton k\u00e4yntikortti<\/strong>, huippuluokan ty\u00f6kalu, joka on suunniteltu m\u00e4\u00e4rittelem\u00e4\u00e4n uudelleen tapa, jolla ammattilaiset jakavat tietonsa. T\u00e4m\u00e4 k\u00e4yntikortti yhdist\u00e4\u00e4 nykyaikaisen teknologian tyylikk\u00e4\u00e4seen muotoiluun ja antaa k\u00e4ytt\u00e4jille mahdollisuuden jakaa vaivattomasti yhteystietonsa, sosiaaliset profiilinsa ja paljon muuta yksinkertaisten napautusten ja skannausten avulla. Lukemattomien mukautusvaihtoehtojen ansiosta t\u00e4m\u00e4 kontaktiton k\u00e4yntikortti ei vain paranna ammattikuvaasi, vaan my\u00f6s virtaviivaistaa verkkoprosesseja.<\/span><\/p>\n<p>&nbsp;<\/p>\n<h2 style=\"text-align: center;\"><span style=\"color: #000080;\"><strong>NFC-k\u00e4yntikorttien t\u00e4rkeimm\u00e4t ominaisuudet\u00a0<\/strong><\/span><\/h2>\n<p>NFC-tekniikka muuttaa verkkoa tarjoamalla ainutlaatuisia ominaisuuksia, jotka erottavat sen perinteisist\u00e4 k\u00e4yntikorteista. N\u00e4m\u00e4 kortit mahdollistavat nopean ja tehokkaan tiedon jakamisen, jolloin k\u00e4ytt\u00e4j\u00e4t voivat siirt\u00e4\u00e4 yhteystietonsa yksinkertaisella \u00e4lypuhelimen napautuksella. The\u00a0<strong>NFC QR-koodilla ruostumaton kontaktiton k\u00e4yntikortti<\/strong>\u00a0sis\u00e4lt\u00e4\u00e4 edistyksellist\u00e4 teknologiaa, kuten:<\/p>\n<ul>\n<li><strong>RFID-viestint\u00e4:<\/strong>\u00a0Toimii 13,56 MHz:n taajuudella, mik\u00e4 mahdollistaa nopeat yhteydet laitteiden v\u00e4lill\u00e4.<\/li>\n<li><strong>Mukautetut siruvaihtoehdot:<\/strong>\u00a0Saatavana NTAG213-, NTAG215- tai NTAG216-sirujen kanssa, mik\u00e4 tarjoaa joustavuutta k\u00e4ytt\u00e4jien tarpeiden mukaan.<\/li>\n<\/ul>\n<p>Hy\u00f6dynt\u00e4m\u00e4ll\u00e4 n\u00e4it\u00e4 keskeisi\u00e4 ominaisuuksia, t\u00e4m\u00e4 k\u00e4yntikortti edustaa ammattibr\u00e4ndi\u00e4si, mutta se my\u00f6s osoittaa sitoutumisesi innovaatioihin.<\/p>\n<p>&nbsp;<\/p>\n<h2 style=\"text-align: center;\"><span style=\"color: #000080;\"><em><strong>Suunnitteluominaisuudet: <\/strong><\/em><\/span><\/h2>\n<h2>Pysyv\u00e4n vaikutuksen tekeminen<\/h2>\n<p><strong>Esteettinen vetovoima<\/strong>\u00a0on ratkaiseva kaikessa liiketoiminnassa. The\u00a0<strong>NFC QR-koodilla ruostumaton kontaktiton k\u00e4yntikortti<\/strong>\u00a0on suunniteltu erilaisilla muokattavissa olevilla ominaisuuksilla yksil\u00f6llisten mieltymysten mukaan, mik\u00e4 varmistaa, ett\u00e4 se ei vain erotu joukosta, vaan my\u00f6s sopii br\u00e4ndi-identiteettiisi. T\u00e4rkeimm\u00e4t suunnitteluominaisuudet sis\u00e4lt\u00e4v\u00e4t:<\/p>\n<ul>\n<li><strong>Viimeistely:<\/strong>\u00a0Valitse kiilt\u00e4v\u00e4 tai mattapinta, niin saat tyyliisi sopivan hienostuneen ulkon\u00e4\u00f6n.<\/li>\n<li><strong>Materiaalivaihtoehdot:<\/strong>\u00a0N\u00e4m\u00e4 laadukkaasta ruostumattomasta ter\u00e4ksest\u00e4 valmistetut kortit eiv\u00e4t vain n\u00e4yt\u00e4 ylellisilt\u00e4, vaan tarjoavat my\u00f6s kest\u00e4vyytt\u00e4 kulumista vastaan.<\/li>\n<li><strong>Mukautetut logot ja kuviot:<\/strong>\u00a0Mukauta korttisi kaiverretulla logolla luoden ainutlaatuisen ilmeen, joka parantaa br\u00e4ndisi n\u00e4kyvyytt\u00e4.<\/li>\n<\/ul>\n<p>Sijoittamalla ammattimaisesti suunniteltuun NFC-k\u00e4yntikorttiin erotut kilpailijoistasi.<\/p>\n<p>&nbsp;<\/p>\n<h2 style=\"text-align: center;\"><span style=\"color: #000080;\"><em><strong>Vedenpit\u00e4v\u00e4 ja s\u00e4\u00e4nkest\u00e4v\u00e4 Kest\u00e4vyys <\/strong><\/em><\/span><\/h2>\n<p><span style=\"color: #666699;\">P\u00e4ivitt\u00e4isen verkostoitumisen h\u00e4lin\u00e4ss\u00e4 tarvitset k\u00e4yntikortin, joka kest\u00e4\u00e4 erilaisia ymp\u00e4rist\u00f6olosuhteita. <\/span><\/p>\n<p><span style=\"color: #666699;\">Ruostumaton materiaali\u00a0<strong>NFC QR-koodilla ruostumaton kontaktiton k\u00e4yntikortti<\/strong>\u00a0on:<\/span><\/p>\n<ul>\n<li><strong>Vedenpit\u00e4v\u00e4:<\/strong>\u00a0Suojaa tietosi vahingossa tapahtuvilta roiskeilta ja m\u00e4rilt\u00e4 olosuhteilta.<\/li>\n<li><strong>S\u00e4\u00e4nkest\u00e4v\u00e4:<\/strong>\u00a0Ihanteellinen mihin tahansa ilmastoon, varmistaen, ett\u00e4 korttisi pysyy ehj\u00e4n\u00e4 ja t\u00e4ysin toimivana ulkoisista elementeist\u00e4 riippumatta.<\/li>\n<\/ul>\n<p>T\u00e4m\u00e4 kest\u00e4vyys varmistaa, ett\u00e4 korttisi s\u00e4ilytt\u00e4\u00e4 esteettiset ja toiminnalliset ominaisuutensa ajan my\u00f6t\u00e4, mik\u00e4 tekee siit\u00e4 j\u00e4rkev\u00e4n sijoituksen.<\/p>\n<p>&nbsp;<\/p>\n<h2 style=\"text-align: center;\"><em><strong><span style=\"color: #000080;\">K\u00e4ytt\u00e4j\u00e4yst\u00e4v\u00e4llinen viestint\u00e4liittym\u00e4\u00a0<\/span><\/strong><\/em><\/h2>\n<p>Yksi merkitt\u00e4vimmist\u00e4 ominaisuuksista\u00a0<strong>NFC QR-koodilla ruostumaton kontaktiton k\u00e4yntikortti<\/strong>\u00a0on sen k\u00e4ytt\u00e4j\u00e4yst\u00e4v\u00e4llinen viestint\u00e4liittym\u00e4. Mahdollisuus hy\u00f6dynt\u00e4\u00e4 molempia\u00a0<strong>NFC ja RFID<\/strong>\u00a0teknologiat varmistavat, ett\u00e4 tietosi ovat nopeasti ja helposti saatavilla eri laitteilla. N\u00e4in se toimii:<\/p>\n<ul>\n<li><strong>NFC-tekniikka:<\/strong>\u00a0K\u00e4ytt\u00e4jien tarvitsee vain napauttaa \u00e4lypuhelintaan korttia vasten saadakseen yhteystiedot. T\u00e4m\u00e4 yksinkertaisuus edist\u00e4\u00e4 nopeaa vuorovaikutusta verkkoasetuksissa.<\/li>\n<li><strong>QR-koodin integrointi:<\/strong>\u00a0Kortissa on integroitu QR-koodi, joka tarjoaa lis\u00e4tavan tiedon jakamiseen niille, joilla ei ehk\u00e4 ole NFC-yhteensopivia laitteita.<\/li>\n<\/ul>\n<p>T\u00e4m\u00e4 kaksoisviestint\u00e4liittym\u00e4 varmistaa, ett\u00e4 voit olla yhteydess\u00e4 potentiaalisiin asiakkaisiin tai kumppaneihin vaivattomasti.<\/p>\n<p>&nbsp;<\/p>\n<h2 style=\"text-align: center;\"><span style=\"color: #000080;\"><em><strong>Tekniset tiedot, joilla on merkityst\u00e4<\/strong><\/em><\/span><\/h2>\n<p>|\u00a0<strong>Materiaali<\/strong>\u00a0| Ruostumaton ter\u00e4s |<br \/>\n|\u00a0<strong>Taajuus<\/strong>\u00a0|13,56 MHz |<br \/>\n|\u00a0<strong>Koko<\/strong>\u00a0|85,5 mm x 54 mm \/ Mukautettu |<br \/>\n|\u00a0<strong>Paksuus<\/strong>\u00a0|0,8 mm \/ Mukautettu |<br \/>\n|\u00a0<strong>Sirun asetukset<\/strong> | Mukautettu \/ NTAG213 \/215 \/216 |<br \/>\n|\u00a0<strong>V\u00e4rivaihtoehdot<\/strong>\u00a0| Musta, valkoinen, ruusukulta, kulta, sininen |<br \/>\n|\u00a0<strong>Erikoisominaisuudet<\/strong>\u00a0| Vedenpit\u00e4v\u00e4 \/ S\u00e4\u00e4nkest\u00e4v\u00e4, Luksus|<\/p>\n<p>&nbsp;<\/p>\n<h2 style=\"text-align: center;\"><span style=\"color: #000080;\"><em><strong>UKK-osio<\/strong><\/em><\/span><\/h2>\n<p><strong><span style=\"color: #008080;\">K: Voinko mukauttaa kortin suunnittelua?<\/span><\/strong><\/p>\n<p>V: Ehdottomasti! Voit valita logoille v\u00e4rej\u00e4, pintak\u00e4sittelyj\u00e4 ja jopa kaiverruksia, jolloin kortistasi tulee todella ainutlaatuinen.<\/p>\n<p>&nbsp;<\/p>\n<p><strong><span style=\"color: #008080;\">K: Onko NFC-toiminto yhteensopiva kaikkien \u00e4lypuhelimien kanssa?<\/span><\/strong><\/p>\n<p>V: Kyll\u00e4, NFC-kortti on suunniteltu toimimaan useimpien NFC-tekniikkaa tukevien \u00e4lypuhelimien kanssa.<\/p>","protected":false},"excerpt":{"rendered":"<p>Mullistaa verkkoyhteydet NFC- ja QR-koodilla ruostumattomalla kontaktittomalla k\u00e4yntikortillamme \u2013 jaa tietoja vaivattomasti tyylikk\u00e4\u00e4n, muokattavan suunnittelun avulla!<\/p>","protected":false},"featured_media":3448,"template":"","meta":[],"product_brand":[],"product_cat":[46],"product_tag":[],"class_list":{"0":"post-3450","1":"product","2":"type-product","3":"status-publish","4":"has-post-thumbnail","6":"product_cat-nfc-cards","8":"first","9":"instock","10":"shipping-taxable","11":"product-type-simple"},"_links":{"self":[{"href":"https:\/\/nfc-readers.com\/fi\/wp-json\/wp\/v2\/product\/3450","targetHints":{"allow":["GET"]}}],"collection":[{"href":"https:\/\/nfc-readers.com\/fi\/wp-json\/wp\/v2\/product"}],"about":[{"href":"https:\/\/nfc-readers.com\/fi\/wp-json\/wp\/v2\/types\/product"}],"wp:featuredmedia":[{"embeddable":true,"href":"https:\/\/nfc-readers.com\/fi\/wp-json\/wp\/v2\/media\/3448"}],"wp:attachment":[{"href":"https:\/\/nfc-readers.com\/fi\/wp-json\/wp\/v2\/media?parent=3450"}],"wp:term":[{"taxonomy":"product_brand","embeddable":true,"href":"https:\/\/nfc-readers.com\/fi\/wp-json\/wp\/v2\/product_brand?post=3450"},{"taxonomy":"product_cat","embeddable":true,"href":"https:\/\/nfc-readers.com\/fi\/wp-json\/wp\/v2\/product_cat?post=3450"},{"taxonomy":"product_tag","embeddable":true,"href":"https:\/\/nfc-readers.com\/fi\/wp-json\/wp\/v2\/product_tag?post=3450"}],"curies":[{"name":"wp","href":"https:\/\/api.w.org\/{rel}","templated":true}]}}