{"id":3460,"date":"2024-11-04T06:26:42","date_gmt":"2024-11-04T06:26:42","guid":{"rendered":"https:\/\/nfc-readers.com\/?post_type=product&#038;p=3460"},"modified":"2024-11-04T08:39:37","modified_gmt":"2024-11-04T08:39:37","slug":"custom-logo-printing-yelptripadvisor-review-nfc-card","status":"publish","type":"product","link":"https:\/\/nfc-readers.com\/fi\/ic-reader\/custom-logo-printing-yelptripadvisor-review-nfc-card\/","title":{"rendered":"Mukautetun logon tulostaminen NFC-kortin Yelp\\Tripadvisor-arviointiin"},"content":{"rendered":"<h1><span style=\"color: #000080;\"><strong>Mukautetun logon tulostaminen NFC-kortin Yelp\\Tripadvisor-arviointiin<\/strong><\/span><\/h1>\n<p>&nbsp;<\/p>\n<p><span style=\"color: #666699;\">Mukautetun logotulostuksen edut Yelp\/Tripadvisor Review NFC CardsThe integrointi\u00a0<strong>NFC-tekniikka<\/strong>\u00a0Asiakkaiden sitouttamisstrategioihin sis\u00e4llytt\u00e4minen voi parantaa k\u00e4ytt\u00f6mukavuutta huomattavasti ja ker\u00e4t\u00e4 arvokasta palautetta tehokkaasti. N\u00e4m\u00e4 kortit voivat katalysoida keskusteluja, kannustaa asiakkaiden vuorovaikutukseen ja sen j\u00e4lkeen parantaa Yelp- tai TripAdvisor-sijoitustasi. Veden- ja s\u00e4\u00e4nkest\u00e4vyyden kaltaisilla ominaisuuksilla n\u00e4m\u00e4 kortit on suunniteltu erilaisiin ymp\u00e4rist\u00f6ihin, joten ne ovat arvokas lis\u00e4 markkinointiarsenaaliisi.<\/span><\/p>\n<hr \/>\n<h2><\/h2>\n<h2 style=\"text-align: center;\"><em><strong><span style=\"color: #000080;\">Tuotekuvaus<\/span><\/strong><\/em><\/h2>\n<h3><span style=\"color: #333399;\"><strong>1. Mit\u00e4 ovat mukautetun logon NFC-kortit?<\/strong><\/span><\/h3>\n<p>Mukautettu logotulostus NFC-kortti Yelp\\Tripadvisor Reviewille on \u00e4lykortti, joka k\u00e4ytt\u00e4\u00e4\u00a0<strong>NFC (Near Field Communication)<\/strong>\u00a0teknologia, joka helpottaa kontaktitonta vuorovaikutusta. Napauttamalla korttia yhteensopivalla \u00e4lypuhelimella asiakkaat p\u00e4\u00e4sev\u00e4t suoraan arvostelusivullesi johtavaan linkkiin. T\u00e4m\u00e4 eliminoi manuaalisten sy\u00f6tteiden tarpeen, virtaviivaistaa palauteprosessia ja parantaa yleist\u00e4 vastausprosenttia.<\/p>\n<p>&nbsp;<\/p>\n<h3><span style=\"color: #333399;\"><strong>2. NFC-korttien t\u00e4rkeimm\u00e4t ominaisuudet<\/strong><\/span><\/h3>\n<p><strong>Keskeiset ominaisuudet<\/strong>\u00a0NFC-korteistamme ovat:<\/p>\n<ul>\n<li><strong>Toiminnan taajuus<\/strong>:13,56 MHz mahdollistaa vakaan tiedonsiirron.<\/li>\n<li><strong>Lukuet\u00e4isyys<\/strong>: Kortteja voidaan lukea 2 - 10 cm, mik\u00e4 varmistaa helpon k\u00e4yt\u00f6n.<\/li>\n<li><strong>Materiaalin koostumus<\/strong>: Valmistettu kest\u00e4v\u00e4st\u00e4 PVC:st\u00e4, mik\u00e4 takaa pitk\u00e4n k\u00e4ytt\u00f6i\u00e4n.<\/li>\n<li><strong>Mukautettu tulostus<\/strong>: Saatavana CMYK4C-tulostuksella, joka mahdollistaa eloisan br\u00e4nd\u00e4yksen.<\/li>\n<\/ul>\n<p>&nbsp;<\/p>\n<h3><span style=\"color: #333399;\"><strong>3. NFC-korttien k\u00e4yt\u00f6n edut asiakasarvosteluissa<\/strong><\/span><\/h3>\n<p>NFC-kortit eiv\u00e4t ainoastaan ohjaa tehokkaasti liikennett\u00e4 arvostelusivuillesi, vaan lis\u00e4\u00e4v\u00e4t my\u00f6s asiakastyytyv\u00e4isyytt\u00e4. Tekem\u00e4ll\u00e4 palautteen antamisen asiakkaiden on helppoa, ker\u00e4\u00e4t nopeasti oivalluksia heid\u00e4n kokemuksistaan, mik\u00e4 johtaa parannuksiin ja osoittaa sitoutumisesi asiakaspalveluun.<\/p>\n<p>&nbsp;<\/p>\n<h2><span style=\"color: #333399;\"><strong>4. NFC-korttien tekniset tiedot<\/strong><\/span><\/h2>\n<p>Alla ovat <strong>tekniset tiedot<\/strong> mukautetun logon tulostamisen NFC-korttimme Yelp\\Tripadvisor-arvostelulle:<\/p>\n<div class=\"table-with-header rounded-lg border border-solid border-grey-line2-normal w-fit max-w-full mb-2\">\n<div class=\"overflow-x-auto custom-scrollbar custom-scrollbar-float max-w-full\">\n<table class=\"w-fit !mb-0 !max-w-none\">\n<thead>\n<tr>\n<th>Attribuutti<\/th>\n<th>Erittely<\/th>\n<\/tr>\n<\/thead>\n<tbody>\n<tr>\n<td>Alkuper\u00e4paikka<\/td>\n<td>Guangdong, Kiina<\/td>\n<\/tr>\n<tr>\n<td>Sirun tyyppi<\/td>\n<td>NFC213\/215\/216 (NTAG\u00ae)<\/td>\n<\/tr>\n<tr>\n<td>Muistin koko<\/td>\n<td>144\/504\/888 tavua<\/td>\n<\/tr>\n<tr>\n<td>Koko<\/td>\n<td>85,5 * 54 mm \/ r\u00e4\u00e4t\u00e4l\u00f6ity<\/td>\n<\/tr>\n<tr>\n<td>Viestint\u00e4liittym\u00e4<\/td>\n<td>RFID, NFC<\/td>\n<\/tr>\n<tr>\n<td>Tulostus<\/td>\n<td>CMYK-offsetpaino<\/td>\n<\/tr>\n<tr>\n<td>Minimitilausm\u00e4\u00e4r\u00e4 (MOQ)<\/td>\n<td>500<\/td>\n<\/tr>\n<tr>\n<td>Erikoisominaisuudet<\/td>\n<td>Veden-\/s\u00e4\u00e4nkest\u00e4v\u00e4, MINI TAG<\/td>\n<\/tr>\n<\/tbody>\n<\/table>\n<\/div>\n<\/div>\n<h3><strong><span style=\"color: #333399;\">5. Ainutlaatuiset myyntivaltit: <\/span><\/strong><\/h3>\n<h3><strong>Vedenpit\u00e4v\u00e4 &amp; S\u00e4\u00e4nkest\u00e4v\u00e4<\/strong><\/h3>\n<p>Yksi fyysisten mainosmateriaalien t\u00e4rkeimmist\u00e4 huolenaiheista on kest\u00e4vyys. NFC-korttimme tulevat mukana <strong>vedenpit\u00e4v\u00e4 ja s\u00e4\u00e4nkest\u00e4v\u00e4<\/strong>\u00a0ominaisuudet varmistaen, ett\u00e4 ne selvi\u00e4v\u00e4t erilaisissa olosuhteissa, olipa kyseess\u00e4 sitten sis\u00e4ll\u00e4 tai ulkona. T\u00e4m\u00e4 erikoisominaisuus tekee niist\u00e4 sopivia kaikkiin markkinointikampanjoihin, olipa kyse sitten ravintolasta, myym\u00e4l\u00e4st\u00e4 tai ulkoilmatapahtumista.<\/p>\n<p>&nbsp;<\/p>\n<h2 style=\"text-align: center;\"><em><span style=\"color: #000080;\"><strong>Mukautetun logon NFC-korttien k\u00e4ytt\u00e4minen<\/strong><\/span><\/em><\/h2>\n<p>NFC-korttien k\u00e4ytt\u00f6 on yksinkertaista:<\/p>\n<ol>\n<li>Jaa kortit asiakkaille ja varmista, ett\u00e4 he ymm\u00e4rt\u00e4v\u00e4t sen tarkoituksen.<\/li>\n<li>Asiakkaat napauttavat mobiililaitetta korttia vasten.<\/li>\n<li>Laite linkitt\u00e4\u00e4 palautesivullesi alustoilla, kuten Yelp tai TripAdvisor.<\/li>\n<li>Kannusta heit\u00e4 j\u00e4tt\u00e4m\u00e4\u00e4n arvostelu muiden asiakkaiden n\u00e4ht\u00e4v\u00e4ksi.<\/li>\n<\/ol>\n<p>&nbsp;<\/p>\n<h2 style=\"text-align: center;\"><em><span style=\"color: #000080;\"><strong>T\u00e4ydellisen mukautetun logon NFC-kortin suunnittelu<\/strong><\/span><\/em><\/h2>\n<p>Suunnittelu sinun <strong>arvostelukortti<\/strong>\u00a0on ratkaisevan t\u00e4rke\u00e4\u00e4 huomion her\u00e4tt\u00e4misess\u00e4. Sis\u00e4llyt\u00e4 br\u00e4ndisi v\u00e4rit, logo ja selke\u00e4 toimintakehotus. Korkealaatuinen CMYK-tulostus varmistaa, ett\u00e4 suunnittelusi ei ole vain katseenvangitsija, vaan my\u00f6s heijastaa br\u00e4ndisi eetosta, mik\u00e4 saa asiakkaasi innostumaan vuorovaikutuksesta kortteidesi kanssa.<\/p>\n<p>&nbsp;<\/p>\n<h2 style=\"text-align: center;\"><em><span style=\"color: #000080;\"><strong>NFC-korttien ymp\u00e4rist\u00f6vaikutukset<\/strong><\/span><\/em><\/h2>\n<p>Nopeasti muuttuvassa maailmassa kest\u00e4vyys on avainasemassa. NFC-korttimme on valmistettu ymp\u00e4rist\u00f6yst\u00e4v\u00e4llisist\u00e4 PVC-materiaaleista, mik\u00e4 v\u00e4hent\u00e4\u00e4 perinteisiin arvostelujen keruumenetelmiin liittyv\u00e4\u00e4 ymp\u00e4rist\u00f6jalanj\u00e4lke\u00e4. Digitaalisiin ratkaisuihin siirtyminen mm <strong>NFC-tekniikka<\/strong>\u00a0edist\u00e4\u00e4 kest\u00e4v\u00e4mp\u00e4\u00e4 liiketoimintamallia.<\/p>\n<p>&nbsp;<\/p>\n<h2 style=\"text-align: center;\"><em><span style=\"color: #000080;\"><strong>Asiakkaiden arvostelut<\/strong><\/span><\/em><\/h2>\n<p>Todellinen palaute k\u00e4ytt\u00e4jilt\u00e4 Asiakkailta, jotka ovat jo integroituneet <strong>NFC-kortit<\/strong>\u00a0Liiketoimintaansa raportoivat sitoutumistasojen ja palautteen laadun merkitt\u00e4v\u00e4st\u00e4 noususta. T\u00e4ss\u00e4 on joitain kokemuksia:<\/p>\n<ul>\n<li><span style=\"color: #008080;\"><strong>\u201dNFC-kortit ovat tehneet arvostelujen ker\u00e4\u00e4misest\u00e4 paljon helpompaa. Asiakkaamme rakastavat kuinka nopeaa ja suoraviivaista se on!\u201d<\/strong><\/span> \u2013 Emily R.<\/li>\n<li><span style=\"color: #666699;\"><strong>&quot;N\u00e4imme a40%:n palautteen lis\u00e4\u00e4ntyneen NFC-korttien k\u00e4yt\u00f6n aloittamisen j\u00e4lkeen. Se on ollut fantastinen maineellemme verkossa.&quot;<\/strong><\/span> \u2013 Mike T.<\/li>\n<\/ul>","protected":false},"excerpt":{"rendered":"<p>Custom Logo NFC-kortit lis\u00e4\u00e4v\u00e4t asiakkaiden sitoutumista mahdollistamalla helpon, kontaktittoman arvostelun l\u00e4hett\u00e4misen, mik\u00e4 parantaa online-mainetta vedenpit\u00e4v\u00e4ll\u00e4 kest\u00e4vyydell\u00e4.<\/p>","protected":false},"featured_media":3462,"template":"","meta":[],"product_brand":[],"product_cat":[46],"product_tag":[],"class_list":{"0":"post-3460","1":"product","2":"type-product","3":"status-publish","4":"has-post-thumbnail","6":"product_cat-nfc-cards","8":"first","9":"instock","10":"shipping-taxable","11":"product-type-simple"},"_links":{"self":[{"href":"https:\/\/nfc-readers.com\/fi\/wp-json\/wp\/v2\/product\/3460","targetHints":{"allow":["GET"]}}],"collection":[{"href":"https:\/\/nfc-readers.com\/fi\/wp-json\/wp\/v2\/product"}],"about":[{"href":"https:\/\/nfc-readers.com\/fi\/wp-json\/wp\/v2\/types\/product"}],"wp:featuredmedia":[{"embeddable":true,"href":"https:\/\/nfc-readers.com\/fi\/wp-json\/wp\/v2\/media\/3462"}],"wp:attachment":[{"href":"https:\/\/nfc-readers.com\/fi\/wp-json\/wp\/v2\/media?parent=3460"}],"wp:term":[{"taxonomy":"product_brand","embeddable":true,"href":"https:\/\/nfc-readers.com\/fi\/wp-json\/wp\/v2\/product_brand?post=3460"},{"taxonomy":"product_cat","embeddable":true,"href":"https:\/\/nfc-readers.com\/fi\/wp-json\/wp\/v2\/product_cat?post=3460"},{"taxonomy":"product_tag","embeddable":true,"href":"https:\/\/nfc-readers.com\/fi\/wp-json\/wp\/v2\/product_tag?post=3460"}],"curies":[{"name":"wp","href":"https:\/\/api.w.org\/{rel}","templated":true}]}}