{"id":3498,"date":"2024-11-04T07:04:41","date_gmt":"2024-11-04T07:04:41","guid":{"rendered":"https:\/\/nfc-readers.com\/?post_type=product&#038;p=3498"},"modified":"2024-11-04T08:28:09","modified_gmt":"2024-11-04T08:28:09","slug":"tap-url-writing-social-business-facebook-review-nfc-cards","status":"publish","type":"product","link":"https:\/\/nfc-readers.com\/fi\/ic-reader\/tap-url-writing-social-business-facebook-review-nfc-cards\/","title":{"rendered":"Napauta URL-osoitteen kirjoittaminen Social Business Facebook Review NFC Cards"},"content":{"rendered":"<h1><span style=\"color: #000080;\"><strong>Napauta URL-osoitteen kirjoittaminen Social Business Facebook Review NFC Cards<\/strong><\/span><\/h1>\n<p><span style=\"color: #333399;\">Nykyp\u00e4iv\u00e4n nopeatempoisessa digitaalisessa maailmassa yritykset pyrkiv\u00e4t saumattomiin yhteyksiin ja vuorovaikutukseen asiakkaidensa kanssa. NFC-kortit ovat nousseet vallankumoukselliseksi ty\u00f6kaluksi, joka kattaa fyysisen ja digitaalisen alueen v\u00e4lisen kuilun. Huomattavilla ominaisuuksillaan, kuten napauttamalla URL-kirjoituksella, ne toimivat tehokkaana v\u00e4lineen\u00e4 sosiaalisen liiketoiminnan integroimiseen ja asiakkaiden sitoutumisen parantamiseen Facebookin arvostelujen kaltaisten keinojen kautta. T\u00e4ss\u00e4 artikkelissa k\u00e4sitell\u00e4\u00e4n syv\u00e4sti NFC-korttiemme vieh\u00e4tyst\u00e4 ja etuja sek\u00e4 sit\u00e4, kuinka ne voivat muuttaa liiketoimintaasi.<\/span><\/p>\n<h2><\/h2>\n<h2 style=\"text-align: center;\"><em><strong><span style=\"color: #000080;\">Miksi sijoittaa NFC-kortteihin?<\/span><\/strong><\/em><\/h2>\n<p style=\"text-align: left;\">NFC-kortit yksinkertaistavat asiakkaiden sitouttamisen ja br\u00e4ndin edist\u00e4misen monimutkaisuutta. N\u00e4ill\u00e4 ominaisuuksilla, kuten URL-osoitteiden kirjoittaminen ja Facebookin kaltaisiin sosiaalisen median arvosteluihin linkitt\u00e4minen, n\u00e4m\u00e4 kortit parantavat asiakaskokemusta ja luovat uusia markkinointikanavia. Niiden vedenpit\u00e4v\u00e4 rakenne ja laajat muistivaihtoehdot varmistavat, ett\u00e4 ne eiv\u00e4t ainoastaan t\u00e4yt\u00e4 laatustandardeja, vaan my\u00f6s selvi\u00e4v\u00e4t erilaisista ymp\u00e4rist\u00f6ist\u00e4, mik\u00e4 tekee niist\u00e4 erinomaisen sijoituksen yrityksille.<\/p>\n<p>&nbsp;<\/p>\n<p>&nbsp;<\/p>\n<h2 style=\"text-align: center;\"><em><span style=\"color: #000080;\"><strong>Kattava yleiskatsaus NFC-korteista<\/strong><\/span><\/em><\/h2>\n<h3><span style=\"color: #333399;\"><strong> NFC-korttien t\u00e4rkeimm\u00e4t ominaisuudet<\/strong><\/span><\/h3>\n<p>NFC-korteissa on useita t\u00e4rkeit\u00e4 ominaisuuksia, jotka vastaavat nykyajan liiketoiminnan tarpeita:<br \/>\n<strong>Vedenpit\u00e4v\u00e4\/s\u00e4\u00e4nkest\u00e4v\u00e4:<\/strong><\/p>\n<p>Kest\u00e4m\u00e4\u00e4n suunniteltu NFC-korttimme kest\u00e4v\u00e4t erilaisia ymp\u00e4rist\u00f6olosuhteita. T\u00e4m\u00e4 kest\u00e4vyys tarkoittaa, ett\u00e4 voit k\u00e4ytt\u00e4\u00e4 niit\u00e4 ulkomarkkinoinnissa, tapahtumissa tai miss\u00e4 tahansa paikassa, jossa perinteiset kortit todenn\u00e4k\u00f6isesti ep\u00e4onnistuvat.<\/p>\n<p><strong>Viestint\u00e4liittym\u00e4:<\/strong><\/p>\n<p>NFC (Near Field Communication) -teknologia mahdollistaa k\u00e4tev\u00e4n kontaktittoman viestinn\u00e4n. T\u00e4m\u00e4 ominaisuus ei vain yksinkertaista tapahtumia, vaan tekee my\u00f6s yritystietojen jakamisesta vaivatonta.<\/p>\n<p><strong>Toimialakohtaiset ominaisuudet:<\/strong><\/p>\n<p>NFC-kortit ovat erityisen hy\u00f6dyllisi\u00e4 tietyill\u00e4 toimialoilla, jotka vaativat tunnistus- ja ohjausratkaisuja.<\/p>\n<p>Yritykset v\u00e4hitt\u00e4iskaupoista vieraanvaraisuuteen voivat hy\u00f6dynt\u00e4\u00e4 n\u00e4iden korttien ominaisuuksia.<\/p>\n<p><strong>Mukautetut koot ja mallit:<\/strong><\/p>\n<p>NFC-korttimme voidaan r\u00e4\u00e4t\u00e4l\u00f6id\u00e4 eri kokoisiksi (85,5 * 54 mm vakio- tai r\u00e4\u00e4t\u00e4l\u00f6ityihin mittoihin) ja malleihin, jotka sopivat t\u00e4ydellisesti yrityksesi br\u00e4ndiin.<\/p>\n<p><strong>Kehittynyt sirutekniikka:<\/strong><\/p>\n<p>K\u00e4ytt\u00e4m\u00e4ll\u00e4 siruja, kuten NTAG213, 215 ja 216 (NXP BV:n rekister\u00f6idyt tavaramerkit), korttimme takaavat korkean suorituskyvyn ja nopeat tiedonjakoominaisuudet.<\/p>\n<h3><span style=\"color: #333399;\"><strong>NFC-korttiemme erikoisominaisuudet<\/strong><\/span><\/h3>\n<h3><strong>Monik\u00e4ytt\u00f6inen toiminnallisuus<\/strong><\/h3>\n<p><span style=\"color: #008080;\">K\u00e4ytet\u00e4\u00e4np\u00e4 sitten tunnistamiseen, kulunvalvontaan, kanta-asiakasohjelmiin tai yksinkertaisesti markkinointity\u00f6kaluksi, NFC-kortit ovat monipuolisia:<\/span><\/p>\n<p><strong>Napauta URL-osoitteen kirjoitustoiminto: <\/strong><\/p>\n<p>Kun k\u00e4ytt\u00e4j\u00e4t voivat napauttaa puhelimiaan NFC-korttia, heid\u00e4t ohjataan automaattisesti tiettyihin URL-osoitteisiin, kuten yritysten verkkosivustoille tai sosiaalisen median profiileihin. T\u00e4m\u00e4 toiminto on elint\u00e4rke\u00e4 tuotteiden tai palveluiden tehokkaalle mainostamiselle.<\/p>\n<p><strong>Sosiaalisen liiketoiminnan arvostelut:<\/strong><\/p>\n<p>Oman Facebook-arvostelulinkin avulla potentiaaliset asiakkaat voivat lukea kokemuksia ja kokemuksia, jotka luovat luottamuksen v\u00e4litt\u00f6m\u00e4sti.<\/p>\n<h2><\/h2>\n<h2 style=\"text-align: center;\"><em><span style=\"color: #000080;\"><strong>Ymp\u00e4rist\u00f6yst\u00e4v\u00e4llinen<\/strong><\/span><\/em><\/h2>\n<p>Ymp\u00e4rist\u00f6tietoisista materiaaleista, kuten PVC:st\u00e4, valmistetut NFC-korttimme eiv\u00e4t ole vain kest\u00e4vi\u00e4, vaan ne my\u00f6s asettavat etusijalle kest\u00e4v\u00e4n kehityksen:<\/p>\n<p><strong>Kierr\u00e4tett\u00e4v\u00e4t materiaalit:<\/strong> Sitoutumisemme ymp\u00e4rist\u00f6vastuuseen tarkoittaa, ett\u00e4 kortin k\u00e4ytt\u00f6i\u00e4n p\u00e4\u00e4tytty\u00e4 se voidaan kierr\u00e4tt\u00e4\u00e4, mik\u00e4 v\u00e4hent\u00e4\u00e4 hiilijalanj\u00e4lke\u00e4si.<\/p>\n<h2 style=\"text-align: center;\"><span style=\"color: #000080;\"><em><strong>Tekniset tiedot, jotka sinun tulee tiet\u00e4\u00e4<\/strong><\/em><\/span><\/h2>\n<p><strong><span style=\"color: #008080;\">| Erittely | Tiedot |<\/span><\/strong><br \/>\n<strong><span style=\"color: #008080;\">|&#8212;&#8212;&#8212;&#8212;&#8212;&#8212;&#8212;&#8212;|&#8212;&#8212;&#8212;&#8212;&#8212;&#8212;&#8212;&#8212;&#8212;&#8212;&#8212;&#8212;&#8212;&#8212;&#8212;-|<\/span><\/strong><br \/>\n<strong><span style=\"color: #008080;\">| Taajuus |13,56 MHz |<\/span><\/strong><br \/>\n<strong><span style=\"color: #008080;\">| Muistiasetukset |144\/504\/888 tavua |<\/span><\/strong><br \/>\n<strong><span style=\"color: #008080;\">| Materiaali | PVC\/Epoksi\/paperi\/PET |<\/span><\/strong><br \/>\n<strong><span style=\"color: #008080;\">| Koko | Muokattava, vakio85,5 *54 mm |<\/span><\/strong><br \/>\n<strong><span style=\"color: #008080;\">| Mikrosiru | NTAG213\/215\/216 |<\/span><\/strong><br \/>\n<strong><span style=\"color: #008080;\">| Lukuet\u00e4isyys |2-10 cm |<\/span><\/strong><br \/>\n<strong><span style=\"color: #008080;\">| K\u00e4sity\u00f6 | QR-koodi, mustesuihkutulostus, laserkaiverrus|<\/span><\/strong><br \/>\n<strong><span style=\"color: #008080;\">| Minimitilausm\u00e4\u00e4r\u00e4 (MOQ) |500 yksikk\u00f6\u00e4 |<\/span><\/strong><\/p>\n<p>&nbsp;<\/p>\n<h2 style=\"text-align: center;\"><em><strong><span style=\"color: #000080;\">K\u00e4ytt\u00f6ohjeet<\/span><\/strong><\/em><\/h2>\n<p>NFC-korttien k\u00e4ytt\u00f6 on yht\u00e4 helppoa kuin napauttaminen. Pid\u00e4 NFC-yhteensopivaa laitetta kortin l\u00e4hell\u00e4 k\u00e4ynnist\u00e4\u00e4ksesi sille m\u00e4\u00e4ritetyn toiminnon. T\u00e4ss\u00e4 on nopea k\u00e4ytt\u00f6opas:<br \/>\nVarmista, ett\u00e4 NFC-toiminto on k\u00e4yt\u00f6ss\u00e4 \u00e4lypuhelimellasi.<br \/>\nTuo laitteesi l\u00e4helle NFC-korttia.<br \/>\nOdota, ett\u00e4 ilmoitus tai kehote tulee n\u00e4kyviin n\u00e4yt\u00f6lle, jolloin p\u00e4\u00e4set halutulle URL-osoitteelle tai sosiaalisen median sivulle.<\/p>\n<h2 style=\"text-align: center;\"><em><span style=\"color: #000080;\"><strong>Asiakaspalaute ja oivalluksia<\/strong><\/span><\/em><\/h2>\n<p><strong>Reaalimaailman sovellukset<\/strong><\/p>\n<p>Asiakkaat ovat k\u00e4ytt\u00e4neet NFC-korttejamme eri tavoin:<br \/>\nKanta-asiakasohjelmat: Yritykset integroivat NFC-kortteja kanta-asiakasohjelmiinsa, jolloin asiakkaat voivat saada palkintoja yhdell\u00e4 napautuksella.<\/p>\n<p><strong>Tapahtumaan sitoutuminen: <\/strong><\/p>\n<p>Messujen ja tapahtumien aikana yritykset k\u00e4ytt\u00e4v\u00e4t n\u00e4it\u00e4 kortteja tarjotakseen vierailijoille v\u00e4litt\u00f6m\u00e4n p\u00e4\u00e4syn tietoihin, mik\u00e4 lis\u00e4\u00e4 sitoutumista.<\/p>","protected":false},"excerpt":{"rendered":"<p>Tutustu siihen, kuinka NFC-kortit yhdist\u00e4v\u00e4t digitaalisen ja fyysisen maailman, mik\u00e4 lis\u00e4\u00e4 asiakkaiden sitoutumista ja yksinkertaistaa p\u00e4\u00e4sy\u00e4 sosiaalisiin arvosteluihin ja tietoihin.<\/p>","protected":false},"featured_media":3494,"template":"","meta":[],"product_brand":[],"product_cat":[46],"product_tag":[],"class_list":{"0":"post-3498","1":"product","2":"type-product","3":"status-publish","4":"has-post-thumbnail","6":"product_cat-nfc-cards","8":"first","9":"instock","10":"shipping-taxable","11":"product-type-simple"},"_links":{"self":[{"href":"https:\/\/nfc-readers.com\/fi\/wp-json\/wp\/v2\/product\/3498","targetHints":{"allow":["GET"]}}],"collection":[{"href":"https:\/\/nfc-readers.com\/fi\/wp-json\/wp\/v2\/product"}],"about":[{"href":"https:\/\/nfc-readers.com\/fi\/wp-json\/wp\/v2\/types\/product"}],"wp:featuredmedia":[{"embeddable":true,"href":"https:\/\/nfc-readers.com\/fi\/wp-json\/wp\/v2\/media\/3494"}],"wp:attachment":[{"href":"https:\/\/nfc-readers.com\/fi\/wp-json\/wp\/v2\/media?parent=3498"}],"wp:term":[{"taxonomy":"product_brand","embeddable":true,"href":"https:\/\/nfc-readers.com\/fi\/wp-json\/wp\/v2\/product_brand?post=3498"},{"taxonomy":"product_cat","embeddable":true,"href":"https:\/\/nfc-readers.com\/fi\/wp-json\/wp\/v2\/product_cat?post=3498"},{"taxonomy":"product_tag","embeddable":true,"href":"https:\/\/nfc-readers.com\/fi\/wp-json\/wp\/v2\/product_tag?post=3498"}],"curies":[{"name":"wp","href":"https:\/\/api.w.org\/{rel}","templated":true}]}}