{"id":3499,"date":"2024-11-04T07:44:11","date_gmt":"2024-11-04T07:44:11","guid":{"rendered":"https:\/\/nfc-readers.com\/?post_type=product&#038;p=3499"},"modified":"2024-11-04T08:27:35","modified_gmt":"2024-11-04T08:27:35","slug":"mifare-1k-4k-s50-membership-loyalty-colorful-hotel-key-card","status":"publish","type":"product","link":"https:\/\/nfc-readers.com\/fi\/ic-reader\/mifare-1k-4k-s50-membership-loyalty-colorful-hotel-key-card\/","title":{"rendered":"Mifare 1k 4k S50 -j\u00e4senyyden v\u00e4rik\u00e4s avainkortti"},"content":{"rendered":"<h1><span style=\"color: #000080;\"><strong>Mifare 1k 4k S50 -j\u00e4senyyden v\u00e4rik\u00e4s avainkortti<\/strong><\/span><\/h1>\n<p><span style=\"color: #666699;\">Digitalisaation aikakaudella tehokkaan kulunvalvonnan ja asiakkaiden sitoutumisen merkityst\u00e4 ei voi aliarvioida. The <strong>Mifare1k4k S50 -j\u00e4senyyden v\u00e4rik\u00e4s avainkortti<\/strong>\u00a0erottuu olennaisena tuotteena vieraanvaraisuus- ja j\u00e4sensektoreilla. N\u00e4m\u00e4 monipuoliset kortit integroivat saumattomasti RFID-teknologian turvallista p\u00e4\u00e4sy\u00e4 varten ja parantavat vieraiden kokemuksia kanta-asiakasohjelmien avulla. T\u00e4ss\u00e4 artikkelissa tarkastellaan Mifare S50 -kortin houkuttelevia ominaisuuksia, etuja ja sovelluksia.<\/span><\/p>\n<p>&nbsp;<\/p>\n<h2 style=\"text-align: center;\"><em><span style=\"color: #000080;\"><strong>Miksi sijoittaa Mifare1k4k S50 -j\u00e4senyyteen, v\u00e4rikk\u00e4isiin hotelliavainkortteihin?<\/strong><\/span><\/em><\/h2>\n<p><span style=\"color: #333333;\"><strong>Mifaren kanta-asiakaskortteihin sijoittaminen tarjoaa yrityksille <span style=\"color: #333399;\">ainutlaatuinen mahdollisuus parantaa asiakaskokemusta ja -turvallisuutta<\/span>. Erityisesti ravintola-alalle r\u00e4\u00e4t\u00e4l\u00f6ityjen ominaisuuksien ansiosta n\u00e4m\u00e4 kortit virtaviivaistavat vieraiden sis\u00e4\u00e4nkirjautumisprosesseja ja helpottavat henkil\u00f6kohtaista asiakasvuorovaikutusta. Olitpa hotellihuoneita hallinnoiva tai kanta-asiakasratkaisuja etsiv\u00e4 yritys, n\u00e4m\u00e4 kortit takaavat luotettavuuden ja turvallisuuden.<\/strong><\/span><\/p>\n<p><span style=\"color: #333333;\"><strong><span style=\"color: #333399;\">Eloisat v\u00e4rit ja muokattavissa olevat mallit<\/span> tekev\u00e4t Mifare-j\u00e4senkorteista paitsi toimivia, my\u00f6s visuaalisesti houkuttelevia vieraille. Ne toimivat sek\u00e4 tunnistamis- ett\u00e4 markkinointity\u00f6kaluna, sill\u00e4 hotellit voivat sis\u00e4lt\u00e4\u00e4 br\u00e4nd\u00e4yselementtej\u00e4, jotka parantavat vieraiden tunnistamista ja muistamista.<\/strong><\/span><\/p>\n<p>&nbsp;<\/p>\n<p>&nbsp;<\/p>\n<h2 style=\"text-align: center;\"><em><span style=\"color: #000080;\"><strong>Tuotekuvaus<\/strong><\/span><\/em><\/h2>\n<h3><strong><span style=\"color: #333399;\">1. Mifare-korttien t\u00e4rkeimm\u00e4t ominaisuudet<\/span><\/strong><\/h3>\n<h4>The <strong>Mifare1k4k S50<\/strong>\u00a0avainkortit on suunniteltu parantamaan k\u00e4ytt\u00f6kokemusta useiden t\u00e4rkeiden ominaisuuksien avulla:<\/h4>\n<h4><span style=\"color: #008080;\"><strong>Kest\u00e4vyys ja monipuolisuus<\/strong><\/span><\/h4>\n<h4>Rakennettu alkaen\u00a0<strong>PVC\/PET<\/strong>, n\u00e4m\u00e4 kortit eiv\u00e4t ole vain vedenpit\u00e4vi\u00e4, vaan my\u00f6s s\u00e4\u00e4nkest\u00e4vi\u00e4, mik\u00e4 takaa pitk\u00e4n k\u00e4ytt\u00f6i\u00e4n erilaisissa ymp\u00e4rist\u00f6olosuhteissa. K\u00e4ytet\u00e4\u00e4np\u00e4 niit\u00e4 sis\u00e4ll\u00e4 tai ulkona, niiden kest\u00e4vyys takaa pitk\u00e4n k\u00e4ytt\u00f6i\u00e4n.<\/h4>\n<h4><span style=\"color: #008080;\"><strong>\u00c4lykorttitekniikka<\/strong><\/span><\/h4>\n<h4>N\u00e4m\u00e4 kortit ty\u00f6llist\u00e4v\u00e4t\u00a0<strong>RFID-tekniikka<\/strong>\u00a0toimii taajuudella\u00a0<strong>13,56 MHz<\/strong>, joka mahdollistaa turvalliset, kontaktittomat tapahtumat. NXP:n siruteknologian integrointi varmistaa yhteensopivuuden olemassa olevien kulunvalvontaj\u00e4rjestelmien kanssa ja tarjoaa samalla korkean suorituskyvyn ja luotettavuuden.<\/h4>\n<p>&nbsp;<\/p>\n<h3><span style=\"color: #333399;\"><strong>2. Mifare-korttien toimialakohtaiset sovellukset<\/strong><\/span><\/h3>\n<p>Mifare-kortteja k\u00e4ytet\u00e4\u00e4n laajalti eri toimialoilla, erityisesti vieraanvaraisuudessa kulunvalvontaan:<\/p>\n<h4><span style=\"color: #008080;\"><strong>Majoitussektori<\/strong><\/span><\/h4>\n<h4>Hotellinpit\u00e4j\u00e4t k\u00e4ytt\u00e4v\u00e4t Mifare-kortteja huoneisiin p\u00e4\u00e4syyn ja maksuihin. Vieraat p\u00e4\u00e4sev\u00e4t helposti huoneisiinsa yksinkertaisella kortin napautuksella, jolloin perinteisi\u00e4 avaimia ei tarvita.<\/h4>\n<h4><span style=\"color: #008080;\"><strong>J\u00e4senyys- ja kanta-asiakasohjelmat<\/strong><\/span><\/h4>\n<h4>Kanta-asiakasohjelmia toteuttavat yritykset voivat my\u00f6nt\u00e4\u00e4 Mifare-kortteja, jotka ker\u00e4\u00e4v\u00e4t pisteit\u00e4 ostoksista. T\u00e4m\u00e4 rohkaisee toistuvaa liiketoimintaa ja palkitsee uskollisia asiakkaita tehokkaasti.<\/h4>\n<p>&nbsp;<\/p>\n<h3><span style=\"color: #333399;\"><strong>3. Tekniset tiedot <\/strong><\/span><\/h3>\n<p>T\u00e4m\u00e4 on t\u00e4rke\u00e4\u00e4 Teknisten yksityiskohtien ymm\u00e4rt\u00e4minen on ratkaisevan t\u00e4rke\u00e4\u00e4, jotta yritykset voivat tehd\u00e4 tietoon perustuvia p\u00e4\u00e4t\u00f6ksi\u00e4. T\u00e4ss\u00e4 ovat Mifare1k S50 -kortin kohokohdat:<\/p>\n<div class=\"table-with-header rounded-lg border border-solid border-grey-line2-normal w-fit max-w-full mb-2\">\n<div class=\"overflow-x-auto custom-scrollbar custom-scrollbar-float max-w-full\">\n<table class=\"w-fit !mb-0 !max-w-none\">\n<thead>\n<tr>\n<th>Erittely<\/th>\n<th>Yksityiskohdat<\/th>\n<\/tr>\n<\/thead>\n<tbody>\n<tr>\n<td>Taajuus<\/td>\n<td>13,56 MHz<\/td>\n<\/tr>\n<tr>\n<td>Muistin asetukset<\/td>\n<td>1k,4k<\/td>\n<\/tr>\n<tr>\n<td>Materiaali<\/td>\n<td>PVC\/PET<\/td>\n<\/tr>\n<tr>\n<td>Koko<\/td>\n<td>85,5 mm x 54 mm \/ r\u00e4\u00e4t\u00e4l\u00f6ity<\/td>\n<\/tr>\n<tr>\n<td>Siru<\/td>\n<td>MIFARE Classic1K<\/td>\n<\/tr>\n<tr>\n<td>Lukuet\u00e4isyys<\/td>\n<td>2-10 cm<\/td>\n<\/tr>\n<tr>\n<td>K\u00e4sity\u00f6<\/td>\n<td>Laserkoodi, UV-muste, sarjanumero<\/td>\n<\/tr>\n<\/tbody>\n<\/table>\n<p>&nbsp;<\/p>\n<\/div>\n<\/div>\n<h2 style=\"text-align: center;\"><em><span style=\"color: #000080;\"><strong>Mifare-korttien ymp\u00e4rist\u00f6vaikutukset<\/strong><\/span><\/em><\/h2>\n<p>Ymp\u00e4rist\u00f6yst\u00e4v\u00e4llisyys on yh\u00e4 t\u00e4rke\u00e4mp\u00e4\u00e4 nykyp\u00e4iv\u00e4n markkinoilla, ja Mifare-kortit sopivat kest\u00e4viin k\u00e4yt\u00e4nt\u00f6ihin.<\/p>\n<h3><strong><span style=\"color: #008080;\">Kest\u00e4v\u00e4t materiaalit<\/span><\/strong><\/h3>\n<h4>Rakennettu ymp\u00e4rist\u00f6tietoisuudesta\u00a0<strong>PVC- ja PET-materiaalit<\/strong>, n\u00e4m\u00e4 kortit minimoivat ymp\u00e4rist\u00f6vaikutukset. Niiden elinkaaren lopussa ne voidaan kierr\u00e4tt\u00e4\u00e4, mik\u00e4 edist\u00e4\u00e4 vihre\u00e4mp\u00e4\u00e4 planeettaa.<\/h4>\n<h3><span style=\"color: #008080;\"><strong>Hiilijalanj\u00e4ljen v\u00e4hent\u00e4minen<\/strong><\/span><\/h3>\n<h4>Helpottamalla kontaktitonta p\u00e4\u00e4sy\u00e4 yritykset voivat pienent\u00e4\u00e4 hiilijalanj\u00e4lke\u00e4\u00e4n ja v\u00e4hent\u00e4\u00e4 paperipohjaisten lippuj\u00e4rjestelmien tarvetta, mik\u00e4 edist\u00e4\u00e4 kest\u00e4vyytt\u00e4 koko toiminnassaan.<\/h4>\n<p>&nbsp;<\/p>\n<p>&nbsp;<\/p>\n<h2 style=\"text-align: center;\"><em><span style=\"color: #000080;\"><strong>FAQ<\/strong><\/span><\/em><\/h2>\n<h4><span style=\"color: #008080;\"><strong>Q1: Ovatko Mifare-kortit yhteensopivia olemassa olevien j\u00e4rjestelmien kanssa?<\/strong><\/span><\/h4>\n<p><strong>A1:<\/strong>\u00a0Kyll\u00e4, Mifare-kortit on suunniteltu yhteensopiviksi useiden RFID-lukijoiden ja kulunvalvontaj\u00e4rjestelmien kanssa, erityisesti niiden, jotka k\u00e4ytt\u00e4v\u00e4t ISO\/IEC14443 Type A -standardia. T\u00e4m\u00e4 joustavuus varmistaa, ett\u00e4 yritykset voivat helposti integroida Mifare-kortit olemassa olevaan infrastruktuuriin.<\/p>\n<p>&nbsp;<\/p>\n<h4><strong><span style=\"color: #008080;\">Q2: Miten Mifare-korttien suojaus toimii?<\/span><\/strong><\/h4>\n<p><strong>A2:<\/strong>\u00a0Mifare-kortit k\u00e4ytt\u00e4v\u00e4t keskin\u00e4ist\u00e4 todennus- ja salausprotokollia turvatakseen tiedonsiirron kortin ja lukijan v\u00e4lill\u00e4. T\u00e4m\u00e4 varmistaa, ett\u00e4 vain valtuutetut laitteet p\u00e4\u00e4sev\u00e4t k\u00e4siksi kortille tallennettuihin tietoihin, mik\u00e4 tarjoaa korkean suojan arkaluontoisille tiedoille.<\/p>","protected":false},"excerpt":{"rendered":"<p>L\u00f6yd\u00e4 v\u00e4rikk\u00e4\u00e4t Mifare1k4k S50 -hotelliavainkortit suojattua p\u00e4\u00e4sy\u00e4 ja kanta-asiakasohjelmia varten. Paranna vieraiden kokemuksia mukautetuilla, kest\u00e4vill\u00e4 malleilla!<\/p>","protected":false},"featured_media":3356,"template":"","meta":[],"product_brand":[],"product_cat":[46],"product_tag":[],"class_list":{"0":"post-3499","1":"product","2":"type-product","3":"status-publish","4":"has-post-thumbnail","6":"product_cat-nfc-cards","8":"first","9":"instock","10":"shipping-taxable","11":"product-type-simple"},"_links":{"self":[{"href":"https:\/\/nfc-readers.com\/fi\/wp-json\/wp\/v2\/product\/3499","targetHints":{"allow":["GET"]}}],"collection":[{"href":"https:\/\/nfc-readers.com\/fi\/wp-json\/wp\/v2\/product"}],"about":[{"href":"https:\/\/nfc-readers.com\/fi\/wp-json\/wp\/v2\/types\/product"}],"wp:featuredmedia":[{"embeddable":true,"href":"https:\/\/nfc-readers.com\/fi\/wp-json\/wp\/v2\/media\/3356"}],"wp:attachment":[{"href":"https:\/\/nfc-readers.com\/fi\/wp-json\/wp\/v2\/media?parent=3499"}],"wp:term":[{"taxonomy":"product_brand","embeddable":true,"href":"https:\/\/nfc-readers.com\/fi\/wp-json\/wp\/v2\/product_brand?post=3499"},{"taxonomy":"product_cat","embeddable":true,"href":"https:\/\/nfc-readers.com\/fi\/wp-json\/wp\/v2\/product_cat?post=3499"},{"taxonomy":"product_tag","embeddable":true,"href":"https:\/\/nfc-readers.com\/fi\/wp-json\/wp\/v2\/product_tag?post=3499"}],"curies":[{"name":"wp","href":"https:\/\/api.w.org\/{rel}","templated":true}]}}